{"id":34386,"date":"2023-09-20T10:08:14","date_gmt":"2023-09-20T08:08:14","guid":{"rendered":"https:\/\/librairie7l.com\/?post_type=product&#038;p=34386"},"modified":"2026-04-16T19:57:31","modified_gmt":"2026-04-16T17:57:31","slug":"phenomenes-de-la-pollinisation-a-lorigine-des-cometes-en-124-planches-illustr","status":"publish","type":"product","link":"https:\/\/librairie7l.com\/en\/produit\/phenomenes-de-la-pollinisation-a-lorigine-des-cometes-en-124-planches-illustr\/","title":{"rendered":"PH\u00c9NOM\u00c8NES : DE LA POLLINISATION \u00c0 L&#8217;ORIGINE DES COM\u00c8TES EN 124 PLANCHES ILLUSTR\u00c9ES"},"content":{"rendered":"<p>Recueil scientifique, pr\u00e9cis et contemporain, Ph\u00e9nom\u00e8nes propose une vue transversale et subjective des sciences et aide \u00e0 comprendre des concepts, des syst\u00e8mes, ou des id\u00e9es qui semblent parfois hors de port\u00e9e.<br \/>\nAnthropologie, astronomie, botanique,climatologie, g\u00e9ologie, physiologie, physique, sciences cognitives, technologies et zoologie : 124 planches illustr\u00e9es spectaculaires ouvrent autant de pistes de r\u00e9flexion sur notre rapport au monde et de r\u00e9ponses \u00e0 notre soif d&#8217;apprendre. Ces infographies d\u00e9taill\u00e9es rapprochent des domaines de la connaissance, parfois tr\u00e8s \u00e9loign\u00e9s les uns des autres, par un jeu de correspondances visuelles et po\u00e9tiques.<br \/>\nPr\u00e9face d&#8217;Etienne Klein<\/p>\n","protected":false},"excerpt":{"rendered":"<p>Recueil scientifique, pr\u00e9cis et contemporain, Ph\u00e9nom\u00e8nes propose une vue transversale et subjective des sciences et aide \u00e0 comprendre des concepts, des syst\u00e8mes, ou des id\u00e9es qui semblent parfois hors de port\u00e9e. Anthropologie, astronomie, botanique,climatologie, g\u00e9ologie, physiologie, physique, sciences cognitives, technologies et zoologie : 124 planches illustr\u00e9es spectaculaires ouvrent autant de pistes de r\u00e9flexion sur notre [&hellip;]<\/p>\n","protected":false},"featured_media":34384,"template":"","meta":[],"product_cat":[2948,2956],"product_tag":[],"acf":[],"yoast_head":"<!-- This site is optimized with the Yoast SEO plugin v20.11 - https:\/\/yoast.com\/wordpress\/plugins\/seo\/ -->\n<title>PH\u00c9NOM\u00c8NES : DE LA POLLINISATION \u00c0 L&#039;ORIGINE DES COM\u00c8TES EN 124 PLANCHES ILLUSTR\u00c9ES - Librairie 7L<\/title>\n<meta name=\"robots\" content=\"index, follow, max-snippet:-1, max-image-preview:large, max-video-preview:-1\" \/>\n<link rel=\"canonical\" href=\"https:\/\/librairie7l.com\/en\/produit\/phenomenes-de-la-pollinisation-a-lorigine-des-cometes-en-124-planches-illustr\/\" \/>\n<meta property=\"og:locale\" content=\"en_US\" \/>\n<meta property=\"og:type\" content=\"article\" \/>\n<meta property=\"og:title\" content=\"PH\u00c9NOM\u00c8NES : DE LA POLLINISATION \u00c0 L&#039;ORIGINE DES COM\u00c8TES EN 124 PLANCHES ILLUSTR\u00c9ES - Librairie 7L\" \/>\n<meta property=\"og:description\" content=\"Recueil scientifique, pr\u00e9cis et contemporain, Ph\u00e9nom\u00e8nes propose une vue transversale et subjective des sciences et aide \u00e0 comprendre des concepts, des syst\u00e8mes, ou des id\u00e9es qui semblent parfois hors de port\u00e9e. Anthropologie, astronomie, botanique,climatologie, g\u00e9ologie, physiologie, physique, sciences cognitives, technologies et zoologie : 124 planches illustr\u00e9es spectaculaires ouvrent autant de pistes de r\u00e9flexion sur notre [&hellip;]\" \/>\n<meta property=\"og:url\" content=\"https:\/\/librairie7l.com\/en\/produit\/phenomenes-de-la-pollinisation-a-lorigine-des-cometes-en-124-planches-illustr\/\" \/>\n<meta property=\"og:site_name\" content=\"Librairie 7L\" \/>\n<meta property=\"article:modified_time\" content=\"2026-04-16T17:57:31+00:00\" \/>\n<meta property=\"og:image\" content=\"https:\/\/librairie7l.com\/wp-content\/uploads\/2022\/06\/9782812321092_1_75.jpg\" \/>\n\t<meta property=\"og:image:width\" content=\"600\" \/>\n\t<meta property=\"og:image:height\" content=\"838\" \/>\n\t<meta property=\"og:image:type\" content=\"image\/jpeg\" \/>\n<meta name=\"twitter:card\" content=\"summary_large_image\" \/>\n<meta name=\"twitter:label1\" content=\"Est. reading time\" \/>\n\t<meta name=\"twitter:data1\" content=\"1 minute\" \/>\n<script type=\"application\/ld+json\" class=\"yoast-schema-graph\">{\"@context\":\"https:\/\/schema.org\",\"@graph\":[{\"@type\":\"WebPage\",\"@id\":\"https:\/\/librairie7l.com\/en\/produit\/phenomenes-de-la-pollinisation-a-lorigine-des-cometes-en-124-planches-illustr\/\",\"url\":\"https:\/\/librairie7l.com\/en\/produit\/phenomenes-de-la-pollinisation-a-lorigine-des-cometes-en-124-planches-illustr\/\",\"name\":\"PH\u00c9NOM\u00c8NES : DE LA POLLINISATION \u00c0 L'ORIGINE DES COM\u00c8TES EN 124 PLANCHES ILLUSTR\u00c9ES - Librairie 7L\",\"isPartOf\":{\"@id\":\"https:\/\/librairie7l.com\/en\/#website\"},\"datePublished\":\"2023-09-20T08:08:14+00:00\",\"dateModified\":\"2026-04-16T17:57:31+00:00\",\"breadcrumb\":{\"@id\":\"https:\/\/librairie7l.com\/en\/produit\/phenomenes-de-la-pollinisation-a-lorigine-des-cometes-en-124-planches-illustr\/#breadcrumb\"},\"inLanguage\":\"en-US\",\"potentialAction\":[{\"@type\":\"ReadAction\",\"target\":[\"https:\/\/librairie7l.com\/en\/produit\/phenomenes-de-la-pollinisation-a-lorigine-des-cometes-en-124-planches-illustr\/\"]}]},{\"@type\":\"BreadcrumbList\",\"@id\":\"https:\/\/librairie7l.com\/en\/produit\/phenomenes-de-la-pollinisation-a-lorigine-des-cometes-en-124-planches-illustr\/#breadcrumb\",\"itemListElement\":[{\"@type\":\"ListItem\",\"position\":1,\"name\":\"Accueil\",\"item\":\"https:\/\/librairie7l.com\/en\/\"},{\"@type\":\"ListItem\",\"position\":2,\"name\":\"Shop\",\"item\":\"https:\/\/librairie7l.com\/en\/shop\/\"},{\"@type\":\"ListItem\",\"position\":3,\"name\":\"PH\u00c9NOM\u00c8NES : DE LA POLLINISATION \u00c0 L&#8217;ORIGINE DES COM\u00c8TES EN 124 PLANCHES ILLUSTR\u00c9ES\"}]},{\"@type\":\"WebSite\",\"@id\":\"https:\/\/librairie7l.com\/en\/#website\",\"url\":\"https:\/\/librairie7l.com\/en\/\",\"name\":\"Librairie 7L\",\"description\":\"Librairie fond\u00e9e en 1999 par Karl Lagerfeld \u00e0 Paris\",\"publisher\":{\"@id\":\"https:\/\/librairie7l.com\/en\/#organization\"},\"potentialAction\":[{\"@type\":\"SearchAction\",\"target\":{\"@type\":\"EntryPoint\",\"urlTemplate\":\"https:\/\/librairie7l.com\/en\/?s={search_term_string}\"},\"query-input\":\"required name=search_term_string\"}],\"inLanguage\":\"en-US\"},{\"@type\":\"Organization\",\"@id\":\"https:\/\/librairie7l.com\/en\/#organization\",\"name\":\"Librairie 7L\",\"url\":\"https:\/\/librairie7l.com\/en\/\",\"logo\":{\"@type\":\"ImageObject\",\"inLanguage\":\"en-US\",\"@id\":\"https:\/\/librairie7l.com\/en\/#\/schema\/logo\/image\/\",\"url\":\"https:\/\/librairie7l.com\/wp-content\/uploads\/2022\/08\/logo-1.png\",\"contentUrl\":\"https:\/\/librairie7l.com\/wp-content\/uploads\/2022\/08\/logo-1.png\",\"width\":227,\"height\":301,\"caption\":\"Librairie 7L\"},\"image\":{\"@id\":\"https:\/\/librairie7l.com\/en\/#\/schema\/logo\/image\/\"}}]}<\/script>\n<!-- \/ Yoast SEO plugin. -->","yoast_head_json":{"title":"PH\u00c9NOM\u00c8NES : DE LA POLLINISATION \u00c0 L'ORIGINE DES COM\u00c8TES EN 124 PLANCHES ILLUSTR\u00c9ES - Librairie 7L","robots":{"index":"index","follow":"follow","max-snippet":"max-snippet:-1","max-image-preview":"max-image-preview:large","max-video-preview":"max-video-preview:-1"},"canonical":"https:\/\/librairie7l.com\/en\/produit\/phenomenes-de-la-pollinisation-a-lorigine-des-cometes-en-124-planches-illustr\/","og_locale":"en_US","og_type":"article","og_title":"PH\u00c9NOM\u00c8NES : DE LA POLLINISATION \u00c0 L'ORIGINE DES COM\u00c8TES EN 124 PLANCHES ILLUSTR\u00c9ES - Librairie 7L","og_description":"Recueil scientifique, pr\u00e9cis et contemporain, Ph\u00e9nom\u00e8nes propose une vue transversale et subjective des sciences et aide \u00e0 comprendre des concepts, des syst\u00e8mes, ou des id\u00e9es qui semblent parfois hors de port\u00e9e. Anthropologie, astronomie, botanique,climatologie, g\u00e9ologie, physiologie, physique, sciences cognitives, technologies et zoologie : 124 planches illustr\u00e9es spectaculaires ouvrent autant de pistes de r\u00e9flexion sur notre [&hellip;]","og_url":"https:\/\/librairie7l.com\/en\/produit\/phenomenes-de-la-pollinisation-a-lorigine-des-cometes-en-124-planches-illustr\/","og_site_name":"Librairie 7L","article_modified_time":"2026-04-16T17:57:31+00:00","og_image":[{"width":600,"height":838,"url":"https:\/\/librairie7l.com\/wp-content\/uploads\/2022\/06\/9782812321092_1_75.jpg","type":"image\/jpeg"}],"twitter_card":"summary_large_image","twitter_misc":{"Est. reading time":"1 minute"},"schema":{"@context":"https:\/\/schema.org","@graph":[{"@type":"WebPage","@id":"https:\/\/librairie7l.com\/en\/produit\/phenomenes-de-la-pollinisation-a-lorigine-des-cometes-en-124-planches-illustr\/","url":"https:\/\/librairie7l.com\/en\/produit\/phenomenes-de-la-pollinisation-a-lorigine-des-cometes-en-124-planches-illustr\/","name":"PH\u00c9NOM\u00c8NES : DE LA POLLINISATION \u00c0 L'ORIGINE DES COM\u00c8TES EN 124 PLANCHES ILLUSTR\u00c9ES - Librairie 7L","isPartOf":{"@id":"https:\/\/librairie7l.com\/en\/#website"},"datePublished":"2023-09-20T08:08:14+00:00","dateModified":"2026-04-16T17:57:31+00:00","breadcrumb":{"@id":"https:\/\/librairie7l.com\/en\/produit\/phenomenes-de-la-pollinisation-a-lorigine-des-cometes-en-124-planches-illustr\/#breadcrumb"},"inLanguage":"en-US","potentialAction":[{"@type":"ReadAction","target":["https:\/\/librairie7l.com\/en\/produit\/phenomenes-de-la-pollinisation-a-lorigine-des-cometes-en-124-planches-illustr\/"]}]},{"@type":"BreadcrumbList","@id":"https:\/\/librairie7l.com\/en\/produit\/phenomenes-de-la-pollinisation-a-lorigine-des-cometes-en-124-planches-illustr\/#breadcrumb","itemListElement":[{"@type":"ListItem","position":1,"name":"Accueil","item":"https:\/\/librairie7l.com\/en\/"},{"@type":"ListItem","position":2,"name":"Shop","item":"https:\/\/librairie7l.com\/en\/shop\/"},{"@type":"ListItem","position":3,"name":"PH\u00c9NOM\u00c8NES : DE LA POLLINISATION \u00c0 L&#8217;ORIGINE DES COM\u00c8TES EN 124 PLANCHES ILLUSTR\u00c9ES"}]},{"@type":"WebSite","@id":"https:\/\/librairie7l.com\/en\/#website","url":"https:\/\/librairie7l.com\/en\/","name":"Librairie 7L","description":"Librairie fond\u00e9e en 1999 par Karl Lagerfeld \u00e0 Paris","publisher":{"@id":"https:\/\/librairie7l.com\/en\/#organization"},"potentialAction":[{"@type":"SearchAction","target":{"@type":"EntryPoint","urlTemplate":"https:\/\/librairie7l.com\/en\/?s={search_term_string}"},"query-input":"required name=search_term_string"}],"inLanguage":"en-US"},{"@type":"Organization","@id":"https:\/\/librairie7l.com\/en\/#organization","name":"Librairie 7L","url":"https:\/\/librairie7l.com\/en\/","logo":{"@type":"ImageObject","inLanguage":"en-US","@id":"https:\/\/librairie7l.com\/en\/#\/schema\/logo\/image\/","url":"https:\/\/librairie7l.com\/wp-content\/uploads\/2022\/08\/logo-1.png","contentUrl":"https:\/\/librairie7l.com\/wp-content\/uploads\/2022\/08\/logo-1.png","width":227,"height":301,"caption":"Librairie 7L"},"image":{"@id":"https:\/\/librairie7l.com\/en\/#\/schema\/logo\/image\/"}}]}},"_links":{"self":[{"href":"https:\/\/librairie7l.com\/en\/wp-json\/wp\/v2\/product\/34386"}],"collection":[{"href":"https:\/\/librairie7l.com\/en\/wp-json\/wp\/v2\/product"}],"about":[{"href":"https:\/\/librairie7l.com\/en\/wp-json\/wp\/v2\/types\/product"}],"wp:featuredmedia":[{"embeddable":true,"href":"https:\/\/librairie7l.com\/en\/wp-json\/wp\/v2\/media\/34384"}],"wp:attachment":[{"href":"https:\/\/librairie7l.com\/en\/wp-json\/wp\/v2\/media?parent=34386"}],"wp:term":[{"taxonomy":"product_cat","embeddable":true,"href":"https:\/\/librairie7l.com\/en\/wp-json\/wp\/v2\/product_cat?post=34386"},{"taxonomy":"product_tag","embeddable":true,"href":"https:\/\/librairie7l.com\/en\/wp-json\/wp\/v2\/product_tag?post=34386"}],"curies":[{"name":"wp","href":"https:\/\/api.w.org\/{rel}","templated":true}]}}