{"id":34392,"date":"2023-09-20T10:22:30","date_gmt":"2023-09-20T08:22:30","guid":{"rendered":"https:\/\/librairie7l.com\/?post_type=product&#038;p=34392"},"modified":"2026-04-04T21:11:59","modified_gmt":"2026-04-04T19:11:59","slug":"modigliani-un-peintre-et-son-marchand","status":"publish","type":"product","link":"https:\/\/librairie7l.com\/en\/produit\/modigliani-un-peintre-et-son-marchand\/","title":{"rendered":"MODIGLIANI, UN PEINTRE ET SON MARCHAND"},"content":{"rendered":"<p>Lorsqu&#8217;en 1914, Amedeo Modigliani rencontre le marchand Paul Guillaume, au coeur d&#8217;un Paris cosmopolite, il est \u00e0 un moment charni\u00e8re de sa carri\u00e8re. Il abandonne la sculpture pour se consacrer exclusivement \u00e0 la peinture. Cet ouvrage se propose d&#8217;explorer les liens entre les deux hommes dans le contexte artistique et litt\u00e9raire parisien des ann\u00e9es 1910, leur amour commun pour les arts africains, ainsi que le r\u00f4le d\u00e9terminant de Paul Guillaume dans la diffusion de l&#8217;oeuvre de Modigliani sur le march\u00e9 de l&#8217;art en France et aux \u00c9tats-Unis au lendemain de la mort de l&#8217;artiste.<\/p>\n","protected":false},"excerpt":{"rendered":"<p>Lorsqu&#8217;en 1914, Amedeo Modigliani rencontre le marchand Paul Guillaume, au coeur d&#8217;un Paris cosmopolite, il est \u00e0 un moment charni\u00e8re de sa carri\u00e8re. Il abandonne la sculpture pour se consacrer exclusivement \u00e0 la peinture. Cet ouvrage se propose d&#8217;explorer les liens entre les deux hommes dans le contexte artistique et litt\u00e9raire parisien des ann\u00e9es 1910, [&hellip;]<\/p>\n","protected":false},"featured_media":34390,"template":"","meta":[],"product_cat":[2948,2953],"product_tag":[],"acf":[],"yoast_head":"<!-- This site is optimized with the Yoast SEO plugin v20.11 - https:\/\/yoast.com\/wordpress\/plugins\/seo\/ -->\n<title>MODIGLIANI, UN PEINTRE ET SON MARCHAND - Librairie 7L<\/title>\n<meta name=\"robots\" content=\"index, follow, max-snippet:-1, max-image-preview:large, max-video-preview:-1\" \/>\n<link rel=\"canonical\" href=\"https:\/\/librairie7l.com\/en\/produit\/modigliani-un-peintre-et-son-marchand\/\" \/>\n<meta property=\"og:locale\" content=\"en_US\" \/>\n<meta property=\"og:type\" content=\"article\" \/>\n<meta property=\"og:title\" content=\"MODIGLIANI, UN PEINTRE ET SON MARCHAND - Librairie 7L\" \/>\n<meta property=\"og:description\" content=\"Lorsqu&#8217;en 1914, Amedeo Modigliani rencontre le marchand Paul Guillaume, au coeur d&#8217;un Paris cosmopolite, il est \u00e0 un moment charni\u00e8re de sa carri\u00e8re. Il abandonne la sculpture pour se consacrer exclusivement \u00e0 la peinture. Cet ouvrage se propose d&#8217;explorer les liens entre les deux hommes dans le contexte artistique et litt\u00e9raire parisien des ann\u00e9es 1910, [&hellip;]\" \/>\n<meta property=\"og:url\" content=\"https:\/\/librairie7l.com\/en\/produit\/modigliani-un-peintre-et-son-marchand\/\" \/>\n<meta property=\"og:site_name\" content=\"Librairie 7L\" \/>\n<meta property=\"article:modified_time\" content=\"2026-04-04T19:11:59+00:00\" \/>\n<meta property=\"og:image\" content=\"https:\/\/librairie7l.com\/wp-content\/uploads\/2023\/04\/9782080430397_1_75.jpg\" \/>\n\t<meta property=\"og:image:width\" content=\"600\" \/>\n\t<meta property=\"og:image:height\" content=\"813\" \/>\n\t<meta property=\"og:image:type\" content=\"image\/jpeg\" \/>\n<meta name=\"twitter:card\" content=\"summary_large_image\" \/>\n<script type=\"application\/ld+json\" class=\"yoast-schema-graph\">{\"@context\":\"https:\/\/schema.org\",\"@graph\":[{\"@type\":\"WebPage\",\"@id\":\"https:\/\/librairie7l.com\/en\/produit\/modigliani-un-peintre-et-son-marchand\/\",\"url\":\"https:\/\/librairie7l.com\/en\/produit\/modigliani-un-peintre-et-son-marchand\/\",\"name\":\"MODIGLIANI, UN PEINTRE ET SON MARCHAND - Librairie 7L\",\"isPartOf\":{\"@id\":\"https:\/\/librairie7l.com\/en\/#website\"},\"datePublished\":\"2023-09-20T08:22:30+00:00\",\"dateModified\":\"2026-04-04T19:11:59+00:00\",\"breadcrumb\":{\"@id\":\"https:\/\/librairie7l.com\/en\/produit\/modigliani-un-peintre-et-son-marchand\/#breadcrumb\"},\"inLanguage\":\"en-US\",\"potentialAction\":[{\"@type\":\"ReadAction\",\"target\":[\"https:\/\/librairie7l.com\/en\/produit\/modigliani-un-peintre-et-son-marchand\/\"]}]},{\"@type\":\"BreadcrumbList\",\"@id\":\"https:\/\/librairie7l.com\/en\/produit\/modigliani-un-peintre-et-son-marchand\/#breadcrumb\",\"itemListElement\":[{\"@type\":\"ListItem\",\"position\":1,\"name\":\"Accueil\",\"item\":\"https:\/\/librairie7l.com\/en\/\"},{\"@type\":\"ListItem\",\"position\":2,\"name\":\"Shop\",\"item\":\"https:\/\/librairie7l.com\/en\/shop\/\"},{\"@type\":\"ListItem\",\"position\":3,\"name\":\"MODIGLIANI, UN PEINTRE ET SON MARCHAND\"}]},{\"@type\":\"WebSite\",\"@id\":\"https:\/\/librairie7l.com\/en\/#website\",\"url\":\"https:\/\/librairie7l.com\/en\/\",\"name\":\"Librairie 7L\",\"description\":\"Librairie fond\u00e9e en 1999 par Karl Lagerfeld \u00e0 Paris\",\"publisher\":{\"@id\":\"https:\/\/librairie7l.com\/en\/#organization\"},\"potentialAction\":[{\"@type\":\"SearchAction\",\"target\":{\"@type\":\"EntryPoint\",\"urlTemplate\":\"https:\/\/librairie7l.com\/en\/?s={search_term_string}\"},\"query-input\":\"required name=search_term_string\"}],\"inLanguage\":\"en-US\"},{\"@type\":\"Organization\",\"@id\":\"https:\/\/librairie7l.com\/en\/#organization\",\"name\":\"Librairie 7L\",\"url\":\"https:\/\/librairie7l.com\/en\/\",\"logo\":{\"@type\":\"ImageObject\",\"inLanguage\":\"en-US\",\"@id\":\"https:\/\/librairie7l.com\/en\/#\/schema\/logo\/image\/\",\"url\":\"https:\/\/librairie7l.com\/wp-content\/uploads\/2022\/08\/logo-1.png\",\"contentUrl\":\"https:\/\/librairie7l.com\/wp-content\/uploads\/2022\/08\/logo-1.png\",\"width\":227,\"height\":301,\"caption\":\"Librairie 7L\"},\"image\":{\"@id\":\"https:\/\/librairie7l.com\/en\/#\/schema\/logo\/image\/\"}}]}<\/script>\n<!-- \/ Yoast SEO plugin. -->","yoast_head_json":{"title":"MODIGLIANI, UN PEINTRE ET SON MARCHAND - Librairie 7L","robots":{"index":"index","follow":"follow","max-snippet":"max-snippet:-1","max-image-preview":"max-image-preview:large","max-video-preview":"max-video-preview:-1"},"canonical":"https:\/\/librairie7l.com\/en\/produit\/modigliani-un-peintre-et-son-marchand\/","og_locale":"en_US","og_type":"article","og_title":"MODIGLIANI, UN PEINTRE ET SON MARCHAND - Librairie 7L","og_description":"Lorsqu&#8217;en 1914, Amedeo Modigliani rencontre le marchand Paul Guillaume, au coeur d&#8217;un Paris cosmopolite, il est \u00e0 un moment charni\u00e8re de sa carri\u00e8re. Il abandonne la sculpture pour se consacrer exclusivement \u00e0 la peinture. Cet ouvrage se propose d&#8217;explorer les liens entre les deux hommes dans le contexte artistique et litt\u00e9raire parisien des ann\u00e9es 1910, [&hellip;]","og_url":"https:\/\/librairie7l.com\/en\/produit\/modigliani-un-peintre-et-son-marchand\/","og_site_name":"Librairie 7L","article_modified_time":"2026-04-04T19:11:59+00:00","og_image":[{"width":600,"height":813,"url":"https:\/\/librairie7l.com\/wp-content\/uploads\/2023\/04\/9782080430397_1_75.jpg","type":"image\/jpeg"}],"twitter_card":"summary_large_image","schema":{"@context":"https:\/\/schema.org","@graph":[{"@type":"WebPage","@id":"https:\/\/librairie7l.com\/en\/produit\/modigliani-un-peintre-et-son-marchand\/","url":"https:\/\/librairie7l.com\/en\/produit\/modigliani-un-peintre-et-son-marchand\/","name":"MODIGLIANI, UN PEINTRE ET SON MARCHAND - Librairie 7L","isPartOf":{"@id":"https:\/\/librairie7l.com\/en\/#website"},"datePublished":"2023-09-20T08:22:30+00:00","dateModified":"2026-04-04T19:11:59+00:00","breadcrumb":{"@id":"https:\/\/librairie7l.com\/en\/produit\/modigliani-un-peintre-et-son-marchand\/#breadcrumb"},"inLanguage":"en-US","potentialAction":[{"@type":"ReadAction","target":["https:\/\/librairie7l.com\/en\/produit\/modigliani-un-peintre-et-son-marchand\/"]}]},{"@type":"BreadcrumbList","@id":"https:\/\/librairie7l.com\/en\/produit\/modigliani-un-peintre-et-son-marchand\/#breadcrumb","itemListElement":[{"@type":"ListItem","position":1,"name":"Accueil","item":"https:\/\/librairie7l.com\/en\/"},{"@type":"ListItem","position":2,"name":"Shop","item":"https:\/\/librairie7l.com\/en\/shop\/"},{"@type":"ListItem","position":3,"name":"MODIGLIANI, UN PEINTRE ET SON MARCHAND"}]},{"@type":"WebSite","@id":"https:\/\/librairie7l.com\/en\/#website","url":"https:\/\/librairie7l.com\/en\/","name":"Librairie 7L","description":"Librairie fond\u00e9e en 1999 par Karl Lagerfeld \u00e0 Paris","publisher":{"@id":"https:\/\/librairie7l.com\/en\/#organization"},"potentialAction":[{"@type":"SearchAction","target":{"@type":"EntryPoint","urlTemplate":"https:\/\/librairie7l.com\/en\/?s={search_term_string}"},"query-input":"required name=search_term_string"}],"inLanguage":"en-US"},{"@type":"Organization","@id":"https:\/\/librairie7l.com\/en\/#organization","name":"Librairie 7L","url":"https:\/\/librairie7l.com\/en\/","logo":{"@type":"ImageObject","inLanguage":"en-US","@id":"https:\/\/librairie7l.com\/en\/#\/schema\/logo\/image\/","url":"https:\/\/librairie7l.com\/wp-content\/uploads\/2022\/08\/logo-1.png","contentUrl":"https:\/\/librairie7l.com\/wp-content\/uploads\/2022\/08\/logo-1.png","width":227,"height":301,"caption":"Librairie 7L"},"image":{"@id":"https:\/\/librairie7l.com\/en\/#\/schema\/logo\/image\/"}}]}},"_links":{"self":[{"href":"https:\/\/librairie7l.com\/en\/wp-json\/wp\/v2\/product\/34392"}],"collection":[{"href":"https:\/\/librairie7l.com\/en\/wp-json\/wp\/v2\/product"}],"about":[{"href":"https:\/\/librairie7l.com\/en\/wp-json\/wp\/v2\/types\/product"}],"wp:featuredmedia":[{"embeddable":true,"href":"https:\/\/librairie7l.com\/en\/wp-json\/wp\/v2\/media\/34390"}],"wp:attachment":[{"href":"https:\/\/librairie7l.com\/en\/wp-json\/wp\/v2\/media?parent=34392"}],"wp:term":[{"taxonomy":"product_cat","embeddable":true,"href":"https:\/\/librairie7l.com\/en\/wp-json\/wp\/v2\/product_cat?post=34392"},{"taxonomy":"product_tag","embeddable":true,"href":"https:\/\/librairie7l.com\/en\/wp-json\/wp\/v2\/product_tag?post=34392"}],"curies":[{"name":"wp","href":"https:\/\/api.w.org\/{rel}","templated":true}]}}