{"id":34400,"date":"2023-09-20T10:58:38","date_gmt":"2023-09-20T08:58:38","guid":{"rendered":"https:\/\/librairie7l.com\/?post_type=product&#038;p=34400"},"modified":"2026-05-01T15:26:28","modified_gmt":"2026-05-01T13:26:28","slug":"une-histoire-des-animaux-fantastiques-dragons-licornes-griffons","status":"publish","type":"product","link":"https:\/\/librairie7l.com\/en\/produit\/une-histoire-des-animaux-fantastiques-dragons-licornes-griffons\/","title":{"rendered":"UNE HISTOIRE DES ANIMAUX FANTASTIQUES : DRAGONS, LICORNES, GRIFFONS&#8230;"},"content":{"rendered":"<p>Les animaux fantastiques sont omnipr\u00e9sents dans nos soci\u00e9t\u00e9s contemporaines. Dragons, licornes, sphinx et ph\u00e9nix peuplent les oeuvres de fiction et notre imaginaire, peut-\u00eatre m\u00eame notre quotidien.<br \/>\nCe sont, pour la plupart, des cr\u00e9atures mythiques apparues \u00e0 la fin de la pr\u00e9histoire. Leur r\u00f4le et leurs fonctions ont \u00e9volu\u00e9 au cours des mill\u00e9naires. Il existe cependant des constantes dans leur repr\u00e9sentations, comme leur rapport \u00e9troit au sacr\u00e9 et \u00e0 la mort, leur appartenance au monde des marges. &#8216;est sans doute ce qui explique que les animaux fantastiques continuent de nous fasciner : ils nous attirent et nous terrorisent ; ils interrogent notre rapport au monde, \u00e0 la nature et \u00e0 notre propre animalit\u00e9.<br \/>\nCet essai retrace, \u00e0 travers six mille ans d&#8217;histoire, l&#8217;apparition, l&#8217;\u00e9volution et l&#8217;actualit\u00e9 des plus embl\u00e9matiques d&#8217;entre eux. Certains animaux fantastiques sont en effet omnipr\u00e9sents dans la culture populaire alors qu&#8217;ils sont apparus \u00e0 la fin du N\u00e9olithique. uelles fonctions remplissent-ils ? Pourquoi avons-nous aujourd&#8217;hui encore besoin d&#8217;eux ? D&#8217;o\u00f9 vient cette long\u00e9vit\u00e9 dans la fascination qu&#8217;ils exercent ?<\/p>\n","protected":false},"excerpt":{"rendered":"<p>Les animaux fantastiques sont omnipr\u00e9sents dans nos soci\u00e9t\u00e9s contemporaines. Dragons, licornes, sphinx et ph\u00e9nix peuplent les oeuvres de fiction et notre imaginaire, peut-\u00eatre m\u00eame notre quotidien. Ce sont, pour la plupart, des cr\u00e9atures mythiques apparues \u00e0 la fin de la pr\u00e9histoire. Leur r\u00f4le et leurs fonctions ont \u00e9volu\u00e9 au cours des mill\u00e9naires. Il existe cependant [&hellip;]<\/p>\n","protected":false},"featured_media":34398,"template":"","meta":[],"product_cat":[2948,2956],"product_tag":[],"acf":[],"yoast_head":"<!-- This site is optimized with the Yoast SEO plugin v20.11 - https:\/\/yoast.com\/wordpress\/plugins\/seo\/ -->\n<title>UNE HISTOIRE DES ANIMAUX FANTASTIQUES : DRAGONS, LICORNES, GRIFFONS... - Librairie 7L<\/title>\n<meta name=\"robots\" content=\"index, follow, max-snippet:-1, max-image-preview:large, max-video-preview:-1\" \/>\n<link rel=\"canonical\" href=\"https:\/\/librairie7l.com\/en\/produit\/une-histoire-des-animaux-fantastiques-dragons-licornes-griffons\/\" \/>\n<meta property=\"og:locale\" content=\"en_US\" \/>\n<meta property=\"og:type\" content=\"article\" \/>\n<meta property=\"og:title\" content=\"UNE HISTOIRE DES ANIMAUX FANTASTIQUES : DRAGONS, LICORNES, GRIFFONS... - Librairie 7L\" \/>\n<meta property=\"og:description\" content=\"Les animaux fantastiques sont omnipr\u00e9sents dans nos soci\u00e9t\u00e9s contemporaines. Dragons, licornes, sphinx et ph\u00e9nix peuplent les oeuvres de fiction et notre imaginaire, peut-\u00eatre m\u00eame notre quotidien. Ce sont, pour la plupart, des cr\u00e9atures mythiques apparues \u00e0 la fin de la pr\u00e9histoire. Leur r\u00f4le et leurs fonctions ont \u00e9volu\u00e9 au cours des mill\u00e9naires. Il existe cependant [&hellip;]\" \/>\n<meta property=\"og:url\" content=\"https:\/\/librairie7l.com\/en\/produit\/une-histoire-des-animaux-fantastiques-dragons-licornes-griffons\/\" \/>\n<meta property=\"og:site_name\" content=\"Librairie 7L\" \/>\n<meta property=\"article:modified_time\" content=\"2026-05-01T13:26:28+00:00\" \/>\n<meta property=\"og:image\" content=\"https:\/\/librairie7l.com\/wp-content\/uploads\/2023\/04\/9782130844570_1_75.jpg\" \/>\n\t<meta property=\"og:image:width\" content=\"500\" \/>\n\t<meta property=\"og:image:height\" content=\"760\" \/>\n\t<meta property=\"og:image:type\" content=\"image\/jpeg\" \/>\n<meta name=\"twitter:card\" content=\"summary_large_image\" \/>\n<meta name=\"twitter:label1\" content=\"Est. reading time\" \/>\n\t<meta name=\"twitter:data1\" content=\"1 minute\" \/>\n<script type=\"application\/ld+json\" class=\"yoast-schema-graph\">{\"@context\":\"https:\/\/schema.org\",\"@graph\":[{\"@type\":\"WebPage\",\"@id\":\"https:\/\/librairie7l.com\/en\/produit\/une-histoire-des-animaux-fantastiques-dragons-licornes-griffons\/\",\"url\":\"https:\/\/librairie7l.com\/en\/produit\/une-histoire-des-animaux-fantastiques-dragons-licornes-griffons\/\",\"name\":\"UNE HISTOIRE DES ANIMAUX FANTASTIQUES : DRAGONS, LICORNES, GRIFFONS... - Librairie 7L\",\"isPartOf\":{\"@id\":\"https:\/\/librairie7l.com\/en\/#website\"},\"datePublished\":\"2023-09-20T08:58:38+00:00\",\"dateModified\":\"2026-05-01T13:26:28+00:00\",\"breadcrumb\":{\"@id\":\"https:\/\/librairie7l.com\/en\/produit\/une-histoire-des-animaux-fantastiques-dragons-licornes-griffons\/#breadcrumb\"},\"inLanguage\":\"en-US\",\"potentialAction\":[{\"@type\":\"ReadAction\",\"target\":[\"https:\/\/librairie7l.com\/en\/produit\/une-histoire-des-animaux-fantastiques-dragons-licornes-griffons\/\"]}]},{\"@type\":\"BreadcrumbList\",\"@id\":\"https:\/\/librairie7l.com\/en\/produit\/une-histoire-des-animaux-fantastiques-dragons-licornes-griffons\/#breadcrumb\",\"itemListElement\":[{\"@type\":\"ListItem\",\"position\":1,\"name\":\"Accueil\",\"item\":\"https:\/\/librairie7l.com\/en\/\"},{\"@type\":\"ListItem\",\"position\":2,\"name\":\"Shop\",\"item\":\"https:\/\/librairie7l.com\/en\/shop\/\"},{\"@type\":\"ListItem\",\"position\":3,\"name\":\"UNE HISTOIRE DES ANIMAUX FANTASTIQUES : DRAGONS, LICORNES, GRIFFONS&#8230;\"}]},{\"@type\":\"WebSite\",\"@id\":\"https:\/\/librairie7l.com\/en\/#website\",\"url\":\"https:\/\/librairie7l.com\/en\/\",\"name\":\"Librairie 7L\",\"description\":\"Librairie fond\u00e9e en 1999 par Karl Lagerfeld \u00e0 Paris\",\"publisher\":{\"@id\":\"https:\/\/librairie7l.com\/en\/#organization\"},\"potentialAction\":[{\"@type\":\"SearchAction\",\"target\":{\"@type\":\"EntryPoint\",\"urlTemplate\":\"https:\/\/librairie7l.com\/en\/?s={search_term_string}\"},\"query-input\":\"required name=search_term_string\"}],\"inLanguage\":\"en-US\"},{\"@type\":\"Organization\",\"@id\":\"https:\/\/librairie7l.com\/en\/#organization\",\"name\":\"Librairie 7L\",\"url\":\"https:\/\/librairie7l.com\/en\/\",\"logo\":{\"@type\":\"ImageObject\",\"inLanguage\":\"en-US\",\"@id\":\"https:\/\/librairie7l.com\/en\/#\/schema\/logo\/image\/\",\"url\":\"https:\/\/librairie7l.com\/wp-content\/uploads\/2022\/08\/logo-1.png\",\"contentUrl\":\"https:\/\/librairie7l.com\/wp-content\/uploads\/2022\/08\/logo-1.png\",\"width\":227,\"height\":301,\"caption\":\"Librairie 7L\"},\"image\":{\"@id\":\"https:\/\/librairie7l.com\/en\/#\/schema\/logo\/image\/\"}}]}<\/script>\n<!-- \/ Yoast SEO plugin. -->","yoast_head_json":{"title":"UNE HISTOIRE DES ANIMAUX FANTASTIQUES : DRAGONS, LICORNES, GRIFFONS... - Librairie 7L","robots":{"index":"index","follow":"follow","max-snippet":"max-snippet:-1","max-image-preview":"max-image-preview:large","max-video-preview":"max-video-preview:-1"},"canonical":"https:\/\/librairie7l.com\/en\/produit\/une-histoire-des-animaux-fantastiques-dragons-licornes-griffons\/","og_locale":"en_US","og_type":"article","og_title":"UNE HISTOIRE DES ANIMAUX FANTASTIQUES : DRAGONS, LICORNES, GRIFFONS... - Librairie 7L","og_description":"Les animaux fantastiques sont omnipr\u00e9sents dans nos soci\u00e9t\u00e9s contemporaines. Dragons, licornes, sphinx et ph\u00e9nix peuplent les oeuvres de fiction et notre imaginaire, peut-\u00eatre m\u00eame notre quotidien. Ce sont, pour la plupart, des cr\u00e9atures mythiques apparues \u00e0 la fin de la pr\u00e9histoire. Leur r\u00f4le et leurs fonctions ont \u00e9volu\u00e9 au cours des mill\u00e9naires. Il existe cependant [&hellip;]","og_url":"https:\/\/librairie7l.com\/en\/produit\/une-histoire-des-animaux-fantastiques-dragons-licornes-griffons\/","og_site_name":"Librairie 7L","article_modified_time":"2026-05-01T13:26:28+00:00","og_image":[{"width":500,"height":760,"url":"https:\/\/librairie7l.com\/wp-content\/uploads\/2023\/04\/9782130844570_1_75.jpg","type":"image\/jpeg"}],"twitter_card":"summary_large_image","twitter_misc":{"Est. reading time":"1 minute"},"schema":{"@context":"https:\/\/schema.org","@graph":[{"@type":"WebPage","@id":"https:\/\/librairie7l.com\/en\/produit\/une-histoire-des-animaux-fantastiques-dragons-licornes-griffons\/","url":"https:\/\/librairie7l.com\/en\/produit\/une-histoire-des-animaux-fantastiques-dragons-licornes-griffons\/","name":"UNE HISTOIRE DES ANIMAUX FANTASTIQUES : DRAGONS, LICORNES, GRIFFONS... - Librairie 7L","isPartOf":{"@id":"https:\/\/librairie7l.com\/en\/#website"},"datePublished":"2023-09-20T08:58:38+00:00","dateModified":"2026-05-01T13:26:28+00:00","breadcrumb":{"@id":"https:\/\/librairie7l.com\/en\/produit\/une-histoire-des-animaux-fantastiques-dragons-licornes-griffons\/#breadcrumb"},"inLanguage":"en-US","potentialAction":[{"@type":"ReadAction","target":["https:\/\/librairie7l.com\/en\/produit\/une-histoire-des-animaux-fantastiques-dragons-licornes-griffons\/"]}]},{"@type":"BreadcrumbList","@id":"https:\/\/librairie7l.com\/en\/produit\/une-histoire-des-animaux-fantastiques-dragons-licornes-griffons\/#breadcrumb","itemListElement":[{"@type":"ListItem","position":1,"name":"Accueil","item":"https:\/\/librairie7l.com\/en\/"},{"@type":"ListItem","position":2,"name":"Shop","item":"https:\/\/librairie7l.com\/en\/shop\/"},{"@type":"ListItem","position":3,"name":"UNE HISTOIRE DES ANIMAUX FANTASTIQUES : DRAGONS, LICORNES, GRIFFONS&#8230;"}]},{"@type":"WebSite","@id":"https:\/\/librairie7l.com\/en\/#website","url":"https:\/\/librairie7l.com\/en\/","name":"Librairie 7L","description":"Librairie fond\u00e9e en 1999 par Karl Lagerfeld \u00e0 Paris","publisher":{"@id":"https:\/\/librairie7l.com\/en\/#organization"},"potentialAction":[{"@type":"SearchAction","target":{"@type":"EntryPoint","urlTemplate":"https:\/\/librairie7l.com\/en\/?s={search_term_string}"},"query-input":"required name=search_term_string"}],"inLanguage":"en-US"},{"@type":"Organization","@id":"https:\/\/librairie7l.com\/en\/#organization","name":"Librairie 7L","url":"https:\/\/librairie7l.com\/en\/","logo":{"@type":"ImageObject","inLanguage":"en-US","@id":"https:\/\/librairie7l.com\/en\/#\/schema\/logo\/image\/","url":"https:\/\/librairie7l.com\/wp-content\/uploads\/2022\/08\/logo-1.png","contentUrl":"https:\/\/librairie7l.com\/wp-content\/uploads\/2022\/08\/logo-1.png","width":227,"height":301,"caption":"Librairie 7L"},"image":{"@id":"https:\/\/librairie7l.com\/en\/#\/schema\/logo\/image\/"}}]}},"_links":{"self":[{"href":"https:\/\/librairie7l.com\/en\/wp-json\/wp\/v2\/product\/34400"}],"collection":[{"href":"https:\/\/librairie7l.com\/en\/wp-json\/wp\/v2\/product"}],"about":[{"href":"https:\/\/librairie7l.com\/en\/wp-json\/wp\/v2\/types\/product"}],"wp:featuredmedia":[{"embeddable":true,"href":"https:\/\/librairie7l.com\/en\/wp-json\/wp\/v2\/media\/34398"}],"wp:attachment":[{"href":"https:\/\/librairie7l.com\/en\/wp-json\/wp\/v2\/media?parent=34400"}],"wp:term":[{"taxonomy":"product_cat","embeddable":true,"href":"https:\/\/librairie7l.com\/en\/wp-json\/wp\/v2\/product_cat?post=34400"},{"taxonomy":"product_tag","embeddable":true,"href":"https:\/\/librairie7l.com\/en\/wp-json\/wp\/v2\/product_tag?post=34400"}],"curies":[{"name":"wp","href":"https:\/\/api.w.org\/{rel}","templated":true}]}}