{"id":34415,"date":"2023-09-20T13:18:52","date_gmt":"2023-09-20T11:18:52","guid":{"rendered":"https:\/\/librairie7l.com\/?post_type=product&#038;p=34415"},"modified":"2026-04-12T12:19:28","modified_gmt":"2026-04-12T10:19:28","slug":"dora-maurer-see-like-this-and-see-differently-vois-comme-ca-et-vois-differemme","status":"publish","type":"product","link":"https:\/\/librairie7l.com\/en\/produit\/dora-maurer-see-like-this-and-see-differently-vois-comme-ca-et-vois-differemme\/","title":{"rendered":"D\u00d3RA MAURER: SEE LIKE THIS AND SEE DIFFERENTLY (VOIS COMME \u00c7A ET VOIS DIFF\u00c9REMMENT) : CAT. KUNSTHALLE BIELEFELD"},"content":{"rendered":"<p>D\u00f3ra Maurer (*1937, vit \u00e0 Budapest) passe pour l&#8217;une des \u00c2\u00adrepr\u00e9sentantes les plus \u00e9minentes de la n\u00e9o-avant-garde. En tant que telle, elle fait partie des artistes qui ont chemin\u00e9 sur des voies progressives en-de\u00e7\u00e0 de la politique culturelle \u00c2\u00ad\u00e9tatique en Hongrie depuis les ann\u00e9es 1960. Ses travaux, \u00c2\u00adcompos\u00e9s de graphismes, photographies, films, actionnisme et peinture, r\u00e9v\u00e8lent des approches conceptuelles claires dont les aspects centraux sont cependant la perception, le mouvement, le d\u00e9calage et la transformation. L&#8217;abstraction, notamment celle des premi\u00e8res ann\u00e9es de la R\u00e9publique f\u00e9d\u00e9rale d&#8217;Allemagne, peut \u00c2\u00adaujourd&#8217;hui \u00eatre consid\u00e9r\u00e9e comme un \u00ab assainissement \u00bb politique, alors qu&#8217;elle incarnait une \u00ab soci\u00e9t\u00e9 ouverte \u00bb. Les collections des mus\u00e9es allemands sont nombreuses \u00e0 s&#8217;orienter en cons\u00e9quence, celles de la Kunsthalle de Bielefeld aussi. Mais dans les anciens pays de l&#8217;Est comme la Hongrie, l&#8217;abstraction avait une connotation \u00ab oppositionnelle \u00bb. Avec ses oeuvres non-figuratives, oppos\u00e9es aux consignes officielles du r\u00e9alisme socialiste, D\u00f3ra Maurer occupe une position \u00e0 part, encore \u00e9tay\u00e9e par ses contacts et voyages \u00e0 l&#8217;Ouest, que sa double nationalit\u00e9 hongroise et autrichienne lui permet d\u00e9j\u00e0 avant 1989. Ses exp\u00e9rimentations avec la photographie et le film dans les ann\u00e9es 1970, comme ses travaux abstraits g\u00e9om\u00e9triques bas\u00e9s sur le d\u00e9calage processuel, affichent un parall\u00e9lisme en apparence formel avec l&#8217;art de l&#8217;apr\u00e8s-guerre en Europe occidentale et aux USA. Ils sont pourtant ind\u00e9niablement li\u00e9s \u00e0 l&#8217;exp\u00e9rience de la vie sous un r\u00e9gime communiste sans \u00c2\u00adlaquelle ils seraient inimaginables.<\/p>\n","protected":false},"excerpt":{"rendered":"<p>D\u00f3ra Maurer (*1937, vit \u00e0 Budapest) passe pour l&#8217;une des \u00c2\u00adrepr\u00e9sentantes les plus \u00e9minentes de la n\u00e9o-avant-garde. En tant que telle, elle fait partie des artistes qui ont chemin\u00e9 sur des voies progressives en-de\u00e7\u00e0 de la politique culturelle \u00c2\u00ad\u00e9tatique en Hongrie depuis les ann\u00e9es 1960. Ses travaux, \u00c2\u00adcompos\u00e9s de graphismes, photographies, films, actionnisme et peinture, [&hellip;]<\/p>\n","protected":false},"featured_media":35177,"template":"","meta":[],"product_cat":[2948,2953],"product_tag":[],"acf":[],"yoast_head":"<!-- This site is optimized with the Yoast SEO plugin v20.11 - https:\/\/yoast.com\/wordpress\/plugins\/seo\/ -->\n<title>D\u00d3RA MAURER: SEE LIKE THIS AND SEE DIFFERENTLY (VOIS COMME \u00c7A ET VOIS DIFF\u00c9REMMENT) : CAT. KUNSTHALLE BIELEFELD - Librairie 7L<\/title>\n<meta name=\"robots\" content=\"index, follow, max-snippet:-1, max-image-preview:large, max-video-preview:-1\" \/>\n<link rel=\"canonical\" href=\"https:\/\/librairie7l.com\/en\/produit\/dora-maurer-see-like-this-and-see-differently-vois-comme-ca-et-vois-differemme\/\" \/>\n<meta property=\"og:locale\" content=\"en_US\" \/>\n<meta property=\"og:type\" content=\"article\" \/>\n<meta property=\"og:title\" content=\"D\u00d3RA MAURER: SEE LIKE THIS AND SEE DIFFERENTLY (VOIS COMME \u00c7A ET VOIS DIFF\u00c9REMMENT) : CAT. KUNSTHALLE BIELEFELD - Librairie 7L\" \/>\n<meta property=\"og:description\" content=\"D\u00f3ra Maurer (*1937, vit \u00e0 Budapest) passe pour l&#8217;une des \u00c2\u00adrepr\u00e9sentantes les plus \u00e9minentes de la n\u00e9o-avant-garde. En tant que telle, elle fait partie des artistes qui ont chemin\u00e9 sur des voies progressives en-de\u00e7\u00e0 de la politique culturelle \u00c2\u00ad\u00e9tatique en Hongrie depuis les ann\u00e9es 1960. Ses travaux, \u00c2\u00adcompos\u00e9s de graphismes, photographies, films, actionnisme et peinture, [&hellip;]\" \/>\n<meta property=\"og:url\" content=\"https:\/\/librairie7l.com\/en\/produit\/dora-maurer-see-like-this-and-see-differently-vois-comme-ca-et-vois-differemme\/\" \/>\n<meta property=\"og:site_name\" content=\"Librairie 7L\" \/>\n<meta property=\"article:modified_time\" content=\"2026-04-12T10:19:28+00:00\" \/>\n<meta property=\"og:image\" content=\"https:\/\/librairie7l.com\/wp-content\/uploads\/2022\/09\/9783864423932_1_75.jpg\" \/>\n\t<meta property=\"og:image:width\" content=\"600\" \/>\n\t<meta property=\"og:image:height\" content=\"660\" \/>\n\t<meta property=\"og:image:type\" content=\"image\/jpeg\" \/>\n<meta name=\"twitter:card\" content=\"summary_large_image\" \/>\n<meta name=\"twitter:label1\" content=\"Est. reading time\" \/>\n\t<meta name=\"twitter:data1\" content=\"1 minute\" \/>\n<script type=\"application\/ld+json\" class=\"yoast-schema-graph\">{\"@context\":\"https:\/\/schema.org\",\"@graph\":[{\"@type\":\"WebPage\",\"@id\":\"https:\/\/librairie7l.com\/en\/produit\/dora-maurer-see-like-this-and-see-differently-vois-comme-ca-et-vois-differemme\/\",\"url\":\"https:\/\/librairie7l.com\/en\/produit\/dora-maurer-see-like-this-and-see-differently-vois-comme-ca-et-vois-differemme\/\",\"name\":\"D\u00d3RA MAURER: SEE LIKE THIS AND SEE DIFFERENTLY (VOIS COMME \u00c7A ET VOIS DIFF\u00c9REMMENT) : CAT. KUNSTHALLE BIELEFELD - Librairie 7L\",\"isPartOf\":{\"@id\":\"https:\/\/librairie7l.com\/en\/#website\"},\"datePublished\":\"2023-09-20T11:18:52+00:00\",\"dateModified\":\"2026-04-12T10:19:28+00:00\",\"breadcrumb\":{\"@id\":\"https:\/\/librairie7l.com\/en\/produit\/dora-maurer-see-like-this-and-see-differently-vois-comme-ca-et-vois-differemme\/#breadcrumb\"},\"inLanguage\":\"en-US\",\"potentialAction\":[{\"@type\":\"ReadAction\",\"target\":[\"https:\/\/librairie7l.com\/en\/produit\/dora-maurer-see-like-this-and-see-differently-vois-comme-ca-et-vois-differemme\/\"]}]},{\"@type\":\"BreadcrumbList\",\"@id\":\"https:\/\/librairie7l.com\/en\/produit\/dora-maurer-see-like-this-and-see-differently-vois-comme-ca-et-vois-differemme\/#breadcrumb\",\"itemListElement\":[{\"@type\":\"ListItem\",\"position\":1,\"name\":\"Accueil\",\"item\":\"https:\/\/librairie7l.com\/en\/\"},{\"@type\":\"ListItem\",\"position\":2,\"name\":\"Shop\",\"item\":\"https:\/\/librairie7l.com\/en\/shop\/\"},{\"@type\":\"ListItem\",\"position\":3,\"name\":\"D\u00d3RA MAURER: SEE LIKE THIS AND SEE DIFFERENTLY (VOIS COMME \u00c7A ET VOIS DIFF\u00c9REMMENT) : CAT. KUNSTHALLE BIELEFELD\"}]},{\"@type\":\"WebSite\",\"@id\":\"https:\/\/librairie7l.com\/en\/#website\",\"url\":\"https:\/\/librairie7l.com\/en\/\",\"name\":\"Librairie 7L\",\"description\":\"Librairie fond\u00e9e en 1999 par Karl Lagerfeld \u00e0 Paris\",\"publisher\":{\"@id\":\"https:\/\/librairie7l.com\/en\/#organization\"},\"potentialAction\":[{\"@type\":\"SearchAction\",\"target\":{\"@type\":\"EntryPoint\",\"urlTemplate\":\"https:\/\/librairie7l.com\/en\/?s={search_term_string}\"},\"query-input\":\"required name=search_term_string\"}],\"inLanguage\":\"en-US\"},{\"@type\":\"Organization\",\"@id\":\"https:\/\/librairie7l.com\/en\/#organization\",\"name\":\"Librairie 7L\",\"url\":\"https:\/\/librairie7l.com\/en\/\",\"logo\":{\"@type\":\"ImageObject\",\"inLanguage\":\"en-US\",\"@id\":\"https:\/\/librairie7l.com\/en\/#\/schema\/logo\/image\/\",\"url\":\"https:\/\/librairie7l.com\/wp-content\/uploads\/2022\/08\/logo-1.png\",\"contentUrl\":\"https:\/\/librairie7l.com\/wp-content\/uploads\/2022\/08\/logo-1.png\",\"width\":227,\"height\":301,\"caption\":\"Librairie 7L\"},\"image\":{\"@id\":\"https:\/\/librairie7l.com\/en\/#\/schema\/logo\/image\/\"}}]}<\/script>\n<!-- \/ Yoast SEO plugin. -->","yoast_head_json":{"title":"D\u00d3RA MAURER: SEE LIKE THIS AND SEE DIFFERENTLY (VOIS COMME \u00c7A ET VOIS DIFF\u00c9REMMENT) : CAT. KUNSTHALLE BIELEFELD - Librairie 7L","robots":{"index":"index","follow":"follow","max-snippet":"max-snippet:-1","max-image-preview":"max-image-preview:large","max-video-preview":"max-video-preview:-1"},"canonical":"https:\/\/librairie7l.com\/en\/produit\/dora-maurer-see-like-this-and-see-differently-vois-comme-ca-et-vois-differemme\/","og_locale":"en_US","og_type":"article","og_title":"D\u00d3RA MAURER: SEE LIKE THIS AND SEE DIFFERENTLY (VOIS COMME \u00c7A ET VOIS DIFF\u00c9REMMENT) : CAT. KUNSTHALLE BIELEFELD - Librairie 7L","og_description":"D\u00f3ra Maurer (*1937, vit \u00e0 Budapest) passe pour l&#8217;une des \u00c2\u00adrepr\u00e9sentantes les plus \u00e9minentes de la n\u00e9o-avant-garde. En tant que telle, elle fait partie des artistes qui ont chemin\u00e9 sur des voies progressives en-de\u00e7\u00e0 de la politique culturelle \u00c2\u00ad\u00e9tatique en Hongrie depuis les ann\u00e9es 1960. Ses travaux, \u00c2\u00adcompos\u00e9s de graphismes, photographies, films, actionnisme et peinture, [&hellip;]","og_url":"https:\/\/librairie7l.com\/en\/produit\/dora-maurer-see-like-this-and-see-differently-vois-comme-ca-et-vois-differemme\/","og_site_name":"Librairie 7L","article_modified_time":"2026-04-12T10:19:28+00:00","og_image":[{"width":600,"height":660,"url":"https:\/\/librairie7l.com\/wp-content\/uploads\/2022\/09\/9783864423932_1_75.jpg","type":"image\/jpeg"}],"twitter_card":"summary_large_image","twitter_misc":{"Est. reading time":"1 minute"},"schema":{"@context":"https:\/\/schema.org","@graph":[{"@type":"WebPage","@id":"https:\/\/librairie7l.com\/en\/produit\/dora-maurer-see-like-this-and-see-differently-vois-comme-ca-et-vois-differemme\/","url":"https:\/\/librairie7l.com\/en\/produit\/dora-maurer-see-like-this-and-see-differently-vois-comme-ca-et-vois-differemme\/","name":"D\u00d3RA MAURER: SEE LIKE THIS AND SEE DIFFERENTLY (VOIS COMME \u00c7A ET VOIS DIFF\u00c9REMMENT) : CAT. KUNSTHALLE BIELEFELD - Librairie 7L","isPartOf":{"@id":"https:\/\/librairie7l.com\/en\/#website"},"datePublished":"2023-09-20T11:18:52+00:00","dateModified":"2026-04-12T10:19:28+00:00","breadcrumb":{"@id":"https:\/\/librairie7l.com\/en\/produit\/dora-maurer-see-like-this-and-see-differently-vois-comme-ca-et-vois-differemme\/#breadcrumb"},"inLanguage":"en-US","potentialAction":[{"@type":"ReadAction","target":["https:\/\/librairie7l.com\/en\/produit\/dora-maurer-see-like-this-and-see-differently-vois-comme-ca-et-vois-differemme\/"]}]},{"@type":"BreadcrumbList","@id":"https:\/\/librairie7l.com\/en\/produit\/dora-maurer-see-like-this-and-see-differently-vois-comme-ca-et-vois-differemme\/#breadcrumb","itemListElement":[{"@type":"ListItem","position":1,"name":"Accueil","item":"https:\/\/librairie7l.com\/en\/"},{"@type":"ListItem","position":2,"name":"Shop","item":"https:\/\/librairie7l.com\/en\/shop\/"},{"@type":"ListItem","position":3,"name":"D\u00d3RA MAURER: SEE LIKE THIS AND SEE DIFFERENTLY (VOIS COMME \u00c7A ET VOIS DIFF\u00c9REMMENT) : CAT. KUNSTHALLE BIELEFELD"}]},{"@type":"WebSite","@id":"https:\/\/librairie7l.com\/en\/#website","url":"https:\/\/librairie7l.com\/en\/","name":"Librairie 7L","description":"Librairie fond\u00e9e en 1999 par Karl Lagerfeld \u00e0 Paris","publisher":{"@id":"https:\/\/librairie7l.com\/en\/#organization"},"potentialAction":[{"@type":"SearchAction","target":{"@type":"EntryPoint","urlTemplate":"https:\/\/librairie7l.com\/en\/?s={search_term_string}"},"query-input":"required name=search_term_string"}],"inLanguage":"en-US"},{"@type":"Organization","@id":"https:\/\/librairie7l.com\/en\/#organization","name":"Librairie 7L","url":"https:\/\/librairie7l.com\/en\/","logo":{"@type":"ImageObject","inLanguage":"en-US","@id":"https:\/\/librairie7l.com\/en\/#\/schema\/logo\/image\/","url":"https:\/\/librairie7l.com\/wp-content\/uploads\/2022\/08\/logo-1.png","contentUrl":"https:\/\/librairie7l.com\/wp-content\/uploads\/2022\/08\/logo-1.png","width":227,"height":301,"caption":"Librairie 7L"},"image":{"@id":"https:\/\/librairie7l.com\/en\/#\/schema\/logo\/image\/"}}]}},"_links":{"self":[{"href":"https:\/\/librairie7l.com\/en\/wp-json\/wp\/v2\/product\/34415"}],"collection":[{"href":"https:\/\/librairie7l.com\/en\/wp-json\/wp\/v2\/product"}],"about":[{"href":"https:\/\/librairie7l.com\/en\/wp-json\/wp\/v2\/types\/product"}],"wp:featuredmedia":[{"embeddable":true,"href":"https:\/\/librairie7l.com\/en\/wp-json\/wp\/v2\/media\/35177"}],"wp:attachment":[{"href":"https:\/\/librairie7l.com\/en\/wp-json\/wp\/v2\/media?parent=34415"}],"wp:term":[{"taxonomy":"product_cat","embeddable":true,"href":"https:\/\/librairie7l.com\/en\/wp-json\/wp\/v2\/product_cat?post=34415"},{"taxonomy":"product_tag","embeddable":true,"href":"https:\/\/librairie7l.com\/en\/wp-json\/wp\/v2\/product_tag?post=34415"}],"curies":[{"name":"wp","href":"https:\/\/api.w.org\/{rel}","templated":true}]}}