{"id":34423,"date":"2023-09-20T14:54:22","date_gmt":"2023-09-20T12:54:22","guid":{"rendered":"https:\/\/librairie7l.com\/?post_type=product&#038;p=34423"},"modified":"2026-04-18T11:06:08","modified_gmt":"2026-04-18T09:06:08","slug":"agnes-varda-light-and-shadow","status":"publish","type":"product","link":"https:\/\/librairie7l.com\/en\/produit\/agnes-varda-light-and-shadow\/","title":{"rendered":"AGNES VARDA LIGHT AND SHADOW"},"content":{"rendered":"<p>Publi\u00e9 \u00e0 l&#8217;occasion de l&#8217;exposition \u00e9ponyme \u00e0 la Casa do Cinema Manoel de Oliveira, Fondation Serralves, en 2022, cet ouvrage rassemble des contributions d&#8217;Ant\u00f3nio Preto (directeur de la Casa do Cinema et commissaire de l&#8217;exposition), Hans Ulrich Obrist (historien de l&#8217;art et commissaire d&#8217;exposition), Raymond Bellour (sp\u00e9cialiste du cin\u00e9ma et \u00e9crivain), Nathalie Mauffrey (Universit\u00e9 de Paris, ATER et chercheur \u00e0 C\u00e9rilac) et Sylvain Dreyer (Universit\u00e9 de Pau). Abondamment illustr\u00e9 de photogrammes, de documents et de photographies, il comprend \u00e9galement une s\u00e9rie de recettes \u00e0 base de pommes de terre r\u00e9alis\u00e9es par certains des chefs les plus r\u00e9put\u00e9s du Portugal, associ\u00e9es \u00e0 l&#8217;installation \u00ab Patatutopia \u00bb de Varda, une installation vid\u00e9o \u00e0 trois \u00e9crans avec 1 500 livres de pommes de terre au sol, qui donne lieu \u00e0 une exp\u00e9rience immersive dans la galerie.<\/p>\n","protected":false},"excerpt":{"rendered":"<p>Publi\u00e9 \u00e0 l&#8217;occasion de l&#8217;exposition \u00e9ponyme \u00e0 la Casa do Cinema Manoel de Oliveira, Fondation Serralves, en 2022, cet ouvrage rassemble des contributions d&#8217;Ant\u00f3nio Preto (directeur de la Casa do Cinema et commissaire de l&#8217;exposition), Hans Ulrich Obrist (historien de l&#8217;art et commissaire d&#8217;exposition), Raymond Bellour (sp\u00e9cialiste du cin\u00e9ma et \u00e9crivain), Nathalie Mauffrey (Universit\u00e9 de [&hellip;]<\/p>\n","protected":false},"featured_media":36727,"template":"","meta":[],"product_cat":[2948,2958],"product_tag":[],"acf":[],"yoast_head":"<!-- This site is optimized with the Yoast SEO plugin v20.11 - https:\/\/yoast.com\/wordpress\/plugins\/seo\/ -->\n<title>AGNES VARDA LIGHT AND SHADOW - Librairie 7L<\/title>\n<meta name=\"robots\" content=\"index, follow, max-snippet:-1, max-image-preview:large, max-video-preview:-1\" \/>\n<link rel=\"canonical\" href=\"https:\/\/librairie7l.com\/en\/produit\/agnes-varda-light-and-shadow\/\" \/>\n<meta property=\"og:locale\" content=\"en_US\" \/>\n<meta property=\"og:type\" content=\"article\" \/>\n<meta property=\"og:title\" content=\"AGNES VARDA LIGHT AND SHADOW - Librairie 7L\" \/>\n<meta property=\"og:description\" content=\"Publi\u00e9 \u00e0 l&#8217;occasion de l&#8217;exposition \u00e9ponyme \u00e0 la Casa do Cinema Manoel de Oliveira, Fondation Serralves, en 2022, cet ouvrage rassemble des contributions d&#8217;Ant\u00f3nio Preto (directeur de la Casa do Cinema et commissaire de l&#8217;exposition), Hans Ulrich Obrist (historien de l&#8217;art et commissaire d&#8217;exposition), Raymond Bellour (sp\u00e9cialiste du cin\u00e9ma et \u00e9crivain), Nathalie Mauffrey (Universit\u00e9 de [&hellip;]\" \/>\n<meta property=\"og:url\" content=\"https:\/\/librairie7l.com\/en\/produit\/agnes-varda-light-and-shadow\/\" \/>\n<meta property=\"og:site_name\" content=\"Librairie 7L\" \/>\n<meta property=\"article:modified_time\" content=\"2026-04-18T09:06:08+00:00\" \/>\n<meta property=\"og:image\" content=\"https:\/\/librairie7l.com\/wp-content\/uploads\/2023\/10\/9789727393992_1_75.jpg\" \/>\n\t<meta property=\"og:image:width\" content=\"500\" \/>\n\t<meta property=\"og:image:height\" content=\"639\" \/>\n\t<meta property=\"og:image:type\" content=\"image\/jpeg\" \/>\n<meta name=\"twitter:card\" content=\"summary_large_image\" \/>\n<meta name=\"twitter:label1\" content=\"Est. reading time\" \/>\n\t<meta name=\"twitter:data1\" content=\"1 minute\" \/>\n<script type=\"application\/ld+json\" class=\"yoast-schema-graph\">{\"@context\":\"https:\/\/schema.org\",\"@graph\":[{\"@type\":\"WebPage\",\"@id\":\"https:\/\/librairie7l.com\/en\/produit\/agnes-varda-light-and-shadow\/\",\"url\":\"https:\/\/librairie7l.com\/en\/produit\/agnes-varda-light-and-shadow\/\",\"name\":\"AGNES VARDA LIGHT AND SHADOW - Librairie 7L\",\"isPartOf\":{\"@id\":\"https:\/\/librairie7l.com\/en\/#website\"},\"datePublished\":\"2023-09-20T12:54:22+00:00\",\"dateModified\":\"2026-04-18T09:06:08+00:00\",\"breadcrumb\":{\"@id\":\"https:\/\/librairie7l.com\/en\/produit\/agnes-varda-light-and-shadow\/#breadcrumb\"},\"inLanguage\":\"en-US\",\"potentialAction\":[{\"@type\":\"ReadAction\",\"target\":[\"https:\/\/librairie7l.com\/en\/produit\/agnes-varda-light-and-shadow\/\"]}]},{\"@type\":\"BreadcrumbList\",\"@id\":\"https:\/\/librairie7l.com\/en\/produit\/agnes-varda-light-and-shadow\/#breadcrumb\",\"itemListElement\":[{\"@type\":\"ListItem\",\"position\":1,\"name\":\"Accueil\",\"item\":\"https:\/\/librairie7l.com\/en\/\"},{\"@type\":\"ListItem\",\"position\":2,\"name\":\"Shop\",\"item\":\"https:\/\/librairie7l.com\/en\/shop\/\"},{\"@type\":\"ListItem\",\"position\":3,\"name\":\"AGNES VARDA LIGHT AND SHADOW\"}]},{\"@type\":\"WebSite\",\"@id\":\"https:\/\/librairie7l.com\/en\/#website\",\"url\":\"https:\/\/librairie7l.com\/en\/\",\"name\":\"Librairie 7L\",\"description\":\"Librairie fond\u00e9e en 1999 par Karl Lagerfeld \u00e0 Paris\",\"publisher\":{\"@id\":\"https:\/\/librairie7l.com\/en\/#organization\"},\"potentialAction\":[{\"@type\":\"SearchAction\",\"target\":{\"@type\":\"EntryPoint\",\"urlTemplate\":\"https:\/\/librairie7l.com\/en\/?s={search_term_string}\"},\"query-input\":\"required name=search_term_string\"}],\"inLanguage\":\"en-US\"},{\"@type\":\"Organization\",\"@id\":\"https:\/\/librairie7l.com\/en\/#organization\",\"name\":\"Librairie 7L\",\"url\":\"https:\/\/librairie7l.com\/en\/\",\"logo\":{\"@type\":\"ImageObject\",\"inLanguage\":\"en-US\",\"@id\":\"https:\/\/librairie7l.com\/en\/#\/schema\/logo\/image\/\",\"url\":\"https:\/\/librairie7l.com\/wp-content\/uploads\/2022\/08\/logo-1.png\",\"contentUrl\":\"https:\/\/librairie7l.com\/wp-content\/uploads\/2022\/08\/logo-1.png\",\"width\":227,\"height\":301,\"caption\":\"Librairie 7L\"},\"image\":{\"@id\":\"https:\/\/librairie7l.com\/en\/#\/schema\/logo\/image\/\"}}]}<\/script>\n<!-- \/ Yoast SEO plugin. -->","yoast_head_json":{"title":"AGNES VARDA LIGHT AND SHADOW - Librairie 7L","robots":{"index":"index","follow":"follow","max-snippet":"max-snippet:-1","max-image-preview":"max-image-preview:large","max-video-preview":"max-video-preview:-1"},"canonical":"https:\/\/librairie7l.com\/en\/produit\/agnes-varda-light-and-shadow\/","og_locale":"en_US","og_type":"article","og_title":"AGNES VARDA LIGHT AND SHADOW - Librairie 7L","og_description":"Publi\u00e9 \u00e0 l&#8217;occasion de l&#8217;exposition \u00e9ponyme \u00e0 la Casa do Cinema Manoel de Oliveira, Fondation Serralves, en 2022, cet ouvrage rassemble des contributions d&#8217;Ant\u00f3nio Preto (directeur de la Casa do Cinema et commissaire de l&#8217;exposition), Hans Ulrich Obrist (historien de l&#8217;art et commissaire d&#8217;exposition), Raymond Bellour (sp\u00e9cialiste du cin\u00e9ma et \u00e9crivain), Nathalie Mauffrey (Universit\u00e9 de [&hellip;]","og_url":"https:\/\/librairie7l.com\/en\/produit\/agnes-varda-light-and-shadow\/","og_site_name":"Librairie 7L","article_modified_time":"2026-04-18T09:06:08+00:00","og_image":[{"width":500,"height":639,"url":"https:\/\/librairie7l.com\/wp-content\/uploads\/2023\/10\/9789727393992_1_75.jpg","type":"image\/jpeg"}],"twitter_card":"summary_large_image","twitter_misc":{"Est. reading time":"1 minute"},"schema":{"@context":"https:\/\/schema.org","@graph":[{"@type":"WebPage","@id":"https:\/\/librairie7l.com\/en\/produit\/agnes-varda-light-and-shadow\/","url":"https:\/\/librairie7l.com\/en\/produit\/agnes-varda-light-and-shadow\/","name":"AGNES VARDA LIGHT AND SHADOW - Librairie 7L","isPartOf":{"@id":"https:\/\/librairie7l.com\/en\/#website"},"datePublished":"2023-09-20T12:54:22+00:00","dateModified":"2026-04-18T09:06:08+00:00","breadcrumb":{"@id":"https:\/\/librairie7l.com\/en\/produit\/agnes-varda-light-and-shadow\/#breadcrumb"},"inLanguage":"en-US","potentialAction":[{"@type":"ReadAction","target":["https:\/\/librairie7l.com\/en\/produit\/agnes-varda-light-and-shadow\/"]}]},{"@type":"BreadcrumbList","@id":"https:\/\/librairie7l.com\/en\/produit\/agnes-varda-light-and-shadow\/#breadcrumb","itemListElement":[{"@type":"ListItem","position":1,"name":"Accueil","item":"https:\/\/librairie7l.com\/en\/"},{"@type":"ListItem","position":2,"name":"Shop","item":"https:\/\/librairie7l.com\/en\/shop\/"},{"@type":"ListItem","position":3,"name":"AGNES VARDA LIGHT AND SHADOW"}]},{"@type":"WebSite","@id":"https:\/\/librairie7l.com\/en\/#website","url":"https:\/\/librairie7l.com\/en\/","name":"Librairie 7L","description":"Librairie fond\u00e9e en 1999 par Karl Lagerfeld \u00e0 Paris","publisher":{"@id":"https:\/\/librairie7l.com\/en\/#organization"},"potentialAction":[{"@type":"SearchAction","target":{"@type":"EntryPoint","urlTemplate":"https:\/\/librairie7l.com\/en\/?s={search_term_string}"},"query-input":"required name=search_term_string"}],"inLanguage":"en-US"},{"@type":"Organization","@id":"https:\/\/librairie7l.com\/en\/#organization","name":"Librairie 7L","url":"https:\/\/librairie7l.com\/en\/","logo":{"@type":"ImageObject","inLanguage":"en-US","@id":"https:\/\/librairie7l.com\/en\/#\/schema\/logo\/image\/","url":"https:\/\/librairie7l.com\/wp-content\/uploads\/2022\/08\/logo-1.png","contentUrl":"https:\/\/librairie7l.com\/wp-content\/uploads\/2022\/08\/logo-1.png","width":227,"height":301,"caption":"Librairie 7L"},"image":{"@id":"https:\/\/librairie7l.com\/en\/#\/schema\/logo\/image\/"}}]}},"_links":{"self":[{"href":"https:\/\/librairie7l.com\/en\/wp-json\/wp\/v2\/product\/34423"}],"collection":[{"href":"https:\/\/librairie7l.com\/en\/wp-json\/wp\/v2\/product"}],"about":[{"href":"https:\/\/librairie7l.com\/en\/wp-json\/wp\/v2\/types\/product"}],"wp:featuredmedia":[{"embeddable":true,"href":"https:\/\/librairie7l.com\/en\/wp-json\/wp\/v2\/media\/36727"}],"wp:attachment":[{"href":"https:\/\/librairie7l.com\/en\/wp-json\/wp\/v2\/media?parent=34423"}],"wp:term":[{"taxonomy":"product_cat","embeddable":true,"href":"https:\/\/librairie7l.com\/en\/wp-json\/wp\/v2\/product_cat?post=34423"},{"taxonomy":"product_tag","embeddable":true,"href":"https:\/\/librairie7l.com\/en\/wp-json\/wp\/v2\/product_tag?post=34423"}],"curies":[{"name":"wp","href":"https:\/\/api.w.org\/{rel}","templated":true}]}}