{"id":34427,"date":"2023-09-20T15:01:36","date_gmt":"2023-09-20T13:01:36","guid":{"rendered":"https:\/\/librairie7l.com\/?post_type=product&#038;p=34427"},"modified":"2026-04-04T18:16:41","modified_gmt":"2026-04-04T16:16:41","slug":"ezra-petronio-visual-thinking-image-making","status":"publish","type":"product","link":"https:\/\/librairie7l.com\/en\/produit\/ezra-petronio-visual-thinking-image-making\/","title":{"rendered":"EZRA PETRONIO : VISUAL THINKING &AMP; IMAGE MAKING"},"content":{"rendered":"<p>The first comprehensive monograph on the work of one of the world&#8217;s most influential art directors, Ezra Petronio.<\/p>\n<p>Having a strong brand identity has never been more vital than it is today, and yet the real creative visionaries who can transform and reinvigorate a brand are few. Ezra Petronio is a true master, and his work with leading fashion and beauty brands is bold and impactful.<\/p>\n<p>An immersive visual survey of 25 years of impactful art direction, product design, and image making, with examples taken from across the entire range of his work, this book includes work for Chanel, Chlo\u00e9, Comme des Gar\u00e7ons, Gucci, Herm\u00e8s, Louis Vuitton, Prada, Saint Laurent, and Jil Sander, as well as Glossier, H&amp;M, Revlon, and Zara. With 1,000 images of ad campaigns, branding, Self Service magazine spreads, graphics, and his polaroid series, which features the likes of Louise Bourgeois, Edward Enninful, Kim Kardashian, Kylian Mbapp\u00e9, Kylie Minogue, Rick Owens, and Juergen Teller, it also includes texts that reflect on the process of image making; conversations with industry insiders on the art of art direction; and quotes from the likes of Honey Dijon, Marc Jacobs, and Chlo\u00eb Sevigny on their creative process.<\/p>\n<p>This impressive book is the first retrospective monograph on his career, illustrating the full breadth of his creative vision, from ad campaigns to his iconic Polaroid series, and demonstrating what it takes to make a brand truly stand out.<\/p>\n","protected":false},"excerpt":{"rendered":"<p>The first comprehensive monograph on the work of one of the world&#8217;s most influential art directors, Ezra Petronio. Having a strong brand identity has never been more vital than it is today, and yet the real creative visionaries who can transform and reinvigorate a brand are few. Ezra Petronio is a true master, and his [&hellip;]<\/p>\n","protected":false},"featured_media":34426,"template":"","meta":[],"product_cat":[2948,2957],"product_tag":[],"acf":[],"yoast_head":"<!-- This site is optimized with the Yoast SEO plugin v20.11 - https:\/\/yoast.com\/wordpress\/plugins\/seo\/ -->\n<title>EZRA PETRONIO : VISUAL THINKING &amp; IMAGE MAKING - Librairie 7L<\/title>\n<meta name=\"robots\" content=\"index, follow, max-snippet:-1, max-image-preview:large, max-video-preview:-1\" \/>\n<link rel=\"canonical\" href=\"https:\/\/librairie7l.com\/en\/produit\/ezra-petronio-visual-thinking-image-making\/\" \/>\n<meta property=\"og:locale\" content=\"en_US\" \/>\n<meta property=\"og:type\" content=\"article\" \/>\n<meta property=\"og:title\" content=\"EZRA PETRONIO : VISUAL THINKING &amp; IMAGE MAKING - Librairie 7L\" \/>\n<meta property=\"og:description\" content=\"The first comprehensive monograph on the work of one of the world&#8217;s most influential art directors, Ezra Petronio. Having a strong brand identity has never been more vital than it is today, and yet the real creative visionaries who can transform and reinvigorate a brand are few. Ezra Petronio is a true master, and his [&hellip;]\" \/>\n<meta property=\"og:url\" content=\"https:\/\/librairie7l.com\/en\/produit\/ezra-petronio-visual-thinking-image-making\/\" \/>\n<meta property=\"og:site_name\" content=\"Librairie 7L\" \/>\n<meta property=\"article:modified_time\" content=\"2026-04-04T16:16:41+00:00\" \/>\n<meta property=\"og:image\" content=\"https:\/\/librairie7l.com\/wp-content\/uploads\/2023\/05\/9781838667122_1_75.jpg\" \/>\n\t<meta property=\"og:image:width\" content=\"600\" \/>\n\t<meta property=\"og:image:height\" content=\"749\" \/>\n\t<meta property=\"og:image:type\" content=\"image\/jpeg\" \/>\n<meta name=\"twitter:card\" content=\"summary_large_image\" \/>\n<meta name=\"twitter:label1\" content=\"Est. reading time\" \/>\n\t<meta name=\"twitter:data1\" content=\"1 minute\" \/>\n<script type=\"application\/ld+json\" class=\"yoast-schema-graph\">{\"@context\":\"https:\/\/schema.org\",\"@graph\":[{\"@type\":\"WebPage\",\"@id\":\"https:\/\/librairie7l.com\/en\/produit\/ezra-petronio-visual-thinking-image-making\/\",\"url\":\"https:\/\/librairie7l.com\/en\/produit\/ezra-petronio-visual-thinking-image-making\/\",\"name\":\"EZRA PETRONIO : VISUAL THINKING &amp; IMAGE MAKING - Librairie 7L\",\"isPartOf\":{\"@id\":\"https:\/\/librairie7l.com\/en\/#website\"},\"datePublished\":\"2023-09-20T13:01:36+00:00\",\"dateModified\":\"2026-04-04T16:16:41+00:00\",\"breadcrumb\":{\"@id\":\"https:\/\/librairie7l.com\/en\/produit\/ezra-petronio-visual-thinking-image-making\/#breadcrumb\"},\"inLanguage\":\"en-US\",\"potentialAction\":[{\"@type\":\"ReadAction\",\"target\":[\"https:\/\/librairie7l.com\/en\/produit\/ezra-petronio-visual-thinking-image-making\/\"]}]},{\"@type\":\"BreadcrumbList\",\"@id\":\"https:\/\/librairie7l.com\/en\/produit\/ezra-petronio-visual-thinking-image-making\/#breadcrumb\",\"itemListElement\":[{\"@type\":\"ListItem\",\"position\":1,\"name\":\"Accueil\",\"item\":\"https:\/\/librairie7l.com\/en\/\"},{\"@type\":\"ListItem\",\"position\":2,\"name\":\"Shop\",\"item\":\"https:\/\/librairie7l.com\/en\/shop\/\"},{\"@type\":\"ListItem\",\"position\":3,\"name\":\"EZRA PETRONIO : VISUAL THINKING &AMP; IMAGE MAKING\"}]},{\"@type\":\"WebSite\",\"@id\":\"https:\/\/librairie7l.com\/en\/#website\",\"url\":\"https:\/\/librairie7l.com\/en\/\",\"name\":\"Librairie 7L\",\"description\":\"Librairie fond\u00e9e en 1999 par Karl Lagerfeld \u00e0 Paris\",\"publisher\":{\"@id\":\"https:\/\/librairie7l.com\/en\/#organization\"},\"potentialAction\":[{\"@type\":\"SearchAction\",\"target\":{\"@type\":\"EntryPoint\",\"urlTemplate\":\"https:\/\/librairie7l.com\/en\/?s={search_term_string}\"},\"query-input\":\"required name=search_term_string\"}],\"inLanguage\":\"en-US\"},{\"@type\":\"Organization\",\"@id\":\"https:\/\/librairie7l.com\/en\/#organization\",\"name\":\"Librairie 7L\",\"url\":\"https:\/\/librairie7l.com\/en\/\",\"logo\":{\"@type\":\"ImageObject\",\"inLanguage\":\"en-US\",\"@id\":\"https:\/\/librairie7l.com\/en\/#\/schema\/logo\/image\/\",\"url\":\"https:\/\/librairie7l.com\/wp-content\/uploads\/2022\/08\/logo-1.png\",\"contentUrl\":\"https:\/\/librairie7l.com\/wp-content\/uploads\/2022\/08\/logo-1.png\",\"width\":227,\"height\":301,\"caption\":\"Librairie 7L\"},\"image\":{\"@id\":\"https:\/\/librairie7l.com\/en\/#\/schema\/logo\/image\/\"}}]}<\/script>\n<!-- \/ Yoast SEO plugin. -->","yoast_head_json":{"title":"EZRA PETRONIO : VISUAL THINKING &amp; IMAGE MAKING - Librairie 7L","robots":{"index":"index","follow":"follow","max-snippet":"max-snippet:-1","max-image-preview":"max-image-preview:large","max-video-preview":"max-video-preview:-1"},"canonical":"https:\/\/librairie7l.com\/en\/produit\/ezra-petronio-visual-thinking-image-making\/","og_locale":"en_US","og_type":"article","og_title":"EZRA PETRONIO : VISUAL THINKING &amp; IMAGE MAKING - Librairie 7L","og_description":"The first comprehensive monograph on the work of one of the world&#8217;s most influential art directors, Ezra Petronio. Having a strong brand identity has never been more vital than it is today, and yet the real creative visionaries who can transform and reinvigorate a brand are few. Ezra Petronio is a true master, and his [&hellip;]","og_url":"https:\/\/librairie7l.com\/en\/produit\/ezra-petronio-visual-thinking-image-making\/","og_site_name":"Librairie 7L","article_modified_time":"2026-04-04T16:16:41+00:00","og_image":[{"width":600,"height":749,"url":"https:\/\/librairie7l.com\/wp-content\/uploads\/2023\/05\/9781838667122_1_75.jpg","type":"image\/jpeg"}],"twitter_card":"summary_large_image","twitter_misc":{"Est. reading time":"1 minute"},"schema":{"@context":"https:\/\/schema.org","@graph":[{"@type":"WebPage","@id":"https:\/\/librairie7l.com\/en\/produit\/ezra-petronio-visual-thinking-image-making\/","url":"https:\/\/librairie7l.com\/en\/produit\/ezra-petronio-visual-thinking-image-making\/","name":"EZRA PETRONIO : VISUAL THINKING &amp; IMAGE MAKING - Librairie 7L","isPartOf":{"@id":"https:\/\/librairie7l.com\/en\/#website"},"datePublished":"2023-09-20T13:01:36+00:00","dateModified":"2026-04-04T16:16:41+00:00","breadcrumb":{"@id":"https:\/\/librairie7l.com\/en\/produit\/ezra-petronio-visual-thinking-image-making\/#breadcrumb"},"inLanguage":"en-US","potentialAction":[{"@type":"ReadAction","target":["https:\/\/librairie7l.com\/en\/produit\/ezra-petronio-visual-thinking-image-making\/"]}]},{"@type":"BreadcrumbList","@id":"https:\/\/librairie7l.com\/en\/produit\/ezra-petronio-visual-thinking-image-making\/#breadcrumb","itemListElement":[{"@type":"ListItem","position":1,"name":"Accueil","item":"https:\/\/librairie7l.com\/en\/"},{"@type":"ListItem","position":2,"name":"Shop","item":"https:\/\/librairie7l.com\/en\/shop\/"},{"@type":"ListItem","position":3,"name":"EZRA PETRONIO : VISUAL THINKING &AMP; IMAGE MAKING"}]},{"@type":"WebSite","@id":"https:\/\/librairie7l.com\/en\/#website","url":"https:\/\/librairie7l.com\/en\/","name":"Librairie 7L","description":"Librairie fond\u00e9e en 1999 par Karl Lagerfeld \u00e0 Paris","publisher":{"@id":"https:\/\/librairie7l.com\/en\/#organization"},"potentialAction":[{"@type":"SearchAction","target":{"@type":"EntryPoint","urlTemplate":"https:\/\/librairie7l.com\/en\/?s={search_term_string}"},"query-input":"required name=search_term_string"}],"inLanguage":"en-US"},{"@type":"Organization","@id":"https:\/\/librairie7l.com\/en\/#organization","name":"Librairie 7L","url":"https:\/\/librairie7l.com\/en\/","logo":{"@type":"ImageObject","inLanguage":"en-US","@id":"https:\/\/librairie7l.com\/en\/#\/schema\/logo\/image\/","url":"https:\/\/librairie7l.com\/wp-content\/uploads\/2022\/08\/logo-1.png","contentUrl":"https:\/\/librairie7l.com\/wp-content\/uploads\/2022\/08\/logo-1.png","width":227,"height":301,"caption":"Librairie 7L"},"image":{"@id":"https:\/\/librairie7l.com\/en\/#\/schema\/logo\/image\/"}}]}},"_links":{"self":[{"href":"https:\/\/librairie7l.com\/en\/wp-json\/wp\/v2\/product\/34427"}],"collection":[{"href":"https:\/\/librairie7l.com\/en\/wp-json\/wp\/v2\/product"}],"about":[{"href":"https:\/\/librairie7l.com\/en\/wp-json\/wp\/v2\/types\/product"}],"wp:featuredmedia":[{"embeddable":true,"href":"https:\/\/librairie7l.com\/en\/wp-json\/wp\/v2\/media\/34426"}],"wp:attachment":[{"href":"https:\/\/librairie7l.com\/en\/wp-json\/wp\/v2\/media?parent=34427"}],"wp:term":[{"taxonomy":"product_cat","embeddable":true,"href":"https:\/\/librairie7l.com\/en\/wp-json\/wp\/v2\/product_cat?post=34427"},{"taxonomy":"product_tag","embeddable":true,"href":"https:\/\/librairie7l.com\/en\/wp-json\/wp\/v2\/product_tag?post=34427"}],"curies":[{"name":"wp","href":"https:\/\/api.w.org\/{rel}","templated":true}]}}