{"id":34435,"date":"2023-09-20T15:41:41","date_gmt":"2023-09-20T13:41:41","guid":{"rendered":"https:\/\/librairie7l.com\/?post_type=product&#038;p=34435"},"modified":"2026-04-04T18:17:49","modified_gmt":"2026-04-04T16:17:49","slug":"jean-bertholle-1909-1996-lombre-et-la-lumiere","status":"publish","type":"product","link":"https:\/\/librairie7l.com\/en\/produit\/jean-bertholle-1909-1996-lombre-et-la-lumiere\/","title":{"rendered":"JEAN BERTHOLLE, 1909-1996 : L&#8217;OMBRE ET LA LUMI\u00c8RE"},"content":{"rendered":"<p>Jean Bertholle, l&#8217;un des plus importants peintres de l&#8217;\u00c9cole de Paris. Son oeuvre, marqu\u00e9e par l&#8217;influence de ses contemporains, mais aussi par Bruegel et Bosch, r\u00e9v\u00e8le un mysticisme \u00e9trange, parfois inqui\u00e9tant, mais qui tend toujours vers la lumi\u00e8re. Cet ouvrage constitue la premi\u00e8re monographie compl\u00e8te de son oeuvre., supervis\u00e9e par son fils Jean-Marie Bertholle.<\/p>\n<p>Jean Bertholle (1909-1996), de la g\u00e9n\u00e9ration des jeunes artistes de l&#8217;\u00c9cole de Paris, fut notamment l&#8217;ami tr\u00e8s proche d&#8217;Alfred Manessier, Zoran Music, Est\u00e8ve, Jean Bazaine, Jean Le Moal, Roger Bissi\u00e8re comme des sculpteurs \u00c9tienne Martin ou Fran\u00e7ois Stahly.<\/p>\n<p> Bertholle s&#8217;installe \u00e0 Paris en 1933. Il a observ\u00e9 le fauvisme, le cubisme, le surr\u00e9alisme, tout en \u00e9tant d\u00e9j\u00e0 tr\u00e8s inspir\u00e9 par l&#8217;\u00e9tranget\u00e9 et le symbolisme de certains ma\u00eetres du Moyen-\u00c2ge. Il dira des peintures de J\u00e9r\u00f4me Bosch qu&#8217;elles l&#8217;ont guid\u00e9 vers une peinture insolite, o\u00f9 la folie fait irruption dans le quotidien et c\u00f4toie les r\u00eaves les plus innocents. Peintre inspir\u00e9, empreint de spiritualit\u00e9, il oscillera souvent entre des objets incarn\u00e9s et imagin\u00e9s, entre abstraction et figuration, \u00e0 l&#8217;instar de cette tension fondamentale qui hante la spiritualit\u00e9 chr\u00e9tienne depuis ses origines, celle du corps et de l&#8217;esprit.<\/p>\n<p> Cet ouvrage d\u00e9voile pour la premi\u00e8re fois un panorama complet de la carri\u00e8re artistique de Jean Bertholle, non seulement ses peintures mais aussi des vitraux, des tapisseries, des dessins, des mosa\u00efques. Il permet au lecteur de partager cette v\u00e9ritable qu\u00eate mystique qui anima l&#8217;artiste.<\/p>\n","protected":false},"excerpt":{"rendered":"<p>Jean Bertholle, l&#8217;un des plus importants peintres de l&#8217;\u00c9cole de Paris. Son oeuvre, marqu\u00e9e par l&#8217;influence de ses contemporains, mais aussi par Bruegel et Bosch, r\u00e9v\u00e8le un mysticisme \u00e9trange, parfois inqui\u00e9tant, mais qui tend toujours vers la lumi\u00e8re. Cet ouvrage constitue la premi\u00e8re monographie compl\u00e8te de son oeuvre., supervis\u00e9e par son fils Jean-Marie Bertholle. Jean [&hellip;]<\/p>\n","protected":false},"featured_media":34433,"template":"","meta":[],"product_cat":[2948,2953],"product_tag":[],"acf":[],"yoast_head":"<!-- This site is optimized with the Yoast SEO plugin v20.11 - https:\/\/yoast.com\/wordpress\/plugins\/seo\/ -->\n<title>JEAN BERTHOLLE, 1909-1996 : L&#039;OMBRE ET LA LUMI\u00c8RE - Librairie 7L<\/title>\n<meta name=\"robots\" content=\"index, follow, max-snippet:-1, max-image-preview:large, max-video-preview:-1\" \/>\n<link rel=\"canonical\" href=\"https:\/\/librairie7l.com\/en\/produit\/jean-bertholle-1909-1996-lombre-et-la-lumiere\/\" \/>\n<meta property=\"og:locale\" content=\"en_US\" \/>\n<meta property=\"og:type\" content=\"article\" \/>\n<meta property=\"og:title\" content=\"JEAN BERTHOLLE, 1909-1996 : L&#039;OMBRE ET LA LUMI\u00c8RE - Librairie 7L\" \/>\n<meta property=\"og:description\" content=\"Jean Bertholle, l&#8217;un des plus importants peintres de l&#8217;\u00c9cole de Paris. Son oeuvre, marqu\u00e9e par l&#8217;influence de ses contemporains, mais aussi par Bruegel et Bosch, r\u00e9v\u00e8le un mysticisme \u00e9trange, parfois inqui\u00e9tant, mais qui tend toujours vers la lumi\u00e8re. Cet ouvrage constitue la premi\u00e8re monographie compl\u00e8te de son oeuvre., supervis\u00e9e par son fils Jean-Marie Bertholle. Jean [&hellip;]\" \/>\n<meta property=\"og:url\" content=\"https:\/\/librairie7l.com\/en\/produit\/jean-bertholle-1909-1996-lombre-et-la-lumiere\/\" \/>\n<meta property=\"og:site_name\" content=\"Librairie 7L\" \/>\n<meta property=\"article:modified_time\" content=\"2026-04-04T16:17:49+00:00\" \/>\n<meta property=\"og:image\" content=\"https:\/\/librairie7l.com\/wp-content\/uploads\/2021\/02\/9788412155075_1_75.jpg\" \/>\n\t<meta property=\"og:image:width\" content=\"400\" \/>\n\t<meta property=\"og:image:height\" content=\"454\" \/>\n\t<meta property=\"og:image:type\" content=\"image\/jpeg\" \/>\n<meta name=\"twitter:card\" content=\"summary_large_image\" \/>\n<meta name=\"twitter:label1\" content=\"Est. reading time\" \/>\n\t<meta name=\"twitter:data1\" content=\"1 minute\" \/>\n<script type=\"application\/ld+json\" class=\"yoast-schema-graph\">{\"@context\":\"https:\/\/schema.org\",\"@graph\":[{\"@type\":\"WebPage\",\"@id\":\"https:\/\/librairie7l.com\/en\/produit\/jean-bertholle-1909-1996-lombre-et-la-lumiere\/\",\"url\":\"https:\/\/librairie7l.com\/en\/produit\/jean-bertholle-1909-1996-lombre-et-la-lumiere\/\",\"name\":\"JEAN BERTHOLLE, 1909-1996 : L'OMBRE ET LA LUMI\u00c8RE - Librairie 7L\",\"isPartOf\":{\"@id\":\"https:\/\/librairie7l.com\/en\/#website\"},\"datePublished\":\"2023-09-20T13:41:41+00:00\",\"dateModified\":\"2026-04-04T16:17:49+00:00\",\"breadcrumb\":{\"@id\":\"https:\/\/librairie7l.com\/en\/produit\/jean-bertholle-1909-1996-lombre-et-la-lumiere\/#breadcrumb\"},\"inLanguage\":\"en-US\",\"potentialAction\":[{\"@type\":\"ReadAction\",\"target\":[\"https:\/\/librairie7l.com\/en\/produit\/jean-bertholle-1909-1996-lombre-et-la-lumiere\/\"]}]},{\"@type\":\"BreadcrumbList\",\"@id\":\"https:\/\/librairie7l.com\/en\/produit\/jean-bertholle-1909-1996-lombre-et-la-lumiere\/#breadcrumb\",\"itemListElement\":[{\"@type\":\"ListItem\",\"position\":1,\"name\":\"Accueil\",\"item\":\"https:\/\/librairie7l.com\/en\/\"},{\"@type\":\"ListItem\",\"position\":2,\"name\":\"Shop\",\"item\":\"https:\/\/librairie7l.com\/en\/shop\/\"},{\"@type\":\"ListItem\",\"position\":3,\"name\":\"JEAN BERTHOLLE, 1909-1996 : L&#8217;OMBRE ET LA LUMI\u00c8RE\"}]},{\"@type\":\"WebSite\",\"@id\":\"https:\/\/librairie7l.com\/en\/#website\",\"url\":\"https:\/\/librairie7l.com\/en\/\",\"name\":\"Librairie 7L\",\"description\":\"Librairie fond\u00e9e en 1999 par Karl Lagerfeld \u00e0 Paris\",\"publisher\":{\"@id\":\"https:\/\/librairie7l.com\/en\/#organization\"},\"potentialAction\":[{\"@type\":\"SearchAction\",\"target\":{\"@type\":\"EntryPoint\",\"urlTemplate\":\"https:\/\/librairie7l.com\/en\/?s={search_term_string}\"},\"query-input\":\"required name=search_term_string\"}],\"inLanguage\":\"en-US\"},{\"@type\":\"Organization\",\"@id\":\"https:\/\/librairie7l.com\/en\/#organization\",\"name\":\"Librairie 7L\",\"url\":\"https:\/\/librairie7l.com\/en\/\",\"logo\":{\"@type\":\"ImageObject\",\"inLanguage\":\"en-US\",\"@id\":\"https:\/\/librairie7l.com\/en\/#\/schema\/logo\/image\/\",\"url\":\"https:\/\/librairie7l.com\/wp-content\/uploads\/2022\/08\/logo-1.png\",\"contentUrl\":\"https:\/\/librairie7l.com\/wp-content\/uploads\/2022\/08\/logo-1.png\",\"width\":227,\"height\":301,\"caption\":\"Librairie 7L\"},\"image\":{\"@id\":\"https:\/\/librairie7l.com\/en\/#\/schema\/logo\/image\/\"}}]}<\/script>\n<!-- \/ Yoast SEO plugin. -->","yoast_head_json":{"title":"JEAN BERTHOLLE, 1909-1996 : L'OMBRE ET LA LUMI\u00c8RE - Librairie 7L","robots":{"index":"index","follow":"follow","max-snippet":"max-snippet:-1","max-image-preview":"max-image-preview:large","max-video-preview":"max-video-preview:-1"},"canonical":"https:\/\/librairie7l.com\/en\/produit\/jean-bertholle-1909-1996-lombre-et-la-lumiere\/","og_locale":"en_US","og_type":"article","og_title":"JEAN BERTHOLLE, 1909-1996 : L'OMBRE ET LA LUMI\u00c8RE - Librairie 7L","og_description":"Jean Bertholle, l&#8217;un des plus importants peintres de l&#8217;\u00c9cole de Paris. Son oeuvre, marqu\u00e9e par l&#8217;influence de ses contemporains, mais aussi par Bruegel et Bosch, r\u00e9v\u00e8le un mysticisme \u00e9trange, parfois inqui\u00e9tant, mais qui tend toujours vers la lumi\u00e8re. Cet ouvrage constitue la premi\u00e8re monographie compl\u00e8te de son oeuvre., supervis\u00e9e par son fils Jean-Marie Bertholle. Jean [&hellip;]","og_url":"https:\/\/librairie7l.com\/en\/produit\/jean-bertholle-1909-1996-lombre-et-la-lumiere\/","og_site_name":"Librairie 7L","article_modified_time":"2026-04-04T16:17:49+00:00","og_image":[{"width":400,"height":454,"url":"https:\/\/librairie7l.com\/wp-content\/uploads\/2021\/02\/9788412155075_1_75.jpg","type":"image\/jpeg"}],"twitter_card":"summary_large_image","twitter_misc":{"Est. reading time":"1 minute"},"schema":{"@context":"https:\/\/schema.org","@graph":[{"@type":"WebPage","@id":"https:\/\/librairie7l.com\/en\/produit\/jean-bertholle-1909-1996-lombre-et-la-lumiere\/","url":"https:\/\/librairie7l.com\/en\/produit\/jean-bertholle-1909-1996-lombre-et-la-lumiere\/","name":"JEAN BERTHOLLE, 1909-1996 : L'OMBRE ET LA LUMI\u00c8RE - Librairie 7L","isPartOf":{"@id":"https:\/\/librairie7l.com\/en\/#website"},"datePublished":"2023-09-20T13:41:41+00:00","dateModified":"2026-04-04T16:17:49+00:00","breadcrumb":{"@id":"https:\/\/librairie7l.com\/en\/produit\/jean-bertholle-1909-1996-lombre-et-la-lumiere\/#breadcrumb"},"inLanguage":"en-US","potentialAction":[{"@type":"ReadAction","target":["https:\/\/librairie7l.com\/en\/produit\/jean-bertholle-1909-1996-lombre-et-la-lumiere\/"]}]},{"@type":"BreadcrumbList","@id":"https:\/\/librairie7l.com\/en\/produit\/jean-bertholle-1909-1996-lombre-et-la-lumiere\/#breadcrumb","itemListElement":[{"@type":"ListItem","position":1,"name":"Accueil","item":"https:\/\/librairie7l.com\/en\/"},{"@type":"ListItem","position":2,"name":"Shop","item":"https:\/\/librairie7l.com\/en\/shop\/"},{"@type":"ListItem","position":3,"name":"JEAN BERTHOLLE, 1909-1996 : L&#8217;OMBRE ET LA LUMI\u00c8RE"}]},{"@type":"WebSite","@id":"https:\/\/librairie7l.com\/en\/#website","url":"https:\/\/librairie7l.com\/en\/","name":"Librairie 7L","description":"Librairie fond\u00e9e en 1999 par Karl Lagerfeld \u00e0 Paris","publisher":{"@id":"https:\/\/librairie7l.com\/en\/#organization"},"potentialAction":[{"@type":"SearchAction","target":{"@type":"EntryPoint","urlTemplate":"https:\/\/librairie7l.com\/en\/?s={search_term_string}"},"query-input":"required name=search_term_string"}],"inLanguage":"en-US"},{"@type":"Organization","@id":"https:\/\/librairie7l.com\/en\/#organization","name":"Librairie 7L","url":"https:\/\/librairie7l.com\/en\/","logo":{"@type":"ImageObject","inLanguage":"en-US","@id":"https:\/\/librairie7l.com\/en\/#\/schema\/logo\/image\/","url":"https:\/\/librairie7l.com\/wp-content\/uploads\/2022\/08\/logo-1.png","contentUrl":"https:\/\/librairie7l.com\/wp-content\/uploads\/2022\/08\/logo-1.png","width":227,"height":301,"caption":"Librairie 7L"},"image":{"@id":"https:\/\/librairie7l.com\/en\/#\/schema\/logo\/image\/"}}]}},"_links":{"self":[{"href":"https:\/\/librairie7l.com\/en\/wp-json\/wp\/v2\/product\/34435"}],"collection":[{"href":"https:\/\/librairie7l.com\/en\/wp-json\/wp\/v2\/product"}],"about":[{"href":"https:\/\/librairie7l.com\/en\/wp-json\/wp\/v2\/types\/product"}],"wp:featuredmedia":[{"embeddable":true,"href":"https:\/\/librairie7l.com\/en\/wp-json\/wp\/v2\/media\/34433"}],"wp:attachment":[{"href":"https:\/\/librairie7l.com\/en\/wp-json\/wp\/v2\/media?parent=34435"}],"wp:term":[{"taxonomy":"product_cat","embeddable":true,"href":"https:\/\/librairie7l.com\/en\/wp-json\/wp\/v2\/product_cat?post=34435"},{"taxonomy":"product_tag","embeddable":true,"href":"https:\/\/librairie7l.com\/en\/wp-json\/wp\/v2\/product_tag?post=34435"}],"curies":[{"name":"wp","href":"https:\/\/api.w.org\/{rel}","templated":true}]}}