{"id":34541,"date":"2023-09-28T01:16:21","date_gmt":"2023-09-27T23:16:21","guid":{"rendered":"https:\/\/librairie7l.com\/?post_type=product&#038;p=34541"},"modified":"2026-04-30T01:39:58","modified_gmt":"2026-04-29T23:39:58","slug":"ecrits-dartistes-tatatia-trouve","status":"publish","type":"product","link":"https:\/\/librairie7l.com\/en\/produit\/ecrits-dartistes-tatatia-trouve\/","title":{"rendered":"\u00c9CRITS D&#8217;ARTISTES TATATIA TROUV\u00c9"},"content":{"rendered":"<p>N\u00e9e en 1968 \u00e0 Cozensa en Italie, Tatiana Trouv\u00e9 fait ses \u00e9tudes d&#8217;art \u00e0 la Villa Arson \u00e0 Nice. En 2007, elle est laur\u00e9ate du prix Marcel Duchamp. Elle enseigne aux Beaux-Arts de Paris. En 1997, Tatiana Trouv\u00e9 cr\u00e9e le Bureau des activit\u00e9s implicites (B.A.I.) pour archiver, classer, organiser ses pens\u00e9es, ses projets r\u00e9alis\u00e9s ou non. Le B.A.I. constitue une oeuvre unique en permanente \u00e9volution fait de trois modules.<\/p>\n","protected":false},"excerpt":{"rendered":"<p>N\u00e9e en 1968 \u00e0 Cozensa en Italie, Tatiana Trouv\u00e9 fait ses \u00e9tudes d&#8217;art \u00e0 la Villa Arson \u00e0 Nice. En 2007, elle est laur\u00e9ate du prix Marcel Duchamp. Elle enseigne aux Beaux-Arts de Paris. En 1997, Tatiana Trouv\u00e9 cr\u00e9e le Bureau des activit\u00e9s implicites (B.A.I.) pour archiver, classer, organiser ses pens\u00e9es, ses projets r\u00e9alis\u00e9s ou [&hellip;]<\/p>\n","protected":false},"featured_media":0,"template":"","meta":[],"product_cat":[2948,2953],"product_tag":[],"acf":[],"yoast_head":"<!-- This site is optimized with the Yoast SEO plugin v20.11 - https:\/\/yoast.com\/wordpress\/plugins\/seo\/ -->\n<title>\u00c9CRITS D&#039;ARTISTES TATATIA TROUV\u00c9 - Librairie 7L<\/title>\n<meta name=\"robots\" content=\"index, follow, max-snippet:-1, max-image-preview:large, max-video-preview:-1\" \/>\n<link rel=\"canonical\" href=\"https:\/\/librairie7l.com\/en\/produit\/ecrits-dartistes-tatatia-trouve\/\" \/>\n<meta property=\"og:locale\" content=\"en_US\" \/>\n<meta property=\"og:type\" content=\"article\" \/>\n<meta property=\"og:title\" content=\"\u00c9CRITS D&#039;ARTISTES TATATIA TROUV\u00c9 - Librairie 7L\" \/>\n<meta property=\"og:description\" content=\"N\u00e9e en 1968 \u00e0 Cozensa en Italie, Tatiana Trouv\u00e9 fait ses \u00e9tudes d&#8217;art \u00e0 la Villa Arson \u00e0 Nice. En 2007, elle est laur\u00e9ate du prix Marcel Duchamp. Elle enseigne aux Beaux-Arts de Paris. En 1997, Tatiana Trouv\u00e9 cr\u00e9e le Bureau des activit\u00e9s implicites (B.A.I.) pour archiver, classer, organiser ses pens\u00e9es, ses projets r\u00e9alis\u00e9s ou [&hellip;]\" \/>\n<meta property=\"og:url\" content=\"https:\/\/librairie7l.com\/en\/produit\/ecrits-dartistes-tatatia-trouve\/\" \/>\n<meta property=\"og:site_name\" content=\"Librairie 7L\" \/>\n<meta property=\"article:modified_time\" content=\"2026-04-29T23:39:58+00:00\" \/>\n<meta name=\"twitter:card\" content=\"summary_large_image\" \/>\n<script type=\"application\/ld+json\" class=\"yoast-schema-graph\">{\"@context\":\"https:\/\/schema.org\",\"@graph\":[{\"@type\":\"WebPage\",\"@id\":\"https:\/\/librairie7l.com\/en\/produit\/ecrits-dartistes-tatatia-trouve\/\",\"url\":\"https:\/\/librairie7l.com\/en\/produit\/ecrits-dartistes-tatatia-trouve\/\",\"name\":\"\u00c9CRITS D'ARTISTES TATATIA TROUV\u00c9 - Librairie 7L\",\"isPartOf\":{\"@id\":\"https:\/\/librairie7l.com\/en\/#website\"},\"datePublished\":\"2023-09-27T23:16:21+00:00\",\"dateModified\":\"2026-04-29T23:39:58+00:00\",\"breadcrumb\":{\"@id\":\"https:\/\/librairie7l.com\/en\/produit\/ecrits-dartistes-tatatia-trouve\/#breadcrumb\"},\"inLanguage\":\"en-US\",\"potentialAction\":[{\"@type\":\"ReadAction\",\"target\":[\"https:\/\/librairie7l.com\/en\/produit\/ecrits-dartistes-tatatia-trouve\/\"]}]},{\"@type\":\"BreadcrumbList\",\"@id\":\"https:\/\/librairie7l.com\/en\/produit\/ecrits-dartistes-tatatia-trouve\/#breadcrumb\",\"itemListElement\":[{\"@type\":\"ListItem\",\"position\":1,\"name\":\"Accueil\",\"item\":\"https:\/\/librairie7l.com\/en\/\"},{\"@type\":\"ListItem\",\"position\":2,\"name\":\"Shop\",\"item\":\"https:\/\/librairie7l.com\/en\/shop\/\"},{\"@type\":\"ListItem\",\"position\":3,\"name\":\"\u00c9CRITS D&#8217;ARTISTES TATATIA TROUV\u00c9\"}]},{\"@type\":\"WebSite\",\"@id\":\"https:\/\/librairie7l.com\/en\/#website\",\"url\":\"https:\/\/librairie7l.com\/en\/\",\"name\":\"Librairie 7L\",\"description\":\"Librairie fond\u00e9e en 1999 par Karl Lagerfeld \u00e0 Paris\",\"publisher\":{\"@id\":\"https:\/\/librairie7l.com\/en\/#organization\"},\"potentialAction\":[{\"@type\":\"SearchAction\",\"target\":{\"@type\":\"EntryPoint\",\"urlTemplate\":\"https:\/\/librairie7l.com\/en\/?s={search_term_string}\"},\"query-input\":\"required name=search_term_string\"}],\"inLanguage\":\"en-US\"},{\"@type\":\"Organization\",\"@id\":\"https:\/\/librairie7l.com\/en\/#organization\",\"name\":\"Librairie 7L\",\"url\":\"https:\/\/librairie7l.com\/en\/\",\"logo\":{\"@type\":\"ImageObject\",\"inLanguage\":\"en-US\",\"@id\":\"https:\/\/librairie7l.com\/en\/#\/schema\/logo\/image\/\",\"url\":\"https:\/\/librairie7l.com\/wp-content\/uploads\/2022\/08\/logo-1.png\",\"contentUrl\":\"https:\/\/librairie7l.com\/wp-content\/uploads\/2022\/08\/logo-1.png\",\"width\":227,\"height\":301,\"caption\":\"Librairie 7L\"},\"image\":{\"@id\":\"https:\/\/librairie7l.com\/en\/#\/schema\/logo\/image\/\"}}]}<\/script>\n<!-- \/ Yoast SEO plugin. -->","yoast_head_json":{"title":"\u00c9CRITS D'ARTISTES TATATIA TROUV\u00c9 - Librairie 7L","robots":{"index":"index","follow":"follow","max-snippet":"max-snippet:-1","max-image-preview":"max-image-preview:large","max-video-preview":"max-video-preview:-1"},"canonical":"https:\/\/librairie7l.com\/en\/produit\/ecrits-dartistes-tatatia-trouve\/","og_locale":"en_US","og_type":"article","og_title":"\u00c9CRITS D'ARTISTES TATATIA TROUV\u00c9 - Librairie 7L","og_description":"N\u00e9e en 1968 \u00e0 Cozensa en Italie, Tatiana Trouv\u00e9 fait ses \u00e9tudes d&#8217;art \u00e0 la Villa Arson \u00e0 Nice. En 2007, elle est laur\u00e9ate du prix Marcel Duchamp. Elle enseigne aux Beaux-Arts de Paris. En 1997, Tatiana Trouv\u00e9 cr\u00e9e le Bureau des activit\u00e9s implicites (B.A.I.) pour archiver, classer, organiser ses pens\u00e9es, ses projets r\u00e9alis\u00e9s ou [&hellip;]","og_url":"https:\/\/librairie7l.com\/en\/produit\/ecrits-dartistes-tatatia-trouve\/","og_site_name":"Librairie 7L","article_modified_time":"2026-04-29T23:39:58+00:00","twitter_card":"summary_large_image","schema":{"@context":"https:\/\/schema.org","@graph":[{"@type":"WebPage","@id":"https:\/\/librairie7l.com\/en\/produit\/ecrits-dartistes-tatatia-trouve\/","url":"https:\/\/librairie7l.com\/en\/produit\/ecrits-dartistes-tatatia-trouve\/","name":"\u00c9CRITS D'ARTISTES TATATIA TROUV\u00c9 - Librairie 7L","isPartOf":{"@id":"https:\/\/librairie7l.com\/en\/#website"},"datePublished":"2023-09-27T23:16:21+00:00","dateModified":"2026-04-29T23:39:58+00:00","breadcrumb":{"@id":"https:\/\/librairie7l.com\/en\/produit\/ecrits-dartistes-tatatia-trouve\/#breadcrumb"},"inLanguage":"en-US","potentialAction":[{"@type":"ReadAction","target":["https:\/\/librairie7l.com\/en\/produit\/ecrits-dartistes-tatatia-trouve\/"]}]},{"@type":"BreadcrumbList","@id":"https:\/\/librairie7l.com\/en\/produit\/ecrits-dartistes-tatatia-trouve\/#breadcrumb","itemListElement":[{"@type":"ListItem","position":1,"name":"Accueil","item":"https:\/\/librairie7l.com\/en\/"},{"@type":"ListItem","position":2,"name":"Shop","item":"https:\/\/librairie7l.com\/en\/shop\/"},{"@type":"ListItem","position":3,"name":"\u00c9CRITS D&#8217;ARTISTES TATATIA TROUV\u00c9"}]},{"@type":"WebSite","@id":"https:\/\/librairie7l.com\/en\/#website","url":"https:\/\/librairie7l.com\/en\/","name":"Librairie 7L","description":"Librairie fond\u00e9e en 1999 par Karl Lagerfeld \u00e0 Paris","publisher":{"@id":"https:\/\/librairie7l.com\/en\/#organization"},"potentialAction":[{"@type":"SearchAction","target":{"@type":"EntryPoint","urlTemplate":"https:\/\/librairie7l.com\/en\/?s={search_term_string}"},"query-input":"required name=search_term_string"}],"inLanguage":"en-US"},{"@type":"Organization","@id":"https:\/\/librairie7l.com\/en\/#organization","name":"Librairie 7L","url":"https:\/\/librairie7l.com\/en\/","logo":{"@type":"ImageObject","inLanguage":"en-US","@id":"https:\/\/librairie7l.com\/en\/#\/schema\/logo\/image\/","url":"https:\/\/librairie7l.com\/wp-content\/uploads\/2022\/08\/logo-1.png","contentUrl":"https:\/\/librairie7l.com\/wp-content\/uploads\/2022\/08\/logo-1.png","width":227,"height":301,"caption":"Librairie 7L"},"image":{"@id":"https:\/\/librairie7l.com\/en\/#\/schema\/logo\/image\/"}}]}},"_links":{"self":[{"href":"https:\/\/librairie7l.com\/en\/wp-json\/wp\/v2\/product\/34541"}],"collection":[{"href":"https:\/\/librairie7l.com\/en\/wp-json\/wp\/v2\/product"}],"about":[{"href":"https:\/\/librairie7l.com\/en\/wp-json\/wp\/v2\/types\/product"}],"wp:attachment":[{"href":"https:\/\/librairie7l.com\/en\/wp-json\/wp\/v2\/media?parent=34541"}],"wp:term":[{"taxonomy":"product_cat","embeddable":true,"href":"https:\/\/librairie7l.com\/en\/wp-json\/wp\/v2\/product_cat?post=34541"},{"taxonomy":"product_tag","embeddable":true,"href":"https:\/\/librairie7l.com\/en\/wp-json\/wp\/v2\/product_tag?post=34541"}],"curies":[{"name":"wp","href":"https:\/\/api.w.org\/{rel}","templated":true}]}}