{"id":34549,"date":"2023-09-28T01:16:26","date_gmt":"2023-09-27T23:16:26","guid":{"rendered":"https:\/\/librairie7l.com\/?post_type=product&#038;p=34549"},"modified":"2026-04-26T20:07:14","modified_gmt":"2026-04-26T18:07:14","slug":"azzedine-alaia-couturier-collectionneur","status":"publish","type":"product","link":"https:\/\/librairie7l.com\/en\/produit\/azzedine-alaia-couturier-collectionneur\/","title":{"rendered":"AZZEDINE ALA\u00cfA, COUTURIER COLLECTIONNEUR"},"content":{"rendered":"<p>La collection personnelle d&#8217;Azzedine Ala\u00efa raconte non seulement l&#8217;histoire de la mode, mais aussi celle d&#8217;un savoir-faire. S&#8217;il a collectionn\u00e9 des pi\u00e8ces de couturiers fran\u00e7ais connus et bien document\u00e9s tels que Christian Dior et Cristobal Balenciaga, l&#8217;\u00e9ventail de la collection est \u00e9tonnant car un grand nombre des pi\u00e8ces de cr\u00e9ateurs parfois oubli\u00e9es dans l&#8217;histoire de la mode font partie de ces trouvailles. La pr\u00e9sence du couturier est document\u00e9e dans presque toutes les grandes ventes aux ench\u00e8res de mode. Ala\u00efa ench\u00e9rissait sur une cape Lanvin et simultan\u00e9ment achetait une robe de jour Carven en coton jaune et noir.  Ses choix, aussi divers stylistiquement qu&#8217;ils le sont en termes de technique et de coupe, sugg\u00e8rent qu&#8217;il n&#8217;\u00e9tait pas tant int\u00e9ress\u00e9 par la collection des grands noms de la mode &#8211; une grande partie de la collection est constitu\u00e9e de v\u00eatements sans griffe &#8211; mais plut\u00f4t par le regroupement de pi\u00e8ces t\u00e9moignant de l&#8217;\u00e9volution de l&#8217;artisanat et de la cr\u00e9ativit\u00e9 au cours de ce si\u00e8cle.  Cette exposition est donc une occasion unique d&#8217;explorer l&#8217;histoire de pi\u00e8ces, qui apr\u00e8s avoir \u00e9t\u00e9 sauv\u00e9es par Ala\u00efa pendant de nombreuses ann\u00e9es, sont d\u00e9sormais partag\u00e9es avec le public.<\/p>\n","protected":false},"excerpt":{"rendered":"<p>La collection personnelle d&#8217;Azzedine Ala\u00efa raconte non seulement l&#8217;histoire de la mode, mais aussi celle d&#8217;un savoir-faire. S&#8217;il a collectionn\u00e9 des pi\u00e8ces de couturiers fran\u00e7ais connus et bien document\u00e9s tels que Christian Dior et Cristobal Balenciaga, l&#8217;\u00e9ventail de la collection est \u00e9tonnant car un grand nombre des pi\u00e8ces de cr\u00e9ateurs parfois oubli\u00e9es dans l&#8217;histoire de [&hellip;]<\/p>\n","protected":false},"featured_media":34547,"template":"","meta":[],"product_cat":[2948,2957],"product_tag":[],"acf":[],"yoast_head":"<!-- This site is optimized with the Yoast SEO plugin v20.11 - https:\/\/yoast.com\/wordpress\/plugins\/seo\/ -->\n<title>AZZEDINE ALA\u00cfA, COUTURIER COLLECTIONNEUR - Librairie 7L<\/title>\n<meta name=\"robots\" content=\"index, follow, max-snippet:-1, max-image-preview:large, max-video-preview:-1\" \/>\n<link rel=\"canonical\" href=\"https:\/\/librairie7l.com\/en\/produit\/azzedine-alaia-couturier-collectionneur\/\" \/>\n<meta property=\"og:locale\" content=\"en_US\" \/>\n<meta property=\"og:type\" content=\"article\" \/>\n<meta property=\"og:title\" content=\"AZZEDINE ALA\u00cfA, COUTURIER COLLECTIONNEUR - Librairie 7L\" \/>\n<meta property=\"og:description\" content=\"La collection personnelle d&#8217;Azzedine Ala\u00efa raconte non seulement l&#8217;histoire de la mode, mais aussi celle d&#8217;un savoir-faire. S&#8217;il a collectionn\u00e9 des pi\u00e8ces de couturiers fran\u00e7ais connus et bien document\u00e9s tels que Christian Dior et Cristobal Balenciaga, l&#8217;\u00e9ventail de la collection est \u00e9tonnant car un grand nombre des pi\u00e8ces de cr\u00e9ateurs parfois oubli\u00e9es dans l&#8217;histoire de [&hellip;]\" \/>\n<meta property=\"og:url\" content=\"https:\/\/librairie7l.com\/en\/produit\/azzedine-alaia-couturier-collectionneur\/\" \/>\n<meta property=\"og:site_name\" content=\"Librairie 7L\" \/>\n<meta property=\"article:modified_time\" content=\"2026-04-26T18:07:14+00:00\" \/>\n<meta property=\"og:image\" content=\"https:\/\/librairie7l.com\/wp-content\/uploads\/2023\/04\/9782759605583_1_75.jpg\" \/>\n\t<meta property=\"og:image:width\" content=\"400\" \/>\n\t<meta property=\"og:image:height\" content=\"537\" \/>\n\t<meta property=\"og:image:type\" content=\"image\/jpeg\" \/>\n<meta name=\"twitter:card\" content=\"summary_large_image\" \/>\n<meta name=\"twitter:label1\" content=\"Est. reading time\" \/>\n\t<meta name=\"twitter:data1\" content=\"1 minute\" \/>\n<script type=\"application\/ld+json\" class=\"yoast-schema-graph\">{\"@context\":\"https:\/\/schema.org\",\"@graph\":[{\"@type\":\"WebPage\",\"@id\":\"https:\/\/librairie7l.com\/en\/produit\/azzedine-alaia-couturier-collectionneur\/\",\"url\":\"https:\/\/librairie7l.com\/en\/produit\/azzedine-alaia-couturier-collectionneur\/\",\"name\":\"AZZEDINE ALA\u00cfA, COUTURIER COLLECTIONNEUR - Librairie 7L\",\"isPartOf\":{\"@id\":\"https:\/\/librairie7l.com\/en\/#website\"},\"datePublished\":\"2023-09-27T23:16:26+00:00\",\"dateModified\":\"2026-04-26T18:07:14+00:00\",\"breadcrumb\":{\"@id\":\"https:\/\/librairie7l.com\/en\/produit\/azzedine-alaia-couturier-collectionneur\/#breadcrumb\"},\"inLanguage\":\"en-US\",\"potentialAction\":[{\"@type\":\"ReadAction\",\"target\":[\"https:\/\/librairie7l.com\/en\/produit\/azzedine-alaia-couturier-collectionneur\/\"]}]},{\"@type\":\"BreadcrumbList\",\"@id\":\"https:\/\/librairie7l.com\/en\/produit\/azzedine-alaia-couturier-collectionneur\/#breadcrumb\",\"itemListElement\":[{\"@type\":\"ListItem\",\"position\":1,\"name\":\"Accueil\",\"item\":\"https:\/\/librairie7l.com\/en\/\"},{\"@type\":\"ListItem\",\"position\":2,\"name\":\"Shop\",\"item\":\"https:\/\/librairie7l.com\/en\/shop\/\"},{\"@type\":\"ListItem\",\"position\":3,\"name\":\"AZZEDINE ALA\u00cfA, COUTURIER COLLECTIONNEUR\"}]},{\"@type\":\"WebSite\",\"@id\":\"https:\/\/librairie7l.com\/en\/#website\",\"url\":\"https:\/\/librairie7l.com\/en\/\",\"name\":\"Librairie 7L\",\"description\":\"Librairie fond\u00e9e en 1999 par Karl Lagerfeld \u00e0 Paris\",\"publisher\":{\"@id\":\"https:\/\/librairie7l.com\/en\/#organization\"},\"potentialAction\":[{\"@type\":\"SearchAction\",\"target\":{\"@type\":\"EntryPoint\",\"urlTemplate\":\"https:\/\/librairie7l.com\/en\/?s={search_term_string}\"},\"query-input\":\"required name=search_term_string\"}],\"inLanguage\":\"en-US\"},{\"@type\":\"Organization\",\"@id\":\"https:\/\/librairie7l.com\/en\/#organization\",\"name\":\"Librairie 7L\",\"url\":\"https:\/\/librairie7l.com\/en\/\",\"logo\":{\"@type\":\"ImageObject\",\"inLanguage\":\"en-US\",\"@id\":\"https:\/\/librairie7l.com\/en\/#\/schema\/logo\/image\/\",\"url\":\"https:\/\/librairie7l.com\/wp-content\/uploads\/2022\/08\/logo-1.png\",\"contentUrl\":\"https:\/\/librairie7l.com\/wp-content\/uploads\/2022\/08\/logo-1.png\",\"width\":227,\"height\":301,\"caption\":\"Librairie 7L\"},\"image\":{\"@id\":\"https:\/\/librairie7l.com\/en\/#\/schema\/logo\/image\/\"}}]}<\/script>\n<!-- \/ Yoast SEO plugin. -->","yoast_head_json":{"title":"AZZEDINE ALA\u00cfA, COUTURIER COLLECTIONNEUR - Librairie 7L","robots":{"index":"index","follow":"follow","max-snippet":"max-snippet:-1","max-image-preview":"max-image-preview:large","max-video-preview":"max-video-preview:-1"},"canonical":"https:\/\/librairie7l.com\/en\/produit\/azzedine-alaia-couturier-collectionneur\/","og_locale":"en_US","og_type":"article","og_title":"AZZEDINE ALA\u00cfA, COUTURIER COLLECTIONNEUR - Librairie 7L","og_description":"La collection personnelle d&#8217;Azzedine Ala\u00efa raconte non seulement l&#8217;histoire de la mode, mais aussi celle d&#8217;un savoir-faire. S&#8217;il a collectionn\u00e9 des pi\u00e8ces de couturiers fran\u00e7ais connus et bien document\u00e9s tels que Christian Dior et Cristobal Balenciaga, l&#8217;\u00e9ventail de la collection est \u00e9tonnant car un grand nombre des pi\u00e8ces de cr\u00e9ateurs parfois oubli\u00e9es dans l&#8217;histoire de [&hellip;]","og_url":"https:\/\/librairie7l.com\/en\/produit\/azzedine-alaia-couturier-collectionneur\/","og_site_name":"Librairie 7L","article_modified_time":"2026-04-26T18:07:14+00:00","og_image":[{"width":400,"height":537,"url":"https:\/\/librairie7l.com\/wp-content\/uploads\/2023\/04\/9782759605583_1_75.jpg","type":"image\/jpeg"}],"twitter_card":"summary_large_image","twitter_misc":{"Est. reading time":"1 minute"},"schema":{"@context":"https:\/\/schema.org","@graph":[{"@type":"WebPage","@id":"https:\/\/librairie7l.com\/en\/produit\/azzedine-alaia-couturier-collectionneur\/","url":"https:\/\/librairie7l.com\/en\/produit\/azzedine-alaia-couturier-collectionneur\/","name":"AZZEDINE ALA\u00cfA, COUTURIER COLLECTIONNEUR - Librairie 7L","isPartOf":{"@id":"https:\/\/librairie7l.com\/en\/#website"},"datePublished":"2023-09-27T23:16:26+00:00","dateModified":"2026-04-26T18:07:14+00:00","breadcrumb":{"@id":"https:\/\/librairie7l.com\/en\/produit\/azzedine-alaia-couturier-collectionneur\/#breadcrumb"},"inLanguage":"en-US","potentialAction":[{"@type":"ReadAction","target":["https:\/\/librairie7l.com\/en\/produit\/azzedine-alaia-couturier-collectionneur\/"]}]},{"@type":"BreadcrumbList","@id":"https:\/\/librairie7l.com\/en\/produit\/azzedine-alaia-couturier-collectionneur\/#breadcrumb","itemListElement":[{"@type":"ListItem","position":1,"name":"Accueil","item":"https:\/\/librairie7l.com\/en\/"},{"@type":"ListItem","position":2,"name":"Shop","item":"https:\/\/librairie7l.com\/en\/shop\/"},{"@type":"ListItem","position":3,"name":"AZZEDINE ALA\u00cfA, COUTURIER COLLECTIONNEUR"}]},{"@type":"WebSite","@id":"https:\/\/librairie7l.com\/en\/#website","url":"https:\/\/librairie7l.com\/en\/","name":"Librairie 7L","description":"Librairie fond\u00e9e en 1999 par Karl Lagerfeld \u00e0 Paris","publisher":{"@id":"https:\/\/librairie7l.com\/en\/#organization"},"potentialAction":[{"@type":"SearchAction","target":{"@type":"EntryPoint","urlTemplate":"https:\/\/librairie7l.com\/en\/?s={search_term_string}"},"query-input":"required name=search_term_string"}],"inLanguage":"en-US"},{"@type":"Organization","@id":"https:\/\/librairie7l.com\/en\/#organization","name":"Librairie 7L","url":"https:\/\/librairie7l.com\/en\/","logo":{"@type":"ImageObject","inLanguage":"en-US","@id":"https:\/\/librairie7l.com\/en\/#\/schema\/logo\/image\/","url":"https:\/\/librairie7l.com\/wp-content\/uploads\/2022\/08\/logo-1.png","contentUrl":"https:\/\/librairie7l.com\/wp-content\/uploads\/2022\/08\/logo-1.png","width":227,"height":301,"caption":"Librairie 7L"},"image":{"@id":"https:\/\/librairie7l.com\/en\/#\/schema\/logo\/image\/"}}]}},"_links":{"self":[{"href":"https:\/\/librairie7l.com\/en\/wp-json\/wp\/v2\/product\/34549"}],"collection":[{"href":"https:\/\/librairie7l.com\/en\/wp-json\/wp\/v2\/product"}],"about":[{"href":"https:\/\/librairie7l.com\/en\/wp-json\/wp\/v2\/types\/product"}],"wp:featuredmedia":[{"embeddable":true,"href":"https:\/\/librairie7l.com\/en\/wp-json\/wp\/v2\/media\/34547"}],"wp:attachment":[{"href":"https:\/\/librairie7l.com\/en\/wp-json\/wp\/v2\/media?parent=34549"}],"wp:term":[{"taxonomy":"product_cat","embeddable":true,"href":"https:\/\/librairie7l.com\/en\/wp-json\/wp\/v2\/product_cat?post=34549"},{"taxonomy":"product_tag","embeddable":true,"href":"https:\/\/librairie7l.com\/en\/wp-json\/wp\/v2\/product_tag?post=34549"}],"curies":[{"name":"wp","href":"https:\/\/api.w.org\/{rel}","templated":true}]}}