{"id":34557,"date":"2023-09-28T01:16:31","date_gmt":"2023-09-27T23:16:31","guid":{"rendered":"https:\/\/librairie7l.com\/?post_type=product&#038;p=34557"},"modified":"2026-04-30T02:51:16","modified_gmt":"2026-04-30T00:51:16","slug":"gilles-aillaud-animal-politique","status":"publish","type":"product","link":"https:\/\/librairie7l.com\/en\/produit\/gilles-aillaud-animal-politique\/","title":{"rendered":"GILES AILLAUD, ANIMAL POLITIQUE"},"content":{"rendered":"<p>De 1964, date de son acc\u00e8s \u00e0 la pr\u00e9sidence du tr\u00e8s  politique Salon de la jeune peinture, \u00e0 1988, date du s\u00e9jour  de Gilles Aillaud au Kenya, l&#8217;exposition retracera le parcours  d&#8217;un des artistes les plus singuliers de la sc\u00e8ne fran\u00e7aise des  ann\u00e9es soixante.<br \/>\nPeintre faute d&#8217;avoir r\u00e9ussi l&#8217;agr\u00e9gation de  philosophie, po\u00e8te, dramaturge et sc\u00e9nographe, Gilles Aillaud  a \u00e9labor\u00e9 une oeuvre dont l&#8217;imagerie, subtilement innerv\u00e9e  de pr\u00e9occupations politiques, fait \u00e9cho aux analyses de Guy  Debord sur la \u00ab soci\u00e9t\u00e9 du spectacle \u00bb ou encore \u00e0 celles que  Michel Foucault consacre \u00e0 la \u00ab surveillance \u00bb, au contr\u00f4le  g\u00e9n\u00e9ralis\u00e9 des individus dans les soci\u00e9t\u00e9s modernes.<br \/>\nDe la repr\u00e9sentation des zoos claustrophobiques aux vastes  espaces de la savane africaine, loin de toutes pesanteurs  rh\u00e9toriques et de toute complaisance iconographique,  l&#8217;oeuvre de Gilles Aillaud dessine la trajectoire d&#8217;un art capable  d&#8217;\u00e9veiller la conscience de ses spectateurs \u00e0 une condition humaine, coup\u00e9e de ses liens avec le monde naturel, tendue  entre le sentiment \u00e9l\u00e9giaque d&#8217;un paradis perdu, et une  harmonie compromise par l&#8217;\u00e9gotisme moderne.<\/p>\n","protected":false},"excerpt":{"rendered":"<p>De 1964, date de son acc\u00e8s \u00e0 la pr\u00e9sidence du tr\u00e8s politique Salon de la jeune peinture, \u00e0 1988, date du s\u00e9jour de Gilles Aillaud au Kenya, l&#8217;exposition retracera le parcours d&#8217;un des artistes les plus singuliers de la sc\u00e8ne fran\u00e7aise des ann\u00e9es soixante. Peintre faute d&#8217;avoir r\u00e9ussi l&#8217;agr\u00e9gation de philosophie, po\u00e8te, dramaturge et sc\u00e9nographe, [&hellip;]<\/p>\n","protected":false},"featured_media":34555,"template":"","meta":[],"product_cat":[2948,2953],"product_tag":[],"acf":[],"yoast_head":"<!-- This site is optimized with the Yoast SEO plugin v20.11 - https:\/\/yoast.com\/wordpress\/plugins\/seo\/ -->\n<title>GILES AILLAUD, ANIMAL POLITIQUE - Librairie 7L<\/title>\n<meta name=\"robots\" content=\"index, follow, max-snippet:-1, max-image-preview:large, max-video-preview:-1\" \/>\n<link rel=\"canonical\" href=\"https:\/\/librairie7l.com\/en\/produit\/gilles-aillaud-animal-politique\/\" \/>\n<meta property=\"og:locale\" content=\"en_US\" \/>\n<meta property=\"og:type\" content=\"article\" \/>\n<meta property=\"og:title\" content=\"GILES AILLAUD, ANIMAL POLITIQUE - Librairie 7L\" \/>\n<meta property=\"og:description\" content=\"De 1964, date de son acc\u00e8s \u00e0 la pr\u00e9sidence du tr\u00e8s politique Salon de la jeune peinture, \u00e0 1988, date du s\u00e9jour de Gilles Aillaud au Kenya, l&#8217;exposition retracera le parcours d&#8217;un des artistes les plus singuliers de la sc\u00e8ne fran\u00e7aise des ann\u00e9es soixante. Peintre faute d&#8217;avoir r\u00e9ussi l&#8217;agr\u00e9gation de philosophie, po\u00e8te, dramaturge et sc\u00e9nographe, [&hellip;]\" \/>\n<meta property=\"og:url\" content=\"https:\/\/librairie7l.com\/en\/produit\/gilles-aillaud-animal-politique\/\" \/>\n<meta property=\"og:site_name\" content=\"Librairie 7L\" \/>\n<meta property=\"article:modified_time\" content=\"2026-04-30T00:51:16+00:00\" \/>\n<meta property=\"og:image\" content=\"https:\/\/librairie7l.com\/wp-content\/uploads\/2023\/04\/9782844269614_1_75.jpg\" \/>\n\t<meta property=\"og:image:width\" content=\"600\" \/>\n\t<meta property=\"og:image:height\" content=\"712\" \/>\n\t<meta property=\"og:image:type\" content=\"image\/jpeg\" \/>\n<meta name=\"twitter:card\" content=\"summary_large_image\" \/>\n<meta name=\"twitter:label1\" content=\"Est. reading time\" \/>\n\t<meta name=\"twitter:data1\" content=\"1 minute\" \/>\n<script type=\"application\/ld+json\" class=\"yoast-schema-graph\">{\"@context\":\"https:\/\/schema.org\",\"@graph\":[{\"@type\":\"WebPage\",\"@id\":\"https:\/\/librairie7l.com\/en\/produit\/gilles-aillaud-animal-politique\/\",\"url\":\"https:\/\/librairie7l.com\/en\/produit\/gilles-aillaud-animal-politique\/\",\"name\":\"GILES AILLAUD, ANIMAL POLITIQUE - Librairie 7L\",\"isPartOf\":{\"@id\":\"https:\/\/librairie7l.com\/en\/#website\"},\"datePublished\":\"2023-09-27T23:16:31+00:00\",\"dateModified\":\"2026-04-30T00:51:16+00:00\",\"breadcrumb\":{\"@id\":\"https:\/\/librairie7l.com\/en\/produit\/gilles-aillaud-animal-politique\/#breadcrumb\"},\"inLanguage\":\"en-US\",\"potentialAction\":[{\"@type\":\"ReadAction\",\"target\":[\"https:\/\/librairie7l.com\/en\/produit\/gilles-aillaud-animal-politique\/\"]}]},{\"@type\":\"BreadcrumbList\",\"@id\":\"https:\/\/librairie7l.com\/en\/produit\/gilles-aillaud-animal-politique\/#breadcrumb\",\"itemListElement\":[{\"@type\":\"ListItem\",\"position\":1,\"name\":\"Accueil\",\"item\":\"https:\/\/librairie7l.com\/en\/\"},{\"@type\":\"ListItem\",\"position\":2,\"name\":\"Shop\",\"item\":\"https:\/\/librairie7l.com\/en\/shop\/\"},{\"@type\":\"ListItem\",\"position\":3,\"name\":\"GILES AILLAUD, ANIMAL POLITIQUE\"}]},{\"@type\":\"WebSite\",\"@id\":\"https:\/\/librairie7l.com\/en\/#website\",\"url\":\"https:\/\/librairie7l.com\/en\/\",\"name\":\"Librairie 7L\",\"description\":\"Librairie fond\u00e9e en 1999 par Karl Lagerfeld \u00e0 Paris\",\"publisher\":{\"@id\":\"https:\/\/librairie7l.com\/en\/#organization\"},\"potentialAction\":[{\"@type\":\"SearchAction\",\"target\":{\"@type\":\"EntryPoint\",\"urlTemplate\":\"https:\/\/librairie7l.com\/en\/?s={search_term_string}\"},\"query-input\":\"required name=search_term_string\"}],\"inLanguage\":\"en-US\"},{\"@type\":\"Organization\",\"@id\":\"https:\/\/librairie7l.com\/en\/#organization\",\"name\":\"Librairie 7L\",\"url\":\"https:\/\/librairie7l.com\/en\/\",\"logo\":{\"@type\":\"ImageObject\",\"inLanguage\":\"en-US\",\"@id\":\"https:\/\/librairie7l.com\/en\/#\/schema\/logo\/image\/\",\"url\":\"https:\/\/librairie7l.com\/wp-content\/uploads\/2022\/08\/logo-1.png\",\"contentUrl\":\"https:\/\/librairie7l.com\/wp-content\/uploads\/2022\/08\/logo-1.png\",\"width\":227,\"height\":301,\"caption\":\"Librairie 7L\"},\"image\":{\"@id\":\"https:\/\/librairie7l.com\/en\/#\/schema\/logo\/image\/\"}}]}<\/script>\n<!-- \/ Yoast SEO plugin. -->","yoast_head_json":{"title":"GILES AILLAUD, ANIMAL POLITIQUE - Librairie 7L","robots":{"index":"index","follow":"follow","max-snippet":"max-snippet:-1","max-image-preview":"max-image-preview:large","max-video-preview":"max-video-preview:-1"},"canonical":"https:\/\/librairie7l.com\/en\/produit\/gilles-aillaud-animal-politique\/","og_locale":"en_US","og_type":"article","og_title":"GILES AILLAUD, ANIMAL POLITIQUE - Librairie 7L","og_description":"De 1964, date de son acc\u00e8s \u00e0 la pr\u00e9sidence du tr\u00e8s politique Salon de la jeune peinture, \u00e0 1988, date du s\u00e9jour de Gilles Aillaud au Kenya, l&#8217;exposition retracera le parcours d&#8217;un des artistes les plus singuliers de la sc\u00e8ne fran\u00e7aise des ann\u00e9es soixante. Peintre faute d&#8217;avoir r\u00e9ussi l&#8217;agr\u00e9gation de philosophie, po\u00e8te, dramaturge et sc\u00e9nographe, [&hellip;]","og_url":"https:\/\/librairie7l.com\/en\/produit\/gilles-aillaud-animal-politique\/","og_site_name":"Librairie 7L","article_modified_time":"2026-04-30T00:51:16+00:00","og_image":[{"width":600,"height":712,"url":"https:\/\/librairie7l.com\/wp-content\/uploads\/2023\/04\/9782844269614_1_75.jpg","type":"image\/jpeg"}],"twitter_card":"summary_large_image","twitter_misc":{"Est. reading time":"1 minute"},"schema":{"@context":"https:\/\/schema.org","@graph":[{"@type":"WebPage","@id":"https:\/\/librairie7l.com\/en\/produit\/gilles-aillaud-animal-politique\/","url":"https:\/\/librairie7l.com\/en\/produit\/gilles-aillaud-animal-politique\/","name":"GILES AILLAUD, ANIMAL POLITIQUE - Librairie 7L","isPartOf":{"@id":"https:\/\/librairie7l.com\/en\/#website"},"datePublished":"2023-09-27T23:16:31+00:00","dateModified":"2026-04-30T00:51:16+00:00","breadcrumb":{"@id":"https:\/\/librairie7l.com\/en\/produit\/gilles-aillaud-animal-politique\/#breadcrumb"},"inLanguage":"en-US","potentialAction":[{"@type":"ReadAction","target":["https:\/\/librairie7l.com\/en\/produit\/gilles-aillaud-animal-politique\/"]}]},{"@type":"BreadcrumbList","@id":"https:\/\/librairie7l.com\/en\/produit\/gilles-aillaud-animal-politique\/#breadcrumb","itemListElement":[{"@type":"ListItem","position":1,"name":"Accueil","item":"https:\/\/librairie7l.com\/en\/"},{"@type":"ListItem","position":2,"name":"Shop","item":"https:\/\/librairie7l.com\/en\/shop\/"},{"@type":"ListItem","position":3,"name":"GILES AILLAUD, ANIMAL POLITIQUE"}]},{"@type":"WebSite","@id":"https:\/\/librairie7l.com\/en\/#website","url":"https:\/\/librairie7l.com\/en\/","name":"Librairie 7L","description":"Librairie fond\u00e9e en 1999 par Karl Lagerfeld \u00e0 Paris","publisher":{"@id":"https:\/\/librairie7l.com\/en\/#organization"},"potentialAction":[{"@type":"SearchAction","target":{"@type":"EntryPoint","urlTemplate":"https:\/\/librairie7l.com\/en\/?s={search_term_string}"},"query-input":"required name=search_term_string"}],"inLanguage":"en-US"},{"@type":"Organization","@id":"https:\/\/librairie7l.com\/en\/#organization","name":"Librairie 7L","url":"https:\/\/librairie7l.com\/en\/","logo":{"@type":"ImageObject","inLanguage":"en-US","@id":"https:\/\/librairie7l.com\/en\/#\/schema\/logo\/image\/","url":"https:\/\/librairie7l.com\/wp-content\/uploads\/2022\/08\/logo-1.png","contentUrl":"https:\/\/librairie7l.com\/wp-content\/uploads\/2022\/08\/logo-1.png","width":227,"height":301,"caption":"Librairie 7L"},"image":{"@id":"https:\/\/librairie7l.com\/en\/#\/schema\/logo\/image\/"}}]}},"_links":{"self":[{"href":"https:\/\/librairie7l.com\/en\/wp-json\/wp\/v2\/product\/34557"}],"collection":[{"href":"https:\/\/librairie7l.com\/en\/wp-json\/wp\/v2\/product"}],"about":[{"href":"https:\/\/librairie7l.com\/en\/wp-json\/wp\/v2\/types\/product"}],"wp:featuredmedia":[{"embeddable":true,"href":"https:\/\/librairie7l.com\/en\/wp-json\/wp\/v2\/media\/34555"}],"wp:attachment":[{"href":"https:\/\/librairie7l.com\/en\/wp-json\/wp\/v2\/media?parent=34557"}],"wp:term":[{"taxonomy":"product_cat","embeddable":true,"href":"https:\/\/librairie7l.com\/en\/wp-json\/wp\/v2\/product_cat?post=34557"},{"taxonomy":"product_tag","embeddable":true,"href":"https:\/\/librairie7l.com\/en\/wp-json\/wp\/v2\/product_tag?post=34557"}],"curies":[{"name":"wp","href":"https:\/\/api.w.org\/{rel}","templated":true}]}}