{"id":34561,"date":"2023-09-28T01:16:33","date_gmt":"2023-09-27T23:16:33","guid":{"rendered":"https:\/\/librairie7l.com\/?post_type=product&#038;p=34561"},"modified":"2026-04-23T23:30:45","modified_gmt":"2026-04-23T21:30:45","slug":"wilmotte-murano","status":"publish","type":"product","link":"https:\/\/librairie7l.com\/en\/produit\/wilmotte-murano\/","title":{"rendered":"WILMOTTE &#8211; MURANO"},"content":{"rendered":"<p>Publi\u00e9 \u00e0 la suite de l&#8217;exposition \u00ab Agua e fogo \u00bb &#8211; \u00ab Eau et feu \u00bb -, cet ouvrage pr\u00e9sente l&#8217;oeuvre du designer fran\u00e7ais Jean-Michel Wilmotte sous l&#8217;angle particulier de l&#8217;artisanat.<br \/>\nMettant \u00e0 l&#8217;honneur le savoir-faire unique des souffleurs de verre et artisans verriers, la collection \u00ab Vaisseaux \u00bb de Wilmotte est un savant m\u00e9lange de nostalgie et de modernit\u00e9. Les oeuvres, principalement inspir\u00e9es des souvenirs d&#8217;enfance du designer et des objets pr\u00e9sents dans le laboratoire pharmaceutique de son p\u00e8re, sont r\u00e9alis\u00e9es dans les ateliers historiques de Murano, \u00eele de la lagune v\u00e9nitienne connue dans le monde entier pour les cr\u00e9ations en verre de ses artisans.<br \/>\nLes lustres, lampes de table, appliques, vases et autres objets pr\u00e9sent\u00e9s ici, destin\u00e9s \u00e0 des lieux publics et priv\u00e9s, peuvent \u00eatre vus dans les h\u00f4tels, th\u00e9\u00e2tres, gares et bureaux de nombreux pays.<br \/>\nLe verre, mat\u00e9riau \u00e0 la fois simple par sa fabrication et complexe dans son travail, offre des possibilit\u00e9s de cr\u00e9ation presque infinies \u00e0 qui sait le ma\u00eetriser. La collaboration entre Wilmotte et les verriers de Murano donne des oeuvres uniques, impr\u00e9gn\u00e9es de la vision du designer qui aime jouer avec les formes et supports. La transparence et la mall\u00e9abilit\u00e9 du verre permettent des r\u00e9alisations d\u00e9licates, aux lignes \u00e9pur\u00e9es, qui mettent en sc\u00e8ne la sym\u00e9trie, l&#8217;\u00e9quilibre &#8211; th\u00e8mes que Wilmotte affectionne dans son travail.<br \/>\nLes photographies de cet ouvrage, exclusivement prises \u00e0 Venise, invitent au voyage dans la ville et les ateliers des artisans. Les clich\u00e9s d&#8217;Alessandra Chemollo confrontent la Venise des cartes postales et les cr\u00e9ations de Wilmotte dans des compositions qui jouent avec la lumi\u00e8re et les reflets. Architecture et artisanat se retrouvent ainsi m\u00eal\u00e9s et confondus, dans une qu\u00eate de continuit\u00e9 et compl\u00e9mentarit\u00e9.<\/p>\n<p>This book, published in the wake of the &#8220;Aqua e fogo&#8221; &#8211; &#8220;Water and Fire&#8221; &#8211; exhibition, highlights the work of French designer Jean-Michel Wilmotte in collaboration with Murano&#8217;s glassblowers and craftsmen. Wilmotte&#8217;s &#8220;Vessels&#8221; collection is a blend of nostalgia and modernity. Its 60 creations (chandeliers, table lamps, wall lamps, vases) are inspired by the designer&#8217;s childhood memories of contemplating his father&#8217;s pharmaceutical laboratory. Using the transparency and malleability of glass, each piece is delicate and refined, emphasising symmetry and balance &#8211; themes that Wilmotte is very fond of in his work. Alessandra Chemollo&#8217;s photographs, shot exclusively in Venice, suggest a journey through the city, its craftsmen&#8217;s workshops and its reflections. Architecture and craftsmanship are thus merged, in a quest for continuity and complementarity.<\/p>\n","protected":false},"excerpt":{"rendered":"<p>Publi\u00e9 \u00e0 la suite de l&#8217;exposition \u00ab Agua e fogo \u00bb &#8211; \u00ab Eau et feu \u00bb -, cet ouvrage pr\u00e9sente l&#8217;oeuvre du designer fran\u00e7ais Jean-Michel Wilmotte sous l&#8217;angle particulier de l&#8217;artisanat. Mettant \u00e0 l&#8217;honneur le savoir-faire unique des souffleurs de verre et artisans verriers, la collection \u00ab Vaisseaux \u00bb de Wilmotte est un savant [&hellip;]<\/p>\n","protected":false},"featured_media":34559,"template":"","meta":[],"product_cat":[2948,2952],"product_tag":[],"acf":[],"yoast_head":"<!-- This site is optimized with the Yoast SEO plugin v20.11 - https:\/\/yoast.com\/wordpress\/plugins\/seo\/ -->\n<title>WILMOTTE - MURANO - Librairie 7L<\/title>\n<meta name=\"robots\" content=\"index, follow, max-snippet:-1, max-image-preview:large, max-video-preview:-1\" \/>\n<link rel=\"canonical\" href=\"https:\/\/librairie7l.com\/en\/produit\/wilmotte-murano\/\" \/>\n<meta property=\"og:locale\" content=\"en_US\" \/>\n<meta property=\"og:type\" content=\"article\" \/>\n<meta property=\"og:title\" content=\"WILMOTTE - MURANO - Librairie 7L\" \/>\n<meta property=\"og:description\" content=\"Publi\u00e9 \u00e0 la suite de l&#8217;exposition \u00ab Agua e fogo \u00bb &#8211; \u00ab Eau et feu \u00bb -, cet ouvrage pr\u00e9sente l&#8217;oeuvre du designer fran\u00e7ais Jean-Michel Wilmotte sous l&#8217;angle particulier de l&#8217;artisanat. Mettant \u00e0 l&#8217;honneur le savoir-faire unique des souffleurs de verre et artisans verriers, la collection \u00ab Vaisseaux \u00bb de Wilmotte est un savant [&hellip;]\" \/>\n<meta property=\"og:url\" content=\"https:\/\/librairie7l.com\/en\/produit\/wilmotte-murano\/\" \/>\n<meta property=\"og:site_name\" content=\"Librairie 7L\" \/>\n<meta property=\"article:modified_time\" content=\"2026-04-23T21:30:45+00:00\" \/>\n<meta property=\"og:image\" content=\"https:\/\/librairie7l.com\/wp-content\/uploads\/2023\/04\/9782370742247_1_75.jpg\" \/>\n\t<meta property=\"og:image:width\" content=\"600\" \/>\n\t<meta property=\"og:image:height\" content=\"629\" \/>\n\t<meta property=\"og:image:type\" content=\"image\/jpeg\" \/>\n<meta name=\"twitter:card\" content=\"summary_large_image\" \/>\n<meta name=\"twitter:label1\" content=\"Est. reading time\" \/>\n\t<meta name=\"twitter:data1\" content=\"2 minutes\" \/>\n<script type=\"application\/ld+json\" class=\"yoast-schema-graph\">{\"@context\":\"https:\/\/schema.org\",\"@graph\":[{\"@type\":\"WebPage\",\"@id\":\"https:\/\/librairie7l.com\/en\/produit\/wilmotte-murano\/\",\"url\":\"https:\/\/librairie7l.com\/en\/produit\/wilmotte-murano\/\",\"name\":\"WILMOTTE - MURANO - Librairie 7L\",\"isPartOf\":{\"@id\":\"https:\/\/librairie7l.com\/en\/#website\"},\"datePublished\":\"2023-09-27T23:16:33+00:00\",\"dateModified\":\"2026-04-23T21:30:45+00:00\",\"breadcrumb\":{\"@id\":\"https:\/\/librairie7l.com\/en\/produit\/wilmotte-murano\/#breadcrumb\"},\"inLanguage\":\"en-US\",\"potentialAction\":[{\"@type\":\"ReadAction\",\"target\":[\"https:\/\/librairie7l.com\/en\/produit\/wilmotte-murano\/\"]}]},{\"@type\":\"BreadcrumbList\",\"@id\":\"https:\/\/librairie7l.com\/en\/produit\/wilmotte-murano\/#breadcrumb\",\"itemListElement\":[{\"@type\":\"ListItem\",\"position\":1,\"name\":\"Accueil\",\"item\":\"https:\/\/librairie7l.com\/en\/\"},{\"@type\":\"ListItem\",\"position\":2,\"name\":\"Shop\",\"item\":\"https:\/\/librairie7l.com\/en\/shop\/\"},{\"@type\":\"ListItem\",\"position\":3,\"name\":\"WILMOTTE &#8211; MURANO\"}]},{\"@type\":\"WebSite\",\"@id\":\"https:\/\/librairie7l.com\/en\/#website\",\"url\":\"https:\/\/librairie7l.com\/en\/\",\"name\":\"Librairie 7L\",\"description\":\"Librairie fond\u00e9e en 1999 par Karl Lagerfeld \u00e0 Paris\",\"publisher\":{\"@id\":\"https:\/\/librairie7l.com\/en\/#organization\"},\"potentialAction\":[{\"@type\":\"SearchAction\",\"target\":{\"@type\":\"EntryPoint\",\"urlTemplate\":\"https:\/\/librairie7l.com\/en\/?s={search_term_string}\"},\"query-input\":\"required name=search_term_string\"}],\"inLanguage\":\"en-US\"},{\"@type\":\"Organization\",\"@id\":\"https:\/\/librairie7l.com\/en\/#organization\",\"name\":\"Librairie 7L\",\"url\":\"https:\/\/librairie7l.com\/en\/\",\"logo\":{\"@type\":\"ImageObject\",\"inLanguage\":\"en-US\",\"@id\":\"https:\/\/librairie7l.com\/en\/#\/schema\/logo\/image\/\",\"url\":\"https:\/\/librairie7l.com\/wp-content\/uploads\/2022\/08\/logo-1.png\",\"contentUrl\":\"https:\/\/librairie7l.com\/wp-content\/uploads\/2022\/08\/logo-1.png\",\"width\":227,\"height\":301,\"caption\":\"Librairie 7L\"},\"image\":{\"@id\":\"https:\/\/librairie7l.com\/en\/#\/schema\/logo\/image\/\"}}]}<\/script>\n<!-- \/ Yoast SEO plugin. -->","yoast_head_json":{"title":"WILMOTTE - MURANO - Librairie 7L","robots":{"index":"index","follow":"follow","max-snippet":"max-snippet:-1","max-image-preview":"max-image-preview:large","max-video-preview":"max-video-preview:-1"},"canonical":"https:\/\/librairie7l.com\/en\/produit\/wilmotte-murano\/","og_locale":"en_US","og_type":"article","og_title":"WILMOTTE - MURANO - Librairie 7L","og_description":"Publi\u00e9 \u00e0 la suite de l&#8217;exposition \u00ab Agua e fogo \u00bb &#8211; \u00ab Eau et feu \u00bb -, cet ouvrage pr\u00e9sente l&#8217;oeuvre du designer fran\u00e7ais Jean-Michel Wilmotte sous l&#8217;angle particulier de l&#8217;artisanat. Mettant \u00e0 l&#8217;honneur le savoir-faire unique des souffleurs de verre et artisans verriers, la collection \u00ab Vaisseaux \u00bb de Wilmotte est un savant [&hellip;]","og_url":"https:\/\/librairie7l.com\/en\/produit\/wilmotte-murano\/","og_site_name":"Librairie 7L","article_modified_time":"2026-04-23T21:30:45+00:00","og_image":[{"width":600,"height":629,"url":"https:\/\/librairie7l.com\/wp-content\/uploads\/2023\/04\/9782370742247_1_75.jpg","type":"image\/jpeg"}],"twitter_card":"summary_large_image","twitter_misc":{"Est. reading time":"2 minutes"},"schema":{"@context":"https:\/\/schema.org","@graph":[{"@type":"WebPage","@id":"https:\/\/librairie7l.com\/en\/produit\/wilmotte-murano\/","url":"https:\/\/librairie7l.com\/en\/produit\/wilmotte-murano\/","name":"WILMOTTE - MURANO - Librairie 7L","isPartOf":{"@id":"https:\/\/librairie7l.com\/en\/#website"},"datePublished":"2023-09-27T23:16:33+00:00","dateModified":"2026-04-23T21:30:45+00:00","breadcrumb":{"@id":"https:\/\/librairie7l.com\/en\/produit\/wilmotte-murano\/#breadcrumb"},"inLanguage":"en-US","potentialAction":[{"@type":"ReadAction","target":["https:\/\/librairie7l.com\/en\/produit\/wilmotte-murano\/"]}]},{"@type":"BreadcrumbList","@id":"https:\/\/librairie7l.com\/en\/produit\/wilmotte-murano\/#breadcrumb","itemListElement":[{"@type":"ListItem","position":1,"name":"Accueil","item":"https:\/\/librairie7l.com\/en\/"},{"@type":"ListItem","position":2,"name":"Shop","item":"https:\/\/librairie7l.com\/en\/shop\/"},{"@type":"ListItem","position":3,"name":"WILMOTTE &#8211; MURANO"}]},{"@type":"WebSite","@id":"https:\/\/librairie7l.com\/en\/#website","url":"https:\/\/librairie7l.com\/en\/","name":"Librairie 7L","description":"Librairie fond\u00e9e en 1999 par Karl Lagerfeld \u00e0 Paris","publisher":{"@id":"https:\/\/librairie7l.com\/en\/#organization"},"potentialAction":[{"@type":"SearchAction","target":{"@type":"EntryPoint","urlTemplate":"https:\/\/librairie7l.com\/en\/?s={search_term_string}"},"query-input":"required name=search_term_string"}],"inLanguage":"en-US"},{"@type":"Organization","@id":"https:\/\/librairie7l.com\/en\/#organization","name":"Librairie 7L","url":"https:\/\/librairie7l.com\/en\/","logo":{"@type":"ImageObject","inLanguage":"en-US","@id":"https:\/\/librairie7l.com\/en\/#\/schema\/logo\/image\/","url":"https:\/\/librairie7l.com\/wp-content\/uploads\/2022\/08\/logo-1.png","contentUrl":"https:\/\/librairie7l.com\/wp-content\/uploads\/2022\/08\/logo-1.png","width":227,"height":301,"caption":"Librairie 7L"},"image":{"@id":"https:\/\/librairie7l.com\/en\/#\/schema\/logo\/image\/"}}]}},"_links":{"self":[{"href":"https:\/\/librairie7l.com\/en\/wp-json\/wp\/v2\/product\/34561"}],"collection":[{"href":"https:\/\/librairie7l.com\/en\/wp-json\/wp\/v2\/product"}],"about":[{"href":"https:\/\/librairie7l.com\/en\/wp-json\/wp\/v2\/types\/product"}],"wp:featuredmedia":[{"embeddable":true,"href":"https:\/\/librairie7l.com\/en\/wp-json\/wp\/v2\/media\/34559"}],"wp:attachment":[{"href":"https:\/\/librairie7l.com\/en\/wp-json\/wp\/v2\/media?parent=34561"}],"wp:term":[{"taxonomy":"product_cat","embeddable":true,"href":"https:\/\/librairie7l.com\/en\/wp-json\/wp\/v2\/product_cat?post=34561"},{"taxonomy":"product_tag","embeddable":true,"href":"https:\/\/librairie7l.com\/en\/wp-json\/wp\/v2\/product_tag?post=34561"}],"curies":[{"name":"wp","href":"https:\/\/api.w.org\/{rel}","templated":true}]}}