{"id":34565,"date":"2023-09-28T01:16:35","date_gmt":"2023-09-27T23:16:35","guid":{"rendered":"https:\/\/librairie7l.com\/?post_type=product&#038;p=34565"},"modified":"2026-04-15T00:17:14","modified_gmt":"2026-04-14T22:17:14","slug":"viva-varda-catalogue-dexpo-la-cinematheque-francaise","status":"publish","type":"product","link":"https:\/\/librairie7l.com\/en\/produit\/viva-varda-catalogue-dexpo-la-cinematheque-francaise\/","title":{"rendered":"VIVA VARDA ! CATALOGUE D&#8217;EXPO LA CIN\u00c9MATH\u00c8QUE FRAN\u00c7AISE"},"content":{"rendered":"<p>Le catalogue de la premi\u00e8re exposition r\u00e9trospective d&#8217;Agn\u00e8s Varda.<\/p>\n<p>De ses liens avec l&#8217;histoire de l&#8217;art \u00e0 sa dimension sociale et politique, Viva Varda ! parcourt les grands th\u00e8mes de l&#8217;oeuvre polymorphe d&#8217;Agn\u00e8s Varda (1928-2019). La photographe, cin\u00e9aste et artiste a d\u00e9ploy\u00e9 sur soixante-dix ans une oeuvre personnelle et fondamentalement ancr\u00e9e dans le temps. Sa filmographie compte plus de quarante courts et longs-m\u00e9trages naviguant entre fiction et documentaire, dont les incontournables Cl\u00e9o de 5 \u00e0 7 (1962), Sans toit ni loi (1985), Les Glaneurs et la Glaneuse (2000) et Visages Villages (2017). Pr\u00e9curseuse de la Nouvelle Vague, elle est l&#8217;une des rares femmes de sa g\u00e9n\u00e9ration \u00e0 avoir fait carri\u00e8re en tant que r\u00e9alisatrice. Globe-trotteuse et artiste de conviction, Varda t\u00e9moigne aussi d&#8217;une grande attention au monde et aux bouleversements sociaux. Son oeuvre, travers\u00e9e par les th\u00e8mes du f\u00e9minisme et de la marginalit\u00e9, demeure d&#8217;une tr\u00e8s grande actualit\u00e9. Ce livre, sous la direction de Florence Tissot, accompagne la premi\u00e8re exposition r\u00e9trospective d&#8217;Agn\u00e8s Varda, con\u00e7ue par la Cin\u00e9math\u00e8que fran\u00e7aise. Il regroupe des textes de sp\u00e9cialistes fran\u00e7ais et anglo-saxons, ainsi qu&#8217;une filmographie comment\u00e9e par de nombreuses personnalit\u00e9s. Pr\u00e9fac\u00e9 par Costa-Gavras, il est illustr\u00e9 de plus de 300 documents (archives, images de films, oeuvres d&#8217;art, photographies, etc.), dont de nombreux in\u00e9dits, provenant en grande partie des archives personnelles d&#8217;Agn\u00e8s Varda conserv\u00e9es \u00e0 Cin\u00e9-Tamaris, la soci\u00e9t\u00e9 familiale qu&#8217;elle a cr\u00e9\u00e9e, g\u00e9r\u00e9e par Rosalie Varda et Mathieu Demy.<\/p>\n","protected":false},"excerpt":{"rendered":"<p>Le catalogue de la premi\u00e8re exposition r\u00e9trospective d&#8217;Agn\u00e8s Varda. De ses liens avec l&#8217;histoire de l&#8217;art \u00e0 sa dimension sociale et politique, Viva Varda ! parcourt les grands th\u00e8mes de l&#8217;oeuvre polymorphe d&#8217;Agn\u00e8s Varda (1928-2019). La photographe, cin\u00e9aste et artiste a d\u00e9ploy\u00e9 sur soixante-dix ans une oeuvre personnelle et fondamentalement ancr\u00e9e dans le temps. Sa [&hellip;]<\/p>\n","protected":false},"featured_media":34563,"template":"","meta":[],"product_cat":[2948,2958],"product_tag":[],"acf":[],"yoast_head":"<!-- This site is optimized with the Yoast SEO plugin v20.11 - https:\/\/yoast.com\/wordpress\/plugins\/seo\/ -->\n<title>VIVA VARDA ! CATALOGUE D&#039;EXPO LA CIN\u00c9MATH\u00c8QUE FRAN\u00c7AISE - Librairie 7L<\/title>\n<meta name=\"robots\" content=\"index, follow, max-snippet:-1, max-image-preview:large, max-video-preview:-1\" \/>\n<link rel=\"canonical\" href=\"https:\/\/librairie7l.com\/en\/produit\/viva-varda-catalogue-dexpo-la-cinematheque-francaise\/\" \/>\n<meta property=\"og:locale\" content=\"en_US\" \/>\n<meta property=\"og:type\" content=\"article\" \/>\n<meta property=\"og:title\" content=\"VIVA VARDA ! CATALOGUE D&#039;EXPO LA CIN\u00c9MATH\u00c8QUE FRAN\u00c7AISE - Librairie 7L\" \/>\n<meta property=\"og:description\" content=\"Le catalogue de la premi\u00e8re exposition r\u00e9trospective d&#8217;Agn\u00e8s Varda. De ses liens avec l&#8217;histoire de l&#8217;art \u00e0 sa dimension sociale et politique, Viva Varda ! parcourt les grands th\u00e8mes de l&#8217;oeuvre polymorphe d&#8217;Agn\u00e8s Varda (1928-2019). La photographe, cin\u00e9aste et artiste a d\u00e9ploy\u00e9 sur soixante-dix ans une oeuvre personnelle et fondamentalement ancr\u00e9e dans le temps. Sa [&hellip;]\" \/>\n<meta property=\"og:url\" content=\"https:\/\/librairie7l.com\/en\/produit\/viva-varda-catalogue-dexpo-la-cinematheque-francaise\/\" \/>\n<meta property=\"og:site_name\" content=\"Librairie 7L\" \/>\n<meta property=\"article:modified_time\" content=\"2026-04-14T22:17:14+00:00\" \/>\n<meta property=\"og:image\" content=\"https:\/\/librairie7l.com\/wp-content\/uploads\/2023\/06\/9791040112174_1_75.jpg\" \/>\n\t<meta property=\"og:image:width\" content=\"400\" \/>\n\t<meta property=\"og:image:height\" content=\"519\" \/>\n\t<meta property=\"og:image:type\" content=\"image\/jpeg\" \/>\n<meta name=\"twitter:card\" content=\"summary_large_image\" \/>\n<meta name=\"twitter:label1\" content=\"Est. reading time\" \/>\n\t<meta name=\"twitter:data1\" content=\"1 minute\" \/>\n<script type=\"application\/ld+json\" class=\"yoast-schema-graph\">{\"@context\":\"https:\/\/schema.org\",\"@graph\":[{\"@type\":\"WebPage\",\"@id\":\"https:\/\/librairie7l.com\/en\/produit\/viva-varda-catalogue-dexpo-la-cinematheque-francaise\/\",\"url\":\"https:\/\/librairie7l.com\/en\/produit\/viva-varda-catalogue-dexpo-la-cinematheque-francaise\/\",\"name\":\"VIVA VARDA ! CATALOGUE D'EXPO LA CIN\u00c9MATH\u00c8QUE FRAN\u00c7AISE - Librairie 7L\",\"isPartOf\":{\"@id\":\"https:\/\/librairie7l.com\/en\/#website\"},\"datePublished\":\"2023-09-27T23:16:35+00:00\",\"dateModified\":\"2026-04-14T22:17:14+00:00\",\"breadcrumb\":{\"@id\":\"https:\/\/librairie7l.com\/en\/produit\/viva-varda-catalogue-dexpo-la-cinematheque-francaise\/#breadcrumb\"},\"inLanguage\":\"en-US\",\"potentialAction\":[{\"@type\":\"ReadAction\",\"target\":[\"https:\/\/librairie7l.com\/en\/produit\/viva-varda-catalogue-dexpo-la-cinematheque-francaise\/\"]}]},{\"@type\":\"BreadcrumbList\",\"@id\":\"https:\/\/librairie7l.com\/en\/produit\/viva-varda-catalogue-dexpo-la-cinematheque-francaise\/#breadcrumb\",\"itemListElement\":[{\"@type\":\"ListItem\",\"position\":1,\"name\":\"Accueil\",\"item\":\"https:\/\/librairie7l.com\/en\/\"},{\"@type\":\"ListItem\",\"position\":2,\"name\":\"Shop\",\"item\":\"https:\/\/librairie7l.com\/en\/shop\/\"},{\"@type\":\"ListItem\",\"position\":3,\"name\":\"VIVA VARDA ! CATALOGUE D&#8217;EXPO LA CIN\u00c9MATH\u00c8QUE FRAN\u00c7AISE\"}]},{\"@type\":\"WebSite\",\"@id\":\"https:\/\/librairie7l.com\/en\/#website\",\"url\":\"https:\/\/librairie7l.com\/en\/\",\"name\":\"Librairie 7L\",\"description\":\"Librairie fond\u00e9e en 1999 par Karl Lagerfeld \u00e0 Paris\",\"publisher\":{\"@id\":\"https:\/\/librairie7l.com\/en\/#organization\"},\"potentialAction\":[{\"@type\":\"SearchAction\",\"target\":{\"@type\":\"EntryPoint\",\"urlTemplate\":\"https:\/\/librairie7l.com\/en\/?s={search_term_string}\"},\"query-input\":\"required name=search_term_string\"}],\"inLanguage\":\"en-US\"},{\"@type\":\"Organization\",\"@id\":\"https:\/\/librairie7l.com\/en\/#organization\",\"name\":\"Librairie 7L\",\"url\":\"https:\/\/librairie7l.com\/en\/\",\"logo\":{\"@type\":\"ImageObject\",\"inLanguage\":\"en-US\",\"@id\":\"https:\/\/librairie7l.com\/en\/#\/schema\/logo\/image\/\",\"url\":\"https:\/\/librairie7l.com\/wp-content\/uploads\/2022\/08\/logo-1.png\",\"contentUrl\":\"https:\/\/librairie7l.com\/wp-content\/uploads\/2022\/08\/logo-1.png\",\"width\":227,\"height\":301,\"caption\":\"Librairie 7L\"},\"image\":{\"@id\":\"https:\/\/librairie7l.com\/en\/#\/schema\/logo\/image\/\"}}]}<\/script>\n<!-- \/ Yoast SEO plugin. -->","yoast_head_json":{"title":"VIVA VARDA ! CATALOGUE D'EXPO LA CIN\u00c9MATH\u00c8QUE FRAN\u00c7AISE - Librairie 7L","robots":{"index":"index","follow":"follow","max-snippet":"max-snippet:-1","max-image-preview":"max-image-preview:large","max-video-preview":"max-video-preview:-1"},"canonical":"https:\/\/librairie7l.com\/en\/produit\/viva-varda-catalogue-dexpo-la-cinematheque-francaise\/","og_locale":"en_US","og_type":"article","og_title":"VIVA VARDA ! CATALOGUE D'EXPO LA CIN\u00c9MATH\u00c8QUE FRAN\u00c7AISE - Librairie 7L","og_description":"Le catalogue de la premi\u00e8re exposition r\u00e9trospective d&#8217;Agn\u00e8s Varda. De ses liens avec l&#8217;histoire de l&#8217;art \u00e0 sa dimension sociale et politique, Viva Varda ! parcourt les grands th\u00e8mes de l&#8217;oeuvre polymorphe d&#8217;Agn\u00e8s Varda (1928-2019). La photographe, cin\u00e9aste et artiste a d\u00e9ploy\u00e9 sur soixante-dix ans une oeuvre personnelle et fondamentalement ancr\u00e9e dans le temps. Sa [&hellip;]","og_url":"https:\/\/librairie7l.com\/en\/produit\/viva-varda-catalogue-dexpo-la-cinematheque-francaise\/","og_site_name":"Librairie 7L","article_modified_time":"2026-04-14T22:17:14+00:00","og_image":[{"width":400,"height":519,"url":"https:\/\/librairie7l.com\/wp-content\/uploads\/2023\/06\/9791040112174_1_75.jpg","type":"image\/jpeg"}],"twitter_card":"summary_large_image","twitter_misc":{"Est. reading time":"1 minute"},"schema":{"@context":"https:\/\/schema.org","@graph":[{"@type":"WebPage","@id":"https:\/\/librairie7l.com\/en\/produit\/viva-varda-catalogue-dexpo-la-cinematheque-francaise\/","url":"https:\/\/librairie7l.com\/en\/produit\/viva-varda-catalogue-dexpo-la-cinematheque-francaise\/","name":"VIVA VARDA ! CATALOGUE D'EXPO LA CIN\u00c9MATH\u00c8QUE FRAN\u00c7AISE - Librairie 7L","isPartOf":{"@id":"https:\/\/librairie7l.com\/en\/#website"},"datePublished":"2023-09-27T23:16:35+00:00","dateModified":"2026-04-14T22:17:14+00:00","breadcrumb":{"@id":"https:\/\/librairie7l.com\/en\/produit\/viva-varda-catalogue-dexpo-la-cinematheque-francaise\/#breadcrumb"},"inLanguage":"en-US","potentialAction":[{"@type":"ReadAction","target":["https:\/\/librairie7l.com\/en\/produit\/viva-varda-catalogue-dexpo-la-cinematheque-francaise\/"]}]},{"@type":"BreadcrumbList","@id":"https:\/\/librairie7l.com\/en\/produit\/viva-varda-catalogue-dexpo-la-cinematheque-francaise\/#breadcrumb","itemListElement":[{"@type":"ListItem","position":1,"name":"Accueil","item":"https:\/\/librairie7l.com\/en\/"},{"@type":"ListItem","position":2,"name":"Shop","item":"https:\/\/librairie7l.com\/en\/shop\/"},{"@type":"ListItem","position":3,"name":"VIVA VARDA ! CATALOGUE D&#8217;EXPO LA CIN\u00c9MATH\u00c8QUE FRAN\u00c7AISE"}]},{"@type":"WebSite","@id":"https:\/\/librairie7l.com\/en\/#website","url":"https:\/\/librairie7l.com\/en\/","name":"Librairie 7L","description":"Librairie fond\u00e9e en 1999 par Karl Lagerfeld \u00e0 Paris","publisher":{"@id":"https:\/\/librairie7l.com\/en\/#organization"},"potentialAction":[{"@type":"SearchAction","target":{"@type":"EntryPoint","urlTemplate":"https:\/\/librairie7l.com\/en\/?s={search_term_string}"},"query-input":"required name=search_term_string"}],"inLanguage":"en-US"},{"@type":"Organization","@id":"https:\/\/librairie7l.com\/en\/#organization","name":"Librairie 7L","url":"https:\/\/librairie7l.com\/en\/","logo":{"@type":"ImageObject","inLanguage":"en-US","@id":"https:\/\/librairie7l.com\/en\/#\/schema\/logo\/image\/","url":"https:\/\/librairie7l.com\/wp-content\/uploads\/2022\/08\/logo-1.png","contentUrl":"https:\/\/librairie7l.com\/wp-content\/uploads\/2022\/08\/logo-1.png","width":227,"height":301,"caption":"Librairie 7L"},"image":{"@id":"https:\/\/librairie7l.com\/en\/#\/schema\/logo\/image\/"}}]}},"_links":{"self":[{"href":"https:\/\/librairie7l.com\/en\/wp-json\/wp\/v2\/product\/34565"}],"collection":[{"href":"https:\/\/librairie7l.com\/en\/wp-json\/wp\/v2\/product"}],"about":[{"href":"https:\/\/librairie7l.com\/en\/wp-json\/wp\/v2\/types\/product"}],"wp:featuredmedia":[{"embeddable":true,"href":"https:\/\/librairie7l.com\/en\/wp-json\/wp\/v2\/media\/34563"}],"wp:attachment":[{"href":"https:\/\/librairie7l.com\/en\/wp-json\/wp\/v2\/media?parent=34565"}],"wp:term":[{"taxonomy":"product_cat","embeddable":true,"href":"https:\/\/librairie7l.com\/en\/wp-json\/wp\/v2\/product_cat?post=34565"},{"taxonomy":"product_tag","embeddable":true,"href":"https:\/\/librairie7l.com\/en\/wp-json\/wp\/v2\/product_tag?post=34565"}],"curies":[{"name":"wp","href":"https:\/\/api.w.org\/{rel}","templated":true}]}}