{"id":34570,"date":"2023-09-29T01:16:16","date_gmt":"2023-09-28T23:16:16","guid":{"rendered":"https:\/\/librairie7l.com\/?post_type=product&#038;p=34570"},"modified":"2026-04-21T23:06:08","modified_gmt":"2026-04-21T21:06:08","slug":"un-livre-de-jours","status":"publish","type":"product","link":"https:\/\/librairie7l.com\/en\/produit\/un-livre-de-jours\/","title":{"rendered":"UN LIVRE DE JOURS"},"content":{"rendered":"<p>\u00ab Chaque jour est pr\u00e9cieux, parce que nous respirons encore pour rester attentifs, chacun \u00e0 notre fa\u00e7on, \u00e9mus par la lumi\u00e8re qui tombe sur une haute branche, la table de travail le matin, la tombe d&#8217;un po\u00e8te bien-aim\u00e9. \u00bb Un livre de jours retrace en photos une ann\u00e9e de vie dans l&#8217;univers de Patti Smith. Chaque jour est l&#8217;occasion de d\u00e9couvrir un nouveau clich\u00e9 de l&#8217;autrice ou de sa collection. De sa guitare favorite \u00e0 des images de son enfance en passant par son \u00e9dition rare d&#8217;Une saison en enfer ou un portrait d&#8217;Allen Ginsberg, nous plongeons de mani\u00e8re ludique et esth\u00e9tique au coeur du monde fascinant d&#8217;une artiste culte qui se d\u00e9voile ici comme jamais. Accompagn\u00e9s de l\u00e9gendes pleines d&#8217;esprit et de douceur, les 366 visuels, po\u00e9tiques, tendres et souvent nostalgiques, sont aussi une c\u00e9l\u00e9bration de la vie et de toutes les petites r\u00e9jouissances qu&#8217;elle offre chaque jour. Pour rendre hommage \u00e0 la France et \u00e0 ses lecteurs fran\u00e7ais qui lui sont si chers, Patti Smith a personnalis\u00e9 cette \u00e9dition avec une pr\u00e9face et des photos in\u00e9dites.<\/p>\n","protected":false},"excerpt":{"rendered":"<p>\u00ab Chaque jour est pr\u00e9cieux, parce que nous respirons encore pour rester attentifs, chacun \u00e0 notre fa\u00e7on, \u00e9mus par la lumi\u00e8re qui tombe sur une haute branche, la table de travail le matin, la tombe d&#8217;un po\u00e8te bien-aim\u00e9. \u00bb Un livre de jours retrace en photos une ann\u00e9e de vie dans l&#8217;univers de Patti Smith. [&hellip;]<\/p>\n","protected":false},"featured_media":34568,"template":"","meta":[],"product_cat":[2948,2958],"product_tag":[],"acf":[],"yoast_head":"<!-- This site is optimized with the Yoast SEO plugin v20.11 - https:\/\/yoast.com\/wordpress\/plugins\/seo\/ -->\n<title>UN LIVRE DE JOURS - Librairie 7L<\/title>\n<meta name=\"robots\" content=\"index, follow, max-snippet:-1, max-image-preview:large, max-video-preview:-1\" \/>\n<link rel=\"canonical\" href=\"https:\/\/librairie7l.com\/en\/produit\/un-livre-de-jours\/\" \/>\n<meta property=\"og:locale\" content=\"en_US\" \/>\n<meta property=\"og:type\" content=\"article\" \/>\n<meta property=\"og:title\" content=\"UN LIVRE DE JOURS - Librairie 7L\" \/>\n<meta property=\"og:description\" content=\"\u00ab Chaque jour est pr\u00e9cieux, parce que nous respirons encore pour rester attentifs, chacun \u00e0 notre fa\u00e7on, \u00e9mus par la lumi\u00e8re qui tombe sur une haute branche, la table de travail le matin, la tombe d&#8217;un po\u00e8te bien-aim\u00e9. \u00bb Un livre de jours retrace en photos une ann\u00e9e de vie dans l&#8217;univers de Patti Smith. [&hellip;]\" \/>\n<meta property=\"og:url\" content=\"https:\/\/librairie7l.com\/en\/produit\/un-livre-de-jours\/\" \/>\n<meta property=\"og:site_name\" content=\"Librairie 7L\" \/>\n<meta property=\"article:modified_time\" content=\"2026-04-21T21:06:08+00:00\" \/>\n<meta property=\"og:image\" content=\"https:\/\/librairie7l.com\/wp-content\/uploads\/2023\/04\/9782072994623_1_75.jpg\" \/>\n\t<meta property=\"og:image:width\" content=\"600\" \/>\n\t<meta property=\"og:image:height\" content=\"838\" \/>\n\t<meta property=\"og:image:type\" content=\"image\/jpeg\" \/>\n<meta name=\"twitter:card\" content=\"summary_large_image\" \/>\n<meta name=\"twitter:label1\" content=\"Est. reading time\" \/>\n\t<meta name=\"twitter:data1\" content=\"1 minute\" \/>\n<script type=\"application\/ld+json\" class=\"yoast-schema-graph\">{\"@context\":\"https:\/\/schema.org\",\"@graph\":[{\"@type\":\"WebPage\",\"@id\":\"https:\/\/librairie7l.com\/en\/produit\/un-livre-de-jours\/\",\"url\":\"https:\/\/librairie7l.com\/en\/produit\/un-livre-de-jours\/\",\"name\":\"UN LIVRE DE JOURS - Librairie 7L\",\"isPartOf\":{\"@id\":\"https:\/\/librairie7l.com\/en\/#website\"},\"datePublished\":\"2023-09-28T23:16:16+00:00\",\"dateModified\":\"2026-04-21T21:06:08+00:00\",\"breadcrumb\":{\"@id\":\"https:\/\/librairie7l.com\/en\/produit\/un-livre-de-jours\/#breadcrumb\"},\"inLanguage\":\"en-US\",\"potentialAction\":[{\"@type\":\"ReadAction\",\"target\":[\"https:\/\/librairie7l.com\/en\/produit\/un-livre-de-jours\/\"]}]},{\"@type\":\"BreadcrumbList\",\"@id\":\"https:\/\/librairie7l.com\/en\/produit\/un-livre-de-jours\/#breadcrumb\",\"itemListElement\":[{\"@type\":\"ListItem\",\"position\":1,\"name\":\"Accueil\",\"item\":\"https:\/\/librairie7l.com\/en\/\"},{\"@type\":\"ListItem\",\"position\":2,\"name\":\"Shop\",\"item\":\"https:\/\/librairie7l.com\/en\/shop\/\"},{\"@type\":\"ListItem\",\"position\":3,\"name\":\"UN LIVRE DE JOURS\"}]},{\"@type\":\"WebSite\",\"@id\":\"https:\/\/librairie7l.com\/en\/#website\",\"url\":\"https:\/\/librairie7l.com\/en\/\",\"name\":\"Librairie 7L\",\"description\":\"Librairie fond\u00e9e en 1999 par Karl Lagerfeld \u00e0 Paris\",\"publisher\":{\"@id\":\"https:\/\/librairie7l.com\/en\/#organization\"},\"potentialAction\":[{\"@type\":\"SearchAction\",\"target\":{\"@type\":\"EntryPoint\",\"urlTemplate\":\"https:\/\/librairie7l.com\/en\/?s={search_term_string}\"},\"query-input\":\"required name=search_term_string\"}],\"inLanguage\":\"en-US\"},{\"@type\":\"Organization\",\"@id\":\"https:\/\/librairie7l.com\/en\/#organization\",\"name\":\"Librairie 7L\",\"url\":\"https:\/\/librairie7l.com\/en\/\",\"logo\":{\"@type\":\"ImageObject\",\"inLanguage\":\"en-US\",\"@id\":\"https:\/\/librairie7l.com\/en\/#\/schema\/logo\/image\/\",\"url\":\"https:\/\/librairie7l.com\/wp-content\/uploads\/2022\/08\/logo-1.png\",\"contentUrl\":\"https:\/\/librairie7l.com\/wp-content\/uploads\/2022\/08\/logo-1.png\",\"width\":227,\"height\":301,\"caption\":\"Librairie 7L\"},\"image\":{\"@id\":\"https:\/\/librairie7l.com\/en\/#\/schema\/logo\/image\/\"}}]}<\/script>\n<!-- \/ Yoast SEO plugin. -->","yoast_head_json":{"title":"UN LIVRE DE JOURS - Librairie 7L","robots":{"index":"index","follow":"follow","max-snippet":"max-snippet:-1","max-image-preview":"max-image-preview:large","max-video-preview":"max-video-preview:-1"},"canonical":"https:\/\/librairie7l.com\/en\/produit\/un-livre-de-jours\/","og_locale":"en_US","og_type":"article","og_title":"UN LIVRE DE JOURS - Librairie 7L","og_description":"\u00ab Chaque jour est pr\u00e9cieux, parce que nous respirons encore pour rester attentifs, chacun \u00e0 notre fa\u00e7on, \u00e9mus par la lumi\u00e8re qui tombe sur une haute branche, la table de travail le matin, la tombe d&#8217;un po\u00e8te bien-aim\u00e9. \u00bb Un livre de jours retrace en photos une ann\u00e9e de vie dans l&#8217;univers de Patti Smith. [&hellip;]","og_url":"https:\/\/librairie7l.com\/en\/produit\/un-livre-de-jours\/","og_site_name":"Librairie 7L","article_modified_time":"2026-04-21T21:06:08+00:00","og_image":[{"width":600,"height":838,"url":"https:\/\/librairie7l.com\/wp-content\/uploads\/2023\/04\/9782072994623_1_75.jpg","type":"image\/jpeg"}],"twitter_card":"summary_large_image","twitter_misc":{"Est. reading time":"1 minute"},"schema":{"@context":"https:\/\/schema.org","@graph":[{"@type":"WebPage","@id":"https:\/\/librairie7l.com\/en\/produit\/un-livre-de-jours\/","url":"https:\/\/librairie7l.com\/en\/produit\/un-livre-de-jours\/","name":"UN LIVRE DE JOURS - Librairie 7L","isPartOf":{"@id":"https:\/\/librairie7l.com\/en\/#website"},"datePublished":"2023-09-28T23:16:16+00:00","dateModified":"2026-04-21T21:06:08+00:00","breadcrumb":{"@id":"https:\/\/librairie7l.com\/en\/produit\/un-livre-de-jours\/#breadcrumb"},"inLanguage":"en-US","potentialAction":[{"@type":"ReadAction","target":["https:\/\/librairie7l.com\/en\/produit\/un-livre-de-jours\/"]}]},{"@type":"BreadcrumbList","@id":"https:\/\/librairie7l.com\/en\/produit\/un-livre-de-jours\/#breadcrumb","itemListElement":[{"@type":"ListItem","position":1,"name":"Accueil","item":"https:\/\/librairie7l.com\/en\/"},{"@type":"ListItem","position":2,"name":"Shop","item":"https:\/\/librairie7l.com\/en\/shop\/"},{"@type":"ListItem","position":3,"name":"UN LIVRE DE JOURS"}]},{"@type":"WebSite","@id":"https:\/\/librairie7l.com\/en\/#website","url":"https:\/\/librairie7l.com\/en\/","name":"Librairie 7L","description":"Librairie fond\u00e9e en 1999 par Karl Lagerfeld \u00e0 Paris","publisher":{"@id":"https:\/\/librairie7l.com\/en\/#organization"},"potentialAction":[{"@type":"SearchAction","target":{"@type":"EntryPoint","urlTemplate":"https:\/\/librairie7l.com\/en\/?s={search_term_string}"},"query-input":"required name=search_term_string"}],"inLanguage":"en-US"},{"@type":"Organization","@id":"https:\/\/librairie7l.com\/en\/#organization","name":"Librairie 7L","url":"https:\/\/librairie7l.com\/en\/","logo":{"@type":"ImageObject","inLanguage":"en-US","@id":"https:\/\/librairie7l.com\/en\/#\/schema\/logo\/image\/","url":"https:\/\/librairie7l.com\/wp-content\/uploads\/2022\/08\/logo-1.png","contentUrl":"https:\/\/librairie7l.com\/wp-content\/uploads\/2022\/08\/logo-1.png","width":227,"height":301,"caption":"Librairie 7L"},"image":{"@id":"https:\/\/librairie7l.com\/en\/#\/schema\/logo\/image\/"}}]}},"_links":{"self":[{"href":"https:\/\/librairie7l.com\/en\/wp-json\/wp\/v2\/product\/34570"}],"collection":[{"href":"https:\/\/librairie7l.com\/en\/wp-json\/wp\/v2\/product"}],"about":[{"href":"https:\/\/librairie7l.com\/en\/wp-json\/wp\/v2\/types\/product"}],"wp:featuredmedia":[{"embeddable":true,"href":"https:\/\/librairie7l.com\/en\/wp-json\/wp\/v2\/media\/34568"}],"wp:attachment":[{"href":"https:\/\/librairie7l.com\/en\/wp-json\/wp\/v2\/media?parent=34570"}],"wp:term":[{"taxonomy":"product_cat","embeddable":true,"href":"https:\/\/librairie7l.com\/en\/wp-json\/wp\/v2\/product_cat?post=34570"},{"taxonomy":"product_tag","embeddable":true,"href":"https:\/\/librairie7l.com\/en\/wp-json\/wp\/v2\/product_tag?post=34570"}],"curies":[{"name":"wp","href":"https:\/\/api.w.org\/{rel}","templated":true}]}}