{"id":34582,"date":"2023-09-29T01:16:29","date_gmt":"2023-09-28T23:16:29","guid":{"rendered":"https:\/\/librairie7l.com\/?post_type=product&#038;p=34582"},"modified":"2026-04-16T17:27:53","modified_gmt":"2026-04-16T15:27:53","slug":"jardins-dangleterre","status":"publish","type":"product","link":"https:\/\/librairie7l.com\/en\/produit\/jardins-dangleterre\/","title":{"rendered":"JARDINS D&#8217;ANGLETERRE"},"content":{"rendered":"<p>Un magnifique tour d&#8217;horizon des plus beaux jardins anglais, des chefs-d&#8217;oeuvre historiques aux cr\u00e9ations plus contemporaines.<\/p>\n<p>Jardins d&#8217;Angleterre couvre cinq si\u00e8cles de l&#8217;histoire anglaise pour mettre en lumi\u00e8re une soixantaine de ses plus beaux jardins. Cette s\u00e9lection, organis\u00e9e g\u00e9ographiquement, va du jardin formel Renaissance aux cr\u00e9ations artistiques de paysagistes contemporains, en passant par les jardins d&#8217;herbac\u00e9es de style Arts and Crafts du XXe si\u00e8cle.<\/p>\n<p>Cet ouvrage est une parfaite introduction au paysagisme anglais, que pourront facilement consulter amateurs et professionnels. Chaque jardin est mis en valeur par de belles photographies et un texte d\u00e9crivant son histoire, son int\u00e9r\u00eat stylistique et la personnalit\u00e9 de son cr\u00e9ateur. L&#8217;avant-propos est de Tania Compton, et Toby Musgrave signe un essai sur l&#8217;histoire du jardin anglais.<\/p>\n","protected":false},"excerpt":{"rendered":"<p>Un magnifique tour d&#8217;horizon des plus beaux jardins anglais, des chefs-d&#8217;oeuvre historiques aux cr\u00e9ations plus contemporaines. Jardins d&#8217;Angleterre couvre cinq si\u00e8cles de l&#8217;histoire anglaise pour mettre en lumi\u00e8re une soixantaine de ses plus beaux jardins. Cette s\u00e9lection, organis\u00e9e g\u00e9ographiquement, va du jardin formel Renaissance aux cr\u00e9ations artistiques de paysagistes contemporains, en passant par les jardins [&hellip;]<\/p>\n","protected":false},"featured_media":34580,"template":"","meta":[],"product_cat":[2948,2956],"product_tag":[],"acf":[],"yoast_head":"<!-- This site is optimized with the Yoast SEO plugin v20.11 - https:\/\/yoast.com\/wordpress\/plugins\/seo\/ -->\n<title>JARDINS D&#039;ANGLETERRE - Librairie 7L<\/title>\n<meta name=\"robots\" content=\"index, follow, max-snippet:-1, max-image-preview:large, max-video-preview:-1\" \/>\n<link rel=\"canonical\" href=\"https:\/\/librairie7l.com\/en\/produit\/jardins-dangleterre\/\" \/>\n<meta property=\"og:locale\" content=\"en_US\" \/>\n<meta property=\"og:type\" content=\"article\" \/>\n<meta property=\"og:title\" content=\"JARDINS D&#039;ANGLETERRE - Librairie 7L\" \/>\n<meta property=\"og:description\" content=\"Un magnifique tour d&#8217;horizon des plus beaux jardins anglais, des chefs-d&#8217;oeuvre historiques aux cr\u00e9ations plus contemporaines. Jardins d&#8217;Angleterre couvre cinq si\u00e8cles de l&#8217;histoire anglaise pour mettre en lumi\u00e8re une soixantaine de ses plus beaux jardins. Cette s\u00e9lection, organis\u00e9e g\u00e9ographiquement, va du jardin formel Renaissance aux cr\u00e9ations artistiques de paysagistes contemporains, en passant par les jardins [&hellip;]\" \/>\n<meta property=\"og:url\" content=\"https:\/\/librairie7l.com\/en\/produit\/jardins-dangleterre\/\" \/>\n<meta property=\"og:site_name\" content=\"Librairie 7L\" \/>\n<meta property=\"article:modified_time\" content=\"2026-04-16T15:27:53+00:00\" \/>\n<meta property=\"og:image\" content=\"https:\/\/librairie7l.com\/wp-content\/uploads\/2023\/05\/9781838667412_1_75.jpg\" \/>\n\t<meta property=\"og:image:width\" content=\"590\" \/>\n\t<meta property=\"og:image:height\" content=\"800\" \/>\n\t<meta property=\"og:image:type\" content=\"image\/jpeg\" \/>\n<meta name=\"twitter:card\" content=\"summary_large_image\" \/>\n<meta name=\"twitter:label1\" content=\"Est. reading time\" \/>\n\t<meta name=\"twitter:data1\" content=\"1 minute\" \/>\n<script type=\"application\/ld+json\" class=\"yoast-schema-graph\">{\"@context\":\"https:\/\/schema.org\",\"@graph\":[{\"@type\":\"WebPage\",\"@id\":\"https:\/\/librairie7l.com\/en\/produit\/jardins-dangleterre\/\",\"url\":\"https:\/\/librairie7l.com\/en\/produit\/jardins-dangleterre\/\",\"name\":\"JARDINS D'ANGLETERRE - Librairie 7L\",\"isPartOf\":{\"@id\":\"https:\/\/librairie7l.com\/en\/#website\"},\"datePublished\":\"2023-09-28T23:16:29+00:00\",\"dateModified\":\"2026-04-16T15:27:53+00:00\",\"breadcrumb\":{\"@id\":\"https:\/\/librairie7l.com\/en\/produit\/jardins-dangleterre\/#breadcrumb\"},\"inLanguage\":\"en-US\",\"potentialAction\":[{\"@type\":\"ReadAction\",\"target\":[\"https:\/\/librairie7l.com\/en\/produit\/jardins-dangleterre\/\"]}]},{\"@type\":\"BreadcrumbList\",\"@id\":\"https:\/\/librairie7l.com\/en\/produit\/jardins-dangleterre\/#breadcrumb\",\"itemListElement\":[{\"@type\":\"ListItem\",\"position\":1,\"name\":\"Accueil\",\"item\":\"https:\/\/librairie7l.com\/en\/\"},{\"@type\":\"ListItem\",\"position\":2,\"name\":\"Shop\",\"item\":\"https:\/\/librairie7l.com\/en\/shop\/\"},{\"@type\":\"ListItem\",\"position\":3,\"name\":\"JARDINS D&#8217;ANGLETERRE\"}]},{\"@type\":\"WebSite\",\"@id\":\"https:\/\/librairie7l.com\/en\/#website\",\"url\":\"https:\/\/librairie7l.com\/en\/\",\"name\":\"Librairie 7L\",\"description\":\"Librairie fond\u00e9e en 1999 par Karl Lagerfeld \u00e0 Paris\",\"publisher\":{\"@id\":\"https:\/\/librairie7l.com\/en\/#organization\"},\"potentialAction\":[{\"@type\":\"SearchAction\",\"target\":{\"@type\":\"EntryPoint\",\"urlTemplate\":\"https:\/\/librairie7l.com\/en\/?s={search_term_string}\"},\"query-input\":\"required name=search_term_string\"}],\"inLanguage\":\"en-US\"},{\"@type\":\"Organization\",\"@id\":\"https:\/\/librairie7l.com\/en\/#organization\",\"name\":\"Librairie 7L\",\"url\":\"https:\/\/librairie7l.com\/en\/\",\"logo\":{\"@type\":\"ImageObject\",\"inLanguage\":\"en-US\",\"@id\":\"https:\/\/librairie7l.com\/en\/#\/schema\/logo\/image\/\",\"url\":\"https:\/\/librairie7l.com\/wp-content\/uploads\/2022\/08\/logo-1.png\",\"contentUrl\":\"https:\/\/librairie7l.com\/wp-content\/uploads\/2022\/08\/logo-1.png\",\"width\":227,\"height\":301,\"caption\":\"Librairie 7L\"},\"image\":{\"@id\":\"https:\/\/librairie7l.com\/en\/#\/schema\/logo\/image\/\"}}]}<\/script>\n<!-- \/ Yoast SEO plugin. -->","yoast_head_json":{"title":"JARDINS D'ANGLETERRE - Librairie 7L","robots":{"index":"index","follow":"follow","max-snippet":"max-snippet:-1","max-image-preview":"max-image-preview:large","max-video-preview":"max-video-preview:-1"},"canonical":"https:\/\/librairie7l.com\/en\/produit\/jardins-dangleterre\/","og_locale":"en_US","og_type":"article","og_title":"JARDINS D'ANGLETERRE - Librairie 7L","og_description":"Un magnifique tour d&#8217;horizon des plus beaux jardins anglais, des chefs-d&#8217;oeuvre historiques aux cr\u00e9ations plus contemporaines. Jardins d&#8217;Angleterre couvre cinq si\u00e8cles de l&#8217;histoire anglaise pour mettre en lumi\u00e8re une soixantaine de ses plus beaux jardins. Cette s\u00e9lection, organis\u00e9e g\u00e9ographiquement, va du jardin formel Renaissance aux cr\u00e9ations artistiques de paysagistes contemporains, en passant par les jardins [&hellip;]","og_url":"https:\/\/librairie7l.com\/en\/produit\/jardins-dangleterre\/","og_site_name":"Librairie 7L","article_modified_time":"2026-04-16T15:27:53+00:00","og_image":[{"width":590,"height":800,"url":"https:\/\/librairie7l.com\/wp-content\/uploads\/2023\/05\/9781838667412_1_75.jpg","type":"image\/jpeg"}],"twitter_card":"summary_large_image","twitter_misc":{"Est. reading time":"1 minute"},"schema":{"@context":"https:\/\/schema.org","@graph":[{"@type":"WebPage","@id":"https:\/\/librairie7l.com\/en\/produit\/jardins-dangleterre\/","url":"https:\/\/librairie7l.com\/en\/produit\/jardins-dangleterre\/","name":"JARDINS D'ANGLETERRE - Librairie 7L","isPartOf":{"@id":"https:\/\/librairie7l.com\/en\/#website"},"datePublished":"2023-09-28T23:16:29+00:00","dateModified":"2026-04-16T15:27:53+00:00","breadcrumb":{"@id":"https:\/\/librairie7l.com\/en\/produit\/jardins-dangleterre\/#breadcrumb"},"inLanguage":"en-US","potentialAction":[{"@type":"ReadAction","target":["https:\/\/librairie7l.com\/en\/produit\/jardins-dangleterre\/"]}]},{"@type":"BreadcrumbList","@id":"https:\/\/librairie7l.com\/en\/produit\/jardins-dangleterre\/#breadcrumb","itemListElement":[{"@type":"ListItem","position":1,"name":"Accueil","item":"https:\/\/librairie7l.com\/en\/"},{"@type":"ListItem","position":2,"name":"Shop","item":"https:\/\/librairie7l.com\/en\/shop\/"},{"@type":"ListItem","position":3,"name":"JARDINS D&#8217;ANGLETERRE"}]},{"@type":"WebSite","@id":"https:\/\/librairie7l.com\/en\/#website","url":"https:\/\/librairie7l.com\/en\/","name":"Librairie 7L","description":"Librairie fond\u00e9e en 1999 par Karl Lagerfeld \u00e0 Paris","publisher":{"@id":"https:\/\/librairie7l.com\/en\/#organization"},"potentialAction":[{"@type":"SearchAction","target":{"@type":"EntryPoint","urlTemplate":"https:\/\/librairie7l.com\/en\/?s={search_term_string}"},"query-input":"required name=search_term_string"}],"inLanguage":"en-US"},{"@type":"Organization","@id":"https:\/\/librairie7l.com\/en\/#organization","name":"Librairie 7L","url":"https:\/\/librairie7l.com\/en\/","logo":{"@type":"ImageObject","inLanguage":"en-US","@id":"https:\/\/librairie7l.com\/en\/#\/schema\/logo\/image\/","url":"https:\/\/librairie7l.com\/wp-content\/uploads\/2022\/08\/logo-1.png","contentUrl":"https:\/\/librairie7l.com\/wp-content\/uploads\/2022\/08\/logo-1.png","width":227,"height":301,"caption":"Librairie 7L"},"image":{"@id":"https:\/\/librairie7l.com\/en\/#\/schema\/logo\/image\/"}}]}},"_links":{"self":[{"href":"https:\/\/librairie7l.com\/en\/wp-json\/wp\/v2\/product\/34582"}],"collection":[{"href":"https:\/\/librairie7l.com\/en\/wp-json\/wp\/v2\/product"}],"about":[{"href":"https:\/\/librairie7l.com\/en\/wp-json\/wp\/v2\/types\/product"}],"wp:featuredmedia":[{"embeddable":true,"href":"https:\/\/librairie7l.com\/en\/wp-json\/wp\/v2\/media\/34580"}],"wp:attachment":[{"href":"https:\/\/librairie7l.com\/en\/wp-json\/wp\/v2\/media?parent=34582"}],"wp:term":[{"taxonomy":"product_cat","embeddable":true,"href":"https:\/\/librairie7l.com\/en\/wp-json\/wp\/v2\/product_cat?post=34582"},{"taxonomy":"product_tag","embeddable":true,"href":"https:\/\/librairie7l.com\/en\/wp-json\/wp\/v2\/product_tag?post=34582"}],"curies":[{"name":"wp","href":"https:\/\/api.w.org\/{rel}","templated":true}]}}