{"id":34586,"date":"2023-09-29T01:16:31","date_gmt":"2023-09-28T23:16:31","guid":{"rendered":"https:\/\/librairie7l.com\/?post_type=product&#038;p=34586"},"modified":"2026-04-04T18:25:43","modified_gmt":"2026-04-04T16:25:43","slug":"maisons-de-verre-architecture-de-la-transparence","status":"publish","type":"product","link":"https:\/\/librairie7l.com\/en\/produit\/maisons-de-verre-architecture-de-la-transparence\/","title":{"rendered":"MAISONS DE VERRE : ARCHITECTURE DE LA TRANSPARENCE"},"content":{"rendered":"<p>Un tour d&#8217;horizon de cinquante maisons d&#8217;architectes exceptionnelles qui mettent en valeur la beaut\u00e9 incomparable du verre et son potentiel cr\u00e9atif infini.<\/p>\n<p>Une s\u00e9lection des maisons de verre les plus incroyables dessin\u00e9es par de grands noms de l&#8217;architecture internationale.<br \/>\n&#8211; Cet ouvrage pr\u00e9sente des joyaux de l&#8217;architecture moderniste comme la Maison de verre de Pierre Chareau et Bernard Bijvoet et la Maison des Farnsworth r\u00e9alis\u00e9e par Ludwig Mies van der Rohe, ainsi qu&#8217;une s\u00e9lection de maisons contemporaines remarquables.<br \/>\n&#8211; Les photographies mettent en avant les qualit\u00e9s uniques que le verre apporte \u00e0 l&#8217;architecture r\u00e9sidentielle.<br \/>\n&#8211; Maisons urbaines, cabanes en for\u00eat, villas en bord de mer ou de lac, chalets de montagne&#8230; Chaque construction est con\u00e7ue pour dialoguer avec son environnement.<\/p>\n","protected":false},"excerpt":{"rendered":"<p>Un tour d&#8217;horizon de cinquante maisons d&#8217;architectes exceptionnelles qui mettent en valeur la beaut\u00e9 incomparable du verre et son potentiel cr\u00e9atif infini. Une s\u00e9lection des maisons de verre les plus incroyables dessin\u00e9es par de grands noms de l&#8217;architecture internationale. &#8211; Cet ouvrage pr\u00e9sente des joyaux de l&#8217;architecture moderniste comme la Maison de verre de Pierre [&hellip;]<\/p>\n","protected":false},"featured_media":34584,"template":"","meta":[],"product_cat":[2948,2950],"product_tag":[],"acf":[],"yoast_head":"<!-- This site is optimized with the Yoast SEO plugin v20.11 - https:\/\/yoast.com\/wordpress\/plugins\/seo\/ -->\n<title>MAISONS DE VERRE : ARCHITECTURE DE LA TRANSPARENCE - Librairie 7L<\/title>\n<meta name=\"robots\" content=\"index, follow, max-snippet:-1, max-image-preview:large, max-video-preview:-1\" \/>\n<link rel=\"canonical\" href=\"https:\/\/librairie7l.com\/en\/produit\/maisons-de-verre-architecture-de-la-transparence\/\" \/>\n<meta property=\"og:locale\" content=\"en_US\" \/>\n<meta property=\"og:type\" content=\"article\" \/>\n<meta property=\"og:title\" content=\"MAISONS DE VERRE : ARCHITECTURE DE LA TRANSPARENCE - Librairie 7L\" \/>\n<meta property=\"og:description\" content=\"Un tour d&#8217;horizon de cinquante maisons d&#8217;architectes exceptionnelles qui mettent en valeur la beaut\u00e9 incomparable du verre et son potentiel cr\u00e9atif infini. Une s\u00e9lection des maisons de verre les plus incroyables dessin\u00e9es par de grands noms de l&#8217;architecture internationale. &#8211; Cet ouvrage pr\u00e9sente des joyaux de l&#8217;architecture moderniste comme la Maison de verre de Pierre [&hellip;]\" \/>\n<meta property=\"og:url\" content=\"https:\/\/librairie7l.com\/en\/produit\/maisons-de-verre-architecture-de-la-transparence\/\" \/>\n<meta property=\"og:site_name\" content=\"Librairie 7L\" \/>\n<meta property=\"article:modified_time\" content=\"2026-04-04T16:25:43+00:00\" \/>\n<meta property=\"og:image\" content=\"https:\/\/librairie7l.com\/wp-content\/uploads\/2023\/05\/9781838667436_1_75.jpg\" \/>\n\t<meta property=\"og:image:width\" content=\"600\" \/>\n\t<meta property=\"og:image:height\" content=\"800\" \/>\n\t<meta property=\"og:image:type\" content=\"image\/jpeg\" \/>\n<meta name=\"twitter:card\" content=\"summary_large_image\" \/>\n<meta name=\"twitter:label1\" content=\"Est. reading time\" \/>\n\t<meta name=\"twitter:data1\" content=\"1 minute\" \/>\n<script type=\"application\/ld+json\" class=\"yoast-schema-graph\">{\"@context\":\"https:\/\/schema.org\",\"@graph\":[{\"@type\":\"WebPage\",\"@id\":\"https:\/\/librairie7l.com\/en\/produit\/maisons-de-verre-architecture-de-la-transparence\/\",\"url\":\"https:\/\/librairie7l.com\/en\/produit\/maisons-de-verre-architecture-de-la-transparence\/\",\"name\":\"MAISONS DE VERRE : ARCHITECTURE DE LA TRANSPARENCE - Librairie 7L\",\"isPartOf\":{\"@id\":\"https:\/\/librairie7l.com\/en\/#website\"},\"datePublished\":\"2023-09-28T23:16:31+00:00\",\"dateModified\":\"2026-04-04T16:25:43+00:00\",\"breadcrumb\":{\"@id\":\"https:\/\/librairie7l.com\/en\/produit\/maisons-de-verre-architecture-de-la-transparence\/#breadcrumb\"},\"inLanguage\":\"en-US\",\"potentialAction\":[{\"@type\":\"ReadAction\",\"target\":[\"https:\/\/librairie7l.com\/en\/produit\/maisons-de-verre-architecture-de-la-transparence\/\"]}]},{\"@type\":\"BreadcrumbList\",\"@id\":\"https:\/\/librairie7l.com\/en\/produit\/maisons-de-verre-architecture-de-la-transparence\/#breadcrumb\",\"itemListElement\":[{\"@type\":\"ListItem\",\"position\":1,\"name\":\"Accueil\",\"item\":\"https:\/\/librairie7l.com\/en\/\"},{\"@type\":\"ListItem\",\"position\":2,\"name\":\"Shop\",\"item\":\"https:\/\/librairie7l.com\/en\/shop\/\"},{\"@type\":\"ListItem\",\"position\":3,\"name\":\"MAISONS DE VERRE : ARCHITECTURE DE LA TRANSPARENCE\"}]},{\"@type\":\"WebSite\",\"@id\":\"https:\/\/librairie7l.com\/en\/#website\",\"url\":\"https:\/\/librairie7l.com\/en\/\",\"name\":\"Librairie 7L\",\"description\":\"Librairie fond\u00e9e en 1999 par Karl Lagerfeld \u00e0 Paris\",\"publisher\":{\"@id\":\"https:\/\/librairie7l.com\/en\/#organization\"},\"potentialAction\":[{\"@type\":\"SearchAction\",\"target\":{\"@type\":\"EntryPoint\",\"urlTemplate\":\"https:\/\/librairie7l.com\/en\/?s={search_term_string}\"},\"query-input\":\"required name=search_term_string\"}],\"inLanguage\":\"en-US\"},{\"@type\":\"Organization\",\"@id\":\"https:\/\/librairie7l.com\/en\/#organization\",\"name\":\"Librairie 7L\",\"url\":\"https:\/\/librairie7l.com\/en\/\",\"logo\":{\"@type\":\"ImageObject\",\"inLanguage\":\"en-US\",\"@id\":\"https:\/\/librairie7l.com\/en\/#\/schema\/logo\/image\/\",\"url\":\"https:\/\/librairie7l.com\/wp-content\/uploads\/2022\/08\/logo-1.png\",\"contentUrl\":\"https:\/\/librairie7l.com\/wp-content\/uploads\/2022\/08\/logo-1.png\",\"width\":227,\"height\":301,\"caption\":\"Librairie 7L\"},\"image\":{\"@id\":\"https:\/\/librairie7l.com\/en\/#\/schema\/logo\/image\/\"}}]}<\/script>\n<!-- \/ Yoast SEO plugin. -->","yoast_head_json":{"title":"MAISONS DE VERRE : ARCHITECTURE DE LA TRANSPARENCE - Librairie 7L","robots":{"index":"index","follow":"follow","max-snippet":"max-snippet:-1","max-image-preview":"max-image-preview:large","max-video-preview":"max-video-preview:-1"},"canonical":"https:\/\/librairie7l.com\/en\/produit\/maisons-de-verre-architecture-de-la-transparence\/","og_locale":"en_US","og_type":"article","og_title":"MAISONS DE VERRE : ARCHITECTURE DE LA TRANSPARENCE - Librairie 7L","og_description":"Un tour d&#8217;horizon de cinquante maisons d&#8217;architectes exceptionnelles qui mettent en valeur la beaut\u00e9 incomparable du verre et son potentiel cr\u00e9atif infini. Une s\u00e9lection des maisons de verre les plus incroyables dessin\u00e9es par de grands noms de l&#8217;architecture internationale. &#8211; Cet ouvrage pr\u00e9sente des joyaux de l&#8217;architecture moderniste comme la Maison de verre de Pierre [&hellip;]","og_url":"https:\/\/librairie7l.com\/en\/produit\/maisons-de-verre-architecture-de-la-transparence\/","og_site_name":"Librairie 7L","article_modified_time":"2026-04-04T16:25:43+00:00","og_image":[{"width":600,"height":800,"url":"https:\/\/librairie7l.com\/wp-content\/uploads\/2023\/05\/9781838667436_1_75.jpg","type":"image\/jpeg"}],"twitter_card":"summary_large_image","twitter_misc":{"Est. reading time":"1 minute"},"schema":{"@context":"https:\/\/schema.org","@graph":[{"@type":"WebPage","@id":"https:\/\/librairie7l.com\/en\/produit\/maisons-de-verre-architecture-de-la-transparence\/","url":"https:\/\/librairie7l.com\/en\/produit\/maisons-de-verre-architecture-de-la-transparence\/","name":"MAISONS DE VERRE : ARCHITECTURE DE LA TRANSPARENCE - Librairie 7L","isPartOf":{"@id":"https:\/\/librairie7l.com\/en\/#website"},"datePublished":"2023-09-28T23:16:31+00:00","dateModified":"2026-04-04T16:25:43+00:00","breadcrumb":{"@id":"https:\/\/librairie7l.com\/en\/produit\/maisons-de-verre-architecture-de-la-transparence\/#breadcrumb"},"inLanguage":"en-US","potentialAction":[{"@type":"ReadAction","target":["https:\/\/librairie7l.com\/en\/produit\/maisons-de-verre-architecture-de-la-transparence\/"]}]},{"@type":"BreadcrumbList","@id":"https:\/\/librairie7l.com\/en\/produit\/maisons-de-verre-architecture-de-la-transparence\/#breadcrumb","itemListElement":[{"@type":"ListItem","position":1,"name":"Accueil","item":"https:\/\/librairie7l.com\/en\/"},{"@type":"ListItem","position":2,"name":"Shop","item":"https:\/\/librairie7l.com\/en\/shop\/"},{"@type":"ListItem","position":3,"name":"MAISONS DE VERRE : ARCHITECTURE DE LA TRANSPARENCE"}]},{"@type":"WebSite","@id":"https:\/\/librairie7l.com\/en\/#website","url":"https:\/\/librairie7l.com\/en\/","name":"Librairie 7L","description":"Librairie fond\u00e9e en 1999 par Karl Lagerfeld \u00e0 Paris","publisher":{"@id":"https:\/\/librairie7l.com\/en\/#organization"},"potentialAction":[{"@type":"SearchAction","target":{"@type":"EntryPoint","urlTemplate":"https:\/\/librairie7l.com\/en\/?s={search_term_string}"},"query-input":"required name=search_term_string"}],"inLanguage":"en-US"},{"@type":"Organization","@id":"https:\/\/librairie7l.com\/en\/#organization","name":"Librairie 7L","url":"https:\/\/librairie7l.com\/en\/","logo":{"@type":"ImageObject","inLanguage":"en-US","@id":"https:\/\/librairie7l.com\/en\/#\/schema\/logo\/image\/","url":"https:\/\/librairie7l.com\/wp-content\/uploads\/2022\/08\/logo-1.png","contentUrl":"https:\/\/librairie7l.com\/wp-content\/uploads\/2022\/08\/logo-1.png","width":227,"height":301,"caption":"Librairie 7L"},"image":{"@id":"https:\/\/librairie7l.com\/en\/#\/schema\/logo\/image\/"}}]}},"_links":{"self":[{"href":"https:\/\/librairie7l.com\/en\/wp-json\/wp\/v2\/product\/34586"}],"collection":[{"href":"https:\/\/librairie7l.com\/en\/wp-json\/wp\/v2\/product"}],"about":[{"href":"https:\/\/librairie7l.com\/en\/wp-json\/wp\/v2\/types\/product"}],"wp:featuredmedia":[{"embeddable":true,"href":"https:\/\/librairie7l.com\/en\/wp-json\/wp\/v2\/media\/34584"}],"wp:attachment":[{"href":"https:\/\/librairie7l.com\/en\/wp-json\/wp\/v2\/media?parent=34586"}],"wp:term":[{"taxonomy":"product_cat","embeddable":true,"href":"https:\/\/librairie7l.com\/en\/wp-json\/wp\/v2\/product_cat?post=34586"},{"taxonomy":"product_tag","embeddable":true,"href":"https:\/\/librairie7l.com\/en\/wp-json\/wp\/v2\/product_tag?post=34586"}],"curies":[{"name":"wp","href":"https:\/\/api.w.org\/{rel}","templated":true}]}}