{"id":34590,"date":"2023-09-29T01:16:36","date_gmt":"2023-09-28T23:16:36","guid":{"rendered":"https:\/\/librairie7l.com\/?post_type=product&#038;p=34590"},"modified":"2026-04-05T02:05:34","modified_gmt":"2026-04-05T00:05:34","slug":"les-bijoux-de-scene-de-la-comedie-francaise","status":"publish","type":"product","link":"https:\/\/librairie7l.com\/en\/produit\/les-bijoux-de-scene-de-la-comedie-francaise\/","title":{"rendered":"LES BIJOUX DE SC\u00c8NE DE LA COM\u00c9DIE FRAN\u00c7AISE"},"content":{"rendered":"<p>Couronnes, diad\u00e8mes, parures et bracelets, les tr\u00e9sors insoup\u00e7onn\u00e9s de l&#8217;illustre Com\u00e9die-Fran\u00e7aise fond\u00e9e en 1680 \u00e0 Paris ont retrouv\u00e9 leur \u00e9clat d&#8217;origine et brillent \u00e0 nouveau de mille feux. Port\u00e9s par les plus grands com\u00e9diens et com\u00e9diennes de leur temps, de Talma \u00e0 Genevi\u00e8ve Casile en passant par Sarah Bernhardt, ils ont \u00e9t\u00e9 con\u00e7us pour cr\u00e9er l&#8217;illusion sur la t\u00eate d&#8217;un empereur, au cou d&#8217;une reine ou aux bras d&#8217;une trag\u00e9dienne : faux par excellence, ces bijoux incarnent un r\u00f4le essentiel qui va bien au-del\u00e0 du simple accessoire de sc\u00e8ne.<br \/>\nCisel\u00e9s dans le verre taill\u00e9 ou color\u00e9, le cuivre et le laiton, l&#8217;\u00e9tain ou le vermeil, ils savent imiter \u00e0 merveille les pierres pr\u00e9cieuses et le diamant, les cam\u00e9es antiques, autant que l&#8217;or et l&#8217;argent. La complexit\u00e9 extr\u00eame et l&#8217;ing\u00e9niosit\u00e9 de leur facture t\u00e9moignent des savoir-faire uniques des orf\u00e8vres de leur temps.<br \/>\nCet ouvrage r\u00e9v\u00e8le pour la premi\u00e8re fois au public une quarantaine de ces bijoux de sc\u00e8ne du th\u00e9\u00e2tre parisien, datant de la fin du XVIIIe si\u00e8cle jusqu&#8217;aux ann\u00e9es 1980, enrichis de costumes, oeuvres graphiques et documents d&#8217;archives, pour comprendre leur dimension \u00e0 la fois historique et symbolique.<\/p>\n","protected":false},"excerpt":{"rendered":"<p>Couronnes, diad\u00e8mes, parures et bracelets, les tr\u00e9sors insoup\u00e7onn\u00e9s de l&#8217;illustre Com\u00e9die-Fran\u00e7aise fond\u00e9e en 1680 \u00e0 Paris ont retrouv\u00e9 leur \u00e9clat d&#8217;origine et brillent \u00e0 nouveau de mille feux. Port\u00e9s par les plus grands com\u00e9diens et com\u00e9diennes de leur temps, de Talma \u00e0 Genevi\u00e8ve Casile en passant par Sarah Bernhardt, ils ont \u00e9t\u00e9 con\u00e7us pour cr\u00e9er [&hellip;]<\/p>\n","protected":false},"featured_media":34588,"template":"","meta":[],"product_cat":[2948,2957],"product_tag":[],"acf":[],"yoast_head":"<!-- This site is optimized with the Yoast SEO plugin v20.11 - https:\/\/yoast.com\/wordpress\/plugins\/seo\/ -->\n<title>LES BIJOUX DE SC\u00c8NE DE LA COM\u00c9DIE FRAN\u00c7AISE - Librairie 7L<\/title>\n<meta name=\"robots\" content=\"index, follow, max-snippet:-1, max-image-preview:large, max-video-preview:-1\" \/>\n<link rel=\"canonical\" href=\"https:\/\/librairie7l.com\/en\/produit\/les-bijoux-de-scene-de-la-comedie-francaise\/\" \/>\n<meta property=\"og:locale\" content=\"en_US\" \/>\n<meta property=\"og:type\" content=\"article\" \/>\n<meta property=\"og:title\" content=\"LES BIJOUX DE SC\u00c8NE DE LA COM\u00c9DIE FRAN\u00c7AISE - Librairie 7L\" \/>\n<meta property=\"og:description\" content=\"Couronnes, diad\u00e8mes, parures et bracelets, les tr\u00e9sors insoup\u00e7onn\u00e9s de l&#8217;illustre Com\u00e9die-Fran\u00e7aise fond\u00e9e en 1680 \u00e0 Paris ont retrouv\u00e9 leur \u00e9clat d&#8217;origine et brillent \u00e0 nouveau de mille feux. Port\u00e9s par les plus grands com\u00e9diens et com\u00e9diennes de leur temps, de Talma \u00e0 Genevi\u00e8ve Casile en passant par Sarah Bernhardt, ils ont \u00e9t\u00e9 con\u00e7us pour cr\u00e9er [&hellip;]\" \/>\n<meta property=\"og:url\" content=\"https:\/\/librairie7l.com\/en\/produit\/les-bijoux-de-scene-de-la-comedie-francaise\/\" \/>\n<meta property=\"og:site_name\" content=\"Librairie 7L\" \/>\n<meta property=\"article:modified_time\" content=\"2026-04-05T00:05:34+00:00\" \/>\n<meta property=\"og:image\" content=\"https:\/\/librairie7l.com\/wp-content\/uploads\/2023\/04\/9782073012449_1_75.jpg\" \/>\n\t<meta property=\"og:image:width\" content=\"600\" \/>\n\t<meta property=\"og:image:height\" content=\"791\" \/>\n\t<meta property=\"og:image:type\" content=\"image\/jpeg\" \/>\n<meta name=\"twitter:card\" content=\"summary_large_image\" \/>\n<meta name=\"twitter:label1\" content=\"Est. reading time\" \/>\n\t<meta name=\"twitter:data1\" content=\"1 minute\" \/>\n<script type=\"application\/ld+json\" class=\"yoast-schema-graph\">{\"@context\":\"https:\/\/schema.org\",\"@graph\":[{\"@type\":\"WebPage\",\"@id\":\"https:\/\/librairie7l.com\/en\/produit\/les-bijoux-de-scene-de-la-comedie-francaise\/\",\"url\":\"https:\/\/librairie7l.com\/en\/produit\/les-bijoux-de-scene-de-la-comedie-francaise\/\",\"name\":\"LES BIJOUX DE SC\u00c8NE DE LA COM\u00c9DIE FRAN\u00c7AISE - Librairie 7L\",\"isPartOf\":{\"@id\":\"https:\/\/librairie7l.com\/en\/#website\"},\"datePublished\":\"2023-09-28T23:16:36+00:00\",\"dateModified\":\"2026-04-05T00:05:34+00:00\",\"breadcrumb\":{\"@id\":\"https:\/\/librairie7l.com\/en\/produit\/les-bijoux-de-scene-de-la-comedie-francaise\/#breadcrumb\"},\"inLanguage\":\"en-US\",\"potentialAction\":[{\"@type\":\"ReadAction\",\"target\":[\"https:\/\/librairie7l.com\/en\/produit\/les-bijoux-de-scene-de-la-comedie-francaise\/\"]}]},{\"@type\":\"BreadcrumbList\",\"@id\":\"https:\/\/librairie7l.com\/en\/produit\/les-bijoux-de-scene-de-la-comedie-francaise\/#breadcrumb\",\"itemListElement\":[{\"@type\":\"ListItem\",\"position\":1,\"name\":\"Accueil\",\"item\":\"https:\/\/librairie7l.com\/en\/\"},{\"@type\":\"ListItem\",\"position\":2,\"name\":\"Shop\",\"item\":\"https:\/\/librairie7l.com\/en\/shop\/\"},{\"@type\":\"ListItem\",\"position\":3,\"name\":\"LES BIJOUX DE SC\u00c8NE DE LA COM\u00c9DIE FRAN\u00c7AISE\"}]},{\"@type\":\"WebSite\",\"@id\":\"https:\/\/librairie7l.com\/en\/#website\",\"url\":\"https:\/\/librairie7l.com\/en\/\",\"name\":\"Librairie 7L\",\"description\":\"Librairie fond\u00e9e en 1999 par Karl Lagerfeld \u00e0 Paris\",\"publisher\":{\"@id\":\"https:\/\/librairie7l.com\/en\/#organization\"},\"potentialAction\":[{\"@type\":\"SearchAction\",\"target\":{\"@type\":\"EntryPoint\",\"urlTemplate\":\"https:\/\/librairie7l.com\/en\/?s={search_term_string}\"},\"query-input\":\"required name=search_term_string\"}],\"inLanguage\":\"en-US\"},{\"@type\":\"Organization\",\"@id\":\"https:\/\/librairie7l.com\/en\/#organization\",\"name\":\"Librairie 7L\",\"url\":\"https:\/\/librairie7l.com\/en\/\",\"logo\":{\"@type\":\"ImageObject\",\"inLanguage\":\"en-US\",\"@id\":\"https:\/\/librairie7l.com\/en\/#\/schema\/logo\/image\/\",\"url\":\"https:\/\/librairie7l.com\/wp-content\/uploads\/2022\/08\/logo-1.png\",\"contentUrl\":\"https:\/\/librairie7l.com\/wp-content\/uploads\/2022\/08\/logo-1.png\",\"width\":227,\"height\":301,\"caption\":\"Librairie 7L\"},\"image\":{\"@id\":\"https:\/\/librairie7l.com\/en\/#\/schema\/logo\/image\/\"}}]}<\/script>\n<!-- \/ Yoast SEO plugin. -->","yoast_head_json":{"title":"LES BIJOUX DE SC\u00c8NE DE LA COM\u00c9DIE FRAN\u00c7AISE - Librairie 7L","robots":{"index":"index","follow":"follow","max-snippet":"max-snippet:-1","max-image-preview":"max-image-preview:large","max-video-preview":"max-video-preview:-1"},"canonical":"https:\/\/librairie7l.com\/en\/produit\/les-bijoux-de-scene-de-la-comedie-francaise\/","og_locale":"en_US","og_type":"article","og_title":"LES BIJOUX DE SC\u00c8NE DE LA COM\u00c9DIE FRAN\u00c7AISE - Librairie 7L","og_description":"Couronnes, diad\u00e8mes, parures et bracelets, les tr\u00e9sors insoup\u00e7onn\u00e9s de l&#8217;illustre Com\u00e9die-Fran\u00e7aise fond\u00e9e en 1680 \u00e0 Paris ont retrouv\u00e9 leur \u00e9clat d&#8217;origine et brillent \u00e0 nouveau de mille feux. Port\u00e9s par les plus grands com\u00e9diens et com\u00e9diennes de leur temps, de Talma \u00e0 Genevi\u00e8ve Casile en passant par Sarah Bernhardt, ils ont \u00e9t\u00e9 con\u00e7us pour cr\u00e9er [&hellip;]","og_url":"https:\/\/librairie7l.com\/en\/produit\/les-bijoux-de-scene-de-la-comedie-francaise\/","og_site_name":"Librairie 7L","article_modified_time":"2026-04-05T00:05:34+00:00","og_image":[{"width":600,"height":791,"url":"https:\/\/librairie7l.com\/wp-content\/uploads\/2023\/04\/9782073012449_1_75.jpg","type":"image\/jpeg"}],"twitter_card":"summary_large_image","twitter_misc":{"Est. reading time":"1 minute"},"schema":{"@context":"https:\/\/schema.org","@graph":[{"@type":"WebPage","@id":"https:\/\/librairie7l.com\/en\/produit\/les-bijoux-de-scene-de-la-comedie-francaise\/","url":"https:\/\/librairie7l.com\/en\/produit\/les-bijoux-de-scene-de-la-comedie-francaise\/","name":"LES BIJOUX DE SC\u00c8NE DE LA COM\u00c9DIE FRAN\u00c7AISE - Librairie 7L","isPartOf":{"@id":"https:\/\/librairie7l.com\/en\/#website"},"datePublished":"2023-09-28T23:16:36+00:00","dateModified":"2026-04-05T00:05:34+00:00","breadcrumb":{"@id":"https:\/\/librairie7l.com\/en\/produit\/les-bijoux-de-scene-de-la-comedie-francaise\/#breadcrumb"},"inLanguage":"en-US","potentialAction":[{"@type":"ReadAction","target":["https:\/\/librairie7l.com\/en\/produit\/les-bijoux-de-scene-de-la-comedie-francaise\/"]}]},{"@type":"BreadcrumbList","@id":"https:\/\/librairie7l.com\/en\/produit\/les-bijoux-de-scene-de-la-comedie-francaise\/#breadcrumb","itemListElement":[{"@type":"ListItem","position":1,"name":"Accueil","item":"https:\/\/librairie7l.com\/en\/"},{"@type":"ListItem","position":2,"name":"Shop","item":"https:\/\/librairie7l.com\/en\/shop\/"},{"@type":"ListItem","position":3,"name":"LES BIJOUX DE SC\u00c8NE DE LA COM\u00c9DIE FRAN\u00c7AISE"}]},{"@type":"WebSite","@id":"https:\/\/librairie7l.com\/en\/#website","url":"https:\/\/librairie7l.com\/en\/","name":"Librairie 7L","description":"Librairie fond\u00e9e en 1999 par Karl Lagerfeld \u00e0 Paris","publisher":{"@id":"https:\/\/librairie7l.com\/en\/#organization"},"potentialAction":[{"@type":"SearchAction","target":{"@type":"EntryPoint","urlTemplate":"https:\/\/librairie7l.com\/en\/?s={search_term_string}"},"query-input":"required name=search_term_string"}],"inLanguage":"en-US"},{"@type":"Organization","@id":"https:\/\/librairie7l.com\/en\/#organization","name":"Librairie 7L","url":"https:\/\/librairie7l.com\/en\/","logo":{"@type":"ImageObject","inLanguage":"en-US","@id":"https:\/\/librairie7l.com\/en\/#\/schema\/logo\/image\/","url":"https:\/\/librairie7l.com\/wp-content\/uploads\/2022\/08\/logo-1.png","contentUrl":"https:\/\/librairie7l.com\/wp-content\/uploads\/2022\/08\/logo-1.png","width":227,"height":301,"caption":"Librairie 7L"},"image":{"@id":"https:\/\/librairie7l.com\/en\/#\/schema\/logo\/image\/"}}]}},"_links":{"self":[{"href":"https:\/\/librairie7l.com\/en\/wp-json\/wp\/v2\/product\/34590"}],"collection":[{"href":"https:\/\/librairie7l.com\/en\/wp-json\/wp\/v2\/product"}],"about":[{"href":"https:\/\/librairie7l.com\/en\/wp-json\/wp\/v2\/types\/product"}],"wp:featuredmedia":[{"embeddable":true,"href":"https:\/\/librairie7l.com\/en\/wp-json\/wp\/v2\/media\/34588"}],"wp:attachment":[{"href":"https:\/\/librairie7l.com\/en\/wp-json\/wp\/v2\/media?parent=34590"}],"wp:term":[{"taxonomy":"product_cat","embeddable":true,"href":"https:\/\/librairie7l.com\/en\/wp-json\/wp\/v2\/product_cat?post=34590"},{"taxonomy":"product_tag","embeddable":true,"href":"https:\/\/librairie7l.com\/en\/wp-json\/wp\/v2\/product_tag?post=34590"}],"curies":[{"name":"wp","href":"https:\/\/api.w.org\/{rel}","templated":true}]}}