{"id":34682,"date":"2023-09-30T01:16:14","date_gmt":"2023-09-29T23:16:14","guid":{"rendered":"https:\/\/librairie7l.com\/?post_type=product&#038;p=34682"},"modified":"2026-04-26T20:08:48","modified_gmt":"2026-04-26T18:08:48","slug":"passementeries-lexcellence-declercq-passementiers","status":"publish","type":"product","link":"https:\/\/librairie7l.com\/en\/produit\/passementeries-lexcellence-declercq-passementiers\/","title":{"rendered":"PASSEMENTERIES : L&#8217;EXCELLENCE DECLERCQ PASSEMENTIERS"},"content":{"rendered":"<p>Art du d\u00e9tail indispensable \u00e0 la d\u00e9coration, la passementerie avec sa panoplie d&#8217;accessoires aux noms po\u00e9tiques (frange, guipure, cr\u00eate, embrasse, chardon ou encore cartisane&#8230;) n&#8217;a pas d&#8217;\u00e9gal pour valoriser un tissu d&#8217;ameublement, accentuer un contraste, adoucir une couleur ou apporter une touche de raffinement.<br \/>\nPlongez dans l&#8217;univers de la famille Declercq qui, depuis cent soixante-dix ans, pr\u00e9serve ses techniques de fabrication et fait perdurer la noblesse de ce savoir-faire artisanal. Poussez les portes des ateliers de ce passementier parisien, d\u00e9couvrez les complicit\u00e9s nou\u00e9es avec de grands noms de la tapisserie ou de la d\u00e9coration, vous appr\u00e9cierez toute l&#8217;importance d&#8217;une maison qui a r\u00e9ussi \u00e0 devenir une r\u00e9f\u00e9rence mondiale et le partenaire privil\u00e9gi\u00e9 des chantiers d&#8217;exception, comme les ch\u00e2teaux de Versailles, Fontainebleau et Chantilly ou derni\u00e8rement l&#8217;H\u00f4tel de la Marine et l&#8217;op\u00e9ra Garnier. Ce patrimoine tel que le r\u00e9invente Declercq Passementiers sait d\u00e9cid\u00e9ment vivre avec son temps.<\/p>\n","protected":false},"excerpt":{"rendered":"<p>Art du d\u00e9tail indispensable \u00e0 la d\u00e9coration, la passementerie avec sa panoplie d&#8217;accessoires aux noms po\u00e9tiques (frange, guipure, cr\u00eate, embrasse, chardon ou encore cartisane&#8230;) n&#8217;a pas d&#8217;\u00e9gal pour valoriser un tissu d&#8217;ameublement, accentuer un contraste, adoucir une couleur ou apporter une touche de raffinement. Plongez dans l&#8217;univers de la famille Declercq qui, depuis cent soixante-dix [&hellip;]<\/p>\n","protected":false},"featured_media":34680,"template":"","meta":[],"product_cat":[2948,2957],"product_tag":[],"acf":[],"yoast_head":"<!-- This site is optimized with the Yoast SEO plugin v20.11 - https:\/\/yoast.com\/wordpress\/plugins\/seo\/ -->\n<title>PASSEMENTERIES : L&#039;EXCELLENCE DECLERCQ PASSEMENTIERS - Librairie 7L<\/title>\n<meta name=\"robots\" content=\"index, follow, max-snippet:-1, max-image-preview:large, max-video-preview:-1\" \/>\n<link rel=\"canonical\" href=\"https:\/\/librairie7l.com\/en\/produit\/passementeries-lexcellence-declercq-passementiers\/\" \/>\n<meta property=\"og:locale\" content=\"en_US\" \/>\n<meta property=\"og:type\" content=\"article\" \/>\n<meta property=\"og:title\" content=\"PASSEMENTERIES : L&#039;EXCELLENCE DECLERCQ PASSEMENTIERS - Librairie 7L\" \/>\n<meta property=\"og:description\" content=\"Art du d\u00e9tail indispensable \u00e0 la d\u00e9coration, la passementerie avec sa panoplie d&#8217;accessoires aux noms po\u00e9tiques (frange, guipure, cr\u00eate, embrasse, chardon ou encore cartisane&#8230;) n&#8217;a pas d&#8217;\u00e9gal pour valoriser un tissu d&#8217;ameublement, accentuer un contraste, adoucir une couleur ou apporter une touche de raffinement. Plongez dans l&#8217;univers de la famille Declercq qui, depuis cent soixante-dix [&hellip;]\" \/>\n<meta property=\"og:url\" content=\"https:\/\/librairie7l.com\/en\/produit\/passementeries-lexcellence-declercq-passementiers\/\" \/>\n<meta property=\"og:site_name\" content=\"Librairie 7L\" \/>\n<meta property=\"article:modified_time\" content=\"2026-04-26T18:08:48+00:00\" \/>\n<meta property=\"og:image\" content=\"https:\/\/librairie7l.com\/wp-content\/uploads\/2023\/04\/9791040112426_1_75.jpg\" \/>\n\t<meta property=\"og:image:width\" content=\"600\" \/>\n\t<meta property=\"og:image:height\" content=\"750\" \/>\n\t<meta property=\"og:image:type\" content=\"image\/jpeg\" \/>\n<meta name=\"twitter:card\" content=\"summary_large_image\" \/>\n<meta name=\"twitter:label1\" content=\"Est. reading time\" \/>\n\t<meta name=\"twitter:data1\" content=\"1 minute\" \/>\n<script type=\"application\/ld+json\" class=\"yoast-schema-graph\">{\"@context\":\"https:\/\/schema.org\",\"@graph\":[{\"@type\":\"WebPage\",\"@id\":\"https:\/\/librairie7l.com\/en\/produit\/passementeries-lexcellence-declercq-passementiers\/\",\"url\":\"https:\/\/librairie7l.com\/en\/produit\/passementeries-lexcellence-declercq-passementiers\/\",\"name\":\"PASSEMENTERIES : L'EXCELLENCE DECLERCQ PASSEMENTIERS - Librairie 7L\",\"isPartOf\":{\"@id\":\"https:\/\/librairie7l.com\/en\/#website\"},\"datePublished\":\"2023-09-29T23:16:14+00:00\",\"dateModified\":\"2026-04-26T18:08:48+00:00\",\"breadcrumb\":{\"@id\":\"https:\/\/librairie7l.com\/en\/produit\/passementeries-lexcellence-declercq-passementiers\/#breadcrumb\"},\"inLanguage\":\"en-US\",\"potentialAction\":[{\"@type\":\"ReadAction\",\"target\":[\"https:\/\/librairie7l.com\/en\/produit\/passementeries-lexcellence-declercq-passementiers\/\"]}]},{\"@type\":\"BreadcrumbList\",\"@id\":\"https:\/\/librairie7l.com\/en\/produit\/passementeries-lexcellence-declercq-passementiers\/#breadcrumb\",\"itemListElement\":[{\"@type\":\"ListItem\",\"position\":1,\"name\":\"Accueil\",\"item\":\"https:\/\/librairie7l.com\/en\/\"},{\"@type\":\"ListItem\",\"position\":2,\"name\":\"Shop\",\"item\":\"https:\/\/librairie7l.com\/en\/shop\/\"},{\"@type\":\"ListItem\",\"position\":3,\"name\":\"PASSEMENTERIES : L&#8217;EXCELLENCE DECLERCQ PASSEMENTIERS\"}]},{\"@type\":\"WebSite\",\"@id\":\"https:\/\/librairie7l.com\/en\/#website\",\"url\":\"https:\/\/librairie7l.com\/en\/\",\"name\":\"Librairie 7L\",\"description\":\"Librairie fond\u00e9e en 1999 par Karl Lagerfeld \u00e0 Paris\",\"publisher\":{\"@id\":\"https:\/\/librairie7l.com\/en\/#organization\"},\"potentialAction\":[{\"@type\":\"SearchAction\",\"target\":{\"@type\":\"EntryPoint\",\"urlTemplate\":\"https:\/\/librairie7l.com\/en\/?s={search_term_string}\"},\"query-input\":\"required name=search_term_string\"}],\"inLanguage\":\"en-US\"},{\"@type\":\"Organization\",\"@id\":\"https:\/\/librairie7l.com\/en\/#organization\",\"name\":\"Librairie 7L\",\"url\":\"https:\/\/librairie7l.com\/en\/\",\"logo\":{\"@type\":\"ImageObject\",\"inLanguage\":\"en-US\",\"@id\":\"https:\/\/librairie7l.com\/en\/#\/schema\/logo\/image\/\",\"url\":\"https:\/\/librairie7l.com\/wp-content\/uploads\/2022\/08\/logo-1.png\",\"contentUrl\":\"https:\/\/librairie7l.com\/wp-content\/uploads\/2022\/08\/logo-1.png\",\"width\":227,\"height\":301,\"caption\":\"Librairie 7L\"},\"image\":{\"@id\":\"https:\/\/librairie7l.com\/en\/#\/schema\/logo\/image\/\"}}]}<\/script>\n<!-- \/ Yoast SEO plugin. -->","yoast_head_json":{"title":"PASSEMENTERIES : L'EXCELLENCE DECLERCQ PASSEMENTIERS - Librairie 7L","robots":{"index":"index","follow":"follow","max-snippet":"max-snippet:-1","max-image-preview":"max-image-preview:large","max-video-preview":"max-video-preview:-1"},"canonical":"https:\/\/librairie7l.com\/en\/produit\/passementeries-lexcellence-declercq-passementiers\/","og_locale":"en_US","og_type":"article","og_title":"PASSEMENTERIES : L'EXCELLENCE DECLERCQ PASSEMENTIERS - Librairie 7L","og_description":"Art du d\u00e9tail indispensable \u00e0 la d\u00e9coration, la passementerie avec sa panoplie d&#8217;accessoires aux noms po\u00e9tiques (frange, guipure, cr\u00eate, embrasse, chardon ou encore cartisane&#8230;) n&#8217;a pas d&#8217;\u00e9gal pour valoriser un tissu d&#8217;ameublement, accentuer un contraste, adoucir une couleur ou apporter une touche de raffinement. Plongez dans l&#8217;univers de la famille Declercq qui, depuis cent soixante-dix [&hellip;]","og_url":"https:\/\/librairie7l.com\/en\/produit\/passementeries-lexcellence-declercq-passementiers\/","og_site_name":"Librairie 7L","article_modified_time":"2026-04-26T18:08:48+00:00","og_image":[{"width":600,"height":750,"url":"https:\/\/librairie7l.com\/wp-content\/uploads\/2023\/04\/9791040112426_1_75.jpg","type":"image\/jpeg"}],"twitter_card":"summary_large_image","twitter_misc":{"Est. reading time":"1 minute"},"schema":{"@context":"https:\/\/schema.org","@graph":[{"@type":"WebPage","@id":"https:\/\/librairie7l.com\/en\/produit\/passementeries-lexcellence-declercq-passementiers\/","url":"https:\/\/librairie7l.com\/en\/produit\/passementeries-lexcellence-declercq-passementiers\/","name":"PASSEMENTERIES : L'EXCELLENCE DECLERCQ PASSEMENTIERS - Librairie 7L","isPartOf":{"@id":"https:\/\/librairie7l.com\/en\/#website"},"datePublished":"2023-09-29T23:16:14+00:00","dateModified":"2026-04-26T18:08:48+00:00","breadcrumb":{"@id":"https:\/\/librairie7l.com\/en\/produit\/passementeries-lexcellence-declercq-passementiers\/#breadcrumb"},"inLanguage":"en-US","potentialAction":[{"@type":"ReadAction","target":["https:\/\/librairie7l.com\/en\/produit\/passementeries-lexcellence-declercq-passementiers\/"]}]},{"@type":"BreadcrumbList","@id":"https:\/\/librairie7l.com\/en\/produit\/passementeries-lexcellence-declercq-passementiers\/#breadcrumb","itemListElement":[{"@type":"ListItem","position":1,"name":"Accueil","item":"https:\/\/librairie7l.com\/en\/"},{"@type":"ListItem","position":2,"name":"Shop","item":"https:\/\/librairie7l.com\/en\/shop\/"},{"@type":"ListItem","position":3,"name":"PASSEMENTERIES : L&#8217;EXCELLENCE DECLERCQ PASSEMENTIERS"}]},{"@type":"WebSite","@id":"https:\/\/librairie7l.com\/en\/#website","url":"https:\/\/librairie7l.com\/en\/","name":"Librairie 7L","description":"Librairie fond\u00e9e en 1999 par Karl Lagerfeld \u00e0 Paris","publisher":{"@id":"https:\/\/librairie7l.com\/en\/#organization"},"potentialAction":[{"@type":"SearchAction","target":{"@type":"EntryPoint","urlTemplate":"https:\/\/librairie7l.com\/en\/?s={search_term_string}"},"query-input":"required name=search_term_string"}],"inLanguage":"en-US"},{"@type":"Organization","@id":"https:\/\/librairie7l.com\/en\/#organization","name":"Librairie 7L","url":"https:\/\/librairie7l.com\/en\/","logo":{"@type":"ImageObject","inLanguage":"en-US","@id":"https:\/\/librairie7l.com\/en\/#\/schema\/logo\/image\/","url":"https:\/\/librairie7l.com\/wp-content\/uploads\/2022\/08\/logo-1.png","contentUrl":"https:\/\/librairie7l.com\/wp-content\/uploads\/2022\/08\/logo-1.png","width":227,"height":301,"caption":"Librairie 7L"},"image":{"@id":"https:\/\/librairie7l.com\/en\/#\/schema\/logo\/image\/"}}]}},"_links":{"self":[{"href":"https:\/\/librairie7l.com\/en\/wp-json\/wp\/v2\/product\/34682"}],"collection":[{"href":"https:\/\/librairie7l.com\/en\/wp-json\/wp\/v2\/product"}],"about":[{"href":"https:\/\/librairie7l.com\/en\/wp-json\/wp\/v2\/types\/product"}],"wp:featuredmedia":[{"embeddable":true,"href":"https:\/\/librairie7l.com\/en\/wp-json\/wp\/v2\/media\/34680"}],"wp:attachment":[{"href":"https:\/\/librairie7l.com\/en\/wp-json\/wp\/v2\/media?parent=34682"}],"wp:term":[{"taxonomy":"product_cat","embeddable":true,"href":"https:\/\/librairie7l.com\/en\/wp-json\/wp\/v2\/product_cat?post=34682"},{"taxonomy":"product_tag","embeddable":true,"href":"https:\/\/librairie7l.com\/en\/wp-json\/wp\/v2\/product_tag?post=34682"}],"curies":[{"name":"wp","href":"https:\/\/api.w.org\/{rel}","templated":true}]}}