{"id":34707,"date":"2023-10-04T09:16:14","date_gmt":"2023-10-04T07:16:14","guid":{"rendered":"https:\/\/librairie7l.com\/?post_type=product&#038;p=34707"},"modified":"2026-04-04T16:26:31","modified_gmt":"2026-04-04T14:26:31","slug":"mode-et-sport-dun-podium-a-lautre-illustrations-couleur","status":"publish","type":"product","link":"https:\/\/librairie7l.com\/en\/produit\/mode-et-sport-dun-podium-a-lautre-illustrations-couleur\/","title":{"rendered":"MODE ET SPORT : D&#8217;UN PODIUM \u00c0 L&#8217;AUTRE"},"content":{"rendered":"<p>450 pi\u00e8ces de v\u00eatements et accessoires, photographies, croquis, magazines, affiches, peintures, sculptures, vid\u00e9os mettent en lumi\u00e8re l&#8217;\u00e9volution du v\u00eatement sportif et son influence sur la mode contemporaine. Jean Patou, Jeanne Lanvin, Gabrielle Chanel, Elsa Schiaparelli font partie des pionniers qui, pendant l&#8217;entredeux- guerres, s&#8217;int\u00e9ressent \u00e0 l&#8217;univers sportif et le retranscrivent dans leurs cr\u00e9ations de haute couture. L&#8217;exposition montre comment le sportswear a permis de d\u00e9tourner le v\u00eatement sportif de son usage sp\u00e9cifique pour l&#8217;int\u00e9grer au vestiaire quotidien. La question du confort, fil conducteur de l&#8217;exposition, permet de comprendre les raisons pour lesquelles le jogging et les sneakers sont devenus des incontournables de la mode, aussi bien pour le quotidien que pour la haute couture, de Balenciaga \u00e0 Off-White. Le commissariat de cette exposition est assur\u00e9 par Sophie Lemahieu, conservatrice Mode et Textile en charge des collections apr\u00e8s 1947, dans une sc\u00e9nographie color\u00e9e et joyeuse sign\u00e9e BGC Studio.<\/p>\n","protected":false},"excerpt":{"rendered":"<p>450 pi\u00e8ces de v\u00eatements et accessoires, photographies, croquis, magazines, affiches, peintures, sculptures, vid\u00e9os mettent en lumi\u00e8re l&#8217;\u00e9volution du v\u00eatement sportif et son influence sur la mode contemporaine. Jean Patou, Jeanne Lanvin, Gabrielle Chanel, Elsa Schiaparelli font partie des pionniers qui, pendant l&#8217;entredeux- guerres, s&#8217;int\u00e9ressent \u00e0 l&#8217;univers sportif et le retranscrivent dans leurs cr\u00e9ations de haute [&hellip;]<\/p>\n","protected":false},"featured_media":34705,"template":"","meta":[],"product_cat":[2948,2957],"product_tag":[],"acf":[],"yoast_head":"<!-- This site is optimized with the Yoast SEO plugin v20.11 - https:\/\/yoast.com\/wordpress\/plugins\/seo\/ -->\n<title>Mode et sport : d&#039;un podium \u00e0 l&#039;autre - Librairie 7L<\/title>\n<meta name=\"robots\" content=\"index, follow, max-snippet:-1, max-image-preview:large, max-video-preview:-1\" \/>\n<link rel=\"canonical\" href=\"https:\/\/librairie7l.com\/en\/produit\/mode-et-sport-dun-podium-a-lautre-illustrations-couleur\/\" \/>\n<meta property=\"og:locale\" content=\"en_US\" \/>\n<meta property=\"og:type\" content=\"article\" \/>\n<meta property=\"og:title\" content=\"Mode et sport : d&#039;un podium \u00e0 l&#039;autre - Librairie 7L\" \/>\n<meta property=\"og:description\" content=\"450 pi\u00e8ces de v\u00eatements et accessoires, photographies, croquis, magazines, affiches, peintures, sculptures, vid\u00e9os mettent en lumi\u00e8re l&#8217;\u00e9volution du v\u00eatement sportif et son influence sur la mode contemporaine. Jean Patou, Jeanne Lanvin, Gabrielle Chanel, Elsa Schiaparelli font partie des pionniers qui, pendant l&#8217;entredeux- guerres, s&#8217;int\u00e9ressent \u00e0 l&#8217;univers sportif et le retranscrivent dans leurs cr\u00e9ations de haute [&hellip;]\" \/>\n<meta property=\"og:url\" content=\"https:\/\/librairie7l.com\/en\/produit\/mode-et-sport-dun-podium-a-lautre-illustrations-couleur\/\" \/>\n<meta property=\"og:site_name\" content=\"Librairie 7L\" \/>\n<meta property=\"article:modified_time\" content=\"2026-04-04T14:26:31+00:00\" \/>\n<meta property=\"og:image\" content=\"https:\/\/librairie7l.com\/wp-content\/uploads\/2023\/04\/9782383140177_1_75.jpg\" \/>\n\t<meta property=\"og:image:width\" content=\"400\" \/>\n\t<meta property=\"og:image:height\" content=\"555\" \/>\n\t<meta property=\"og:image:type\" content=\"image\/jpeg\" \/>\n<meta name=\"twitter:card\" content=\"summary_large_image\" \/>\n<meta name=\"twitter:label1\" content=\"Est. reading time\" \/>\n\t<meta name=\"twitter:data1\" content=\"1 minute\" \/>\n<script type=\"application\/ld+json\" class=\"yoast-schema-graph\">{\"@context\":\"https:\/\/schema.org\",\"@graph\":[{\"@type\":\"WebPage\",\"@id\":\"https:\/\/librairie7l.com\/en\/produit\/mode-et-sport-dun-podium-a-lautre-illustrations-couleur\/\",\"url\":\"https:\/\/librairie7l.com\/en\/produit\/mode-et-sport-dun-podium-a-lautre-illustrations-couleur\/\",\"name\":\"Mode et sport : d'un podium \u00e0 l'autre - Librairie 7L\",\"isPartOf\":{\"@id\":\"https:\/\/librairie7l.com\/en\/#website\"},\"datePublished\":\"2023-10-04T07:16:14+00:00\",\"dateModified\":\"2026-04-04T14:26:31+00:00\",\"breadcrumb\":{\"@id\":\"https:\/\/librairie7l.com\/en\/produit\/mode-et-sport-dun-podium-a-lautre-illustrations-couleur\/#breadcrumb\"},\"inLanguage\":\"en-US\",\"potentialAction\":[{\"@type\":\"ReadAction\",\"target\":[\"https:\/\/librairie7l.com\/en\/produit\/mode-et-sport-dun-podium-a-lautre-illustrations-couleur\/\"]}]},{\"@type\":\"BreadcrumbList\",\"@id\":\"https:\/\/librairie7l.com\/en\/produit\/mode-et-sport-dun-podium-a-lautre-illustrations-couleur\/#breadcrumb\",\"itemListElement\":[{\"@type\":\"ListItem\",\"position\":1,\"name\":\"Accueil\",\"item\":\"https:\/\/librairie7l.com\/en\/\"},{\"@type\":\"ListItem\",\"position\":2,\"name\":\"Shop\",\"item\":\"https:\/\/librairie7l.com\/en\/shop\/\"},{\"@type\":\"ListItem\",\"position\":3,\"name\":\"MODE ET SPORT : D&#8217;UN PODIUM \u00c0 L&#8217;AUTRE\"}]},{\"@type\":\"WebSite\",\"@id\":\"https:\/\/librairie7l.com\/en\/#website\",\"url\":\"https:\/\/librairie7l.com\/en\/\",\"name\":\"Librairie 7L\",\"description\":\"Librairie fond\u00e9e en 1999 par Karl Lagerfeld \u00e0 Paris\",\"publisher\":{\"@id\":\"https:\/\/librairie7l.com\/en\/#organization\"},\"potentialAction\":[{\"@type\":\"SearchAction\",\"target\":{\"@type\":\"EntryPoint\",\"urlTemplate\":\"https:\/\/librairie7l.com\/en\/?s={search_term_string}\"},\"query-input\":\"required name=search_term_string\"}],\"inLanguage\":\"en-US\"},{\"@type\":\"Organization\",\"@id\":\"https:\/\/librairie7l.com\/en\/#organization\",\"name\":\"Librairie 7L\",\"url\":\"https:\/\/librairie7l.com\/en\/\",\"logo\":{\"@type\":\"ImageObject\",\"inLanguage\":\"en-US\",\"@id\":\"https:\/\/librairie7l.com\/en\/#\/schema\/logo\/image\/\",\"url\":\"https:\/\/librairie7l.com\/wp-content\/uploads\/2022\/08\/logo-1.png\",\"contentUrl\":\"https:\/\/librairie7l.com\/wp-content\/uploads\/2022\/08\/logo-1.png\",\"width\":227,\"height\":301,\"caption\":\"Librairie 7L\"},\"image\":{\"@id\":\"https:\/\/librairie7l.com\/en\/#\/schema\/logo\/image\/\"}}]}<\/script>\n<!-- \/ Yoast SEO plugin. -->","yoast_head_json":{"title":"Mode et sport : d'un podium \u00e0 l'autre - Librairie 7L","robots":{"index":"index","follow":"follow","max-snippet":"max-snippet:-1","max-image-preview":"max-image-preview:large","max-video-preview":"max-video-preview:-1"},"canonical":"https:\/\/librairie7l.com\/en\/produit\/mode-et-sport-dun-podium-a-lautre-illustrations-couleur\/","og_locale":"en_US","og_type":"article","og_title":"Mode et sport : d'un podium \u00e0 l'autre - Librairie 7L","og_description":"450 pi\u00e8ces de v\u00eatements et accessoires, photographies, croquis, magazines, affiches, peintures, sculptures, vid\u00e9os mettent en lumi\u00e8re l&#8217;\u00e9volution du v\u00eatement sportif et son influence sur la mode contemporaine. Jean Patou, Jeanne Lanvin, Gabrielle Chanel, Elsa Schiaparelli font partie des pionniers qui, pendant l&#8217;entredeux- guerres, s&#8217;int\u00e9ressent \u00e0 l&#8217;univers sportif et le retranscrivent dans leurs cr\u00e9ations de haute [&hellip;]","og_url":"https:\/\/librairie7l.com\/en\/produit\/mode-et-sport-dun-podium-a-lautre-illustrations-couleur\/","og_site_name":"Librairie 7L","article_modified_time":"2026-04-04T14:26:31+00:00","og_image":[{"width":400,"height":555,"url":"https:\/\/librairie7l.com\/wp-content\/uploads\/2023\/04\/9782383140177_1_75.jpg","type":"image\/jpeg"}],"twitter_card":"summary_large_image","twitter_misc":{"Est. reading time":"1 minute"},"schema":{"@context":"https:\/\/schema.org","@graph":[{"@type":"WebPage","@id":"https:\/\/librairie7l.com\/en\/produit\/mode-et-sport-dun-podium-a-lautre-illustrations-couleur\/","url":"https:\/\/librairie7l.com\/en\/produit\/mode-et-sport-dun-podium-a-lautre-illustrations-couleur\/","name":"Mode et sport : d'un podium \u00e0 l'autre - Librairie 7L","isPartOf":{"@id":"https:\/\/librairie7l.com\/en\/#website"},"datePublished":"2023-10-04T07:16:14+00:00","dateModified":"2026-04-04T14:26:31+00:00","breadcrumb":{"@id":"https:\/\/librairie7l.com\/en\/produit\/mode-et-sport-dun-podium-a-lautre-illustrations-couleur\/#breadcrumb"},"inLanguage":"en-US","potentialAction":[{"@type":"ReadAction","target":["https:\/\/librairie7l.com\/en\/produit\/mode-et-sport-dun-podium-a-lautre-illustrations-couleur\/"]}]},{"@type":"BreadcrumbList","@id":"https:\/\/librairie7l.com\/en\/produit\/mode-et-sport-dun-podium-a-lautre-illustrations-couleur\/#breadcrumb","itemListElement":[{"@type":"ListItem","position":1,"name":"Accueil","item":"https:\/\/librairie7l.com\/en\/"},{"@type":"ListItem","position":2,"name":"Shop","item":"https:\/\/librairie7l.com\/en\/shop\/"},{"@type":"ListItem","position":3,"name":"MODE ET SPORT : D&#8217;UN PODIUM \u00c0 L&#8217;AUTRE"}]},{"@type":"WebSite","@id":"https:\/\/librairie7l.com\/en\/#website","url":"https:\/\/librairie7l.com\/en\/","name":"Librairie 7L","description":"Librairie fond\u00e9e en 1999 par Karl Lagerfeld \u00e0 Paris","publisher":{"@id":"https:\/\/librairie7l.com\/en\/#organization"},"potentialAction":[{"@type":"SearchAction","target":{"@type":"EntryPoint","urlTemplate":"https:\/\/librairie7l.com\/en\/?s={search_term_string}"},"query-input":"required name=search_term_string"}],"inLanguage":"en-US"},{"@type":"Organization","@id":"https:\/\/librairie7l.com\/en\/#organization","name":"Librairie 7L","url":"https:\/\/librairie7l.com\/en\/","logo":{"@type":"ImageObject","inLanguage":"en-US","@id":"https:\/\/librairie7l.com\/en\/#\/schema\/logo\/image\/","url":"https:\/\/librairie7l.com\/wp-content\/uploads\/2022\/08\/logo-1.png","contentUrl":"https:\/\/librairie7l.com\/wp-content\/uploads\/2022\/08\/logo-1.png","width":227,"height":301,"caption":"Librairie 7L"},"image":{"@id":"https:\/\/librairie7l.com\/en\/#\/schema\/logo\/image\/"}}]}},"_links":{"self":[{"href":"https:\/\/librairie7l.com\/en\/wp-json\/wp\/v2\/product\/34707"}],"collection":[{"href":"https:\/\/librairie7l.com\/en\/wp-json\/wp\/v2\/product"}],"about":[{"href":"https:\/\/librairie7l.com\/en\/wp-json\/wp\/v2\/types\/product"}],"wp:featuredmedia":[{"embeddable":true,"href":"https:\/\/librairie7l.com\/en\/wp-json\/wp\/v2\/media\/34705"}],"wp:attachment":[{"href":"https:\/\/librairie7l.com\/en\/wp-json\/wp\/v2\/media?parent=34707"}],"wp:term":[{"taxonomy":"product_cat","embeddable":true,"href":"https:\/\/librairie7l.com\/en\/wp-json\/wp\/v2\/product_cat?post=34707"},{"taxonomy":"product_tag","embeddable":true,"href":"https:\/\/librairie7l.com\/en\/wp-json\/wp\/v2\/product_tag?post=34707"}],"curies":[{"name":"wp","href":"https:\/\/api.w.org\/{rel}","templated":true}]}}