{"id":34711,"date":"2023-10-04T09:16:19","date_gmt":"2023-10-04T07:16:19","guid":{"rendered":"https:\/\/librairie7l.com\/?post_type=product&#038;p=34711"},"modified":"2026-05-07T20:36:33","modified_gmt":"2026-05-07T18:36:33","slug":"djo-bourgeois-elise-et-georges-architecte-decorateur-creatrice-textile","status":"publish","type":"product","link":"https:\/\/librairie7l.com\/en\/produit\/djo-bourgeois-elise-et-georges-architecte-decorateur-creatrice-textile\/","title":{"rendered":"DJO-BOURGEOIS ELISE ET GEORGES, ARCHITECTE-D\u00c9CORATEUR, CR\u00c9ATRICE TEXTILE"},"content":{"rendered":"<p>Les Djo-Bourgeois, Elise (1894-1986) et Georges (1898-1937). Lui est d\u00e9corateur et architecte, contemporain de Pierre Chareau et Charlotte Perriand, et pris\u00e9 par Robert Mallet-Stevens, les Noailles, la princesse Faucigny-Lucinge. Elle s&#8217;impose comme l&#8217;une des cr\u00e9atrices textiles majeures de son \u00e9poque avec H\u00e9l\u00e8ne Henry et Sonia Delaunay. Mari\u00e9s, ils sont aussi de fid\u00e8les collaborateurs. Leurs cr\u00e9ations sont diffus\u00e9es par les grands magasins de l&#8217;\u00e9poque, celui du Louvre en France et Metz &amp; Co en Hollande. Ils sont les premiers \u00e0 d\u00e9velopper un style minimaliste alliant g\u00e9om\u00e9trie et aplats de couleurs, un style qui annonce les cr\u00e9ations modernes d&#8217;Andr\u00e9e Putman, Tadao And\u00f5, et dans la mode celle d&#8217;Issey Miyake et Helmut Lang.<\/p>\n","protected":false},"excerpt":{"rendered":"<p>Les Djo-Bourgeois, Elise (1894-1986) et Georges (1898-1937). Lui est d\u00e9corateur et architecte, contemporain de Pierre Chareau et Charlotte Perriand, et pris\u00e9 par Robert Mallet-Stevens, les Noailles, la princesse Faucigny-Lucinge. Elle s&#8217;impose comme l&#8217;une des cr\u00e9atrices textiles majeures de son \u00e9poque avec H\u00e9l\u00e8ne Henry et Sonia Delaunay. Mari\u00e9s, ils sont aussi de fid\u00e8les collaborateurs. Leurs cr\u00e9ations [&hellip;]<\/p>\n","protected":false},"featured_media":34710,"template":"","meta":[],"product_cat":[2948,2952],"product_tag":[],"acf":[],"yoast_head":"<!-- This site is optimized with the Yoast SEO plugin v20.11 - https:\/\/yoast.com\/wordpress\/plugins\/seo\/ -->\n<title>Djo-Bourgeois Elise et Georges, architecte-d\u00e9corateur, cr\u00e9atrice textile - Librairie 7L<\/title>\n<meta name=\"robots\" content=\"index, follow, max-snippet:-1, max-image-preview:large, max-video-preview:-1\" \/>\n<link rel=\"canonical\" href=\"https:\/\/librairie7l.com\/en\/produit\/djo-bourgeois-elise-et-georges-architecte-decorateur-creatrice-textile\/\" \/>\n<meta property=\"og:locale\" content=\"en_US\" \/>\n<meta property=\"og:type\" content=\"article\" \/>\n<meta property=\"og:title\" content=\"Djo-Bourgeois Elise et Georges, architecte-d\u00e9corateur, cr\u00e9atrice textile - Librairie 7L\" \/>\n<meta property=\"og:description\" content=\"Les Djo-Bourgeois, Elise (1894-1986) et Georges (1898-1937). Lui est d\u00e9corateur et architecte, contemporain de Pierre Chareau et Charlotte Perriand, et pris\u00e9 par Robert Mallet-Stevens, les Noailles, la princesse Faucigny-Lucinge. Elle s&#8217;impose comme l&#8217;une des cr\u00e9atrices textiles majeures de son \u00e9poque avec H\u00e9l\u00e8ne Henry et Sonia Delaunay. Mari\u00e9s, ils sont aussi de fid\u00e8les collaborateurs. Leurs cr\u00e9ations [&hellip;]\" \/>\n<meta property=\"og:url\" content=\"https:\/\/librairie7l.com\/en\/produit\/djo-bourgeois-elise-et-georges-architecte-decorateur-creatrice-textile\/\" \/>\n<meta property=\"og:site_name\" content=\"Librairie 7L\" \/>\n<meta property=\"article:modified_time\" content=\"2026-05-07T18:36:33+00:00\" \/>\n<meta property=\"og:image\" content=\"https:\/\/librairie7l.com\/wp-content\/uploads\/2022\/03\/9782871434092_1_75.jpg\" \/>\n\t<meta property=\"og:image:width\" content=\"400\" \/>\n\t<meta property=\"og:image:height\" content=\"526\" \/>\n\t<meta property=\"og:image:type\" content=\"image\/jpeg\" \/>\n<meta name=\"twitter:card\" content=\"summary_large_image\" \/>\n<meta name=\"twitter:label1\" content=\"Est. reading time\" \/>\n\t<meta name=\"twitter:data1\" content=\"1 minute\" \/>\n<script type=\"application\/ld+json\" class=\"yoast-schema-graph\">{\"@context\":\"https:\/\/schema.org\",\"@graph\":[{\"@type\":\"WebPage\",\"@id\":\"https:\/\/librairie7l.com\/en\/produit\/djo-bourgeois-elise-et-georges-architecte-decorateur-creatrice-textile\/\",\"url\":\"https:\/\/librairie7l.com\/en\/produit\/djo-bourgeois-elise-et-georges-architecte-decorateur-creatrice-textile\/\",\"name\":\"Djo-Bourgeois Elise et Georges, architecte-d\u00e9corateur, cr\u00e9atrice textile - Librairie 7L\",\"isPartOf\":{\"@id\":\"https:\/\/librairie7l.com\/en\/#website\"},\"datePublished\":\"2023-10-04T07:16:19+00:00\",\"dateModified\":\"2026-05-07T18:36:33+00:00\",\"breadcrumb\":{\"@id\":\"https:\/\/librairie7l.com\/en\/produit\/djo-bourgeois-elise-et-georges-architecte-decorateur-creatrice-textile\/#breadcrumb\"},\"inLanguage\":\"en-US\",\"potentialAction\":[{\"@type\":\"ReadAction\",\"target\":[\"https:\/\/librairie7l.com\/en\/produit\/djo-bourgeois-elise-et-georges-architecte-decorateur-creatrice-textile\/\"]}]},{\"@type\":\"BreadcrumbList\",\"@id\":\"https:\/\/librairie7l.com\/en\/produit\/djo-bourgeois-elise-et-georges-architecte-decorateur-creatrice-textile\/#breadcrumb\",\"itemListElement\":[{\"@type\":\"ListItem\",\"position\":1,\"name\":\"Accueil\",\"item\":\"https:\/\/librairie7l.com\/en\/\"},{\"@type\":\"ListItem\",\"position\":2,\"name\":\"Shop\",\"item\":\"https:\/\/librairie7l.com\/en\/shop\/\"},{\"@type\":\"ListItem\",\"position\":3,\"name\":\"DJO-BOURGEOIS ELISE ET GEORGES, ARCHITECTE-D\u00c9CORATEUR, CR\u00c9ATRICE TEXTILE\"}]},{\"@type\":\"WebSite\",\"@id\":\"https:\/\/librairie7l.com\/en\/#website\",\"url\":\"https:\/\/librairie7l.com\/en\/\",\"name\":\"Librairie 7L\",\"description\":\"Librairie fond\u00e9e en 1999 par Karl Lagerfeld \u00e0 Paris\",\"publisher\":{\"@id\":\"https:\/\/librairie7l.com\/en\/#organization\"},\"potentialAction\":[{\"@type\":\"SearchAction\",\"target\":{\"@type\":\"EntryPoint\",\"urlTemplate\":\"https:\/\/librairie7l.com\/en\/?s={search_term_string}\"},\"query-input\":\"required name=search_term_string\"}],\"inLanguage\":\"en-US\"},{\"@type\":\"Organization\",\"@id\":\"https:\/\/librairie7l.com\/en\/#organization\",\"name\":\"Librairie 7L\",\"url\":\"https:\/\/librairie7l.com\/en\/\",\"logo\":{\"@type\":\"ImageObject\",\"inLanguage\":\"en-US\",\"@id\":\"https:\/\/librairie7l.com\/en\/#\/schema\/logo\/image\/\",\"url\":\"https:\/\/librairie7l.com\/wp-content\/uploads\/2022\/08\/logo-1.png\",\"contentUrl\":\"https:\/\/librairie7l.com\/wp-content\/uploads\/2022\/08\/logo-1.png\",\"width\":227,\"height\":301,\"caption\":\"Librairie 7L\"},\"image\":{\"@id\":\"https:\/\/librairie7l.com\/en\/#\/schema\/logo\/image\/\"}}]}<\/script>\n<!-- \/ Yoast SEO plugin. -->","yoast_head_json":{"title":"Djo-Bourgeois Elise et Georges, architecte-d\u00e9corateur, cr\u00e9atrice textile - Librairie 7L","robots":{"index":"index","follow":"follow","max-snippet":"max-snippet:-1","max-image-preview":"max-image-preview:large","max-video-preview":"max-video-preview:-1"},"canonical":"https:\/\/librairie7l.com\/en\/produit\/djo-bourgeois-elise-et-georges-architecte-decorateur-creatrice-textile\/","og_locale":"en_US","og_type":"article","og_title":"Djo-Bourgeois Elise et Georges, architecte-d\u00e9corateur, cr\u00e9atrice textile - Librairie 7L","og_description":"Les Djo-Bourgeois, Elise (1894-1986) et Georges (1898-1937). Lui est d\u00e9corateur et architecte, contemporain de Pierre Chareau et Charlotte Perriand, et pris\u00e9 par Robert Mallet-Stevens, les Noailles, la princesse Faucigny-Lucinge. Elle s&#8217;impose comme l&#8217;une des cr\u00e9atrices textiles majeures de son \u00e9poque avec H\u00e9l\u00e8ne Henry et Sonia Delaunay. Mari\u00e9s, ils sont aussi de fid\u00e8les collaborateurs. Leurs cr\u00e9ations [&hellip;]","og_url":"https:\/\/librairie7l.com\/en\/produit\/djo-bourgeois-elise-et-georges-architecte-decorateur-creatrice-textile\/","og_site_name":"Librairie 7L","article_modified_time":"2026-05-07T18:36:33+00:00","og_image":[{"width":400,"height":526,"url":"https:\/\/librairie7l.com\/wp-content\/uploads\/2022\/03\/9782871434092_1_75.jpg","type":"image\/jpeg"}],"twitter_card":"summary_large_image","twitter_misc":{"Est. reading time":"1 minute"},"schema":{"@context":"https:\/\/schema.org","@graph":[{"@type":"WebPage","@id":"https:\/\/librairie7l.com\/en\/produit\/djo-bourgeois-elise-et-georges-architecte-decorateur-creatrice-textile\/","url":"https:\/\/librairie7l.com\/en\/produit\/djo-bourgeois-elise-et-georges-architecte-decorateur-creatrice-textile\/","name":"Djo-Bourgeois Elise et Georges, architecte-d\u00e9corateur, cr\u00e9atrice textile - Librairie 7L","isPartOf":{"@id":"https:\/\/librairie7l.com\/en\/#website"},"datePublished":"2023-10-04T07:16:19+00:00","dateModified":"2026-05-07T18:36:33+00:00","breadcrumb":{"@id":"https:\/\/librairie7l.com\/en\/produit\/djo-bourgeois-elise-et-georges-architecte-decorateur-creatrice-textile\/#breadcrumb"},"inLanguage":"en-US","potentialAction":[{"@type":"ReadAction","target":["https:\/\/librairie7l.com\/en\/produit\/djo-bourgeois-elise-et-georges-architecte-decorateur-creatrice-textile\/"]}]},{"@type":"BreadcrumbList","@id":"https:\/\/librairie7l.com\/en\/produit\/djo-bourgeois-elise-et-georges-architecte-decorateur-creatrice-textile\/#breadcrumb","itemListElement":[{"@type":"ListItem","position":1,"name":"Accueil","item":"https:\/\/librairie7l.com\/en\/"},{"@type":"ListItem","position":2,"name":"Shop","item":"https:\/\/librairie7l.com\/en\/shop\/"},{"@type":"ListItem","position":3,"name":"DJO-BOURGEOIS ELISE ET GEORGES, ARCHITECTE-D\u00c9CORATEUR, CR\u00c9ATRICE TEXTILE"}]},{"@type":"WebSite","@id":"https:\/\/librairie7l.com\/en\/#website","url":"https:\/\/librairie7l.com\/en\/","name":"Librairie 7L","description":"Librairie fond\u00e9e en 1999 par Karl Lagerfeld \u00e0 Paris","publisher":{"@id":"https:\/\/librairie7l.com\/en\/#organization"},"potentialAction":[{"@type":"SearchAction","target":{"@type":"EntryPoint","urlTemplate":"https:\/\/librairie7l.com\/en\/?s={search_term_string}"},"query-input":"required name=search_term_string"}],"inLanguage":"en-US"},{"@type":"Organization","@id":"https:\/\/librairie7l.com\/en\/#organization","name":"Librairie 7L","url":"https:\/\/librairie7l.com\/en\/","logo":{"@type":"ImageObject","inLanguage":"en-US","@id":"https:\/\/librairie7l.com\/en\/#\/schema\/logo\/image\/","url":"https:\/\/librairie7l.com\/wp-content\/uploads\/2022\/08\/logo-1.png","contentUrl":"https:\/\/librairie7l.com\/wp-content\/uploads\/2022\/08\/logo-1.png","width":227,"height":301,"caption":"Librairie 7L"},"image":{"@id":"https:\/\/librairie7l.com\/en\/#\/schema\/logo\/image\/"}}]}},"_links":{"self":[{"href":"https:\/\/librairie7l.com\/en\/wp-json\/wp\/v2\/product\/34711"}],"collection":[{"href":"https:\/\/librairie7l.com\/en\/wp-json\/wp\/v2\/product"}],"about":[{"href":"https:\/\/librairie7l.com\/en\/wp-json\/wp\/v2\/types\/product"}],"wp:featuredmedia":[{"embeddable":true,"href":"https:\/\/librairie7l.com\/en\/wp-json\/wp\/v2\/media\/34710"}],"wp:attachment":[{"href":"https:\/\/librairie7l.com\/en\/wp-json\/wp\/v2\/media?parent=34711"}],"wp:term":[{"taxonomy":"product_cat","embeddable":true,"href":"https:\/\/librairie7l.com\/en\/wp-json\/wp\/v2\/product_cat?post=34711"},{"taxonomy":"product_tag","embeddable":true,"href":"https:\/\/librairie7l.com\/en\/wp-json\/wp\/v2\/product_tag?post=34711"}],"curies":[{"name":"wp","href":"https:\/\/api.w.org\/{rel}","templated":true}]}}