{"id":34715,"date":"2023-10-04T09:16:23","date_gmt":"2023-10-04T07:16:23","guid":{"rendered":"https:\/\/librairie7l.com\/?post_type=product&#038;p=34715"},"modified":"2026-04-08T22:16:16","modified_gmt":"2026-04-08T20:16:16","slug":"yan-pei-ming-entretien-avec-donatien-grau","status":"publish","type":"product","link":"https:\/\/librairie7l.com\/en\/produit\/yan-pei-ming-entretien-avec-donatien-grau\/","title":{"rendered":"YAN PEI-MING : ENTRETIEN AVEC DONATIEN GRAU"},"content":{"rendered":"<p>L&#8217;entretien r\u00e9trospectif de l&#8217;artiste Yan Pei-Ming r\u00e9alis\u00e9 par Donatien Grau \u00e9voque le parcours du peintre, d\u00e9voile sa vie entre la France et la Chine, sa carri\u00e8re de peintre et revient sur le contexte de cr\u00e9ation de ses oeuvres.<\/p>\n","protected":false},"excerpt":{"rendered":"<p>L&#8217;entretien r\u00e9trospectif de l&#8217;artiste Yan Pei-Ming r\u00e9alis\u00e9 par Donatien Grau \u00e9voque le parcours du peintre, d\u00e9voile sa vie entre la France et la Chine, sa carri\u00e8re de peintre et revient sur le contexte de cr\u00e9ation de ses oeuvres.<\/p>\n","protected":false},"featured_media":34713,"template":"","meta":[],"product_cat":[2948,2953],"product_tag":[],"acf":[],"yoast_head":"<!-- This site is optimized with the Yoast SEO plugin v20.11 - https:\/\/yoast.com\/wordpress\/plugins\/seo\/ -->\n<title>Yan Pei-Ming : entretien avec Donatien Grau - Librairie 7L<\/title>\n<meta name=\"robots\" content=\"index, follow, max-snippet:-1, max-image-preview:large, max-video-preview:-1\" \/>\n<link rel=\"canonical\" href=\"https:\/\/librairie7l.com\/en\/produit\/yan-pei-ming-entretien-avec-donatien-grau\/\" \/>\n<meta property=\"og:locale\" content=\"en_US\" \/>\n<meta property=\"og:type\" content=\"article\" \/>\n<meta property=\"og:title\" content=\"Yan Pei-Ming : entretien avec Donatien Grau - Librairie 7L\" \/>\n<meta property=\"og:description\" content=\"L&#8217;entretien r\u00e9trospectif de l&#8217;artiste Yan Pei-Ming r\u00e9alis\u00e9 par Donatien Grau \u00e9voque le parcours du peintre, d\u00e9voile sa vie entre la France et la Chine, sa carri\u00e8re de peintre et revient sur le contexte de cr\u00e9ation de ses oeuvres.\" \/>\n<meta property=\"og:url\" content=\"https:\/\/librairie7l.com\/en\/produit\/yan-pei-ming-entretien-avec-donatien-grau\/\" \/>\n<meta property=\"og:site_name\" content=\"Librairie 7L\" \/>\n<meta property=\"article:modified_time\" content=\"2026-04-08T20:16:16+00:00\" \/>\n<meta property=\"og:image\" content=\"https:\/\/librairie7l.com\/wp-content\/uploads\/2022\/12\/9782490505494_1_75.jpg\" \/>\n\t<meta property=\"og:image:width\" content=\"389\" \/>\n\t<meta property=\"og:image:height\" content=\"600\" \/>\n\t<meta property=\"og:image:type\" content=\"image\/jpeg\" \/>\n<meta name=\"twitter:card\" content=\"summary_large_image\" \/>\n<script type=\"application\/ld+json\" class=\"yoast-schema-graph\">{\"@context\":\"https:\/\/schema.org\",\"@graph\":[{\"@type\":\"WebPage\",\"@id\":\"https:\/\/librairie7l.com\/en\/produit\/yan-pei-ming-entretien-avec-donatien-grau\/\",\"url\":\"https:\/\/librairie7l.com\/en\/produit\/yan-pei-ming-entretien-avec-donatien-grau\/\",\"name\":\"Yan Pei-Ming : entretien avec Donatien Grau - Librairie 7L\",\"isPartOf\":{\"@id\":\"https:\/\/librairie7l.com\/en\/#website\"},\"datePublished\":\"2023-10-04T07:16:23+00:00\",\"dateModified\":\"2026-04-08T20:16:16+00:00\",\"breadcrumb\":{\"@id\":\"https:\/\/librairie7l.com\/en\/produit\/yan-pei-ming-entretien-avec-donatien-grau\/#breadcrumb\"},\"inLanguage\":\"en-US\",\"potentialAction\":[{\"@type\":\"ReadAction\",\"target\":[\"https:\/\/librairie7l.com\/en\/produit\/yan-pei-ming-entretien-avec-donatien-grau\/\"]}]},{\"@type\":\"BreadcrumbList\",\"@id\":\"https:\/\/librairie7l.com\/en\/produit\/yan-pei-ming-entretien-avec-donatien-grau\/#breadcrumb\",\"itemListElement\":[{\"@type\":\"ListItem\",\"position\":1,\"name\":\"Accueil\",\"item\":\"https:\/\/librairie7l.com\/en\/\"},{\"@type\":\"ListItem\",\"position\":2,\"name\":\"Shop\",\"item\":\"https:\/\/librairie7l.com\/en\/shop\/\"},{\"@type\":\"ListItem\",\"position\":3,\"name\":\"YAN PEI-MING : ENTRETIEN AVEC DONATIEN GRAU\"}]},{\"@type\":\"WebSite\",\"@id\":\"https:\/\/librairie7l.com\/en\/#website\",\"url\":\"https:\/\/librairie7l.com\/en\/\",\"name\":\"Librairie 7L\",\"description\":\"Librairie fond\u00e9e en 1999 par Karl Lagerfeld \u00e0 Paris\",\"publisher\":{\"@id\":\"https:\/\/librairie7l.com\/en\/#organization\"},\"potentialAction\":[{\"@type\":\"SearchAction\",\"target\":{\"@type\":\"EntryPoint\",\"urlTemplate\":\"https:\/\/librairie7l.com\/en\/?s={search_term_string}\"},\"query-input\":\"required name=search_term_string\"}],\"inLanguage\":\"en-US\"},{\"@type\":\"Organization\",\"@id\":\"https:\/\/librairie7l.com\/en\/#organization\",\"name\":\"Librairie 7L\",\"url\":\"https:\/\/librairie7l.com\/en\/\",\"logo\":{\"@type\":\"ImageObject\",\"inLanguage\":\"en-US\",\"@id\":\"https:\/\/librairie7l.com\/en\/#\/schema\/logo\/image\/\",\"url\":\"https:\/\/librairie7l.com\/wp-content\/uploads\/2022\/08\/logo-1.png\",\"contentUrl\":\"https:\/\/librairie7l.com\/wp-content\/uploads\/2022\/08\/logo-1.png\",\"width\":227,\"height\":301,\"caption\":\"Librairie 7L\"},\"image\":{\"@id\":\"https:\/\/librairie7l.com\/en\/#\/schema\/logo\/image\/\"}}]}<\/script>\n<!-- \/ Yoast SEO plugin. -->","yoast_head_json":{"title":"Yan Pei-Ming : entretien avec Donatien Grau - Librairie 7L","robots":{"index":"index","follow":"follow","max-snippet":"max-snippet:-1","max-image-preview":"max-image-preview:large","max-video-preview":"max-video-preview:-1"},"canonical":"https:\/\/librairie7l.com\/en\/produit\/yan-pei-ming-entretien-avec-donatien-grau\/","og_locale":"en_US","og_type":"article","og_title":"Yan Pei-Ming : entretien avec Donatien Grau - Librairie 7L","og_description":"L&#8217;entretien r\u00e9trospectif de l&#8217;artiste Yan Pei-Ming r\u00e9alis\u00e9 par Donatien Grau \u00e9voque le parcours du peintre, d\u00e9voile sa vie entre la France et la Chine, sa carri\u00e8re de peintre et revient sur le contexte de cr\u00e9ation de ses oeuvres.","og_url":"https:\/\/librairie7l.com\/en\/produit\/yan-pei-ming-entretien-avec-donatien-grau\/","og_site_name":"Librairie 7L","article_modified_time":"2026-04-08T20:16:16+00:00","og_image":[{"width":389,"height":600,"url":"https:\/\/librairie7l.com\/wp-content\/uploads\/2022\/12\/9782490505494_1_75.jpg","type":"image\/jpeg"}],"twitter_card":"summary_large_image","schema":{"@context":"https:\/\/schema.org","@graph":[{"@type":"WebPage","@id":"https:\/\/librairie7l.com\/en\/produit\/yan-pei-ming-entretien-avec-donatien-grau\/","url":"https:\/\/librairie7l.com\/en\/produit\/yan-pei-ming-entretien-avec-donatien-grau\/","name":"Yan Pei-Ming : entretien avec Donatien Grau - Librairie 7L","isPartOf":{"@id":"https:\/\/librairie7l.com\/en\/#website"},"datePublished":"2023-10-04T07:16:23+00:00","dateModified":"2026-04-08T20:16:16+00:00","breadcrumb":{"@id":"https:\/\/librairie7l.com\/en\/produit\/yan-pei-ming-entretien-avec-donatien-grau\/#breadcrumb"},"inLanguage":"en-US","potentialAction":[{"@type":"ReadAction","target":["https:\/\/librairie7l.com\/en\/produit\/yan-pei-ming-entretien-avec-donatien-grau\/"]}]},{"@type":"BreadcrumbList","@id":"https:\/\/librairie7l.com\/en\/produit\/yan-pei-ming-entretien-avec-donatien-grau\/#breadcrumb","itemListElement":[{"@type":"ListItem","position":1,"name":"Accueil","item":"https:\/\/librairie7l.com\/en\/"},{"@type":"ListItem","position":2,"name":"Shop","item":"https:\/\/librairie7l.com\/en\/shop\/"},{"@type":"ListItem","position":3,"name":"YAN PEI-MING : ENTRETIEN AVEC DONATIEN GRAU"}]},{"@type":"WebSite","@id":"https:\/\/librairie7l.com\/en\/#website","url":"https:\/\/librairie7l.com\/en\/","name":"Librairie 7L","description":"Librairie fond\u00e9e en 1999 par Karl Lagerfeld \u00e0 Paris","publisher":{"@id":"https:\/\/librairie7l.com\/en\/#organization"},"potentialAction":[{"@type":"SearchAction","target":{"@type":"EntryPoint","urlTemplate":"https:\/\/librairie7l.com\/en\/?s={search_term_string}"},"query-input":"required name=search_term_string"}],"inLanguage":"en-US"},{"@type":"Organization","@id":"https:\/\/librairie7l.com\/en\/#organization","name":"Librairie 7L","url":"https:\/\/librairie7l.com\/en\/","logo":{"@type":"ImageObject","inLanguage":"en-US","@id":"https:\/\/librairie7l.com\/en\/#\/schema\/logo\/image\/","url":"https:\/\/librairie7l.com\/wp-content\/uploads\/2022\/08\/logo-1.png","contentUrl":"https:\/\/librairie7l.com\/wp-content\/uploads\/2022\/08\/logo-1.png","width":227,"height":301,"caption":"Librairie 7L"},"image":{"@id":"https:\/\/librairie7l.com\/en\/#\/schema\/logo\/image\/"}}]}},"_links":{"self":[{"href":"https:\/\/librairie7l.com\/en\/wp-json\/wp\/v2\/product\/34715"}],"collection":[{"href":"https:\/\/librairie7l.com\/en\/wp-json\/wp\/v2\/product"}],"about":[{"href":"https:\/\/librairie7l.com\/en\/wp-json\/wp\/v2\/types\/product"}],"wp:featuredmedia":[{"embeddable":true,"href":"https:\/\/librairie7l.com\/en\/wp-json\/wp\/v2\/media\/34713"}],"wp:attachment":[{"href":"https:\/\/librairie7l.com\/en\/wp-json\/wp\/v2\/media?parent=34715"}],"wp:term":[{"taxonomy":"product_cat","embeddable":true,"href":"https:\/\/librairie7l.com\/en\/wp-json\/wp\/v2\/product_cat?post=34715"},{"taxonomy":"product_tag","embeddable":true,"href":"https:\/\/librairie7l.com\/en\/wp-json\/wp\/v2\/product_tag?post=34715"}],"curies":[{"name":"wp","href":"https:\/\/api.w.org\/{rel}","templated":true}]}}