{"id":34719,"date":"2023-10-04T09:16:28","date_gmt":"2023-10-04T07:16:28","guid":{"rendered":"https:\/\/librairie7l.com\/?post_type=product&#038;p=34719"},"modified":"2026-04-30T02:51:33","modified_gmt":"2026-04-30T00:51:33","slug":"louvre-haute-couture-une-histoire-de-la-mode-dans-les-collections-du-louvre","status":"publish","type":"product","link":"https:\/\/librairie7l.com\/en\/produit\/louvre-haute-couture-une-histoire-de-la-mode-dans-les-collections-du-louvre\/","title":{"rendered":"LOUVRE HAUTE COUTURE : LA MODE DANS LES COLLECTIONS DE PEINTURES DU LOUVRE"},"content":{"rendered":"<p>Qu&#8217;ils soient de personnages c\u00e9l\u00e8bres ou d&#8217;inconnus, le Louvre conserve une inestimable collection de portraits qui sont autant de t\u00e9moignages de l&#8217;histoire du v\u00eatement, de ses usages et de l&#8217;\u00e9volution du go\u00fbt. C&#8217;est \u00e0 une visite de cette galerie d&#8217;histoire de la mode que Sabine de La Rochefoucauld nous convie ici. Historienne de l&#8217;art, elle connait tr\u00e8s bien la collection de peintures du mus\u00e9e du Louvre sur laquelle elle travaille depuis plusieurs ann\u00e9es.<\/p>\n<p>Ainsi, elle d\u00e9crypte pour nous la mise de deux personnages repr\u00e9sent\u00e9s sur une tapisserie du d\u00e9but du xve si\u00e8cle qui illustre une sc\u00e8ne d&#8217;amour courtois. Plus loin, c&#8217;est un portrait de Marguerite d&#8217;York, troisi\u00e8me femme de Charles le T\u00e9m\u00e9raire, qui attire son attention. V\u00eatue d&#8217;une robe noire bord\u00e9e d&#8217;hermine orn\u00e9e de pi\u00e8ces d&#8217;orf\u00e8vrerie, coiff\u00e9e d&#8217;un hennin, la duchesse de Bourgogne arbore avec \u00e9l\u00e9gance la mode de son temps.<br \/>\nSur son autoportrait dat\u00e9 de 1493, Albrecht D\u00fcrer apporte une attention particuli\u00e8re \u00e0 son apparence car il ne doit ressembler \u00e0 aucun autre. Ainsi s&#8217;explique le port de ce surprenant b\u00e9ret rouge dot\u00e9 de lani\u00e8res souples, cette chemise \u00e9chancr\u00e9e galonn\u00e9e de rouge et d&#8217;or orn\u00e9e de lani\u00e8res couverte d&#8217;un manteau bleu fronc\u00e9 au col et aux \u00e9paules. Dans le pastel qu&#8217;en a laiss\u00e9 Maurice Quentin de La Tour de la marquise de Pompadour, celle-ci, somptueusement v\u00eatue de ce qu&#8217;on d\u00e9signera d\u00e8s lors robe \u00e0 la fran\u00e7aise tient son r\u00f4le de belle et talentueuse ic\u00f4ne de la mode. Ainsi, en une soixantaine de portraits du xve au xixe si\u00e8cle, servi par un texte \u00e0 la fois distrayant et \u00e9rudit cet ouvrage nous invite gr\u00e2ce \u00e0 cette promenade dans les collections de peintures du mus\u00e9e du Louvre \u00e0 red\u00e9couvrir la mode avec ses mati\u00e8res, ses usages et ses accessoires.<\/p>\n","protected":false},"excerpt":{"rendered":"<p>Qu&#8217;ils soient de personnages c\u00e9l\u00e8bres ou d&#8217;inconnus, le Louvre conserve une inestimable collection de portraits qui sont autant de t\u00e9moignages de l&#8217;histoire du v\u00eatement, de ses usages et de l&#8217;\u00e9volution du go\u00fbt. C&#8217;est \u00e0 une visite de cette galerie d&#8217;histoire de la mode que Sabine de La Rochefoucauld nous convie ici. Historienne de l&#8217;art, elle [&hellip;]<\/p>\n","protected":false},"featured_media":34717,"template":"","meta":[],"product_cat":[2948,2953],"product_tag":[],"acf":[],"yoast_head":"<!-- This site is optimized with the Yoast SEO plugin v20.11 - https:\/\/yoast.com\/wordpress\/plugins\/seo\/ -->\n<title>Louvre haute couture : la mode dans les collections de peintures du Louvre - Librairie 7L<\/title>\n<meta name=\"robots\" content=\"index, follow, max-snippet:-1, max-image-preview:large, max-video-preview:-1\" \/>\n<link rel=\"canonical\" href=\"https:\/\/librairie7l.com\/en\/produit\/louvre-haute-couture-une-histoire-de-la-mode-dans-les-collections-du-louvre\/\" \/>\n<meta property=\"og:locale\" content=\"en_US\" \/>\n<meta property=\"og:type\" content=\"article\" \/>\n<meta property=\"og:title\" content=\"Louvre haute couture : la mode dans les collections de peintures du Louvre - Librairie 7L\" \/>\n<meta property=\"og:description\" content=\"Qu&#8217;ils soient de personnages c\u00e9l\u00e8bres ou d&#8217;inconnus, le Louvre conserve une inestimable collection de portraits qui sont autant de t\u00e9moignages de l&#8217;histoire du v\u00eatement, de ses usages et de l&#8217;\u00e9volution du go\u00fbt. C&#8217;est \u00e0 une visite de cette galerie d&#8217;histoire de la mode que Sabine de La Rochefoucauld nous convie ici. Historienne de l&#8217;art, elle [&hellip;]\" \/>\n<meta property=\"og:url\" content=\"https:\/\/librairie7l.com\/en\/produit\/louvre-haute-couture-une-histoire-de-la-mode-dans-les-collections-du-louvre\/\" \/>\n<meta property=\"og:site_name\" content=\"Librairie 7L\" \/>\n<meta property=\"article:modified_time\" content=\"2026-04-30T00:51:33+00:00\" \/>\n<meta property=\"og:image\" content=\"https:\/\/librairie7l.com\/wp-content\/uploads\/2023\/04\/9782353403905_1_75.jpg\" \/>\n\t<meta property=\"og:image:width\" content=\"600\" \/>\n\t<meta property=\"og:image:height\" content=\"600\" \/>\n\t<meta property=\"og:image:type\" content=\"image\/jpeg\" \/>\n<meta name=\"twitter:card\" content=\"summary_large_image\" \/>\n<meta name=\"twitter:label1\" content=\"Est. reading time\" \/>\n\t<meta name=\"twitter:data1\" content=\"2 minutes\" \/>\n<script type=\"application\/ld+json\" class=\"yoast-schema-graph\">{\"@context\":\"https:\/\/schema.org\",\"@graph\":[{\"@type\":\"WebPage\",\"@id\":\"https:\/\/librairie7l.com\/en\/produit\/louvre-haute-couture-une-histoire-de-la-mode-dans-les-collections-du-louvre\/\",\"url\":\"https:\/\/librairie7l.com\/en\/produit\/louvre-haute-couture-une-histoire-de-la-mode-dans-les-collections-du-louvre\/\",\"name\":\"Louvre haute couture : la mode dans les collections de peintures du Louvre - Librairie 7L\",\"isPartOf\":{\"@id\":\"https:\/\/librairie7l.com\/en\/#website\"},\"datePublished\":\"2023-10-04T07:16:28+00:00\",\"dateModified\":\"2026-04-30T00:51:33+00:00\",\"breadcrumb\":{\"@id\":\"https:\/\/librairie7l.com\/en\/produit\/louvre-haute-couture-une-histoire-de-la-mode-dans-les-collections-du-louvre\/#breadcrumb\"},\"inLanguage\":\"en-US\",\"potentialAction\":[{\"@type\":\"ReadAction\",\"target\":[\"https:\/\/librairie7l.com\/en\/produit\/louvre-haute-couture-une-histoire-de-la-mode-dans-les-collections-du-louvre\/\"]}]},{\"@type\":\"BreadcrumbList\",\"@id\":\"https:\/\/librairie7l.com\/en\/produit\/louvre-haute-couture-une-histoire-de-la-mode-dans-les-collections-du-louvre\/#breadcrumb\",\"itemListElement\":[{\"@type\":\"ListItem\",\"position\":1,\"name\":\"Accueil\",\"item\":\"https:\/\/librairie7l.com\/en\/\"},{\"@type\":\"ListItem\",\"position\":2,\"name\":\"Shop\",\"item\":\"https:\/\/librairie7l.com\/en\/shop\/\"},{\"@type\":\"ListItem\",\"position\":3,\"name\":\"LOUVRE HAUTE COUTURE : LA MODE DANS LES COLLECTIONS DE PEINTURES DU LOUVRE\"}]},{\"@type\":\"WebSite\",\"@id\":\"https:\/\/librairie7l.com\/en\/#website\",\"url\":\"https:\/\/librairie7l.com\/en\/\",\"name\":\"Librairie 7L\",\"description\":\"Librairie fond\u00e9e en 1999 par Karl Lagerfeld \u00e0 Paris\",\"publisher\":{\"@id\":\"https:\/\/librairie7l.com\/en\/#organization\"},\"potentialAction\":[{\"@type\":\"SearchAction\",\"target\":{\"@type\":\"EntryPoint\",\"urlTemplate\":\"https:\/\/librairie7l.com\/en\/?s={search_term_string}\"},\"query-input\":\"required name=search_term_string\"}],\"inLanguage\":\"en-US\"},{\"@type\":\"Organization\",\"@id\":\"https:\/\/librairie7l.com\/en\/#organization\",\"name\":\"Librairie 7L\",\"url\":\"https:\/\/librairie7l.com\/en\/\",\"logo\":{\"@type\":\"ImageObject\",\"inLanguage\":\"en-US\",\"@id\":\"https:\/\/librairie7l.com\/en\/#\/schema\/logo\/image\/\",\"url\":\"https:\/\/librairie7l.com\/wp-content\/uploads\/2022\/08\/logo-1.png\",\"contentUrl\":\"https:\/\/librairie7l.com\/wp-content\/uploads\/2022\/08\/logo-1.png\",\"width\":227,\"height\":301,\"caption\":\"Librairie 7L\"},\"image\":{\"@id\":\"https:\/\/librairie7l.com\/en\/#\/schema\/logo\/image\/\"}}]}<\/script>\n<!-- \/ Yoast SEO plugin. -->","yoast_head_json":{"title":"Louvre haute couture : la mode dans les collections de peintures du Louvre - Librairie 7L","robots":{"index":"index","follow":"follow","max-snippet":"max-snippet:-1","max-image-preview":"max-image-preview:large","max-video-preview":"max-video-preview:-1"},"canonical":"https:\/\/librairie7l.com\/en\/produit\/louvre-haute-couture-une-histoire-de-la-mode-dans-les-collections-du-louvre\/","og_locale":"en_US","og_type":"article","og_title":"Louvre haute couture : la mode dans les collections de peintures du Louvre - Librairie 7L","og_description":"Qu&#8217;ils soient de personnages c\u00e9l\u00e8bres ou d&#8217;inconnus, le Louvre conserve une inestimable collection de portraits qui sont autant de t\u00e9moignages de l&#8217;histoire du v\u00eatement, de ses usages et de l&#8217;\u00e9volution du go\u00fbt. C&#8217;est \u00e0 une visite de cette galerie d&#8217;histoire de la mode que Sabine de La Rochefoucauld nous convie ici. Historienne de l&#8217;art, elle [&hellip;]","og_url":"https:\/\/librairie7l.com\/en\/produit\/louvre-haute-couture-une-histoire-de-la-mode-dans-les-collections-du-louvre\/","og_site_name":"Librairie 7L","article_modified_time":"2026-04-30T00:51:33+00:00","og_image":[{"width":600,"height":600,"url":"https:\/\/librairie7l.com\/wp-content\/uploads\/2023\/04\/9782353403905_1_75.jpg","type":"image\/jpeg"}],"twitter_card":"summary_large_image","twitter_misc":{"Est. reading time":"2 minutes"},"schema":{"@context":"https:\/\/schema.org","@graph":[{"@type":"WebPage","@id":"https:\/\/librairie7l.com\/en\/produit\/louvre-haute-couture-une-histoire-de-la-mode-dans-les-collections-du-louvre\/","url":"https:\/\/librairie7l.com\/en\/produit\/louvre-haute-couture-une-histoire-de-la-mode-dans-les-collections-du-louvre\/","name":"Louvre haute couture : la mode dans les collections de peintures du Louvre - Librairie 7L","isPartOf":{"@id":"https:\/\/librairie7l.com\/en\/#website"},"datePublished":"2023-10-04T07:16:28+00:00","dateModified":"2026-04-30T00:51:33+00:00","breadcrumb":{"@id":"https:\/\/librairie7l.com\/en\/produit\/louvre-haute-couture-une-histoire-de-la-mode-dans-les-collections-du-louvre\/#breadcrumb"},"inLanguage":"en-US","potentialAction":[{"@type":"ReadAction","target":["https:\/\/librairie7l.com\/en\/produit\/louvre-haute-couture-une-histoire-de-la-mode-dans-les-collections-du-louvre\/"]}]},{"@type":"BreadcrumbList","@id":"https:\/\/librairie7l.com\/en\/produit\/louvre-haute-couture-une-histoire-de-la-mode-dans-les-collections-du-louvre\/#breadcrumb","itemListElement":[{"@type":"ListItem","position":1,"name":"Accueil","item":"https:\/\/librairie7l.com\/en\/"},{"@type":"ListItem","position":2,"name":"Shop","item":"https:\/\/librairie7l.com\/en\/shop\/"},{"@type":"ListItem","position":3,"name":"LOUVRE HAUTE COUTURE : LA MODE DANS LES COLLECTIONS DE PEINTURES DU LOUVRE"}]},{"@type":"WebSite","@id":"https:\/\/librairie7l.com\/en\/#website","url":"https:\/\/librairie7l.com\/en\/","name":"Librairie 7L","description":"Librairie fond\u00e9e en 1999 par Karl Lagerfeld \u00e0 Paris","publisher":{"@id":"https:\/\/librairie7l.com\/en\/#organization"},"potentialAction":[{"@type":"SearchAction","target":{"@type":"EntryPoint","urlTemplate":"https:\/\/librairie7l.com\/en\/?s={search_term_string}"},"query-input":"required name=search_term_string"}],"inLanguage":"en-US"},{"@type":"Organization","@id":"https:\/\/librairie7l.com\/en\/#organization","name":"Librairie 7L","url":"https:\/\/librairie7l.com\/en\/","logo":{"@type":"ImageObject","inLanguage":"en-US","@id":"https:\/\/librairie7l.com\/en\/#\/schema\/logo\/image\/","url":"https:\/\/librairie7l.com\/wp-content\/uploads\/2022\/08\/logo-1.png","contentUrl":"https:\/\/librairie7l.com\/wp-content\/uploads\/2022\/08\/logo-1.png","width":227,"height":301,"caption":"Librairie 7L"},"image":{"@id":"https:\/\/librairie7l.com\/en\/#\/schema\/logo\/image\/"}}]}},"_links":{"self":[{"href":"https:\/\/librairie7l.com\/en\/wp-json\/wp\/v2\/product\/34719"}],"collection":[{"href":"https:\/\/librairie7l.com\/en\/wp-json\/wp\/v2\/product"}],"about":[{"href":"https:\/\/librairie7l.com\/en\/wp-json\/wp\/v2\/types\/product"}],"wp:featuredmedia":[{"embeddable":true,"href":"https:\/\/librairie7l.com\/en\/wp-json\/wp\/v2\/media\/34717"}],"wp:attachment":[{"href":"https:\/\/librairie7l.com\/en\/wp-json\/wp\/v2\/media?parent=34719"}],"wp:term":[{"taxonomy":"product_cat","embeddable":true,"href":"https:\/\/librairie7l.com\/en\/wp-json\/wp\/v2\/product_cat?post=34719"},{"taxonomy":"product_tag","embeddable":true,"href":"https:\/\/librairie7l.com\/en\/wp-json\/wp\/v2\/product_tag?post=34719"}],"curies":[{"name":"wp","href":"https:\/\/api.w.org\/{rel}","templated":true}]}}