{"id":34725,"date":"2023-10-05T09:16:09","date_gmt":"2023-10-05T07:16:09","guid":{"rendered":"https:\/\/librairie7l.com\/?post_type=product&#038;p=34725"},"modified":"2026-05-01T16:53:01","modified_gmt":"2026-05-01T14:53:01","slug":"jardins-explorer-lart-de-lhorticulture","status":"publish","type":"product","link":"https:\/\/librairie7l.com\/en\/produit\/jardins-explorer-lart-de-lhorticulture\/","title":{"rendered":"JARDINS : EXPLORER L&#8217;ART DE L&#8217;HORTICULTURE"},"content":{"rendered":"<p>Jardins : Explorer l&#8217;art de l&#8217;horticulture emm\u00e8ne le lecteur dans un voyage unique \u00e0 travers les continents et les cultures pour d\u00e9couvrir comment artistes, jardiniers, paysagistes et illustrateurs se sont inspir\u00e9s des jardins depuis plus de 4?000 ans, de l&#8217;\u00c9gypte antique \u00e0 nos jours. Ce tour d&#8217;horizon superbement illustr\u00e9 r\u00e9unit plus de 300 images spectaculaires couvrant un large \u00e9ventail de styles et de techniques, des peintures, installations, sculptures et plans en passant par des images de cin\u00e9ma, des bijoux et des textiles.<\/p>\n<p>Cette s\u00e9lection, r\u00e9alis\u00e9e par un comit\u00e9 international d&#8217;experts, d\u00e9voile la diversit\u00e9 et la beaut\u00e9 des jardins, du jardin d&#8217;\u00c9den aux jardins suspendus de Babylone en passant par les jardins paysagers anglais, les jardins zen japonais et de simples potagers. Cet ouvrage de r\u00e9f\u00e9rence inclut des oeuvres c\u00e9l\u00e8bres ou plus confidentielles d&#8217;artistes et de cr\u00e9ateurs tels que Pierre Bonnard, Annie Faivre, Fergus Garrett, Jean Jullien, Roberto Burle Marx, Claude Mollet, Gertrude Jekyll, David LaChapelle, Marianne North, Piet Oudolf, Faith Ringgold, Vita Sackville-West, Jonas Wood et bien d&#8217;autres.<\/p>\n<p>Assembl\u00e9es par paires, ind\u00e9pendamment de toute chronologie et toute g\u00e9ographie, les images r\u00e9v\u00e8lent des contrastes et des similitudes \u00e9tonnantes. Observez des plans originaux de jardins, ceux du potager de Versailles au xviie si\u00e8cle ou de Thomas Dolliver Church pour El Novillero, en Californie. D\u00e9couvrez la campagne du gouvernement britannique pour promouvoir l&#8217;agriculture pendant la Seconde Guerre mondiale, et comment des horticulteurs envisagent de cultiver des plantes sur Mars. Apprenez tout de l&#8217;histoire du jardin de Claude Monet \u00e0 Giverny, du sanctuaire cr\u00e9atif d&#8217;Anne Spencer \u00e0 Lynchburg, en Virginie, pendant la Renaissance de Harlem et du jardin communautaire du \u00ab Gangster Gardener \u00bb Ron Finley \u00e0 Los Angeles.<\/p>\n<p>Les jardins, qu&#8217;ils soient repr\u00e9sent\u00e9s sur d&#8217;anciennes fresques romaines, illustr\u00e9s dans des manuscrits enlumin\u00e9s, rendus sur le papier ou captur\u00e9s num\u00e9riquement gr\u00e2ce aux derni\u00e8res technologies de pointe, sont depuis longtemps un sujet de pr\u00e9dilection pour les artistes et les cr\u00e9ateurs du monde entier. Des jardini\u00e8res et des massifs de fleurs soigneusement entretenus aux jardins ouvriers, des oasis sur les toits-terrasses aux grands parcs publics, les jardins sont partout et nous connectent avec la nature.<\/p>\n","protected":false},"excerpt":{"rendered":"<p>Jardins : Explorer l&#8217;art de l&#8217;horticulture emm\u00e8ne le lecteur dans un voyage unique \u00e0 travers les continents et les cultures pour d\u00e9couvrir comment artistes, jardiniers, paysagistes et illustrateurs se sont inspir\u00e9s des jardins depuis plus de 4?000 ans, de l&#8217;\u00c9gypte antique \u00e0 nos jours. Ce tour d&#8217;horizon superbement illustr\u00e9 r\u00e9unit plus de 300 images spectaculaires [&hellip;]<\/p>\n","protected":false},"featured_media":34723,"template":"","meta":[],"product_cat":[2948,2956],"product_tag":[],"acf":[],"yoast_head":"<!-- This site is optimized with the Yoast SEO plugin v20.11 - https:\/\/yoast.com\/wordpress\/plugins\/seo\/ -->\n<title>Jardins : Explorer l&#039;art de l&#039;horticulture - Librairie 7L<\/title>\n<meta name=\"robots\" content=\"index, follow, max-snippet:-1, max-image-preview:large, max-video-preview:-1\" \/>\n<link rel=\"canonical\" href=\"https:\/\/librairie7l.com\/en\/produit\/jardins-explorer-lart-de-lhorticulture\/\" \/>\n<meta property=\"og:locale\" content=\"en_US\" \/>\n<meta property=\"og:type\" content=\"article\" \/>\n<meta property=\"og:title\" content=\"Jardins : Explorer l&#039;art de l&#039;horticulture - Librairie 7L\" \/>\n<meta property=\"og:description\" content=\"Jardins : Explorer l&#8217;art de l&#8217;horticulture emm\u00e8ne le lecteur dans un voyage unique \u00e0 travers les continents et les cultures pour d\u00e9couvrir comment artistes, jardiniers, paysagistes et illustrateurs se sont inspir\u00e9s des jardins depuis plus de 4?000 ans, de l&#8217;\u00c9gypte antique \u00e0 nos jours. Ce tour d&#8217;horizon superbement illustr\u00e9 r\u00e9unit plus de 300 images spectaculaires [&hellip;]\" \/>\n<meta property=\"og:url\" content=\"https:\/\/librairie7l.com\/en\/produit\/jardins-explorer-lart-de-lhorticulture\/\" \/>\n<meta property=\"og:site_name\" content=\"Librairie 7L\" \/>\n<meta property=\"article:modified_time\" content=\"2026-05-01T14:53:01+00:00\" \/>\n<meta property=\"og:image\" content=\"https:\/\/librairie7l.com\/wp-content\/uploads\/2023\/05\/9781838667399_1_75.jpg\" \/>\n\t<meta property=\"og:image:width\" content=\"600\" \/>\n\t<meta property=\"og:image:height\" content=\"800\" \/>\n\t<meta property=\"og:image:type\" content=\"image\/jpeg\" \/>\n<meta name=\"twitter:card\" content=\"summary_large_image\" \/>\n<meta name=\"twitter:label1\" content=\"Est. reading time\" \/>\n\t<meta name=\"twitter:data1\" content=\"2 minutes\" \/>\n<script type=\"application\/ld+json\" class=\"yoast-schema-graph\">{\"@context\":\"https:\/\/schema.org\",\"@graph\":[{\"@type\":\"WebPage\",\"@id\":\"https:\/\/librairie7l.com\/en\/produit\/jardins-explorer-lart-de-lhorticulture\/\",\"url\":\"https:\/\/librairie7l.com\/en\/produit\/jardins-explorer-lart-de-lhorticulture\/\",\"name\":\"Jardins : Explorer l'art de l'horticulture - Librairie 7L\",\"isPartOf\":{\"@id\":\"https:\/\/librairie7l.com\/en\/#website\"},\"datePublished\":\"2023-10-05T07:16:09+00:00\",\"dateModified\":\"2026-05-01T14:53:01+00:00\",\"breadcrumb\":{\"@id\":\"https:\/\/librairie7l.com\/en\/produit\/jardins-explorer-lart-de-lhorticulture\/#breadcrumb\"},\"inLanguage\":\"en-US\",\"potentialAction\":[{\"@type\":\"ReadAction\",\"target\":[\"https:\/\/librairie7l.com\/en\/produit\/jardins-explorer-lart-de-lhorticulture\/\"]}]},{\"@type\":\"BreadcrumbList\",\"@id\":\"https:\/\/librairie7l.com\/en\/produit\/jardins-explorer-lart-de-lhorticulture\/#breadcrumb\",\"itemListElement\":[{\"@type\":\"ListItem\",\"position\":1,\"name\":\"Accueil\",\"item\":\"https:\/\/librairie7l.com\/en\/\"},{\"@type\":\"ListItem\",\"position\":2,\"name\":\"Shop\",\"item\":\"https:\/\/librairie7l.com\/en\/shop\/\"},{\"@type\":\"ListItem\",\"position\":3,\"name\":\"JARDINS : EXPLORER L&#8217;ART DE L&#8217;HORTICULTURE\"}]},{\"@type\":\"WebSite\",\"@id\":\"https:\/\/librairie7l.com\/en\/#website\",\"url\":\"https:\/\/librairie7l.com\/en\/\",\"name\":\"Librairie 7L\",\"description\":\"Librairie fond\u00e9e en 1999 par Karl Lagerfeld \u00e0 Paris\",\"publisher\":{\"@id\":\"https:\/\/librairie7l.com\/en\/#organization\"},\"potentialAction\":[{\"@type\":\"SearchAction\",\"target\":{\"@type\":\"EntryPoint\",\"urlTemplate\":\"https:\/\/librairie7l.com\/en\/?s={search_term_string}\"},\"query-input\":\"required name=search_term_string\"}],\"inLanguage\":\"en-US\"},{\"@type\":\"Organization\",\"@id\":\"https:\/\/librairie7l.com\/en\/#organization\",\"name\":\"Librairie 7L\",\"url\":\"https:\/\/librairie7l.com\/en\/\",\"logo\":{\"@type\":\"ImageObject\",\"inLanguage\":\"en-US\",\"@id\":\"https:\/\/librairie7l.com\/en\/#\/schema\/logo\/image\/\",\"url\":\"https:\/\/librairie7l.com\/wp-content\/uploads\/2022\/08\/logo-1.png\",\"contentUrl\":\"https:\/\/librairie7l.com\/wp-content\/uploads\/2022\/08\/logo-1.png\",\"width\":227,\"height\":301,\"caption\":\"Librairie 7L\"},\"image\":{\"@id\":\"https:\/\/librairie7l.com\/en\/#\/schema\/logo\/image\/\"}}]}<\/script>\n<!-- \/ Yoast SEO plugin. -->","yoast_head_json":{"title":"Jardins : Explorer l'art de l'horticulture - Librairie 7L","robots":{"index":"index","follow":"follow","max-snippet":"max-snippet:-1","max-image-preview":"max-image-preview:large","max-video-preview":"max-video-preview:-1"},"canonical":"https:\/\/librairie7l.com\/en\/produit\/jardins-explorer-lart-de-lhorticulture\/","og_locale":"en_US","og_type":"article","og_title":"Jardins : Explorer l'art de l'horticulture - Librairie 7L","og_description":"Jardins : Explorer l&#8217;art de l&#8217;horticulture emm\u00e8ne le lecteur dans un voyage unique \u00e0 travers les continents et les cultures pour d\u00e9couvrir comment artistes, jardiniers, paysagistes et illustrateurs se sont inspir\u00e9s des jardins depuis plus de 4?000 ans, de l&#8217;\u00c9gypte antique \u00e0 nos jours. Ce tour d&#8217;horizon superbement illustr\u00e9 r\u00e9unit plus de 300 images spectaculaires [&hellip;]","og_url":"https:\/\/librairie7l.com\/en\/produit\/jardins-explorer-lart-de-lhorticulture\/","og_site_name":"Librairie 7L","article_modified_time":"2026-05-01T14:53:01+00:00","og_image":[{"width":600,"height":800,"url":"https:\/\/librairie7l.com\/wp-content\/uploads\/2023\/05\/9781838667399_1_75.jpg","type":"image\/jpeg"}],"twitter_card":"summary_large_image","twitter_misc":{"Est. reading time":"2 minutes"},"schema":{"@context":"https:\/\/schema.org","@graph":[{"@type":"WebPage","@id":"https:\/\/librairie7l.com\/en\/produit\/jardins-explorer-lart-de-lhorticulture\/","url":"https:\/\/librairie7l.com\/en\/produit\/jardins-explorer-lart-de-lhorticulture\/","name":"Jardins : Explorer l'art de l'horticulture - Librairie 7L","isPartOf":{"@id":"https:\/\/librairie7l.com\/en\/#website"},"datePublished":"2023-10-05T07:16:09+00:00","dateModified":"2026-05-01T14:53:01+00:00","breadcrumb":{"@id":"https:\/\/librairie7l.com\/en\/produit\/jardins-explorer-lart-de-lhorticulture\/#breadcrumb"},"inLanguage":"en-US","potentialAction":[{"@type":"ReadAction","target":["https:\/\/librairie7l.com\/en\/produit\/jardins-explorer-lart-de-lhorticulture\/"]}]},{"@type":"BreadcrumbList","@id":"https:\/\/librairie7l.com\/en\/produit\/jardins-explorer-lart-de-lhorticulture\/#breadcrumb","itemListElement":[{"@type":"ListItem","position":1,"name":"Accueil","item":"https:\/\/librairie7l.com\/en\/"},{"@type":"ListItem","position":2,"name":"Shop","item":"https:\/\/librairie7l.com\/en\/shop\/"},{"@type":"ListItem","position":3,"name":"JARDINS : EXPLORER L&#8217;ART DE L&#8217;HORTICULTURE"}]},{"@type":"WebSite","@id":"https:\/\/librairie7l.com\/en\/#website","url":"https:\/\/librairie7l.com\/en\/","name":"Librairie 7L","description":"Librairie fond\u00e9e en 1999 par Karl Lagerfeld \u00e0 Paris","publisher":{"@id":"https:\/\/librairie7l.com\/en\/#organization"},"potentialAction":[{"@type":"SearchAction","target":{"@type":"EntryPoint","urlTemplate":"https:\/\/librairie7l.com\/en\/?s={search_term_string}"},"query-input":"required name=search_term_string"}],"inLanguage":"en-US"},{"@type":"Organization","@id":"https:\/\/librairie7l.com\/en\/#organization","name":"Librairie 7L","url":"https:\/\/librairie7l.com\/en\/","logo":{"@type":"ImageObject","inLanguage":"en-US","@id":"https:\/\/librairie7l.com\/en\/#\/schema\/logo\/image\/","url":"https:\/\/librairie7l.com\/wp-content\/uploads\/2022\/08\/logo-1.png","contentUrl":"https:\/\/librairie7l.com\/wp-content\/uploads\/2022\/08\/logo-1.png","width":227,"height":301,"caption":"Librairie 7L"},"image":{"@id":"https:\/\/librairie7l.com\/en\/#\/schema\/logo\/image\/"}}]}},"_links":{"self":[{"href":"https:\/\/librairie7l.com\/en\/wp-json\/wp\/v2\/product\/34725"}],"collection":[{"href":"https:\/\/librairie7l.com\/en\/wp-json\/wp\/v2\/product"}],"about":[{"href":"https:\/\/librairie7l.com\/en\/wp-json\/wp\/v2\/types\/product"}],"wp:featuredmedia":[{"embeddable":true,"href":"https:\/\/librairie7l.com\/en\/wp-json\/wp\/v2\/media\/34723"}],"wp:attachment":[{"href":"https:\/\/librairie7l.com\/en\/wp-json\/wp\/v2\/media?parent=34725"}],"wp:term":[{"taxonomy":"product_cat","embeddable":true,"href":"https:\/\/librairie7l.com\/en\/wp-json\/wp\/v2\/product_cat?post=34725"},{"taxonomy":"product_tag","embeddable":true,"href":"https:\/\/librairie7l.com\/en\/wp-json\/wp\/v2\/product_tag?post=34725"}],"curies":[{"name":"wp","href":"https:\/\/api.w.org\/{rel}","templated":true}]}}