{"id":34729,"date":"2023-10-05T09:16:11","date_gmt":"2023-10-05T07:16:11","guid":{"rendered":"https:\/\/librairie7l.com\/?post_type=product&#038;p=34729"},"modified":"2026-04-15T06:54:56","modified_gmt":"2026-04-15T04:54:56","slug":"maximalisme-exces-extravagance-et-exuberance-en-decoration","status":"publish","type":"product","link":"https:\/\/librairie7l.com\/en\/produit\/maximalisme-exces-extravagance-et-exuberance-en-decoration\/","title":{"rendered":"MAXIMALISME : EXC\u00c8S, EXTRAVAGANCE ET EXUB\u00c9RANCE EN D\u00c9CORATION"},"content":{"rendered":"<p>Le style maximaliste, du XVIIe si\u00e8cle \u00e0 nos jours, c\u00e9l\u00e9br\u00e9 dans un ouvrage foisonnant.<\/p>\n<p>Le maximalisme en mati\u00e8re de d\u00e9coration int\u00e9rieure existe depuis plus de quatre si\u00e8cles, sous des formes tr\u00e8s diverses. Cet ouvrage, richement illustr\u00e9, pr\u00e9sente les plus beaux int\u00e9rieurs maximalistes au monde, dans une s\u00e9lection unique m\u00ealant demeures historiques et contemporaines.<\/p>\n<p>L&#8217;introduction est sign\u00e9e par Simon Doonan, auteur et personnalit\u00e9 du monde des m\u00e9dias, qui a travaill\u00e9 aux c\u00f4t\u00e9s de Diana Vreeland au Costume Institute \u00e0 New York avant de rejoindre, en 1986, le c\u00e9l\u00e8bre magasin new-yorkais Barneys, dont il a con\u00e7u les l\u00e9gendaires vitrines pendant pr\u00e8s de trente ans en tant que directeur artistique. Il est membre du jury de l&#8217;\u00e9mission Making It sur NBC et ses \u00e9crits ont \u00e9t\u00e9 publi\u00e9s, entre autres, dans le New York Observer, Harper&#8217;s Bazaar, Glamour ou Slate.<\/p>\n","protected":false},"excerpt":{"rendered":"<p>Le style maximaliste, du XVIIe si\u00e8cle \u00e0 nos jours, c\u00e9l\u00e9br\u00e9 dans un ouvrage foisonnant. Le maximalisme en mati\u00e8re de d\u00e9coration int\u00e9rieure existe depuis plus de quatre si\u00e8cles, sous des formes tr\u00e8s diverses. Cet ouvrage, richement illustr\u00e9, pr\u00e9sente les plus beaux int\u00e9rieurs maximalistes au monde, dans une s\u00e9lection unique m\u00ealant demeures historiques et contemporaines. L&#8217;introduction est [&hellip;]<\/p>\n","protected":false},"featured_media":34727,"template":"","meta":[],"product_cat":[2948,2951],"product_tag":[],"acf":[],"yoast_head":"<!-- This site is optimized with the Yoast SEO plugin v20.11 - https:\/\/yoast.com\/wordpress\/plugins\/seo\/ -->\n<title>Maximalisme : exc\u00e8s, extravagance et exub\u00e9rance en d\u00e9coration - Librairie 7L<\/title>\n<meta name=\"robots\" content=\"index, follow, max-snippet:-1, max-image-preview:large, max-video-preview:-1\" \/>\n<link rel=\"canonical\" href=\"https:\/\/librairie7l.com\/en\/produit\/maximalisme-exces-extravagance-et-exuberance-en-decoration\/\" \/>\n<meta property=\"og:locale\" content=\"en_US\" \/>\n<meta property=\"og:type\" content=\"article\" \/>\n<meta property=\"og:title\" content=\"Maximalisme : exc\u00e8s, extravagance et exub\u00e9rance en d\u00e9coration - Librairie 7L\" \/>\n<meta property=\"og:description\" content=\"Le style maximaliste, du XVIIe si\u00e8cle \u00e0 nos jours, c\u00e9l\u00e9br\u00e9 dans un ouvrage foisonnant. Le maximalisme en mati\u00e8re de d\u00e9coration int\u00e9rieure existe depuis plus de quatre si\u00e8cles, sous des formes tr\u00e8s diverses. Cet ouvrage, richement illustr\u00e9, pr\u00e9sente les plus beaux int\u00e9rieurs maximalistes au monde, dans une s\u00e9lection unique m\u00ealant demeures historiques et contemporaines. L&#8217;introduction est [&hellip;]\" \/>\n<meta property=\"og:url\" content=\"https:\/\/librairie7l.com\/en\/produit\/maximalisme-exces-extravagance-et-exuberance-en-decoration\/\" \/>\n<meta property=\"og:site_name\" content=\"Librairie 7L\" \/>\n<meta property=\"article:modified_time\" content=\"2026-04-15T04:54:56+00:00\" \/>\n<meta property=\"og:image\" content=\"https:\/\/librairie7l.com\/wp-content\/uploads\/2023\/05\/9781838667627_1_75.jpg\" \/>\n\t<meta property=\"og:image:width\" content=\"600\" \/>\n\t<meta property=\"og:image:height\" content=\"800\" \/>\n\t<meta property=\"og:image:type\" content=\"image\/jpeg\" \/>\n<meta name=\"twitter:card\" content=\"summary_large_image\" \/>\n<meta name=\"twitter:label1\" content=\"Est. reading time\" \/>\n\t<meta name=\"twitter:data1\" content=\"1 minute\" \/>\n<script type=\"application\/ld+json\" class=\"yoast-schema-graph\">{\"@context\":\"https:\/\/schema.org\",\"@graph\":[{\"@type\":\"WebPage\",\"@id\":\"https:\/\/librairie7l.com\/en\/produit\/maximalisme-exces-extravagance-et-exuberance-en-decoration\/\",\"url\":\"https:\/\/librairie7l.com\/en\/produit\/maximalisme-exces-extravagance-et-exuberance-en-decoration\/\",\"name\":\"Maximalisme : exc\u00e8s, extravagance et exub\u00e9rance en d\u00e9coration - Librairie 7L\",\"isPartOf\":{\"@id\":\"https:\/\/librairie7l.com\/en\/#website\"},\"datePublished\":\"2023-10-05T07:16:11+00:00\",\"dateModified\":\"2026-04-15T04:54:56+00:00\",\"breadcrumb\":{\"@id\":\"https:\/\/librairie7l.com\/en\/produit\/maximalisme-exces-extravagance-et-exuberance-en-decoration\/#breadcrumb\"},\"inLanguage\":\"en-US\",\"potentialAction\":[{\"@type\":\"ReadAction\",\"target\":[\"https:\/\/librairie7l.com\/en\/produit\/maximalisme-exces-extravagance-et-exuberance-en-decoration\/\"]}]},{\"@type\":\"BreadcrumbList\",\"@id\":\"https:\/\/librairie7l.com\/en\/produit\/maximalisme-exces-extravagance-et-exuberance-en-decoration\/#breadcrumb\",\"itemListElement\":[{\"@type\":\"ListItem\",\"position\":1,\"name\":\"Accueil\",\"item\":\"https:\/\/librairie7l.com\/en\/\"},{\"@type\":\"ListItem\",\"position\":2,\"name\":\"Shop\",\"item\":\"https:\/\/librairie7l.com\/en\/shop\/\"},{\"@type\":\"ListItem\",\"position\":3,\"name\":\"MAXIMALISME : EXC\u00c8S, EXTRAVAGANCE ET EXUB\u00c9RANCE EN D\u00c9CORATION\"}]},{\"@type\":\"WebSite\",\"@id\":\"https:\/\/librairie7l.com\/en\/#website\",\"url\":\"https:\/\/librairie7l.com\/en\/\",\"name\":\"Librairie 7L\",\"description\":\"Librairie fond\u00e9e en 1999 par Karl Lagerfeld \u00e0 Paris\",\"publisher\":{\"@id\":\"https:\/\/librairie7l.com\/en\/#organization\"},\"potentialAction\":[{\"@type\":\"SearchAction\",\"target\":{\"@type\":\"EntryPoint\",\"urlTemplate\":\"https:\/\/librairie7l.com\/en\/?s={search_term_string}\"},\"query-input\":\"required name=search_term_string\"}],\"inLanguage\":\"en-US\"},{\"@type\":\"Organization\",\"@id\":\"https:\/\/librairie7l.com\/en\/#organization\",\"name\":\"Librairie 7L\",\"url\":\"https:\/\/librairie7l.com\/en\/\",\"logo\":{\"@type\":\"ImageObject\",\"inLanguage\":\"en-US\",\"@id\":\"https:\/\/librairie7l.com\/en\/#\/schema\/logo\/image\/\",\"url\":\"https:\/\/librairie7l.com\/wp-content\/uploads\/2022\/08\/logo-1.png\",\"contentUrl\":\"https:\/\/librairie7l.com\/wp-content\/uploads\/2022\/08\/logo-1.png\",\"width\":227,\"height\":301,\"caption\":\"Librairie 7L\"},\"image\":{\"@id\":\"https:\/\/librairie7l.com\/en\/#\/schema\/logo\/image\/\"}}]}<\/script>\n<!-- \/ Yoast SEO plugin. -->","yoast_head_json":{"title":"Maximalisme : exc\u00e8s, extravagance et exub\u00e9rance en d\u00e9coration - Librairie 7L","robots":{"index":"index","follow":"follow","max-snippet":"max-snippet:-1","max-image-preview":"max-image-preview:large","max-video-preview":"max-video-preview:-1"},"canonical":"https:\/\/librairie7l.com\/en\/produit\/maximalisme-exces-extravagance-et-exuberance-en-decoration\/","og_locale":"en_US","og_type":"article","og_title":"Maximalisme : exc\u00e8s, extravagance et exub\u00e9rance en d\u00e9coration - Librairie 7L","og_description":"Le style maximaliste, du XVIIe si\u00e8cle \u00e0 nos jours, c\u00e9l\u00e9br\u00e9 dans un ouvrage foisonnant. Le maximalisme en mati\u00e8re de d\u00e9coration int\u00e9rieure existe depuis plus de quatre si\u00e8cles, sous des formes tr\u00e8s diverses. Cet ouvrage, richement illustr\u00e9, pr\u00e9sente les plus beaux int\u00e9rieurs maximalistes au monde, dans une s\u00e9lection unique m\u00ealant demeures historiques et contemporaines. L&#8217;introduction est [&hellip;]","og_url":"https:\/\/librairie7l.com\/en\/produit\/maximalisme-exces-extravagance-et-exuberance-en-decoration\/","og_site_name":"Librairie 7L","article_modified_time":"2026-04-15T04:54:56+00:00","og_image":[{"width":600,"height":800,"url":"https:\/\/librairie7l.com\/wp-content\/uploads\/2023\/05\/9781838667627_1_75.jpg","type":"image\/jpeg"}],"twitter_card":"summary_large_image","twitter_misc":{"Est. reading time":"1 minute"},"schema":{"@context":"https:\/\/schema.org","@graph":[{"@type":"WebPage","@id":"https:\/\/librairie7l.com\/en\/produit\/maximalisme-exces-extravagance-et-exuberance-en-decoration\/","url":"https:\/\/librairie7l.com\/en\/produit\/maximalisme-exces-extravagance-et-exuberance-en-decoration\/","name":"Maximalisme : exc\u00e8s, extravagance et exub\u00e9rance en d\u00e9coration - Librairie 7L","isPartOf":{"@id":"https:\/\/librairie7l.com\/en\/#website"},"datePublished":"2023-10-05T07:16:11+00:00","dateModified":"2026-04-15T04:54:56+00:00","breadcrumb":{"@id":"https:\/\/librairie7l.com\/en\/produit\/maximalisme-exces-extravagance-et-exuberance-en-decoration\/#breadcrumb"},"inLanguage":"en-US","potentialAction":[{"@type":"ReadAction","target":["https:\/\/librairie7l.com\/en\/produit\/maximalisme-exces-extravagance-et-exuberance-en-decoration\/"]}]},{"@type":"BreadcrumbList","@id":"https:\/\/librairie7l.com\/en\/produit\/maximalisme-exces-extravagance-et-exuberance-en-decoration\/#breadcrumb","itemListElement":[{"@type":"ListItem","position":1,"name":"Accueil","item":"https:\/\/librairie7l.com\/en\/"},{"@type":"ListItem","position":2,"name":"Shop","item":"https:\/\/librairie7l.com\/en\/shop\/"},{"@type":"ListItem","position":3,"name":"MAXIMALISME : EXC\u00c8S, EXTRAVAGANCE ET EXUB\u00c9RANCE EN D\u00c9CORATION"}]},{"@type":"WebSite","@id":"https:\/\/librairie7l.com\/en\/#website","url":"https:\/\/librairie7l.com\/en\/","name":"Librairie 7L","description":"Librairie fond\u00e9e en 1999 par Karl Lagerfeld \u00e0 Paris","publisher":{"@id":"https:\/\/librairie7l.com\/en\/#organization"},"potentialAction":[{"@type":"SearchAction","target":{"@type":"EntryPoint","urlTemplate":"https:\/\/librairie7l.com\/en\/?s={search_term_string}"},"query-input":"required name=search_term_string"}],"inLanguage":"en-US"},{"@type":"Organization","@id":"https:\/\/librairie7l.com\/en\/#organization","name":"Librairie 7L","url":"https:\/\/librairie7l.com\/en\/","logo":{"@type":"ImageObject","inLanguage":"en-US","@id":"https:\/\/librairie7l.com\/en\/#\/schema\/logo\/image\/","url":"https:\/\/librairie7l.com\/wp-content\/uploads\/2022\/08\/logo-1.png","contentUrl":"https:\/\/librairie7l.com\/wp-content\/uploads\/2022\/08\/logo-1.png","width":227,"height":301,"caption":"Librairie 7L"},"image":{"@id":"https:\/\/librairie7l.com\/en\/#\/schema\/logo\/image\/"}}]}},"_links":{"self":[{"href":"https:\/\/librairie7l.com\/en\/wp-json\/wp\/v2\/product\/34729"}],"collection":[{"href":"https:\/\/librairie7l.com\/en\/wp-json\/wp\/v2\/product"}],"about":[{"href":"https:\/\/librairie7l.com\/en\/wp-json\/wp\/v2\/types\/product"}],"wp:featuredmedia":[{"embeddable":true,"href":"https:\/\/librairie7l.com\/en\/wp-json\/wp\/v2\/media\/34727"}],"wp:attachment":[{"href":"https:\/\/librairie7l.com\/en\/wp-json\/wp\/v2\/media?parent=34729"}],"wp:term":[{"taxonomy":"product_cat","embeddable":true,"href":"https:\/\/librairie7l.com\/en\/wp-json\/wp\/v2\/product_cat?post=34729"},{"taxonomy":"product_tag","embeddable":true,"href":"https:\/\/librairie7l.com\/en\/wp-json\/wp\/v2\/product_tag?post=34729"}],"curies":[{"name":"wp","href":"https:\/\/api.w.org\/{rel}","templated":true}]}}