{"id":34737,"date":"2023-10-11T15:31:34","date_gmt":"2023-10-11T13:31:34","guid":{"rendered":"https:\/\/librairie7l.com\/?post_type=product&#038;p=34737"},"modified":"2026-04-23T21:48:01","modified_gmt":"2026-04-23T19:48:01","slug":"philippon-lecoq","status":"publish","type":"product","link":"https:\/\/librairie7l.com\/en\/produit\/philippon-lecoq\/","title":{"rendered":"PHILIPPON LECOQ"},"content":{"rendered":"<p>Ce livre est la premi\u00e8re monographie consacr\u00e9e au duo d&#8217;architectes d&#8217;int\u00e9rieur Philippon Lecoq.<\/p>\n<p>Le bureau d&#8217;\u00e9tude d&#8217;Antoine Philippon et Jacqueline Lecoq s&#8217;impose de 1955 \u00e0 1995. Tout au long de la p\u00e9riode des  Trente glorieuses , ils imposent une pratique exigeante qui concerne l&#8217;architecture int\u00e9rieure, la sc\u00e9nographie d&#8217;exposition, le design industriel, l&#8217;enseignement.<br \/>\nLe bureau d&#8217;\u00e9tude d&#8217;Antoine Philippon et Jacqueline Lecoq s&#8217;impose de 1955 \u00e0 1995. Tout au long de la p\u00e9riode des  Trente glorieuses , ils imposent une pratique exigeante qui concerne l&#8217;architecture int\u00e9rieure, la sc\u00e9nographie d&#8217;exposition, le design industriel, l&#8217;enseignement. Ils participent aux salons nationaux et internationaux, se faisant reconnaitre pour leur militantisme professionnel et la d\u00e9fense d&#8217;une profession en devenir. Ils exposent au Salon des artistes d\u00e9corateurs, au Salon des arts m\u00e9nagers, \u00e0 l&#8217;exposition internationale de Bruxelles en 1958, \u00e0 la Triennale de Milan et dans de nombreuses manifestations d&#8217;importance. Ce livre rend hommage aux industriels qui les ont soutenus dans l&#8217;\u00e9laboration de leurs multiples projets produits en s\u00e9rie, favorisant leur exploration de nouveaux usages et de nouvelles techniques : en France : d&#8217;Henry Mouraux \u00e0 Airborne, le Mobilier national, Formica et les Glaces de Boussois. A l&#8217;\u00e9tranger, en Allemagne en particulier : Bofinger, Erwin Behr, Lauser, etc. Leurs r\u00e9alisations se distinguent par un ancrage dans la dur\u00e9e, un engagement sans concessions. Ce livre est la premi\u00e8re monographie consacr\u00e9e au duo d&#8217;architectes d&#8217;int\u00e9rieur Philippon Lecoq.<\/p>\n","protected":false},"excerpt":{"rendered":"<p>Ce livre est la premi\u00e8re monographie consacr\u00e9e au duo d&#8217;architectes d&#8217;int\u00e9rieur Philippon Lecoq. Le bureau d&#8217;\u00e9tude d&#8217;Antoine Philippon et Jacqueline Lecoq s&#8217;impose de 1955 \u00e0 1995. Tout au long de la p\u00e9riode des Trente glorieuses , ils imposent une pratique exigeante qui concerne l&#8217;architecture int\u00e9rieure, la sc\u00e9nographie d&#8217;exposition, le design industriel, l&#8217;enseignement. Le bureau d&#8217;\u00e9tude [&hellip;]<\/p>\n","protected":false},"featured_media":34736,"template":"","meta":[],"product_cat":[2948,2952],"product_tag":[],"acf":[],"yoast_head":"<!-- This site is optimized with the Yoast SEO plugin v20.11 - https:\/\/yoast.com\/wordpress\/plugins\/seo\/ -->\n<title>Philippon Lecoq - Librairie 7L<\/title>\n<meta name=\"robots\" content=\"index, follow, max-snippet:-1, max-image-preview:large, max-video-preview:-1\" \/>\n<link rel=\"canonical\" href=\"https:\/\/librairie7l.com\/en\/produit\/philippon-lecoq\/\" \/>\n<meta property=\"og:locale\" content=\"en_US\" \/>\n<meta property=\"og:type\" content=\"article\" \/>\n<meta property=\"og:title\" content=\"Philippon Lecoq - Librairie 7L\" \/>\n<meta property=\"og:description\" content=\"Ce livre est la premi\u00e8re monographie consacr\u00e9e au duo d&#8217;architectes d&#8217;int\u00e9rieur Philippon Lecoq. Le bureau d&#8217;\u00e9tude d&#8217;Antoine Philippon et Jacqueline Lecoq s&#8217;impose de 1955 \u00e0 1995. Tout au long de la p\u00e9riode des Trente glorieuses , ils imposent une pratique exigeante qui concerne l&#8217;architecture int\u00e9rieure, la sc\u00e9nographie d&#8217;exposition, le design industriel, l&#8217;enseignement. Le bureau d&#8217;\u00e9tude [&hellip;]\" \/>\n<meta property=\"og:url\" content=\"https:\/\/librairie7l.com\/en\/produit\/philippon-lecoq\/\" \/>\n<meta property=\"og:site_name\" content=\"Librairie 7L\" \/>\n<meta property=\"article:modified_time\" content=\"2026-04-23T19:48:01+00:00\" \/>\n<meta property=\"og:image\" content=\"https:\/\/librairie7l.com\/wp-content\/uploads\/2023\/04\/9782841054268_1_75.jpg\" \/>\n\t<meta property=\"og:image:width\" content=\"600\" \/>\n\t<meta property=\"og:image:height\" content=\"744\" \/>\n\t<meta property=\"og:image:type\" content=\"image\/jpeg\" \/>\n<meta name=\"twitter:card\" content=\"summary_large_image\" \/>\n<meta name=\"twitter:label1\" content=\"Est. reading time\" \/>\n\t<meta name=\"twitter:data1\" content=\"1 minute\" \/>\n<script type=\"application\/ld+json\" class=\"yoast-schema-graph\">{\"@context\":\"https:\/\/schema.org\",\"@graph\":[{\"@type\":\"WebPage\",\"@id\":\"https:\/\/librairie7l.com\/en\/produit\/philippon-lecoq\/\",\"url\":\"https:\/\/librairie7l.com\/en\/produit\/philippon-lecoq\/\",\"name\":\"Philippon Lecoq - Librairie 7L\",\"isPartOf\":{\"@id\":\"https:\/\/librairie7l.com\/en\/#website\"},\"datePublished\":\"2023-10-11T13:31:34+00:00\",\"dateModified\":\"2026-04-23T19:48:01+00:00\",\"breadcrumb\":{\"@id\":\"https:\/\/librairie7l.com\/en\/produit\/philippon-lecoq\/#breadcrumb\"},\"inLanguage\":\"en-US\",\"potentialAction\":[{\"@type\":\"ReadAction\",\"target\":[\"https:\/\/librairie7l.com\/en\/produit\/philippon-lecoq\/\"]}]},{\"@type\":\"BreadcrumbList\",\"@id\":\"https:\/\/librairie7l.com\/en\/produit\/philippon-lecoq\/#breadcrumb\",\"itemListElement\":[{\"@type\":\"ListItem\",\"position\":1,\"name\":\"Accueil\",\"item\":\"https:\/\/librairie7l.com\/en\/\"},{\"@type\":\"ListItem\",\"position\":2,\"name\":\"Shop\",\"item\":\"https:\/\/librairie7l.com\/en\/shop\/\"},{\"@type\":\"ListItem\",\"position\":3,\"name\":\"PHILIPPON LECOQ\"}]},{\"@type\":\"WebSite\",\"@id\":\"https:\/\/librairie7l.com\/en\/#website\",\"url\":\"https:\/\/librairie7l.com\/en\/\",\"name\":\"Librairie 7L\",\"description\":\"Librairie fond\u00e9e en 1999 par Karl Lagerfeld \u00e0 Paris\",\"publisher\":{\"@id\":\"https:\/\/librairie7l.com\/en\/#organization\"},\"potentialAction\":[{\"@type\":\"SearchAction\",\"target\":{\"@type\":\"EntryPoint\",\"urlTemplate\":\"https:\/\/librairie7l.com\/en\/?s={search_term_string}\"},\"query-input\":\"required name=search_term_string\"}],\"inLanguage\":\"en-US\"},{\"@type\":\"Organization\",\"@id\":\"https:\/\/librairie7l.com\/en\/#organization\",\"name\":\"Librairie 7L\",\"url\":\"https:\/\/librairie7l.com\/en\/\",\"logo\":{\"@type\":\"ImageObject\",\"inLanguage\":\"en-US\",\"@id\":\"https:\/\/librairie7l.com\/en\/#\/schema\/logo\/image\/\",\"url\":\"https:\/\/librairie7l.com\/wp-content\/uploads\/2022\/08\/logo-1.png\",\"contentUrl\":\"https:\/\/librairie7l.com\/wp-content\/uploads\/2022\/08\/logo-1.png\",\"width\":227,\"height\":301,\"caption\":\"Librairie 7L\"},\"image\":{\"@id\":\"https:\/\/librairie7l.com\/en\/#\/schema\/logo\/image\/\"}}]}<\/script>\n<!-- \/ Yoast SEO plugin. -->","yoast_head_json":{"title":"Philippon Lecoq - Librairie 7L","robots":{"index":"index","follow":"follow","max-snippet":"max-snippet:-1","max-image-preview":"max-image-preview:large","max-video-preview":"max-video-preview:-1"},"canonical":"https:\/\/librairie7l.com\/en\/produit\/philippon-lecoq\/","og_locale":"en_US","og_type":"article","og_title":"Philippon Lecoq - Librairie 7L","og_description":"Ce livre est la premi\u00e8re monographie consacr\u00e9e au duo d&#8217;architectes d&#8217;int\u00e9rieur Philippon Lecoq. Le bureau d&#8217;\u00e9tude d&#8217;Antoine Philippon et Jacqueline Lecoq s&#8217;impose de 1955 \u00e0 1995. Tout au long de la p\u00e9riode des Trente glorieuses , ils imposent une pratique exigeante qui concerne l&#8217;architecture int\u00e9rieure, la sc\u00e9nographie d&#8217;exposition, le design industriel, l&#8217;enseignement. Le bureau d&#8217;\u00e9tude [&hellip;]","og_url":"https:\/\/librairie7l.com\/en\/produit\/philippon-lecoq\/","og_site_name":"Librairie 7L","article_modified_time":"2026-04-23T19:48:01+00:00","og_image":[{"width":600,"height":744,"url":"https:\/\/librairie7l.com\/wp-content\/uploads\/2023\/04\/9782841054268_1_75.jpg","type":"image\/jpeg"}],"twitter_card":"summary_large_image","twitter_misc":{"Est. reading time":"1 minute"},"schema":{"@context":"https:\/\/schema.org","@graph":[{"@type":"WebPage","@id":"https:\/\/librairie7l.com\/en\/produit\/philippon-lecoq\/","url":"https:\/\/librairie7l.com\/en\/produit\/philippon-lecoq\/","name":"Philippon Lecoq - Librairie 7L","isPartOf":{"@id":"https:\/\/librairie7l.com\/en\/#website"},"datePublished":"2023-10-11T13:31:34+00:00","dateModified":"2026-04-23T19:48:01+00:00","breadcrumb":{"@id":"https:\/\/librairie7l.com\/en\/produit\/philippon-lecoq\/#breadcrumb"},"inLanguage":"en-US","potentialAction":[{"@type":"ReadAction","target":["https:\/\/librairie7l.com\/en\/produit\/philippon-lecoq\/"]}]},{"@type":"BreadcrumbList","@id":"https:\/\/librairie7l.com\/en\/produit\/philippon-lecoq\/#breadcrumb","itemListElement":[{"@type":"ListItem","position":1,"name":"Accueil","item":"https:\/\/librairie7l.com\/en\/"},{"@type":"ListItem","position":2,"name":"Shop","item":"https:\/\/librairie7l.com\/en\/shop\/"},{"@type":"ListItem","position":3,"name":"PHILIPPON LECOQ"}]},{"@type":"WebSite","@id":"https:\/\/librairie7l.com\/en\/#website","url":"https:\/\/librairie7l.com\/en\/","name":"Librairie 7L","description":"Librairie fond\u00e9e en 1999 par Karl Lagerfeld \u00e0 Paris","publisher":{"@id":"https:\/\/librairie7l.com\/en\/#organization"},"potentialAction":[{"@type":"SearchAction","target":{"@type":"EntryPoint","urlTemplate":"https:\/\/librairie7l.com\/en\/?s={search_term_string}"},"query-input":"required name=search_term_string"}],"inLanguage":"en-US"},{"@type":"Organization","@id":"https:\/\/librairie7l.com\/en\/#organization","name":"Librairie 7L","url":"https:\/\/librairie7l.com\/en\/","logo":{"@type":"ImageObject","inLanguage":"en-US","@id":"https:\/\/librairie7l.com\/en\/#\/schema\/logo\/image\/","url":"https:\/\/librairie7l.com\/wp-content\/uploads\/2022\/08\/logo-1.png","contentUrl":"https:\/\/librairie7l.com\/wp-content\/uploads\/2022\/08\/logo-1.png","width":227,"height":301,"caption":"Librairie 7L"},"image":{"@id":"https:\/\/librairie7l.com\/en\/#\/schema\/logo\/image\/"}}]}},"_links":{"self":[{"href":"https:\/\/librairie7l.com\/en\/wp-json\/wp\/v2\/product\/34737"}],"collection":[{"href":"https:\/\/librairie7l.com\/en\/wp-json\/wp\/v2\/product"}],"about":[{"href":"https:\/\/librairie7l.com\/en\/wp-json\/wp\/v2\/types\/product"}],"wp:featuredmedia":[{"embeddable":true,"href":"https:\/\/librairie7l.com\/en\/wp-json\/wp\/v2\/media\/34736"}],"wp:attachment":[{"href":"https:\/\/librairie7l.com\/en\/wp-json\/wp\/v2\/media?parent=34737"}],"wp:term":[{"taxonomy":"product_cat","embeddable":true,"href":"https:\/\/librairie7l.com\/en\/wp-json\/wp\/v2\/product_cat?post=34737"},{"taxonomy":"product_tag","embeddable":true,"href":"https:\/\/librairie7l.com\/en\/wp-json\/wp\/v2\/product_tag?post=34737"}],"curies":[{"name":"wp","href":"https:\/\/api.w.org\/{rel}","templated":true}]}}