{"id":34801,"date":"2023-10-10T09:21:47","date_gmt":"2023-10-10T07:21:47","guid":{"rendered":"https:\/\/librairie7l.com\/?post_type=product&#038;p=34801"},"modified":"2026-04-16T15:49:39","modified_gmt":"2026-04-16T13:49:39","slug":"par-monts-et-par-vaux-petit-abecedaire-des-paysages","status":"publish","type":"product","link":"https:\/\/librairie7l.com\/en\/produit\/par-monts-et-par-vaux-petit-abecedaire-des-paysages\/","title":{"rendered":"PAR MONTS ET PAR VAUX : PETIT AB\u00c9C\u00c9DAIRE DES PAYSAGES"},"content":{"rendered":"<p>D&#8217;alpage en verger : l&#8217;ethnologue du dehors et arpenteur Martin de la Soudi\u00e8re, remarqu\u00e9 notamment pour son superbe  Arpenter le paysage (2019), livre ici un ab\u00e9c\u00e9daire personnel et nourri de litt\u00e9rature des motifs paysagers.<\/p>\n<p>D&#8217;alpage en verger, de bocage en sommet, d&#8217;\u00e9tang en marais&#8230; Voici quelques-uns des motifs qui marquent en profondeur le territoire de la France tout comme les paysages intimes de l&#8217;ethnologue et arpenteur Martin de la Soudi\u00e8re. Dans cet ab\u00e9c\u00e9daire d\u00e9lib\u00e9r\u00e9ment parcellaire, il en a r\u00e9pertori\u00e9 vingt-deux et les d\u00e9cline de mani\u00e8re g\u00e9n\u00e9reuse et joyeuse, selon cette approche qui lui est propre, personnelle et polyphonique, autant litt\u00e9raire que g\u00e9ographique.<\/p>\n<p>Ces motifs paysagers sont aussi des lieux : non pas des hauts lieux, mais des lieux ordinaires, des lieux communs en commun. \u00c0 la fois singuliers et embl\u00e9matiques, ils nous interpellent, renvoyant ainsi plus largement \u00e0 notre culture de l&#8217;espace et de la nature. Cet ouvrage est aussi un appel \u00e0 se rendre sur place, non comme un parcours fl\u00e9ch\u00e9 en suivant un guide, \u00e0 la recherche du pittoresque, mais comme une promenade buissonni\u00e8re, \u00e0 l&#8217;\u00e9coute de nos sensibilit\u00e9s collectives et individuelles.<\/p>\n","protected":false},"excerpt":{"rendered":"<p>D&#8217;alpage en verger : l&#8217;ethnologue du dehors et arpenteur Martin de la Soudi\u00e8re, remarqu\u00e9 notamment pour son superbe Arpenter le paysage (2019), livre ici un ab\u00e9c\u00e9daire personnel et nourri de litt\u00e9rature des motifs paysagers. D&#8217;alpage en verger, de bocage en sommet, d&#8217;\u00e9tang en marais&#8230; Voici quelques-uns des motifs qui marquent en profondeur le territoire de [&hellip;]<\/p>\n","protected":false},"featured_media":34799,"template":"","meta":[],"product_cat":[2948,2956],"product_tag":[],"acf":[],"yoast_head":"<!-- This site is optimized with the Yoast SEO plugin v20.11 - https:\/\/yoast.com\/wordpress\/plugins\/seo\/ -->\n<title>Par monts et par vaux : petit ab\u00e9c\u00e9daire des paysages - Librairie 7L<\/title>\n<meta name=\"robots\" content=\"index, follow, max-snippet:-1, max-image-preview:large, max-video-preview:-1\" \/>\n<link rel=\"canonical\" href=\"https:\/\/librairie7l.com\/en\/produit\/par-monts-et-par-vaux-petit-abecedaire-des-paysages\/\" \/>\n<meta property=\"og:locale\" content=\"en_US\" \/>\n<meta property=\"og:type\" content=\"article\" \/>\n<meta property=\"og:title\" content=\"Par monts et par vaux : petit ab\u00e9c\u00e9daire des paysages - Librairie 7L\" \/>\n<meta property=\"og:description\" content=\"D&#8217;alpage en verger : l&#8217;ethnologue du dehors et arpenteur Martin de la Soudi\u00e8re, remarqu\u00e9 notamment pour son superbe Arpenter le paysage (2019), livre ici un ab\u00e9c\u00e9daire personnel et nourri de litt\u00e9rature des motifs paysagers. D&#8217;alpage en verger, de bocage en sommet, d&#8217;\u00e9tang en marais&#8230; Voici quelques-uns des motifs qui marquent en profondeur le territoire de [&hellip;]\" \/>\n<meta property=\"og:url\" content=\"https:\/\/librairie7l.com\/en\/produit\/par-monts-et-par-vaux-petit-abecedaire-des-paysages\/\" \/>\n<meta property=\"og:site_name\" content=\"Librairie 7L\" \/>\n<meta property=\"article:modified_time\" content=\"2026-04-16T13:49:39+00:00\" \/>\n<meta property=\"og:image\" content=\"https:\/\/librairie7l.com\/wp-content\/uploads\/2023\/02\/9782381910680_1_75.jpg\" \/>\n\t<meta property=\"og:image:width\" content=\"600\" \/>\n\t<meta property=\"og:image:height\" content=\"942\" \/>\n\t<meta property=\"og:image:type\" content=\"image\/jpeg\" \/>\n<meta name=\"twitter:card\" content=\"summary_large_image\" \/>\n<meta name=\"twitter:label1\" content=\"Est. reading time\" \/>\n\t<meta name=\"twitter:data1\" content=\"1 minute\" \/>\n<script type=\"application\/ld+json\" class=\"yoast-schema-graph\">{\"@context\":\"https:\/\/schema.org\",\"@graph\":[{\"@type\":\"WebPage\",\"@id\":\"https:\/\/librairie7l.com\/en\/produit\/par-monts-et-par-vaux-petit-abecedaire-des-paysages\/\",\"url\":\"https:\/\/librairie7l.com\/en\/produit\/par-monts-et-par-vaux-petit-abecedaire-des-paysages\/\",\"name\":\"Par monts et par vaux : petit ab\u00e9c\u00e9daire des paysages - Librairie 7L\",\"isPartOf\":{\"@id\":\"https:\/\/librairie7l.com\/en\/#website\"},\"datePublished\":\"2023-10-10T07:21:47+00:00\",\"dateModified\":\"2026-04-16T13:49:39+00:00\",\"breadcrumb\":{\"@id\":\"https:\/\/librairie7l.com\/en\/produit\/par-monts-et-par-vaux-petit-abecedaire-des-paysages\/#breadcrumb\"},\"inLanguage\":\"en-US\",\"potentialAction\":[{\"@type\":\"ReadAction\",\"target\":[\"https:\/\/librairie7l.com\/en\/produit\/par-monts-et-par-vaux-petit-abecedaire-des-paysages\/\"]}]},{\"@type\":\"BreadcrumbList\",\"@id\":\"https:\/\/librairie7l.com\/en\/produit\/par-monts-et-par-vaux-petit-abecedaire-des-paysages\/#breadcrumb\",\"itemListElement\":[{\"@type\":\"ListItem\",\"position\":1,\"name\":\"Accueil\",\"item\":\"https:\/\/librairie7l.com\/en\/\"},{\"@type\":\"ListItem\",\"position\":2,\"name\":\"Shop\",\"item\":\"https:\/\/librairie7l.com\/en\/shop\/\"},{\"@type\":\"ListItem\",\"position\":3,\"name\":\"PAR MONTS ET PAR VAUX : PETIT AB\u00c9C\u00c9DAIRE DES PAYSAGES\"}]},{\"@type\":\"WebSite\",\"@id\":\"https:\/\/librairie7l.com\/en\/#website\",\"url\":\"https:\/\/librairie7l.com\/en\/\",\"name\":\"Librairie 7L\",\"description\":\"Librairie fond\u00e9e en 1999 par Karl Lagerfeld \u00e0 Paris\",\"publisher\":{\"@id\":\"https:\/\/librairie7l.com\/en\/#organization\"},\"potentialAction\":[{\"@type\":\"SearchAction\",\"target\":{\"@type\":\"EntryPoint\",\"urlTemplate\":\"https:\/\/librairie7l.com\/en\/?s={search_term_string}\"},\"query-input\":\"required name=search_term_string\"}],\"inLanguage\":\"en-US\"},{\"@type\":\"Organization\",\"@id\":\"https:\/\/librairie7l.com\/en\/#organization\",\"name\":\"Librairie 7L\",\"url\":\"https:\/\/librairie7l.com\/en\/\",\"logo\":{\"@type\":\"ImageObject\",\"inLanguage\":\"en-US\",\"@id\":\"https:\/\/librairie7l.com\/en\/#\/schema\/logo\/image\/\",\"url\":\"https:\/\/librairie7l.com\/wp-content\/uploads\/2022\/08\/logo-1.png\",\"contentUrl\":\"https:\/\/librairie7l.com\/wp-content\/uploads\/2022\/08\/logo-1.png\",\"width\":227,\"height\":301,\"caption\":\"Librairie 7L\"},\"image\":{\"@id\":\"https:\/\/librairie7l.com\/en\/#\/schema\/logo\/image\/\"}}]}<\/script>\n<!-- \/ Yoast SEO plugin. -->","yoast_head_json":{"title":"Par monts et par vaux : petit ab\u00e9c\u00e9daire des paysages - Librairie 7L","robots":{"index":"index","follow":"follow","max-snippet":"max-snippet:-1","max-image-preview":"max-image-preview:large","max-video-preview":"max-video-preview:-1"},"canonical":"https:\/\/librairie7l.com\/en\/produit\/par-monts-et-par-vaux-petit-abecedaire-des-paysages\/","og_locale":"en_US","og_type":"article","og_title":"Par monts et par vaux : petit ab\u00e9c\u00e9daire des paysages - Librairie 7L","og_description":"D&#8217;alpage en verger : l&#8217;ethnologue du dehors et arpenteur Martin de la Soudi\u00e8re, remarqu\u00e9 notamment pour son superbe Arpenter le paysage (2019), livre ici un ab\u00e9c\u00e9daire personnel et nourri de litt\u00e9rature des motifs paysagers. D&#8217;alpage en verger, de bocage en sommet, d&#8217;\u00e9tang en marais&#8230; Voici quelques-uns des motifs qui marquent en profondeur le territoire de [&hellip;]","og_url":"https:\/\/librairie7l.com\/en\/produit\/par-monts-et-par-vaux-petit-abecedaire-des-paysages\/","og_site_name":"Librairie 7L","article_modified_time":"2026-04-16T13:49:39+00:00","og_image":[{"width":600,"height":942,"url":"https:\/\/librairie7l.com\/wp-content\/uploads\/2023\/02\/9782381910680_1_75.jpg","type":"image\/jpeg"}],"twitter_card":"summary_large_image","twitter_misc":{"Est. reading time":"1 minute"},"schema":{"@context":"https:\/\/schema.org","@graph":[{"@type":"WebPage","@id":"https:\/\/librairie7l.com\/en\/produit\/par-monts-et-par-vaux-petit-abecedaire-des-paysages\/","url":"https:\/\/librairie7l.com\/en\/produit\/par-monts-et-par-vaux-petit-abecedaire-des-paysages\/","name":"Par monts et par vaux : petit ab\u00e9c\u00e9daire des paysages - Librairie 7L","isPartOf":{"@id":"https:\/\/librairie7l.com\/en\/#website"},"datePublished":"2023-10-10T07:21:47+00:00","dateModified":"2026-04-16T13:49:39+00:00","breadcrumb":{"@id":"https:\/\/librairie7l.com\/en\/produit\/par-monts-et-par-vaux-petit-abecedaire-des-paysages\/#breadcrumb"},"inLanguage":"en-US","potentialAction":[{"@type":"ReadAction","target":["https:\/\/librairie7l.com\/en\/produit\/par-monts-et-par-vaux-petit-abecedaire-des-paysages\/"]}]},{"@type":"BreadcrumbList","@id":"https:\/\/librairie7l.com\/en\/produit\/par-monts-et-par-vaux-petit-abecedaire-des-paysages\/#breadcrumb","itemListElement":[{"@type":"ListItem","position":1,"name":"Accueil","item":"https:\/\/librairie7l.com\/en\/"},{"@type":"ListItem","position":2,"name":"Shop","item":"https:\/\/librairie7l.com\/en\/shop\/"},{"@type":"ListItem","position":3,"name":"PAR MONTS ET PAR VAUX : PETIT AB\u00c9C\u00c9DAIRE DES PAYSAGES"}]},{"@type":"WebSite","@id":"https:\/\/librairie7l.com\/en\/#website","url":"https:\/\/librairie7l.com\/en\/","name":"Librairie 7L","description":"Librairie fond\u00e9e en 1999 par Karl Lagerfeld \u00e0 Paris","publisher":{"@id":"https:\/\/librairie7l.com\/en\/#organization"},"potentialAction":[{"@type":"SearchAction","target":{"@type":"EntryPoint","urlTemplate":"https:\/\/librairie7l.com\/en\/?s={search_term_string}"},"query-input":"required name=search_term_string"}],"inLanguage":"en-US"},{"@type":"Organization","@id":"https:\/\/librairie7l.com\/en\/#organization","name":"Librairie 7L","url":"https:\/\/librairie7l.com\/en\/","logo":{"@type":"ImageObject","inLanguage":"en-US","@id":"https:\/\/librairie7l.com\/en\/#\/schema\/logo\/image\/","url":"https:\/\/librairie7l.com\/wp-content\/uploads\/2022\/08\/logo-1.png","contentUrl":"https:\/\/librairie7l.com\/wp-content\/uploads\/2022\/08\/logo-1.png","width":227,"height":301,"caption":"Librairie 7L"},"image":{"@id":"https:\/\/librairie7l.com\/en\/#\/schema\/logo\/image\/"}}]}},"_links":{"self":[{"href":"https:\/\/librairie7l.com\/en\/wp-json\/wp\/v2\/product\/34801"}],"collection":[{"href":"https:\/\/librairie7l.com\/en\/wp-json\/wp\/v2\/product"}],"about":[{"href":"https:\/\/librairie7l.com\/en\/wp-json\/wp\/v2\/types\/product"}],"wp:featuredmedia":[{"embeddable":true,"href":"https:\/\/librairie7l.com\/en\/wp-json\/wp\/v2\/media\/34799"}],"wp:attachment":[{"href":"https:\/\/librairie7l.com\/en\/wp-json\/wp\/v2\/media?parent=34801"}],"wp:term":[{"taxonomy":"product_cat","embeddable":true,"href":"https:\/\/librairie7l.com\/en\/wp-json\/wp\/v2\/product_cat?post=34801"},{"taxonomy":"product_tag","embeddable":true,"href":"https:\/\/librairie7l.com\/en\/wp-json\/wp\/v2\/product_tag?post=34801"}],"curies":[{"name":"wp","href":"https:\/\/api.w.org\/{rel}","templated":true}]}}