{"id":34805,"date":"2024-06-25T17:06:11","date_gmt":"2024-06-25T15:06:11","guid":{"rendered":"https:\/\/librairie7l.com\/?post_type=product&#038;p=34805"},"modified":"2026-04-07T19:51:36","modified_gmt":"2026-04-07T17:51:36","slug":"le-regard-feminin-une-revolution-a-lecran","status":"publish","type":"product","link":"https:\/\/librairie7l.com\/en\/produit\/le-regard-feminin-une-revolution-a-lecran\/","title":{"rendered":"LE REGARD F\u00c9MININ ; UNE R\u00c9VOLUTION \u00c0 L&#8217;\u00c9CRAN"},"content":{"rendered":"<p>On se souvient de la l\u00e9gendaire robe soulev\u00e9e par le vent de Marilyn Monroe dans Sept ans de r\u00e9flexion ou encore du bikini de Halle Berry, la c\u00e9l\u00e8bre James Bond girl, dans Meurs un autre jour. Devenues cultes, ces sc\u00e8nes ont marqu\u00e9 l&#8217;histoire du cin\u00e9ma. De quoi ces images sont-elles le nom ? Depuis toujours, les femmes sont film\u00e9es comme des objets de plaisir, les privant de pouvoir au profit du regard masculin et de ses d\u00e9sirs. Pour faire face \u00e0 ce male gaze majoritaire, Iris Brey montre comment s&#8217;est \u00e9labor\u00e9 un regard f\u00e9minin au cin\u00e9ma et interroge le sens cach\u00e9 des images. Un essai crucial d\u00e9j\u00e0 consid\u00e9r\u00e9 comme un classique.<\/p>\n","protected":false},"excerpt":{"rendered":"<p>On se souvient de la l\u00e9gendaire robe soulev\u00e9e par le vent de Marilyn Monroe dans Sept ans de r\u00e9flexion ou encore du bikini de Halle Berry, la c\u00e9l\u00e8bre James Bond girl, dans Meurs un autre jour. Devenues cultes, ces sc\u00e8nes ont marqu\u00e9 l&#8217;histoire du cin\u00e9ma. De quoi ces images sont-elles le nom ? Depuis toujours, [&hellip;]<\/p>\n","protected":false},"featured_media":34803,"template":"","meta":[],"product_cat":[2948,2957],"product_tag":[],"acf":[],"yoast_head":"<!-- This site is optimized with the Yoast SEO plugin v20.11 - https:\/\/yoast.com\/wordpress\/plugins\/seo\/ -->\n<title>Le regard f\u00e9minin ; une r\u00e9volution \u00e0 l&#039;\u00e9cran - Librairie 7L<\/title>\n<meta name=\"robots\" content=\"index, follow, max-snippet:-1, max-image-preview:large, max-video-preview:-1\" \/>\n<link rel=\"canonical\" href=\"https:\/\/librairie7l.com\/en\/produit\/le-regard-feminin-une-revolution-a-lecran\/\" \/>\n<meta property=\"og:locale\" content=\"en_US\" \/>\n<meta property=\"og:type\" content=\"article\" \/>\n<meta property=\"og:title\" content=\"Le regard f\u00e9minin ; une r\u00e9volution \u00e0 l&#039;\u00e9cran - Librairie 7L\" \/>\n<meta property=\"og:description\" content=\"On se souvient de la l\u00e9gendaire robe soulev\u00e9e par le vent de Marilyn Monroe dans Sept ans de r\u00e9flexion ou encore du bikini de Halle Berry, la c\u00e9l\u00e8bre James Bond girl, dans Meurs un autre jour. Devenues cultes, ces sc\u00e8nes ont marqu\u00e9 l&#8217;histoire du cin\u00e9ma. De quoi ces images sont-elles le nom ? Depuis toujours, [&hellip;]\" \/>\n<meta property=\"og:url\" content=\"https:\/\/librairie7l.com\/en\/produit\/le-regard-feminin-une-revolution-a-lecran\/\" \/>\n<meta property=\"og:site_name\" content=\"Librairie 7L\" \/>\n<meta property=\"article:modified_time\" content=\"2026-04-07T17:51:36+00:00\" \/>\n<meta property=\"og:image\" content=\"https:\/\/librairie7l.com\/wp-content\/uploads\/2021\/01\/9782757887998_1_75.jpg\" \/>\n\t<meta property=\"og:image:width\" content=\"400\" \/>\n\t<meta property=\"og:image:height\" content=\"659\" \/>\n\t<meta property=\"og:image:type\" content=\"image\/jpeg\" \/>\n<meta name=\"twitter:card\" content=\"summary_large_image\" \/>\n<meta name=\"twitter:label1\" content=\"Est. reading time\" \/>\n\t<meta name=\"twitter:data1\" content=\"1 minute\" \/>\n<script type=\"application\/ld+json\" class=\"yoast-schema-graph\">{\"@context\":\"https:\/\/schema.org\",\"@graph\":[{\"@type\":\"WebPage\",\"@id\":\"https:\/\/librairie7l.com\/en\/produit\/le-regard-feminin-une-revolution-a-lecran\/\",\"url\":\"https:\/\/librairie7l.com\/en\/produit\/le-regard-feminin-une-revolution-a-lecran\/\",\"name\":\"Le regard f\u00e9minin ; une r\u00e9volution \u00e0 l'\u00e9cran - Librairie 7L\",\"isPartOf\":{\"@id\":\"https:\/\/librairie7l.com\/en\/#website\"},\"datePublished\":\"2024-06-25T15:06:11+00:00\",\"dateModified\":\"2026-04-07T17:51:36+00:00\",\"breadcrumb\":{\"@id\":\"https:\/\/librairie7l.com\/en\/produit\/le-regard-feminin-une-revolution-a-lecran\/#breadcrumb\"},\"inLanguage\":\"en-US\",\"potentialAction\":[{\"@type\":\"ReadAction\",\"target\":[\"https:\/\/librairie7l.com\/en\/produit\/le-regard-feminin-une-revolution-a-lecran\/\"]}]},{\"@type\":\"BreadcrumbList\",\"@id\":\"https:\/\/librairie7l.com\/en\/produit\/le-regard-feminin-une-revolution-a-lecran\/#breadcrumb\",\"itemListElement\":[{\"@type\":\"ListItem\",\"position\":1,\"name\":\"Accueil\",\"item\":\"https:\/\/librairie7l.com\/en\/\"},{\"@type\":\"ListItem\",\"position\":2,\"name\":\"Shop\",\"item\":\"https:\/\/librairie7l.com\/en\/shop\/\"},{\"@type\":\"ListItem\",\"position\":3,\"name\":\"LE REGARD F\u00c9MININ ; UNE R\u00c9VOLUTION \u00c0 L&#8217;\u00c9CRAN\"}]},{\"@type\":\"WebSite\",\"@id\":\"https:\/\/librairie7l.com\/en\/#website\",\"url\":\"https:\/\/librairie7l.com\/en\/\",\"name\":\"Librairie 7L\",\"description\":\"Librairie fond\u00e9e en 1999 par Karl Lagerfeld \u00e0 Paris\",\"publisher\":{\"@id\":\"https:\/\/librairie7l.com\/en\/#organization\"},\"potentialAction\":[{\"@type\":\"SearchAction\",\"target\":{\"@type\":\"EntryPoint\",\"urlTemplate\":\"https:\/\/librairie7l.com\/en\/?s={search_term_string}\"},\"query-input\":\"required name=search_term_string\"}],\"inLanguage\":\"en-US\"},{\"@type\":\"Organization\",\"@id\":\"https:\/\/librairie7l.com\/en\/#organization\",\"name\":\"Librairie 7L\",\"url\":\"https:\/\/librairie7l.com\/en\/\",\"logo\":{\"@type\":\"ImageObject\",\"inLanguage\":\"en-US\",\"@id\":\"https:\/\/librairie7l.com\/en\/#\/schema\/logo\/image\/\",\"url\":\"https:\/\/librairie7l.com\/wp-content\/uploads\/2022\/08\/logo-1.png\",\"contentUrl\":\"https:\/\/librairie7l.com\/wp-content\/uploads\/2022\/08\/logo-1.png\",\"width\":227,\"height\":301,\"caption\":\"Librairie 7L\"},\"image\":{\"@id\":\"https:\/\/librairie7l.com\/en\/#\/schema\/logo\/image\/\"}}]}<\/script>\n<!-- \/ Yoast SEO plugin. -->","yoast_head_json":{"title":"Le regard f\u00e9minin ; une r\u00e9volution \u00e0 l'\u00e9cran - Librairie 7L","robots":{"index":"index","follow":"follow","max-snippet":"max-snippet:-1","max-image-preview":"max-image-preview:large","max-video-preview":"max-video-preview:-1"},"canonical":"https:\/\/librairie7l.com\/en\/produit\/le-regard-feminin-une-revolution-a-lecran\/","og_locale":"en_US","og_type":"article","og_title":"Le regard f\u00e9minin ; une r\u00e9volution \u00e0 l'\u00e9cran - Librairie 7L","og_description":"On se souvient de la l\u00e9gendaire robe soulev\u00e9e par le vent de Marilyn Monroe dans Sept ans de r\u00e9flexion ou encore du bikini de Halle Berry, la c\u00e9l\u00e8bre James Bond girl, dans Meurs un autre jour. Devenues cultes, ces sc\u00e8nes ont marqu\u00e9 l&#8217;histoire du cin\u00e9ma. De quoi ces images sont-elles le nom ? Depuis toujours, [&hellip;]","og_url":"https:\/\/librairie7l.com\/en\/produit\/le-regard-feminin-une-revolution-a-lecran\/","og_site_name":"Librairie 7L","article_modified_time":"2026-04-07T17:51:36+00:00","og_image":[{"width":400,"height":659,"url":"https:\/\/librairie7l.com\/wp-content\/uploads\/2021\/01\/9782757887998_1_75.jpg","type":"image\/jpeg"}],"twitter_card":"summary_large_image","twitter_misc":{"Est. reading time":"1 minute"},"schema":{"@context":"https:\/\/schema.org","@graph":[{"@type":"WebPage","@id":"https:\/\/librairie7l.com\/en\/produit\/le-regard-feminin-une-revolution-a-lecran\/","url":"https:\/\/librairie7l.com\/en\/produit\/le-regard-feminin-une-revolution-a-lecran\/","name":"Le regard f\u00e9minin ; une r\u00e9volution \u00e0 l'\u00e9cran - Librairie 7L","isPartOf":{"@id":"https:\/\/librairie7l.com\/en\/#website"},"datePublished":"2024-06-25T15:06:11+00:00","dateModified":"2026-04-07T17:51:36+00:00","breadcrumb":{"@id":"https:\/\/librairie7l.com\/en\/produit\/le-regard-feminin-une-revolution-a-lecran\/#breadcrumb"},"inLanguage":"en-US","potentialAction":[{"@type":"ReadAction","target":["https:\/\/librairie7l.com\/en\/produit\/le-regard-feminin-une-revolution-a-lecran\/"]}]},{"@type":"BreadcrumbList","@id":"https:\/\/librairie7l.com\/en\/produit\/le-regard-feminin-une-revolution-a-lecran\/#breadcrumb","itemListElement":[{"@type":"ListItem","position":1,"name":"Accueil","item":"https:\/\/librairie7l.com\/en\/"},{"@type":"ListItem","position":2,"name":"Shop","item":"https:\/\/librairie7l.com\/en\/shop\/"},{"@type":"ListItem","position":3,"name":"LE REGARD F\u00c9MININ ; UNE R\u00c9VOLUTION \u00c0 L&#8217;\u00c9CRAN"}]},{"@type":"WebSite","@id":"https:\/\/librairie7l.com\/en\/#website","url":"https:\/\/librairie7l.com\/en\/","name":"Librairie 7L","description":"Librairie fond\u00e9e en 1999 par Karl Lagerfeld \u00e0 Paris","publisher":{"@id":"https:\/\/librairie7l.com\/en\/#organization"},"potentialAction":[{"@type":"SearchAction","target":{"@type":"EntryPoint","urlTemplate":"https:\/\/librairie7l.com\/en\/?s={search_term_string}"},"query-input":"required name=search_term_string"}],"inLanguage":"en-US"},{"@type":"Organization","@id":"https:\/\/librairie7l.com\/en\/#organization","name":"Librairie 7L","url":"https:\/\/librairie7l.com\/en\/","logo":{"@type":"ImageObject","inLanguage":"en-US","@id":"https:\/\/librairie7l.com\/en\/#\/schema\/logo\/image\/","url":"https:\/\/librairie7l.com\/wp-content\/uploads\/2022\/08\/logo-1.png","contentUrl":"https:\/\/librairie7l.com\/wp-content\/uploads\/2022\/08\/logo-1.png","width":227,"height":301,"caption":"Librairie 7L"},"image":{"@id":"https:\/\/librairie7l.com\/en\/#\/schema\/logo\/image\/"}}]}},"_links":{"self":[{"href":"https:\/\/librairie7l.com\/en\/wp-json\/wp\/v2\/product\/34805"}],"collection":[{"href":"https:\/\/librairie7l.com\/en\/wp-json\/wp\/v2\/product"}],"about":[{"href":"https:\/\/librairie7l.com\/en\/wp-json\/wp\/v2\/types\/product"}],"wp:featuredmedia":[{"embeddable":true,"href":"https:\/\/librairie7l.com\/en\/wp-json\/wp\/v2\/media\/34803"}],"wp:attachment":[{"href":"https:\/\/librairie7l.com\/en\/wp-json\/wp\/v2\/media?parent=34805"}],"wp:term":[{"taxonomy":"product_cat","embeddable":true,"href":"https:\/\/librairie7l.com\/en\/wp-json\/wp\/v2\/product_cat?post=34805"},{"taxonomy":"product_tag","embeddable":true,"href":"https:\/\/librairie7l.com\/en\/wp-json\/wp\/v2\/product_tag?post=34805"}],"curies":[{"name":"wp","href":"https:\/\/api.w.org\/{rel}","templated":true}]}}