{"id":34825,"date":"2023-10-10T09:21:39","date_gmt":"2023-10-10T07:21:39","guid":{"rendered":"https:\/\/librairie7l.com\/?post_type=product&#038;p=34825"},"modified":"2026-05-14T16:09:12","modified_gmt":"2026-05-14T14:09:12","slug":"skyline","status":"publish","type":"product","link":"https:\/\/librairie7l.com\/en\/produit\/skyline\/","title":{"rendered":"SKYLINE"},"content":{"rendered":"<p>En 1978, le livre Skyline de Franco Fontana contribua \u00e0 ouvrir la voie \u00e0 la nouvelle photographie italienne par son radicalisme et son approche typiquement photographique. Ce fut aussi le premier livre des \u00e9ditions Punto e Virgola fond\u00e9es par Luigi Ghirri \u00e0 Modena, un sacr\u00e9 label o\u00f9 se retrouv\u00e8rent avec lui \u00e0 peu pr\u00e8s tous les photographes importants de sa g\u00e9n\u00e9ration (Basilico, Jodice, Chiaramonte, Guidi, Salbitani, etc) dans un voyage qui les r\u00e9v\u00e9la tous au grand public. Le livre publi\u00e9 simultan\u00e9ment en France par Contrejour connut un \u00e9norme succ\u00e8s et fut r\u00e9\u00e9dit\u00e9 deux fois dans la m\u00eame ann\u00e9e.<\/p>\n<p> Cet ouvrage de quatre-vingts pages, tr\u00e8s simplement fabriqu\u00e9, sans pr\u00e9tention graphique excessive, pr\u00e9sentant une photographie par page fut l&#8217;aboutissement d&#8217;une oeuvre en pleine maturit\u00e9, affranchie de tous les tics en vogue dans les photo clubs, la publicit\u00e9 ou le photojournalisme conventionnel.<\/p>\n<p> Skyline ne faisait l&#8217;\u00e9loge d&#8217;aucune ville, ne vantait nulle production locale, il s&#8217;agissait d&#8217;un travail clos sur lui-m\u00eame. Partant du r\u00e9el tangible, en l&#8217;occurrence ici le paysage, et les lignes d&#8217;horizon, il excluait tous les \u00e9l\u00e9ments inutiles pour pr\u00e9server l&#8217;essentiel, l&#8217;exaltation des formes et des couleurs. Fontana mit en code ses paysages familiers aussi bien que les \u00e9tendues inconnues de telle fa\u00e7on que les signes, l&#8217;espace, la forme et la couleur devinrent les seuls \u00e9l\u00e9ments de l&#8217;image m\u00eame lorsqu&#8217;il circulait \u00e0 vive allure sur l&#8217;autoroute.<\/p>\n<p> Avec Skyline, quelques mois avant le fameux livre Kodachrome de Luigi Ghirri et six ans avant Viaggio in Italia, Franco Fontana fut le premier \u00e0 questionner les possibilit\u00e9s linguistiques du proc\u00e9d\u00e9 couleur et les caract\u00e9ristiques esth\u00e9tiques de la photographie en r\u00e9interpr\u00e9tant personnellement le monde qui l&#8217;entourait tout en entamant une relecture du paysage italien. <\/p>\n<p> Ce livre reprend l&#8217;\u00e9dition et la couverture souple originale italienne autant dans son format que dans la pr\u00e9sentation et le nombre de photographies comme l&#8217;avaient mis en page Paola et Luigi Ghirri.  Afin d&#8217;am\u00e9liorer la qualit\u00e9, la photogravure a \u00e9t\u00e9 refaite en partant des diapositives.<\/p>\n<p> Le tirage est limit\u00e9 \u00e0 500 exemplaires.<\/p>\n<p> L&#8217;exposition Franco Fontana se tiendra \u00e0 la galerie Polka en septembre et octobre 2023 Franco Fontana et n\u00e9 \u00e0 Modena en 1933. Il a d\u00e9but\u00e9 la photographie dans les ann\u00e9es soixante cr\u00e9ant au fil de ses expositions et de ses nombreux livres un langage personnel appliqu\u00e9e \u00e0 la lecture de diverses typologies environnementales, des espaces urbains et des paysages.<\/p>\n<p> Helmut Gernsheim ( 1913-1995), n\u00e9 \u00e0 Munich fut un c\u00e9l\u00e8bre historien de l&#8217;art sp\u00e9cialis\u00e9 en photographie qui d\u00e9couvrit la premi\u00e8re image r\u00e9alis\u00e9e par Nic\u00e9phore Ni\u00e9pce en 1826. Il \u00e9tait aussi photographe et poss\u00e9dait une \u00e9norme  collection de photographies.<\/p>\n","protected":false},"excerpt":{"rendered":"<p>En 1978, le livre Skyline de Franco Fontana contribua \u00e0 ouvrir la voie \u00e0 la nouvelle photographie italienne par son radicalisme et son approche typiquement photographique. Ce fut aussi le premier livre des \u00e9ditions Punto e Virgola fond\u00e9es par Luigi Ghirri \u00e0 Modena, un sacr\u00e9 label o\u00f9 se retrouv\u00e8rent avec lui \u00e0 peu pr\u00e8s tous [&hellip;]<\/p>\n","protected":false},"featured_media":34823,"template":"","meta":[],"product_cat":[2948,2958],"product_tag":[],"acf":[],"yoast_head":"<!-- This site is optimized with the Yoast SEO plugin v20.11 - https:\/\/yoast.com\/wordpress\/plugins\/seo\/ -->\n<title>Skyline - Librairie 7L<\/title>\n<meta name=\"robots\" content=\"index, follow, max-snippet:-1, max-image-preview:large, max-video-preview:-1\" \/>\n<link rel=\"canonical\" href=\"https:\/\/librairie7l.com\/en\/produit\/skyline\/\" \/>\n<meta property=\"og:locale\" content=\"en_US\" \/>\n<meta property=\"og:type\" content=\"article\" \/>\n<meta property=\"og:title\" content=\"Skyline - Librairie 7L\" \/>\n<meta property=\"og:description\" content=\"En 1978, le livre Skyline de Franco Fontana contribua \u00e0 ouvrir la voie \u00e0 la nouvelle photographie italienne par son radicalisme et son approche typiquement photographique. Ce fut aussi le premier livre des \u00e9ditions Punto e Virgola fond\u00e9es par Luigi Ghirri \u00e0 Modena, un sacr\u00e9 label o\u00f9 se retrouv\u00e8rent avec lui \u00e0 peu pr\u00e8s tous [&hellip;]\" \/>\n<meta property=\"og:url\" content=\"https:\/\/librairie7l.com\/en\/produit\/skyline\/\" \/>\n<meta property=\"og:site_name\" content=\"Librairie 7L\" \/>\n<meta property=\"article:modified_time\" content=\"2026-05-14T14:09:12+00:00\" \/>\n<meta property=\"og:image\" content=\"https:\/\/librairie7l.com\/wp-content\/uploads\/2023\/05\/9791090294608_1_75.jpg\" \/>\n\t<meta property=\"og:image:width\" content=\"467\" \/>\n\t<meta property=\"og:image:height\" content=\"600\" \/>\n\t<meta property=\"og:image:type\" content=\"image\/jpeg\" \/>\n<meta name=\"twitter:card\" content=\"summary_large_image\" \/>\n<meta name=\"twitter:label1\" content=\"Est. reading time\" \/>\n\t<meta name=\"twitter:data1\" content=\"2 minutes\" \/>\n<script type=\"application\/ld+json\" class=\"yoast-schema-graph\">{\"@context\":\"https:\/\/schema.org\",\"@graph\":[{\"@type\":\"WebPage\",\"@id\":\"https:\/\/librairie7l.com\/en\/produit\/skyline\/\",\"url\":\"https:\/\/librairie7l.com\/en\/produit\/skyline\/\",\"name\":\"Skyline - Librairie 7L\",\"isPartOf\":{\"@id\":\"https:\/\/librairie7l.com\/en\/#website\"},\"datePublished\":\"2023-10-10T07:21:39+00:00\",\"dateModified\":\"2026-05-14T14:09:12+00:00\",\"breadcrumb\":{\"@id\":\"https:\/\/librairie7l.com\/en\/produit\/skyline\/#breadcrumb\"},\"inLanguage\":\"en-US\",\"potentialAction\":[{\"@type\":\"ReadAction\",\"target\":[\"https:\/\/librairie7l.com\/en\/produit\/skyline\/\"]}]},{\"@type\":\"BreadcrumbList\",\"@id\":\"https:\/\/librairie7l.com\/en\/produit\/skyline\/#breadcrumb\",\"itemListElement\":[{\"@type\":\"ListItem\",\"position\":1,\"name\":\"Accueil\",\"item\":\"https:\/\/librairie7l.com\/en\/\"},{\"@type\":\"ListItem\",\"position\":2,\"name\":\"Shop\",\"item\":\"https:\/\/librairie7l.com\/en\/shop\/\"},{\"@type\":\"ListItem\",\"position\":3,\"name\":\"SKYLINE\"}]},{\"@type\":\"WebSite\",\"@id\":\"https:\/\/librairie7l.com\/en\/#website\",\"url\":\"https:\/\/librairie7l.com\/en\/\",\"name\":\"Librairie 7L\",\"description\":\"Librairie fond\u00e9e en 1999 par Karl Lagerfeld \u00e0 Paris\",\"publisher\":{\"@id\":\"https:\/\/librairie7l.com\/en\/#organization\"},\"potentialAction\":[{\"@type\":\"SearchAction\",\"target\":{\"@type\":\"EntryPoint\",\"urlTemplate\":\"https:\/\/librairie7l.com\/en\/?s={search_term_string}\"},\"query-input\":\"required name=search_term_string\"}],\"inLanguage\":\"en-US\"},{\"@type\":\"Organization\",\"@id\":\"https:\/\/librairie7l.com\/en\/#organization\",\"name\":\"Librairie 7L\",\"url\":\"https:\/\/librairie7l.com\/en\/\",\"logo\":{\"@type\":\"ImageObject\",\"inLanguage\":\"en-US\",\"@id\":\"https:\/\/librairie7l.com\/en\/#\/schema\/logo\/image\/\",\"url\":\"https:\/\/librairie7l.com\/wp-content\/uploads\/2022\/08\/logo-1.png\",\"contentUrl\":\"https:\/\/librairie7l.com\/wp-content\/uploads\/2022\/08\/logo-1.png\",\"width\":227,\"height\":301,\"caption\":\"Librairie 7L\"},\"image\":{\"@id\":\"https:\/\/librairie7l.com\/en\/#\/schema\/logo\/image\/\"}}]}<\/script>\n<!-- \/ Yoast SEO plugin. -->","yoast_head_json":{"title":"Skyline - Librairie 7L","robots":{"index":"index","follow":"follow","max-snippet":"max-snippet:-1","max-image-preview":"max-image-preview:large","max-video-preview":"max-video-preview:-1"},"canonical":"https:\/\/librairie7l.com\/en\/produit\/skyline\/","og_locale":"en_US","og_type":"article","og_title":"Skyline - Librairie 7L","og_description":"En 1978, le livre Skyline de Franco Fontana contribua \u00e0 ouvrir la voie \u00e0 la nouvelle photographie italienne par son radicalisme et son approche typiquement photographique. Ce fut aussi le premier livre des \u00e9ditions Punto e Virgola fond\u00e9es par Luigi Ghirri \u00e0 Modena, un sacr\u00e9 label o\u00f9 se retrouv\u00e8rent avec lui \u00e0 peu pr\u00e8s tous [&hellip;]","og_url":"https:\/\/librairie7l.com\/en\/produit\/skyline\/","og_site_name":"Librairie 7L","article_modified_time":"2026-05-14T14:09:12+00:00","og_image":[{"width":467,"height":600,"url":"https:\/\/librairie7l.com\/wp-content\/uploads\/2023\/05\/9791090294608_1_75.jpg","type":"image\/jpeg"}],"twitter_card":"summary_large_image","twitter_misc":{"Est. reading time":"2 minutes"},"schema":{"@context":"https:\/\/schema.org","@graph":[{"@type":"WebPage","@id":"https:\/\/librairie7l.com\/en\/produit\/skyline\/","url":"https:\/\/librairie7l.com\/en\/produit\/skyline\/","name":"Skyline - Librairie 7L","isPartOf":{"@id":"https:\/\/librairie7l.com\/en\/#website"},"datePublished":"2023-10-10T07:21:39+00:00","dateModified":"2026-05-14T14:09:12+00:00","breadcrumb":{"@id":"https:\/\/librairie7l.com\/en\/produit\/skyline\/#breadcrumb"},"inLanguage":"en-US","potentialAction":[{"@type":"ReadAction","target":["https:\/\/librairie7l.com\/en\/produit\/skyline\/"]}]},{"@type":"BreadcrumbList","@id":"https:\/\/librairie7l.com\/en\/produit\/skyline\/#breadcrumb","itemListElement":[{"@type":"ListItem","position":1,"name":"Accueil","item":"https:\/\/librairie7l.com\/en\/"},{"@type":"ListItem","position":2,"name":"Shop","item":"https:\/\/librairie7l.com\/en\/shop\/"},{"@type":"ListItem","position":3,"name":"SKYLINE"}]},{"@type":"WebSite","@id":"https:\/\/librairie7l.com\/en\/#website","url":"https:\/\/librairie7l.com\/en\/","name":"Librairie 7L","description":"Librairie fond\u00e9e en 1999 par Karl Lagerfeld \u00e0 Paris","publisher":{"@id":"https:\/\/librairie7l.com\/en\/#organization"},"potentialAction":[{"@type":"SearchAction","target":{"@type":"EntryPoint","urlTemplate":"https:\/\/librairie7l.com\/en\/?s={search_term_string}"},"query-input":"required name=search_term_string"}],"inLanguage":"en-US"},{"@type":"Organization","@id":"https:\/\/librairie7l.com\/en\/#organization","name":"Librairie 7L","url":"https:\/\/librairie7l.com\/en\/","logo":{"@type":"ImageObject","inLanguage":"en-US","@id":"https:\/\/librairie7l.com\/en\/#\/schema\/logo\/image\/","url":"https:\/\/librairie7l.com\/wp-content\/uploads\/2022\/08\/logo-1.png","contentUrl":"https:\/\/librairie7l.com\/wp-content\/uploads\/2022\/08\/logo-1.png","width":227,"height":301,"caption":"Librairie 7L"},"image":{"@id":"https:\/\/librairie7l.com\/en\/#\/schema\/logo\/image\/"}}]}},"_links":{"self":[{"href":"https:\/\/librairie7l.com\/en\/wp-json\/wp\/v2\/product\/34825"}],"collection":[{"href":"https:\/\/librairie7l.com\/en\/wp-json\/wp\/v2\/product"}],"about":[{"href":"https:\/\/librairie7l.com\/en\/wp-json\/wp\/v2\/types\/product"}],"wp:featuredmedia":[{"embeddable":true,"href":"https:\/\/librairie7l.com\/en\/wp-json\/wp\/v2\/media\/34823"}],"wp:attachment":[{"href":"https:\/\/librairie7l.com\/en\/wp-json\/wp\/v2\/media?parent=34825"}],"wp:term":[{"taxonomy":"product_cat","embeddable":true,"href":"https:\/\/librairie7l.com\/en\/wp-json\/wp\/v2\/product_cat?post=34825"},{"taxonomy":"product_tag","embeddable":true,"href":"https:\/\/librairie7l.com\/en\/wp-json\/wp\/v2\/product_tag?post=34825"}],"curies":[{"name":"wp","href":"https:\/\/api.w.org\/{rel}","templated":true}]}}