{"id":34849,"date":"2024-05-22T11:06:04","date_gmt":"2024-05-22T09:06:04","guid":{"rendered":"https:\/\/librairie7l.com\/?post_type=product&#038;p=34849"},"modified":"2026-04-12T03:19:16","modified_gmt":"2026-04-12T01:19:16","slug":"oiseaux","status":"publish","type":"product","link":"https:\/\/librairie7l.com\/en\/produit\/oiseaux\/","title":{"rendered":"OISEAUX"},"content":{"rendered":"<p>Oiseaux est une voli\u00e8re r\u00e9unissant pr\u00e8s de 200 dessins r\u00e9alis\u00e9s par Jochen Gerner entre f\u00e9vrier 2019 et septembre 2020. Chacun de ces oiseaux a \u00e9t\u00e9 dessin\u00e9 au feutre \u00e0 encre de Chine pigment\u00e9e sur des cahiers d&#8217;\u00e9coliers petit format, originaires de Chine et d&#8217;Inde, sur lesquels apparaissent des lignes et carreaux de diff\u00e9rentes tailles.<\/p>\n<p>Cette s\u00e9rie de dessins constitue une exp\u00e9rimentation graphique visant \u00e0 explorer les potentialit\u00e9s de la trame, la superposition des traits, et l&#8217;association d&#8217;un nombre r\u00e9duit de couleurs dans la cr\u00e9ation des plumages. En m\u00ealant oiseaux r\u00eav\u00e9s et r\u00e9els, cet inventaire interroge les liens entre imaginaire et r\u00e9alit\u00e9 dans notre vie quotidienne, et nous enseigne que le fantastique se niche le plus souvent dans la r\u00e9alit\u00e9 du quotidien.<\/p>\n<p>Dans le cadre de cette recherche graphique, Jochen Gerner s&#8217;est inspir\u00e9 du travail de certains illustrateurs du XVIIIe si\u00e8cle comme celui de Fran\u00e7ois-Nicolas Martinet, qui avait pour habitude de repr\u00e9senter les oiseaux de profil, leur aff\u00e9rant ainsi un caract\u00e8re noble et raide, contrastant avec la force et l&#8217;aspect lumineux des couleurs<\/p>\n","protected":false},"excerpt":{"rendered":"<p>Oiseaux est une voli\u00e8re r\u00e9unissant pr\u00e8s de 200 dessins r\u00e9alis\u00e9s par Jochen Gerner entre f\u00e9vrier 2019 et septembre 2020. Chacun de ces oiseaux a \u00e9t\u00e9 dessin\u00e9 au feutre \u00e0 encre de Chine pigment\u00e9e sur des cahiers d&#8217;\u00e9coliers petit format, originaires de Chine et d&#8217;Inde, sur lesquels apparaissent des lignes et carreaux de diff\u00e9rentes tailles. Cette [&hellip;]<\/p>\n","protected":false},"featured_media":34847,"template":"","meta":[],"product_cat":[2948,2953],"product_tag":[],"acf":[],"yoast_head":"<!-- This site is optimized with the Yoast SEO plugin v20.11 - https:\/\/yoast.com\/wordpress\/plugins\/seo\/ -->\n<title>Oiseaux - Librairie 7L<\/title>\n<meta name=\"robots\" content=\"index, follow, max-snippet:-1, max-image-preview:large, max-video-preview:-1\" \/>\n<link rel=\"canonical\" href=\"https:\/\/librairie7l.com\/en\/produit\/oiseaux\/\" \/>\n<meta property=\"og:locale\" content=\"en_US\" \/>\n<meta property=\"og:type\" content=\"article\" \/>\n<meta property=\"og:title\" content=\"Oiseaux - Librairie 7L\" \/>\n<meta property=\"og:description\" content=\"Oiseaux est une voli\u00e8re r\u00e9unissant pr\u00e8s de 200 dessins r\u00e9alis\u00e9s par Jochen Gerner entre f\u00e9vrier 2019 et septembre 2020. Chacun de ces oiseaux a \u00e9t\u00e9 dessin\u00e9 au feutre \u00e0 encre de Chine pigment\u00e9e sur des cahiers d&#8217;\u00e9coliers petit format, originaires de Chine et d&#8217;Inde, sur lesquels apparaissent des lignes et carreaux de diff\u00e9rentes tailles. Cette [&hellip;]\" \/>\n<meta property=\"og:url\" content=\"https:\/\/librairie7l.com\/en\/produit\/oiseaux\/\" \/>\n<meta property=\"og:site_name\" content=\"Librairie 7L\" \/>\n<meta property=\"article:modified_time\" content=\"2026-04-12T01:19:16+00:00\" \/>\n<meta property=\"og:image\" content=\"https:\/\/librairie7l.com\/wp-content\/uploads\/2020\/11\/9782490077502_1_75.jpg\" \/>\n\t<meta property=\"og:image:width\" content=\"388\" \/>\n\t<meta property=\"og:image:height\" content=\"517\" \/>\n\t<meta property=\"og:image:type\" content=\"image\/jpeg\" \/>\n<meta name=\"twitter:card\" content=\"summary_large_image\" \/>\n<meta name=\"twitter:label1\" content=\"Est. reading time\" \/>\n\t<meta name=\"twitter:data1\" content=\"1 minute\" \/>\n<script type=\"application\/ld+json\" class=\"yoast-schema-graph\">{\"@context\":\"https:\/\/schema.org\",\"@graph\":[{\"@type\":\"WebPage\",\"@id\":\"https:\/\/librairie7l.com\/en\/produit\/oiseaux\/\",\"url\":\"https:\/\/librairie7l.com\/en\/produit\/oiseaux\/\",\"name\":\"Oiseaux - Librairie 7L\",\"isPartOf\":{\"@id\":\"https:\/\/librairie7l.com\/en\/#website\"},\"datePublished\":\"2024-05-22T09:06:04+00:00\",\"dateModified\":\"2026-04-12T01:19:16+00:00\",\"breadcrumb\":{\"@id\":\"https:\/\/librairie7l.com\/en\/produit\/oiseaux\/#breadcrumb\"},\"inLanguage\":\"en-US\",\"potentialAction\":[{\"@type\":\"ReadAction\",\"target\":[\"https:\/\/librairie7l.com\/en\/produit\/oiseaux\/\"]}]},{\"@type\":\"BreadcrumbList\",\"@id\":\"https:\/\/librairie7l.com\/en\/produit\/oiseaux\/#breadcrumb\",\"itemListElement\":[{\"@type\":\"ListItem\",\"position\":1,\"name\":\"Accueil\",\"item\":\"https:\/\/librairie7l.com\/en\/\"},{\"@type\":\"ListItem\",\"position\":2,\"name\":\"Shop\",\"item\":\"https:\/\/librairie7l.com\/en\/shop\/\"},{\"@type\":\"ListItem\",\"position\":3,\"name\":\"OISEAUX\"}]},{\"@type\":\"WebSite\",\"@id\":\"https:\/\/librairie7l.com\/en\/#website\",\"url\":\"https:\/\/librairie7l.com\/en\/\",\"name\":\"Librairie 7L\",\"description\":\"Librairie fond\u00e9e en 1999 par Karl Lagerfeld \u00e0 Paris\",\"publisher\":{\"@id\":\"https:\/\/librairie7l.com\/en\/#organization\"},\"potentialAction\":[{\"@type\":\"SearchAction\",\"target\":{\"@type\":\"EntryPoint\",\"urlTemplate\":\"https:\/\/librairie7l.com\/en\/?s={search_term_string}\"},\"query-input\":\"required name=search_term_string\"}],\"inLanguage\":\"en-US\"},{\"@type\":\"Organization\",\"@id\":\"https:\/\/librairie7l.com\/en\/#organization\",\"name\":\"Librairie 7L\",\"url\":\"https:\/\/librairie7l.com\/en\/\",\"logo\":{\"@type\":\"ImageObject\",\"inLanguage\":\"en-US\",\"@id\":\"https:\/\/librairie7l.com\/en\/#\/schema\/logo\/image\/\",\"url\":\"https:\/\/librairie7l.com\/wp-content\/uploads\/2022\/08\/logo-1.png\",\"contentUrl\":\"https:\/\/librairie7l.com\/wp-content\/uploads\/2022\/08\/logo-1.png\",\"width\":227,\"height\":301,\"caption\":\"Librairie 7L\"},\"image\":{\"@id\":\"https:\/\/librairie7l.com\/en\/#\/schema\/logo\/image\/\"}}]}<\/script>\n<!-- \/ Yoast SEO plugin. -->","yoast_head_json":{"title":"Oiseaux - Librairie 7L","robots":{"index":"index","follow":"follow","max-snippet":"max-snippet:-1","max-image-preview":"max-image-preview:large","max-video-preview":"max-video-preview:-1"},"canonical":"https:\/\/librairie7l.com\/en\/produit\/oiseaux\/","og_locale":"en_US","og_type":"article","og_title":"Oiseaux - Librairie 7L","og_description":"Oiseaux est une voli\u00e8re r\u00e9unissant pr\u00e8s de 200 dessins r\u00e9alis\u00e9s par Jochen Gerner entre f\u00e9vrier 2019 et septembre 2020. Chacun de ces oiseaux a \u00e9t\u00e9 dessin\u00e9 au feutre \u00e0 encre de Chine pigment\u00e9e sur des cahiers d&#8217;\u00e9coliers petit format, originaires de Chine et d&#8217;Inde, sur lesquels apparaissent des lignes et carreaux de diff\u00e9rentes tailles. Cette [&hellip;]","og_url":"https:\/\/librairie7l.com\/en\/produit\/oiseaux\/","og_site_name":"Librairie 7L","article_modified_time":"2026-04-12T01:19:16+00:00","og_image":[{"width":388,"height":517,"url":"https:\/\/librairie7l.com\/wp-content\/uploads\/2020\/11\/9782490077502_1_75.jpg","type":"image\/jpeg"}],"twitter_card":"summary_large_image","twitter_misc":{"Est. reading time":"1 minute"},"schema":{"@context":"https:\/\/schema.org","@graph":[{"@type":"WebPage","@id":"https:\/\/librairie7l.com\/en\/produit\/oiseaux\/","url":"https:\/\/librairie7l.com\/en\/produit\/oiseaux\/","name":"Oiseaux - Librairie 7L","isPartOf":{"@id":"https:\/\/librairie7l.com\/en\/#website"},"datePublished":"2024-05-22T09:06:04+00:00","dateModified":"2026-04-12T01:19:16+00:00","breadcrumb":{"@id":"https:\/\/librairie7l.com\/en\/produit\/oiseaux\/#breadcrumb"},"inLanguage":"en-US","potentialAction":[{"@type":"ReadAction","target":["https:\/\/librairie7l.com\/en\/produit\/oiseaux\/"]}]},{"@type":"BreadcrumbList","@id":"https:\/\/librairie7l.com\/en\/produit\/oiseaux\/#breadcrumb","itemListElement":[{"@type":"ListItem","position":1,"name":"Accueil","item":"https:\/\/librairie7l.com\/en\/"},{"@type":"ListItem","position":2,"name":"Shop","item":"https:\/\/librairie7l.com\/en\/shop\/"},{"@type":"ListItem","position":3,"name":"OISEAUX"}]},{"@type":"WebSite","@id":"https:\/\/librairie7l.com\/en\/#website","url":"https:\/\/librairie7l.com\/en\/","name":"Librairie 7L","description":"Librairie fond\u00e9e en 1999 par Karl Lagerfeld \u00e0 Paris","publisher":{"@id":"https:\/\/librairie7l.com\/en\/#organization"},"potentialAction":[{"@type":"SearchAction","target":{"@type":"EntryPoint","urlTemplate":"https:\/\/librairie7l.com\/en\/?s={search_term_string}"},"query-input":"required name=search_term_string"}],"inLanguage":"en-US"},{"@type":"Organization","@id":"https:\/\/librairie7l.com\/en\/#organization","name":"Librairie 7L","url":"https:\/\/librairie7l.com\/en\/","logo":{"@type":"ImageObject","inLanguage":"en-US","@id":"https:\/\/librairie7l.com\/en\/#\/schema\/logo\/image\/","url":"https:\/\/librairie7l.com\/wp-content\/uploads\/2022\/08\/logo-1.png","contentUrl":"https:\/\/librairie7l.com\/wp-content\/uploads\/2022\/08\/logo-1.png","width":227,"height":301,"caption":"Librairie 7L"},"image":{"@id":"https:\/\/librairie7l.com\/en\/#\/schema\/logo\/image\/"}}]}},"_links":{"self":[{"href":"https:\/\/librairie7l.com\/en\/wp-json\/wp\/v2\/product\/34849"}],"collection":[{"href":"https:\/\/librairie7l.com\/en\/wp-json\/wp\/v2\/product"}],"about":[{"href":"https:\/\/librairie7l.com\/en\/wp-json\/wp\/v2\/types\/product"}],"wp:featuredmedia":[{"embeddable":true,"href":"https:\/\/librairie7l.com\/en\/wp-json\/wp\/v2\/media\/34847"}],"wp:attachment":[{"href":"https:\/\/librairie7l.com\/en\/wp-json\/wp\/v2\/media?parent=34849"}],"wp:term":[{"taxonomy":"product_cat","embeddable":true,"href":"https:\/\/librairie7l.com\/en\/wp-json\/wp\/v2\/product_cat?post=34849"},{"taxonomy":"product_tag","embeddable":true,"href":"https:\/\/librairie7l.com\/en\/wp-json\/wp\/v2\/product_tag?post=34849"}],"curies":[{"name":"wp","href":"https:\/\/api.w.org\/{rel}","templated":true}]}}