{"id":34861,"date":"2024-06-25T13:29:35","date_gmt":"2024-06-25T11:29:35","guid":{"rendered":"https:\/\/librairie7l.com\/?post_type=product&#038;p=34861"},"modified":"2026-04-12T12:05:45","modified_gmt":"2026-04-12T10:05:45","slug":"jardins-dhiver-une-saison-reinventee-2","status":"publish","type":"product","link":"https:\/\/librairie7l.com\/en\/produit\/jardins-dhiver-une-saison-reinventee-2\/","title":{"rendered":"JARDINS D&#8217;HIVER ; UNE SAISON R\u00c9INVENT\u00c9E"},"content":{"rendered":"<p>Bien au-del\u00e0 des simples effets de neige et de givre, ce livre se consacre aux jardins qui ont \u00e9t\u00e9 intentionnellement cr\u00e9\u00e9s pour \u00eatre beaux et color\u00e9s en plein coeur de l&#8217;hiver. Depuis 2007, C\u00e9dric Pollet parcourt la France et l&#8217;Angleterre \u00e0 la recherche de ces plus beaux jardins d&#8217;hiver. Voici les 20 jardins d&#8217;exception et les compositions les plus r\u00e9ussies qu&#8217;il a d\u00e9couvert: autant d&#8217;id\u00e9es s\u00e9duisantes qui inciteront les jardiniers \u00e0 &#8220;peindre&#8221; leur jardin et \u00e0 r\u00e9inventer cette saison hivernale si souvent d\u00e9laiss\u00e9e.<\/p>\n","protected":false},"excerpt":{"rendered":"<p>Bien au-del\u00e0 des simples effets de neige et de givre, ce livre se consacre aux jardins qui ont \u00e9t\u00e9 intentionnellement cr\u00e9\u00e9s pour \u00eatre beaux et color\u00e9s en plein coeur de l&#8217;hiver. Depuis 2007, C\u00e9dric Pollet parcourt la France et l&#8217;Angleterre \u00e0 la recherche de ces plus beaux jardins d&#8217;hiver. Voici les 20 jardins d&#8217;exception et [&hellip;]<\/p>\n","protected":false},"featured_media":34859,"template":"","meta":[],"product_cat":[2948,2956],"product_tag":[],"acf":[],"yoast_head":"<!-- This site is optimized with the Yoast SEO plugin v20.11 - https:\/\/yoast.com\/wordpress\/plugins\/seo\/ -->\n<title>Jardins d&#039;hiver ; une saison r\u00e9invent\u00e9e - Librairie 7L<\/title>\n<meta name=\"robots\" content=\"index, follow, max-snippet:-1, max-image-preview:large, max-video-preview:-1\" \/>\n<link rel=\"canonical\" href=\"https:\/\/librairie7l.com\/en\/produit\/jardins-dhiver-une-saison-reinventee-2\/\" \/>\n<meta property=\"og:locale\" content=\"en_US\" \/>\n<meta property=\"og:type\" content=\"article\" \/>\n<meta property=\"og:title\" content=\"Jardins d&#039;hiver ; une saison r\u00e9invent\u00e9e - Librairie 7L\" \/>\n<meta property=\"og:description\" content=\"Bien au-del\u00e0 des simples effets de neige et de givre, ce livre se consacre aux jardins qui ont \u00e9t\u00e9 intentionnellement cr\u00e9\u00e9s pour \u00eatre beaux et color\u00e9s en plein coeur de l&#8217;hiver. Depuis 2007, C\u00e9dric Pollet parcourt la France et l&#8217;Angleterre \u00e0 la recherche de ces plus beaux jardins d&#8217;hiver. Voici les 20 jardins d&#8217;exception et [&hellip;]\" \/>\n<meta property=\"og:url\" content=\"https:\/\/librairie7l.com\/en\/produit\/jardins-dhiver-une-saison-reinventee-2\/\" \/>\n<meta property=\"og:site_name\" content=\"Librairie 7L\" \/>\n<meta property=\"article:modified_time\" content=\"2026-04-12T10:05:45+00:00\" \/>\n<meta property=\"og:image\" content=\"https:\/\/librairie7l.com\/wp-content\/uploads\/2016\/05\/9782841387823_1_75.jpg\" \/>\n\t<meta property=\"og:image:width\" content=\"400\" \/>\n\t<meta property=\"og:image:height\" content=\"523\" \/>\n\t<meta property=\"og:image:type\" content=\"image\/jpeg\" \/>\n<meta name=\"twitter:card\" content=\"summary_large_image\" \/>\n<script type=\"application\/ld+json\" class=\"yoast-schema-graph\">{\"@context\":\"https:\/\/schema.org\",\"@graph\":[{\"@type\":\"WebPage\",\"@id\":\"https:\/\/librairie7l.com\/en\/produit\/jardins-dhiver-une-saison-reinventee-2\/\",\"url\":\"https:\/\/librairie7l.com\/en\/produit\/jardins-dhiver-une-saison-reinventee-2\/\",\"name\":\"Jardins d'hiver ; une saison r\u00e9invent\u00e9e - Librairie 7L\",\"isPartOf\":{\"@id\":\"https:\/\/librairie7l.com\/en\/#website\"},\"datePublished\":\"2024-06-25T11:29:35+00:00\",\"dateModified\":\"2026-04-12T10:05:45+00:00\",\"breadcrumb\":{\"@id\":\"https:\/\/librairie7l.com\/en\/produit\/jardins-dhiver-une-saison-reinventee-2\/#breadcrumb\"},\"inLanguage\":\"en-US\",\"potentialAction\":[{\"@type\":\"ReadAction\",\"target\":[\"https:\/\/librairie7l.com\/en\/produit\/jardins-dhiver-une-saison-reinventee-2\/\"]}]},{\"@type\":\"BreadcrumbList\",\"@id\":\"https:\/\/librairie7l.com\/en\/produit\/jardins-dhiver-une-saison-reinventee-2\/#breadcrumb\",\"itemListElement\":[{\"@type\":\"ListItem\",\"position\":1,\"name\":\"Accueil\",\"item\":\"https:\/\/librairie7l.com\/en\/\"},{\"@type\":\"ListItem\",\"position\":2,\"name\":\"Shop\",\"item\":\"https:\/\/librairie7l.com\/en\/shop\/\"},{\"@type\":\"ListItem\",\"position\":3,\"name\":\"JARDINS D&#8217;HIVER ; UNE SAISON R\u00c9INVENT\u00c9E\"}]},{\"@type\":\"WebSite\",\"@id\":\"https:\/\/librairie7l.com\/en\/#website\",\"url\":\"https:\/\/librairie7l.com\/en\/\",\"name\":\"Librairie 7L\",\"description\":\"Librairie fond\u00e9e en 1999 par Karl Lagerfeld \u00e0 Paris\",\"publisher\":{\"@id\":\"https:\/\/librairie7l.com\/en\/#organization\"},\"potentialAction\":[{\"@type\":\"SearchAction\",\"target\":{\"@type\":\"EntryPoint\",\"urlTemplate\":\"https:\/\/librairie7l.com\/en\/?s={search_term_string}\"},\"query-input\":\"required name=search_term_string\"}],\"inLanguage\":\"en-US\"},{\"@type\":\"Organization\",\"@id\":\"https:\/\/librairie7l.com\/en\/#organization\",\"name\":\"Librairie 7L\",\"url\":\"https:\/\/librairie7l.com\/en\/\",\"logo\":{\"@type\":\"ImageObject\",\"inLanguage\":\"en-US\",\"@id\":\"https:\/\/librairie7l.com\/en\/#\/schema\/logo\/image\/\",\"url\":\"https:\/\/librairie7l.com\/wp-content\/uploads\/2022\/08\/logo-1.png\",\"contentUrl\":\"https:\/\/librairie7l.com\/wp-content\/uploads\/2022\/08\/logo-1.png\",\"width\":227,\"height\":301,\"caption\":\"Librairie 7L\"},\"image\":{\"@id\":\"https:\/\/librairie7l.com\/en\/#\/schema\/logo\/image\/\"}}]}<\/script>\n<!-- \/ Yoast SEO plugin. -->","yoast_head_json":{"title":"Jardins d'hiver ; une saison r\u00e9invent\u00e9e - Librairie 7L","robots":{"index":"index","follow":"follow","max-snippet":"max-snippet:-1","max-image-preview":"max-image-preview:large","max-video-preview":"max-video-preview:-1"},"canonical":"https:\/\/librairie7l.com\/en\/produit\/jardins-dhiver-une-saison-reinventee-2\/","og_locale":"en_US","og_type":"article","og_title":"Jardins d'hiver ; une saison r\u00e9invent\u00e9e - Librairie 7L","og_description":"Bien au-del\u00e0 des simples effets de neige et de givre, ce livre se consacre aux jardins qui ont \u00e9t\u00e9 intentionnellement cr\u00e9\u00e9s pour \u00eatre beaux et color\u00e9s en plein coeur de l&#8217;hiver. Depuis 2007, C\u00e9dric Pollet parcourt la France et l&#8217;Angleterre \u00e0 la recherche de ces plus beaux jardins d&#8217;hiver. Voici les 20 jardins d&#8217;exception et [&hellip;]","og_url":"https:\/\/librairie7l.com\/en\/produit\/jardins-dhiver-une-saison-reinventee-2\/","og_site_name":"Librairie 7L","article_modified_time":"2026-04-12T10:05:45+00:00","og_image":[{"width":400,"height":523,"url":"https:\/\/librairie7l.com\/wp-content\/uploads\/2016\/05\/9782841387823_1_75.jpg","type":"image\/jpeg"}],"twitter_card":"summary_large_image","schema":{"@context":"https:\/\/schema.org","@graph":[{"@type":"WebPage","@id":"https:\/\/librairie7l.com\/en\/produit\/jardins-dhiver-une-saison-reinventee-2\/","url":"https:\/\/librairie7l.com\/en\/produit\/jardins-dhiver-une-saison-reinventee-2\/","name":"Jardins d'hiver ; une saison r\u00e9invent\u00e9e - Librairie 7L","isPartOf":{"@id":"https:\/\/librairie7l.com\/en\/#website"},"datePublished":"2024-06-25T11:29:35+00:00","dateModified":"2026-04-12T10:05:45+00:00","breadcrumb":{"@id":"https:\/\/librairie7l.com\/en\/produit\/jardins-dhiver-une-saison-reinventee-2\/#breadcrumb"},"inLanguage":"en-US","potentialAction":[{"@type":"ReadAction","target":["https:\/\/librairie7l.com\/en\/produit\/jardins-dhiver-une-saison-reinventee-2\/"]}]},{"@type":"BreadcrumbList","@id":"https:\/\/librairie7l.com\/en\/produit\/jardins-dhiver-une-saison-reinventee-2\/#breadcrumb","itemListElement":[{"@type":"ListItem","position":1,"name":"Accueil","item":"https:\/\/librairie7l.com\/en\/"},{"@type":"ListItem","position":2,"name":"Shop","item":"https:\/\/librairie7l.com\/en\/shop\/"},{"@type":"ListItem","position":3,"name":"JARDINS D&#8217;HIVER ; UNE SAISON R\u00c9INVENT\u00c9E"}]},{"@type":"WebSite","@id":"https:\/\/librairie7l.com\/en\/#website","url":"https:\/\/librairie7l.com\/en\/","name":"Librairie 7L","description":"Librairie fond\u00e9e en 1999 par Karl Lagerfeld \u00e0 Paris","publisher":{"@id":"https:\/\/librairie7l.com\/en\/#organization"},"potentialAction":[{"@type":"SearchAction","target":{"@type":"EntryPoint","urlTemplate":"https:\/\/librairie7l.com\/en\/?s={search_term_string}"},"query-input":"required name=search_term_string"}],"inLanguage":"en-US"},{"@type":"Organization","@id":"https:\/\/librairie7l.com\/en\/#organization","name":"Librairie 7L","url":"https:\/\/librairie7l.com\/en\/","logo":{"@type":"ImageObject","inLanguage":"en-US","@id":"https:\/\/librairie7l.com\/en\/#\/schema\/logo\/image\/","url":"https:\/\/librairie7l.com\/wp-content\/uploads\/2022\/08\/logo-1.png","contentUrl":"https:\/\/librairie7l.com\/wp-content\/uploads\/2022\/08\/logo-1.png","width":227,"height":301,"caption":"Librairie 7L"},"image":{"@id":"https:\/\/librairie7l.com\/en\/#\/schema\/logo\/image\/"}}]}},"_links":{"self":[{"href":"https:\/\/librairie7l.com\/en\/wp-json\/wp\/v2\/product\/34861"}],"collection":[{"href":"https:\/\/librairie7l.com\/en\/wp-json\/wp\/v2\/product"}],"about":[{"href":"https:\/\/librairie7l.com\/en\/wp-json\/wp\/v2\/types\/product"}],"wp:featuredmedia":[{"embeddable":true,"href":"https:\/\/librairie7l.com\/en\/wp-json\/wp\/v2\/media\/34859"}],"wp:attachment":[{"href":"https:\/\/librairie7l.com\/en\/wp-json\/wp\/v2\/media?parent=34861"}],"wp:term":[{"taxonomy":"product_cat","embeddable":true,"href":"https:\/\/librairie7l.com\/en\/wp-json\/wp\/v2\/product_cat?post=34861"},{"taxonomy":"product_tag","embeddable":true,"href":"https:\/\/librairie7l.com\/en\/wp-json\/wp\/v2\/product_tag?post=34861"}],"curies":[{"name":"wp","href":"https:\/\/api.w.org\/{rel}","templated":true}]}}