{"id":34865,"date":"2023-10-10T09:21:27","date_gmt":"2023-10-10T07:21:27","guid":{"rendered":"https:\/\/librairie7l.com\/?post_type=product&#038;p=34865"},"modified":"2026-04-27T06:05:56","modified_gmt":"2026-04-27T04:05:56","slug":"larchitecture-au-temps-de-la-renaissance-italienne","status":"publish","type":"product","link":"https:\/\/librairie7l.com\/en\/produit\/larchitecture-au-temps-de-la-renaissance-italienne\/","title":{"rendered":"L&#8217;ARCHITECTURE AU TEMPS DE LA RENAISSANCE ITALIENNE"},"content":{"rendered":"<p>600 pages des plus beaux joyaux d&#8217;une architecture \u00e9blouissante qui transforma radicalement l&#8217;art occidental.<br \/>\nTh\u00e9oris\u00e9e par des artistes comme Filippo Brunelleschi et Leon Battista Alberti, l&#8217;architecture de la Renaissance italienne a profond\u00e9ment marqu\u00e9 les styles et les tendances des si\u00e8cles suivants, \u00e0 la fois dans l&#8217;Europe enti\u00e8re et dans cette partie o\u00f9 s&#8217;enracinaient ses propres traditions culturelles. Marco Bussagli nous propose dans ce fabuleux recueil un inventaire raisonn\u00e9 de cette architecture &#8211; civile, religieuse et, un peu moins connue, militaire, richement illustr\u00e9 de photographies, dessins, relev\u00e9s, plans et cartes pas types de construction, grands architectes et localisations g\u00e9ographiques. En introduction de cet ouvrage, Jean-Marie de Montclos retrace en une belle fresque les grands traits de l&#8217;histoire architecturale de cette p\u00e9riode.<br \/>\n En un format spectaculaire (34&#215;32, 600 pages), red\u00e9couvrez une architecture incontournable.<\/p>\n<p>Trois grandes parties structurent l&#8217;ouvrage: la Premi\u00e8re Renaissance, la Haute Renaissance et le Mani\u00e9risme.<\/p>\n<p>Palais, immeubles, villas, \u00e9glises, monast\u00e8res, squares, rues, fontaines ou escaliers, l&#8217;ensemble des \u00e9l\u00e9ments architecturaux remarquables sont pr\u00e9sent\u00e9s, dessins et cartes \u00e0 l&#8217;appui.<\/p>\n","protected":false},"excerpt":{"rendered":"<p>600 pages des plus beaux joyaux d&#8217;une architecture \u00e9blouissante qui transforma radicalement l&#8217;art occidental. Th\u00e9oris\u00e9e par des artistes comme Filippo Brunelleschi et Leon Battista Alberti, l&#8217;architecture de la Renaissance italienne a profond\u00e9ment marqu\u00e9 les styles et les tendances des si\u00e8cles suivants, \u00e0 la fois dans l&#8217;Europe enti\u00e8re et dans cette partie o\u00f9 s&#8217;enracinaient ses propres [&hellip;]<\/p>\n","protected":false},"featured_media":34863,"template":"","meta":[],"product_cat":[2948,2950],"product_tag":[],"acf":[],"yoast_head":"<!-- This site is optimized with the Yoast SEO plugin v20.11 - https:\/\/yoast.com\/wordpress\/plugins\/seo\/ -->\n<title>L&#039;architecture au temps de la Renaissance italienne - Librairie 7L<\/title>\n<meta name=\"robots\" content=\"index, follow, max-snippet:-1, max-image-preview:large, max-video-preview:-1\" \/>\n<link rel=\"canonical\" href=\"https:\/\/librairie7l.com\/en\/produit\/larchitecture-au-temps-de-la-renaissance-italienne\/\" \/>\n<meta property=\"og:locale\" content=\"en_US\" \/>\n<meta property=\"og:type\" content=\"article\" \/>\n<meta property=\"og:title\" content=\"L&#039;architecture au temps de la Renaissance italienne - Librairie 7L\" \/>\n<meta property=\"og:description\" content=\"600 pages des plus beaux joyaux d&#8217;une architecture \u00e9blouissante qui transforma radicalement l&#8217;art occidental. Th\u00e9oris\u00e9e par des artistes comme Filippo Brunelleschi et Leon Battista Alberti, l&#8217;architecture de la Renaissance italienne a profond\u00e9ment marqu\u00e9 les styles et les tendances des si\u00e8cles suivants, \u00e0 la fois dans l&#8217;Europe enti\u00e8re et dans cette partie o\u00f9 s&#8217;enracinaient ses propres [&hellip;]\" \/>\n<meta property=\"og:url\" content=\"https:\/\/librairie7l.com\/en\/produit\/larchitecture-au-temps-de-la-renaissance-italienne\/\" \/>\n<meta property=\"og:site_name\" content=\"Librairie 7L\" \/>\n<meta property=\"article:modified_time\" content=\"2026-04-27T04:05:56+00:00\" \/>\n<meta property=\"og:image\" content=\"https:\/\/librairie7l.com\/wp-content\/uploads\/2011\/06\/9782809904178_1_75.jpg\" \/>\n\t<meta property=\"og:image:width\" content=\"400\" \/>\n\t<meta property=\"og:image:height\" content=\"373\" \/>\n\t<meta property=\"og:image:type\" content=\"image\/jpeg\" \/>\n<meta name=\"twitter:card\" content=\"summary_large_image\" \/>\n<meta name=\"twitter:label1\" content=\"Est. reading time\" \/>\n\t<meta name=\"twitter:data1\" content=\"1 minute\" \/>\n<script type=\"application\/ld+json\" class=\"yoast-schema-graph\">{\"@context\":\"https:\/\/schema.org\",\"@graph\":[{\"@type\":\"WebPage\",\"@id\":\"https:\/\/librairie7l.com\/en\/produit\/larchitecture-au-temps-de-la-renaissance-italienne\/\",\"url\":\"https:\/\/librairie7l.com\/en\/produit\/larchitecture-au-temps-de-la-renaissance-italienne\/\",\"name\":\"L'architecture au temps de la Renaissance italienne - Librairie 7L\",\"isPartOf\":{\"@id\":\"https:\/\/librairie7l.com\/en\/#website\"},\"datePublished\":\"2023-10-10T07:21:27+00:00\",\"dateModified\":\"2026-04-27T04:05:56+00:00\",\"breadcrumb\":{\"@id\":\"https:\/\/librairie7l.com\/en\/produit\/larchitecture-au-temps-de-la-renaissance-italienne\/#breadcrumb\"},\"inLanguage\":\"en-US\",\"potentialAction\":[{\"@type\":\"ReadAction\",\"target\":[\"https:\/\/librairie7l.com\/en\/produit\/larchitecture-au-temps-de-la-renaissance-italienne\/\"]}]},{\"@type\":\"BreadcrumbList\",\"@id\":\"https:\/\/librairie7l.com\/en\/produit\/larchitecture-au-temps-de-la-renaissance-italienne\/#breadcrumb\",\"itemListElement\":[{\"@type\":\"ListItem\",\"position\":1,\"name\":\"Accueil\",\"item\":\"https:\/\/librairie7l.com\/en\/\"},{\"@type\":\"ListItem\",\"position\":2,\"name\":\"Shop\",\"item\":\"https:\/\/librairie7l.com\/en\/shop\/\"},{\"@type\":\"ListItem\",\"position\":3,\"name\":\"L&#8217;ARCHITECTURE AU TEMPS DE LA RENAISSANCE ITALIENNE\"}]},{\"@type\":\"WebSite\",\"@id\":\"https:\/\/librairie7l.com\/en\/#website\",\"url\":\"https:\/\/librairie7l.com\/en\/\",\"name\":\"Librairie 7L\",\"description\":\"Librairie fond\u00e9e en 1999 par Karl Lagerfeld \u00e0 Paris\",\"publisher\":{\"@id\":\"https:\/\/librairie7l.com\/en\/#organization\"},\"potentialAction\":[{\"@type\":\"SearchAction\",\"target\":{\"@type\":\"EntryPoint\",\"urlTemplate\":\"https:\/\/librairie7l.com\/en\/?s={search_term_string}\"},\"query-input\":\"required name=search_term_string\"}],\"inLanguage\":\"en-US\"},{\"@type\":\"Organization\",\"@id\":\"https:\/\/librairie7l.com\/en\/#organization\",\"name\":\"Librairie 7L\",\"url\":\"https:\/\/librairie7l.com\/en\/\",\"logo\":{\"@type\":\"ImageObject\",\"inLanguage\":\"en-US\",\"@id\":\"https:\/\/librairie7l.com\/en\/#\/schema\/logo\/image\/\",\"url\":\"https:\/\/librairie7l.com\/wp-content\/uploads\/2022\/08\/logo-1.png\",\"contentUrl\":\"https:\/\/librairie7l.com\/wp-content\/uploads\/2022\/08\/logo-1.png\",\"width\":227,\"height\":301,\"caption\":\"Librairie 7L\"},\"image\":{\"@id\":\"https:\/\/librairie7l.com\/en\/#\/schema\/logo\/image\/\"}}]}<\/script>\n<!-- \/ Yoast SEO plugin. -->","yoast_head_json":{"title":"L'architecture au temps de la Renaissance italienne - Librairie 7L","robots":{"index":"index","follow":"follow","max-snippet":"max-snippet:-1","max-image-preview":"max-image-preview:large","max-video-preview":"max-video-preview:-1"},"canonical":"https:\/\/librairie7l.com\/en\/produit\/larchitecture-au-temps-de-la-renaissance-italienne\/","og_locale":"en_US","og_type":"article","og_title":"L'architecture au temps de la Renaissance italienne - Librairie 7L","og_description":"600 pages des plus beaux joyaux d&#8217;une architecture \u00e9blouissante qui transforma radicalement l&#8217;art occidental. Th\u00e9oris\u00e9e par des artistes comme Filippo Brunelleschi et Leon Battista Alberti, l&#8217;architecture de la Renaissance italienne a profond\u00e9ment marqu\u00e9 les styles et les tendances des si\u00e8cles suivants, \u00e0 la fois dans l&#8217;Europe enti\u00e8re et dans cette partie o\u00f9 s&#8217;enracinaient ses propres [&hellip;]","og_url":"https:\/\/librairie7l.com\/en\/produit\/larchitecture-au-temps-de-la-renaissance-italienne\/","og_site_name":"Librairie 7L","article_modified_time":"2026-04-27T04:05:56+00:00","og_image":[{"width":400,"height":373,"url":"https:\/\/librairie7l.com\/wp-content\/uploads\/2011\/06\/9782809904178_1_75.jpg","type":"image\/jpeg"}],"twitter_card":"summary_large_image","twitter_misc":{"Est. reading time":"1 minute"},"schema":{"@context":"https:\/\/schema.org","@graph":[{"@type":"WebPage","@id":"https:\/\/librairie7l.com\/en\/produit\/larchitecture-au-temps-de-la-renaissance-italienne\/","url":"https:\/\/librairie7l.com\/en\/produit\/larchitecture-au-temps-de-la-renaissance-italienne\/","name":"L'architecture au temps de la Renaissance italienne - Librairie 7L","isPartOf":{"@id":"https:\/\/librairie7l.com\/en\/#website"},"datePublished":"2023-10-10T07:21:27+00:00","dateModified":"2026-04-27T04:05:56+00:00","breadcrumb":{"@id":"https:\/\/librairie7l.com\/en\/produit\/larchitecture-au-temps-de-la-renaissance-italienne\/#breadcrumb"},"inLanguage":"en-US","potentialAction":[{"@type":"ReadAction","target":["https:\/\/librairie7l.com\/en\/produit\/larchitecture-au-temps-de-la-renaissance-italienne\/"]}]},{"@type":"BreadcrumbList","@id":"https:\/\/librairie7l.com\/en\/produit\/larchitecture-au-temps-de-la-renaissance-italienne\/#breadcrumb","itemListElement":[{"@type":"ListItem","position":1,"name":"Accueil","item":"https:\/\/librairie7l.com\/en\/"},{"@type":"ListItem","position":2,"name":"Shop","item":"https:\/\/librairie7l.com\/en\/shop\/"},{"@type":"ListItem","position":3,"name":"L&#8217;ARCHITECTURE AU TEMPS DE LA RENAISSANCE ITALIENNE"}]},{"@type":"WebSite","@id":"https:\/\/librairie7l.com\/en\/#website","url":"https:\/\/librairie7l.com\/en\/","name":"Librairie 7L","description":"Librairie fond\u00e9e en 1999 par Karl Lagerfeld \u00e0 Paris","publisher":{"@id":"https:\/\/librairie7l.com\/en\/#organization"},"potentialAction":[{"@type":"SearchAction","target":{"@type":"EntryPoint","urlTemplate":"https:\/\/librairie7l.com\/en\/?s={search_term_string}"},"query-input":"required name=search_term_string"}],"inLanguage":"en-US"},{"@type":"Organization","@id":"https:\/\/librairie7l.com\/en\/#organization","name":"Librairie 7L","url":"https:\/\/librairie7l.com\/en\/","logo":{"@type":"ImageObject","inLanguage":"en-US","@id":"https:\/\/librairie7l.com\/en\/#\/schema\/logo\/image\/","url":"https:\/\/librairie7l.com\/wp-content\/uploads\/2022\/08\/logo-1.png","contentUrl":"https:\/\/librairie7l.com\/wp-content\/uploads\/2022\/08\/logo-1.png","width":227,"height":301,"caption":"Librairie 7L"},"image":{"@id":"https:\/\/librairie7l.com\/en\/#\/schema\/logo\/image\/"}}]}},"_links":{"self":[{"href":"https:\/\/librairie7l.com\/en\/wp-json\/wp\/v2\/product\/34865"}],"collection":[{"href":"https:\/\/librairie7l.com\/en\/wp-json\/wp\/v2\/product"}],"about":[{"href":"https:\/\/librairie7l.com\/en\/wp-json\/wp\/v2\/types\/product"}],"wp:featuredmedia":[{"embeddable":true,"href":"https:\/\/librairie7l.com\/en\/wp-json\/wp\/v2\/media\/34863"}],"wp:attachment":[{"href":"https:\/\/librairie7l.com\/en\/wp-json\/wp\/v2\/media?parent=34865"}],"wp:term":[{"taxonomy":"product_cat","embeddable":true,"href":"https:\/\/librairie7l.com\/en\/wp-json\/wp\/v2\/product_cat?post=34865"},{"taxonomy":"product_tag","embeddable":true,"href":"https:\/\/librairie7l.com\/en\/wp-json\/wp\/v2\/product_tag?post=34865"}],"curies":[{"name":"wp","href":"https:\/\/api.w.org\/{rel}","templated":true}]}}