{"id":34873,"date":"2024-06-25T20:05:38","date_gmt":"2024-06-25T18:05:38","guid":{"rendered":"https:\/\/librairie7l.com\/?post_type=product&#038;p=34873"},"modified":"2026-04-10T18:54:44","modified_gmt":"2026-04-10T16:54:44","slug":"papillons-messagers-ephemeres","status":"publish","type":"product","link":"https:\/\/librairie7l.com\/en\/produit\/papillons-messagers-ephemeres\/","title":{"rendered":"PAPILLONS ; MESSAGERS \u00c9PH\u00c9M\u00c8RES"},"content":{"rendered":"<p>Une source in\u00e9puisable de myst\u00e8re, de fugacit\u00e9 et de gr\u00e2ce.<\/p>\n<p> Une quarantaine de papillons d\u00e9licats issus des collections de la Biblioth\u00e8que nationale de France.<br \/>\nSymboles de l&#8217;\u00e2me et de la r\u00e9surrection, les papillons apparaissent fr\u00e9quemment dans les peintures de Vanit\u00e9s au XVIe si\u00e8cle, tandis que leurs repr\u00e9sentations naturalistes l&#8217;emportent au XVIIIe si\u00e8cle fran\u00e7ais.<\/p>\n<p> Pour les Am\u00e9rindiens, les papillons sont un symbole du changement, de la joie et de la couleur, miracle de la transformation et de la r\u00e9surrection.<\/p>\n<p> Dans la Gr\u00e8ce antique, ils repr\u00e9sentent la psych\u00e9 ou l&#8217;\u00e2me et son attribut, l&#8217;immortalit\u00e9, alors qu&#8217;au Japon, le papillon est un embl\u00e8me de la femme et que deux papillons figurent le bonheur conjugal.<\/p>\n<p> En Orient, ils conservent leur intensit\u00e9 de figuration du d\u00e9sir lorsqu&#8217;ils s&#8217;approchent de la pivoine, ou, plus \u00e9trangement, deviennent l&#8217;\u00e9l\u00e9ment insaisissable qui permet de repr\u00e9senter le vide, et nous aspire dans une vision spirituelle du monde \u00e9pur\u00e9 de repr\u00e9sentations symboliques.<\/p>\n<p> Exquise et parfois inqui\u00e9tante, la forme insaisissable des papillons que les artistes ont, universellement, tent\u00e9 de capter est une image de notre propre int\u00e9riorit\u00e9.<\/p>\n<p> Messagers \u00e9ph\u00e9m\u00e8res, ils r\u00e9v\u00e8lent la volatilit\u00e9 de nos \u00e9tats d&#8217;\u00e2mes, diurnes ou nocturnes, la beaut\u00e9 fugace du monde sensible dont la repr\u00e9sentation est \u00e0 la fois le signe d&#8217;une gageure et celui d&#8217;une gr\u00e2ce.<\/p>\n","protected":false},"excerpt":{"rendered":"<p>Une source in\u00e9puisable de myst\u00e8re, de fugacit\u00e9 et de gr\u00e2ce. Une quarantaine de papillons d\u00e9licats issus des collections de la Biblioth\u00e8que nationale de France. Symboles de l&#8217;\u00e2me et de la r\u00e9surrection, les papillons apparaissent fr\u00e9quemment dans les peintures de Vanit\u00e9s au XVIe si\u00e8cle, tandis que leurs repr\u00e9sentations naturalistes l&#8217;emportent au XVIIIe si\u00e8cle fran\u00e7ais. Pour les [&hellip;]<\/p>\n","protected":false},"featured_media":34871,"template":"","meta":[],"product_cat":[2948,2956],"product_tag":[],"acf":[],"yoast_head":"<!-- This site is optimized with the Yoast SEO plugin v20.11 - https:\/\/yoast.com\/wordpress\/plugins\/seo\/ -->\n<title>Papillons ; messagers \u00e9ph\u00e9m\u00e8res - Librairie 7L<\/title>\n<meta name=\"robots\" content=\"index, follow, max-snippet:-1, max-image-preview:large, max-video-preview:-1\" \/>\n<link rel=\"canonical\" href=\"https:\/\/librairie7l.com\/en\/produit\/papillons-messagers-ephemeres\/\" \/>\n<meta property=\"og:locale\" content=\"en_US\" \/>\n<meta property=\"og:type\" content=\"article\" \/>\n<meta property=\"og:title\" content=\"Papillons ; messagers \u00e9ph\u00e9m\u00e8res - Librairie 7L\" \/>\n<meta property=\"og:description\" content=\"Une source in\u00e9puisable de myst\u00e8re, de fugacit\u00e9 et de gr\u00e2ce. Une quarantaine de papillons d\u00e9licats issus des collections de la Biblioth\u00e8que nationale de France. Symboles de l&#8217;\u00e2me et de la r\u00e9surrection, les papillons apparaissent fr\u00e9quemment dans les peintures de Vanit\u00e9s au XVIe si\u00e8cle, tandis que leurs repr\u00e9sentations naturalistes l&#8217;emportent au XVIIIe si\u00e8cle fran\u00e7ais. Pour les [&hellip;]\" \/>\n<meta property=\"og:url\" content=\"https:\/\/librairie7l.com\/en\/produit\/papillons-messagers-ephemeres\/\" \/>\n<meta property=\"og:site_name\" content=\"Librairie 7L\" \/>\n<meta property=\"article:modified_time\" content=\"2026-04-10T16:54:44+00:00\" \/>\n<meta property=\"og:image\" content=\"https:\/\/librairie7l.com\/wp-content\/uploads\/2019\/03\/9782717728088_1_75.jpg\" \/>\n\t<meta property=\"og:image:width\" content=\"600\" \/>\n\t<meta property=\"og:image:height\" content=\"839\" \/>\n\t<meta property=\"og:image:type\" content=\"image\/jpeg\" \/>\n<meta name=\"twitter:card\" content=\"summary_large_image\" \/>\n<meta name=\"twitter:label1\" content=\"Est. reading time\" \/>\n\t<meta name=\"twitter:data1\" content=\"1 minute\" \/>\n<script type=\"application\/ld+json\" class=\"yoast-schema-graph\">{\"@context\":\"https:\/\/schema.org\",\"@graph\":[{\"@type\":\"WebPage\",\"@id\":\"https:\/\/librairie7l.com\/en\/produit\/papillons-messagers-ephemeres\/\",\"url\":\"https:\/\/librairie7l.com\/en\/produit\/papillons-messagers-ephemeres\/\",\"name\":\"Papillons ; messagers \u00e9ph\u00e9m\u00e8res - Librairie 7L\",\"isPartOf\":{\"@id\":\"https:\/\/librairie7l.com\/en\/#website\"},\"datePublished\":\"2024-06-25T18:05:38+00:00\",\"dateModified\":\"2026-04-10T16:54:44+00:00\",\"breadcrumb\":{\"@id\":\"https:\/\/librairie7l.com\/en\/produit\/papillons-messagers-ephemeres\/#breadcrumb\"},\"inLanguage\":\"en-US\",\"potentialAction\":[{\"@type\":\"ReadAction\",\"target\":[\"https:\/\/librairie7l.com\/en\/produit\/papillons-messagers-ephemeres\/\"]}]},{\"@type\":\"BreadcrumbList\",\"@id\":\"https:\/\/librairie7l.com\/en\/produit\/papillons-messagers-ephemeres\/#breadcrumb\",\"itemListElement\":[{\"@type\":\"ListItem\",\"position\":1,\"name\":\"Accueil\",\"item\":\"https:\/\/librairie7l.com\/en\/\"},{\"@type\":\"ListItem\",\"position\":2,\"name\":\"Shop\",\"item\":\"https:\/\/librairie7l.com\/en\/shop\/\"},{\"@type\":\"ListItem\",\"position\":3,\"name\":\"PAPILLONS ; MESSAGERS \u00c9PH\u00c9M\u00c8RES\"}]},{\"@type\":\"WebSite\",\"@id\":\"https:\/\/librairie7l.com\/en\/#website\",\"url\":\"https:\/\/librairie7l.com\/en\/\",\"name\":\"Librairie 7L\",\"description\":\"Librairie fond\u00e9e en 1999 par Karl Lagerfeld \u00e0 Paris\",\"publisher\":{\"@id\":\"https:\/\/librairie7l.com\/en\/#organization\"},\"potentialAction\":[{\"@type\":\"SearchAction\",\"target\":{\"@type\":\"EntryPoint\",\"urlTemplate\":\"https:\/\/librairie7l.com\/en\/?s={search_term_string}\"},\"query-input\":\"required name=search_term_string\"}],\"inLanguage\":\"en-US\"},{\"@type\":\"Organization\",\"@id\":\"https:\/\/librairie7l.com\/en\/#organization\",\"name\":\"Librairie 7L\",\"url\":\"https:\/\/librairie7l.com\/en\/\",\"logo\":{\"@type\":\"ImageObject\",\"inLanguage\":\"en-US\",\"@id\":\"https:\/\/librairie7l.com\/en\/#\/schema\/logo\/image\/\",\"url\":\"https:\/\/librairie7l.com\/wp-content\/uploads\/2022\/08\/logo-1.png\",\"contentUrl\":\"https:\/\/librairie7l.com\/wp-content\/uploads\/2022\/08\/logo-1.png\",\"width\":227,\"height\":301,\"caption\":\"Librairie 7L\"},\"image\":{\"@id\":\"https:\/\/librairie7l.com\/en\/#\/schema\/logo\/image\/\"}}]}<\/script>\n<!-- \/ Yoast SEO plugin. -->","yoast_head_json":{"title":"Papillons ; messagers \u00e9ph\u00e9m\u00e8res - Librairie 7L","robots":{"index":"index","follow":"follow","max-snippet":"max-snippet:-1","max-image-preview":"max-image-preview:large","max-video-preview":"max-video-preview:-1"},"canonical":"https:\/\/librairie7l.com\/en\/produit\/papillons-messagers-ephemeres\/","og_locale":"en_US","og_type":"article","og_title":"Papillons ; messagers \u00e9ph\u00e9m\u00e8res - Librairie 7L","og_description":"Une source in\u00e9puisable de myst\u00e8re, de fugacit\u00e9 et de gr\u00e2ce. Une quarantaine de papillons d\u00e9licats issus des collections de la Biblioth\u00e8que nationale de France. Symboles de l&#8217;\u00e2me et de la r\u00e9surrection, les papillons apparaissent fr\u00e9quemment dans les peintures de Vanit\u00e9s au XVIe si\u00e8cle, tandis que leurs repr\u00e9sentations naturalistes l&#8217;emportent au XVIIIe si\u00e8cle fran\u00e7ais. Pour les [&hellip;]","og_url":"https:\/\/librairie7l.com\/en\/produit\/papillons-messagers-ephemeres\/","og_site_name":"Librairie 7L","article_modified_time":"2026-04-10T16:54:44+00:00","og_image":[{"width":600,"height":839,"url":"https:\/\/librairie7l.com\/wp-content\/uploads\/2019\/03\/9782717728088_1_75.jpg","type":"image\/jpeg"}],"twitter_card":"summary_large_image","twitter_misc":{"Est. reading time":"1 minute"},"schema":{"@context":"https:\/\/schema.org","@graph":[{"@type":"WebPage","@id":"https:\/\/librairie7l.com\/en\/produit\/papillons-messagers-ephemeres\/","url":"https:\/\/librairie7l.com\/en\/produit\/papillons-messagers-ephemeres\/","name":"Papillons ; messagers \u00e9ph\u00e9m\u00e8res - Librairie 7L","isPartOf":{"@id":"https:\/\/librairie7l.com\/en\/#website"},"datePublished":"2024-06-25T18:05:38+00:00","dateModified":"2026-04-10T16:54:44+00:00","breadcrumb":{"@id":"https:\/\/librairie7l.com\/en\/produit\/papillons-messagers-ephemeres\/#breadcrumb"},"inLanguage":"en-US","potentialAction":[{"@type":"ReadAction","target":["https:\/\/librairie7l.com\/en\/produit\/papillons-messagers-ephemeres\/"]}]},{"@type":"BreadcrumbList","@id":"https:\/\/librairie7l.com\/en\/produit\/papillons-messagers-ephemeres\/#breadcrumb","itemListElement":[{"@type":"ListItem","position":1,"name":"Accueil","item":"https:\/\/librairie7l.com\/en\/"},{"@type":"ListItem","position":2,"name":"Shop","item":"https:\/\/librairie7l.com\/en\/shop\/"},{"@type":"ListItem","position":3,"name":"PAPILLONS ; MESSAGERS \u00c9PH\u00c9M\u00c8RES"}]},{"@type":"WebSite","@id":"https:\/\/librairie7l.com\/en\/#website","url":"https:\/\/librairie7l.com\/en\/","name":"Librairie 7L","description":"Librairie fond\u00e9e en 1999 par Karl Lagerfeld \u00e0 Paris","publisher":{"@id":"https:\/\/librairie7l.com\/en\/#organization"},"potentialAction":[{"@type":"SearchAction","target":{"@type":"EntryPoint","urlTemplate":"https:\/\/librairie7l.com\/en\/?s={search_term_string}"},"query-input":"required name=search_term_string"}],"inLanguage":"en-US"},{"@type":"Organization","@id":"https:\/\/librairie7l.com\/en\/#organization","name":"Librairie 7L","url":"https:\/\/librairie7l.com\/en\/","logo":{"@type":"ImageObject","inLanguage":"en-US","@id":"https:\/\/librairie7l.com\/en\/#\/schema\/logo\/image\/","url":"https:\/\/librairie7l.com\/wp-content\/uploads\/2022\/08\/logo-1.png","contentUrl":"https:\/\/librairie7l.com\/wp-content\/uploads\/2022\/08\/logo-1.png","width":227,"height":301,"caption":"Librairie 7L"},"image":{"@id":"https:\/\/librairie7l.com\/en\/#\/schema\/logo\/image\/"}}]}},"_links":{"self":[{"href":"https:\/\/librairie7l.com\/en\/wp-json\/wp\/v2\/product\/34873"}],"collection":[{"href":"https:\/\/librairie7l.com\/en\/wp-json\/wp\/v2\/product"}],"about":[{"href":"https:\/\/librairie7l.com\/en\/wp-json\/wp\/v2\/types\/product"}],"wp:featuredmedia":[{"embeddable":true,"href":"https:\/\/librairie7l.com\/en\/wp-json\/wp\/v2\/media\/34871"}],"wp:attachment":[{"href":"https:\/\/librairie7l.com\/en\/wp-json\/wp\/v2\/media?parent=34873"}],"wp:term":[{"taxonomy":"product_cat","embeddable":true,"href":"https:\/\/librairie7l.com\/en\/wp-json\/wp\/v2\/product_cat?post=34873"},{"taxonomy":"product_tag","embeddable":true,"href":"https:\/\/librairie7l.com\/en\/wp-json\/wp\/v2\/product_tag?post=34873"}],"curies":[{"name":"wp","href":"https:\/\/api.w.org\/{rel}","templated":true}]}}