{"id":34877,"date":"2023-10-10T09:21:23","date_gmt":"2023-10-10T07:21:23","guid":{"rendered":"https:\/\/librairie7l.com\/?post_type=product&#038;p=34877"},"modified":"2026-05-03T20:06:58","modified_gmt":"2026-05-03T18:06:58","slug":"mondes-souterrains-voyages-dans-les-profondeurs-reelles-et-imaginaires","status":"publish","type":"product","link":"https:\/\/librairie7l.com\/en\/produit\/mondes-souterrains-voyages-dans-les-profondeurs-reelles-et-imaginaires\/","title":{"rendered":"MONDES SOUTERRAINS : VOYAGES DANS LES PROFONDEURS R\u00c9ELLES ET IMAGINAIRES"},"content":{"rendered":"<p>Des terriers et des bunkers secrets sous nos pieds aux paysages infernaux imaginaires jusqu&#8217;aux r\u00eaveries surr\u00e9alistes, ce deuxi\u00e8me opus qui fait suite \u00e0 l&#8217;ouvrage \u00e0 succ\u00e8s La Danse Cosmique (Thames &amp; Hudson, 2022) propose des images \u00e0 la fois d\u00e9routantes et fascinantes sur les profondeurs r\u00e9elles et imaginaires et sur les m\u00e9andres subconscients de l&#8217;\u00e2me humaine. Une introduction de Stephen Ellcock ainsi que des textes en ouverture de chaque chapitre tissent une toile de connexions entre les diff\u00e9rents groupes d&#8217;images. Au fil de la lecture, les grands th\u00e8mes se dessinent : les visuels sont \u00e9clair\u00e9s par des textes accessibles qui leur apportent un contexte historique et iconographique. Des citations issues de la litt\u00e9rature, de la philosophie et des rituels \u00e9sot\u00e9riques compl\u00e8tent le corpus d&#8217;images. Ensemble, ils mettent en \u00e9vidence l&#8217;interaction entre le r\u00e9el et l&#8217;imaginaire, r\u00e9v\u00e9lant l&#8217;influence mutuelle de ces deux aspects de l&#8217;existence humaine : comment le r\u00e9el peut alimenter nos peurs et nos espoirs les plus profonds et en miroir, comment notre psych\u00e9 nourrit sans cesse l&#8217;imaginaire de l&#8217;inconnu et des t\u00e9n\u00e8bres.<\/p>\n","protected":false},"excerpt":{"rendered":"<p>Des terriers et des bunkers secrets sous nos pieds aux paysages infernaux imaginaires jusqu&#8217;aux r\u00eaveries surr\u00e9alistes, ce deuxi\u00e8me opus qui fait suite \u00e0 l&#8217;ouvrage \u00e0 succ\u00e8s La Danse Cosmique (Thames &amp; Hudson, 2022) propose des images \u00e0 la fois d\u00e9routantes et fascinantes sur les profondeurs r\u00e9elles et imaginaires et sur les m\u00e9andres subconscients de l&#8217;\u00e2me [&hellip;]<\/p>\n","protected":false},"featured_media":34875,"template":"","meta":[],"product_cat":[2948,2956],"product_tag":[],"acf":[],"yoast_head":"<!-- This site is optimized with the Yoast SEO plugin v20.11 - https:\/\/yoast.com\/wordpress\/plugins\/seo\/ -->\n<title>Mondes souterrains : Voyages dans les profondeurs r\u00e9elles et imaginaires - Librairie 7L<\/title>\n<meta name=\"robots\" content=\"index, follow, max-snippet:-1, max-image-preview:large, max-video-preview:-1\" \/>\n<link rel=\"canonical\" href=\"https:\/\/librairie7l.com\/en\/produit\/mondes-souterrains-voyages-dans-les-profondeurs-reelles-et-imaginaires\/\" \/>\n<meta property=\"og:locale\" content=\"en_US\" \/>\n<meta property=\"og:type\" content=\"article\" \/>\n<meta property=\"og:title\" content=\"Mondes souterrains : Voyages dans les profondeurs r\u00e9elles et imaginaires - Librairie 7L\" \/>\n<meta property=\"og:description\" content=\"Des terriers et des bunkers secrets sous nos pieds aux paysages infernaux imaginaires jusqu&#8217;aux r\u00eaveries surr\u00e9alistes, ce deuxi\u00e8me opus qui fait suite \u00e0 l&#8217;ouvrage \u00e0 succ\u00e8s La Danse Cosmique (Thames &amp; Hudson, 2022) propose des images \u00e0 la fois d\u00e9routantes et fascinantes sur les profondeurs r\u00e9elles et imaginaires et sur les m\u00e9andres subconscients de l&#8217;\u00e2me [&hellip;]\" \/>\n<meta property=\"og:url\" content=\"https:\/\/librairie7l.com\/en\/produit\/mondes-souterrains-voyages-dans-les-profondeurs-reelles-et-imaginaires\/\" \/>\n<meta property=\"og:site_name\" content=\"Librairie 7L\" \/>\n<meta property=\"article:modified_time\" content=\"2026-05-03T18:06:58+00:00\" \/>\n<meta property=\"og:image\" content=\"https:\/\/librairie7l.com\/wp-content\/uploads\/2023\/09\/9780500027431_1_75.jpg\" \/>\n\t<meta property=\"og:image:width\" content=\"359\" \/>\n\t<meta property=\"og:image:height\" content=\"500\" \/>\n\t<meta property=\"og:image:type\" content=\"image\/jpeg\" \/>\n<meta name=\"twitter:card\" content=\"summary_large_image\" \/>\n<meta name=\"twitter:label1\" content=\"Est. reading time\" \/>\n\t<meta name=\"twitter:data1\" content=\"1 minute\" \/>\n<script type=\"application\/ld+json\" class=\"yoast-schema-graph\">{\"@context\":\"https:\/\/schema.org\",\"@graph\":[{\"@type\":\"WebPage\",\"@id\":\"https:\/\/librairie7l.com\/en\/produit\/mondes-souterrains-voyages-dans-les-profondeurs-reelles-et-imaginaires\/\",\"url\":\"https:\/\/librairie7l.com\/en\/produit\/mondes-souterrains-voyages-dans-les-profondeurs-reelles-et-imaginaires\/\",\"name\":\"Mondes souterrains : Voyages dans les profondeurs r\u00e9elles et imaginaires - Librairie 7L\",\"isPartOf\":{\"@id\":\"https:\/\/librairie7l.com\/en\/#website\"},\"datePublished\":\"2023-10-10T07:21:23+00:00\",\"dateModified\":\"2026-05-03T18:06:58+00:00\",\"breadcrumb\":{\"@id\":\"https:\/\/librairie7l.com\/en\/produit\/mondes-souterrains-voyages-dans-les-profondeurs-reelles-et-imaginaires\/#breadcrumb\"},\"inLanguage\":\"en-US\",\"potentialAction\":[{\"@type\":\"ReadAction\",\"target\":[\"https:\/\/librairie7l.com\/en\/produit\/mondes-souterrains-voyages-dans-les-profondeurs-reelles-et-imaginaires\/\"]}]},{\"@type\":\"BreadcrumbList\",\"@id\":\"https:\/\/librairie7l.com\/en\/produit\/mondes-souterrains-voyages-dans-les-profondeurs-reelles-et-imaginaires\/#breadcrumb\",\"itemListElement\":[{\"@type\":\"ListItem\",\"position\":1,\"name\":\"Accueil\",\"item\":\"https:\/\/librairie7l.com\/en\/\"},{\"@type\":\"ListItem\",\"position\":2,\"name\":\"Shop\",\"item\":\"https:\/\/librairie7l.com\/en\/shop\/\"},{\"@type\":\"ListItem\",\"position\":3,\"name\":\"MONDES SOUTERRAINS : VOYAGES DANS LES PROFONDEURS R\u00c9ELLES ET IMAGINAIRES\"}]},{\"@type\":\"WebSite\",\"@id\":\"https:\/\/librairie7l.com\/en\/#website\",\"url\":\"https:\/\/librairie7l.com\/en\/\",\"name\":\"Librairie 7L\",\"description\":\"Librairie fond\u00e9e en 1999 par Karl Lagerfeld \u00e0 Paris\",\"publisher\":{\"@id\":\"https:\/\/librairie7l.com\/en\/#organization\"},\"potentialAction\":[{\"@type\":\"SearchAction\",\"target\":{\"@type\":\"EntryPoint\",\"urlTemplate\":\"https:\/\/librairie7l.com\/en\/?s={search_term_string}\"},\"query-input\":\"required name=search_term_string\"}],\"inLanguage\":\"en-US\"},{\"@type\":\"Organization\",\"@id\":\"https:\/\/librairie7l.com\/en\/#organization\",\"name\":\"Librairie 7L\",\"url\":\"https:\/\/librairie7l.com\/en\/\",\"logo\":{\"@type\":\"ImageObject\",\"inLanguage\":\"en-US\",\"@id\":\"https:\/\/librairie7l.com\/en\/#\/schema\/logo\/image\/\",\"url\":\"https:\/\/librairie7l.com\/wp-content\/uploads\/2022\/08\/logo-1.png\",\"contentUrl\":\"https:\/\/librairie7l.com\/wp-content\/uploads\/2022\/08\/logo-1.png\",\"width\":227,\"height\":301,\"caption\":\"Librairie 7L\"},\"image\":{\"@id\":\"https:\/\/librairie7l.com\/en\/#\/schema\/logo\/image\/\"}}]}<\/script>\n<!-- \/ Yoast SEO plugin. -->","yoast_head_json":{"title":"Mondes souterrains : Voyages dans les profondeurs r\u00e9elles et imaginaires - Librairie 7L","robots":{"index":"index","follow":"follow","max-snippet":"max-snippet:-1","max-image-preview":"max-image-preview:large","max-video-preview":"max-video-preview:-1"},"canonical":"https:\/\/librairie7l.com\/en\/produit\/mondes-souterrains-voyages-dans-les-profondeurs-reelles-et-imaginaires\/","og_locale":"en_US","og_type":"article","og_title":"Mondes souterrains : Voyages dans les profondeurs r\u00e9elles et imaginaires - Librairie 7L","og_description":"Des terriers et des bunkers secrets sous nos pieds aux paysages infernaux imaginaires jusqu&#8217;aux r\u00eaveries surr\u00e9alistes, ce deuxi\u00e8me opus qui fait suite \u00e0 l&#8217;ouvrage \u00e0 succ\u00e8s La Danse Cosmique (Thames &amp; Hudson, 2022) propose des images \u00e0 la fois d\u00e9routantes et fascinantes sur les profondeurs r\u00e9elles et imaginaires et sur les m\u00e9andres subconscients de l&#8217;\u00e2me [&hellip;]","og_url":"https:\/\/librairie7l.com\/en\/produit\/mondes-souterrains-voyages-dans-les-profondeurs-reelles-et-imaginaires\/","og_site_name":"Librairie 7L","article_modified_time":"2026-05-03T18:06:58+00:00","og_image":[{"width":359,"height":500,"url":"https:\/\/librairie7l.com\/wp-content\/uploads\/2023\/09\/9780500027431_1_75.jpg","type":"image\/jpeg"}],"twitter_card":"summary_large_image","twitter_misc":{"Est. reading time":"1 minute"},"schema":{"@context":"https:\/\/schema.org","@graph":[{"@type":"WebPage","@id":"https:\/\/librairie7l.com\/en\/produit\/mondes-souterrains-voyages-dans-les-profondeurs-reelles-et-imaginaires\/","url":"https:\/\/librairie7l.com\/en\/produit\/mondes-souterrains-voyages-dans-les-profondeurs-reelles-et-imaginaires\/","name":"Mondes souterrains : Voyages dans les profondeurs r\u00e9elles et imaginaires - Librairie 7L","isPartOf":{"@id":"https:\/\/librairie7l.com\/en\/#website"},"datePublished":"2023-10-10T07:21:23+00:00","dateModified":"2026-05-03T18:06:58+00:00","breadcrumb":{"@id":"https:\/\/librairie7l.com\/en\/produit\/mondes-souterrains-voyages-dans-les-profondeurs-reelles-et-imaginaires\/#breadcrumb"},"inLanguage":"en-US","potentialAction":[{"@type":"ReadAction","target":["https:\/\/librairie7l.com\/en\/produit\/mondes-souterrains-voyages-dans-les-profondeurs-reelles-et-imaginaires\/"]}]},{"@type":"BreadcrumbList","@id":"https:\/\/librairie7l.com\/en\/produit\/mondes-souterrains-voyages-dans-les-profondeurs-reelles-et-imaginaires\/#breadcrumb","itemListElement":[{"@type":"ListItem","position":1,"name":"Accueil","item":"https:\/\/librairie7l.com\/en\/"},{"@type":"ListItem","position":2,"name":"Shop","item":"https:\/\/librairie7l.com\/en\/shop\/"},{"@type":"ListItem","position":3,"name":"MONDES SOUTERRAINS : VOYAGES DANS LES PROFONDEURS R\u00c9ELLES ET IMAGINAIRES"}]},{"@type":"WebSite","@id":"https:\/\/librairie7l.com\/en\/#website","url":"https:\/\/librairie7l.com\/en\/","name":"Librairie 7L","description":"Librairie fond\u00e9e en 1999 par Karl Lagerfeld \u00e0 Paris","publisher":{"@id":"https:\/\/librairie7l.com\/en\/#organization"},"potentialAction":[{"@type":"SearchAction","target":{"@type":"EntryPoint","urlTemplate":"https:\/\/librairie7l.com\/en\/?s={search_term_string}"},"query-input":"required name=search_term_string"}],"inLanguage":"en-US"},{"@type":"Organization","@id":"https:\/\/librairie7l.com\/en\/#organization","name":"Librairie 7L","url":"https:\/\/librairie7l.com\/en\/","logo":{"@type":"ImageObject","inLanguage":"en-US","@id":"https:\/\/librairie7l.com\/en\/#\/schema\/logo\/image\/","url":"https:\/\/librairie7l.com\/wp-content\/uploads\/2022\/08\/logo-1.png","contentUrl":"https:\/\/librairie7l.com\/wp-content\/uploads\/2022\/08\/logo-1.png","width":227,"height":301,"caption":"Librairie 7L"},"image":{"@id":"https:\/\/librairie7l.com\/en\/#\/schema\/logo\/image\/"}}]}},"_links":{"self":[{"href":"https:\/\/librairie7l.com\/en\/wp-json\/wp\/v2\/product\/34877"}],"collection":[{"href":"https:\/\/librairie7l.com\/en\/wp-json\/wp\/v2\/product"}],"about":[{"href":"https:\/\/librairie7l.com\/en\/wp-json\/wp\/v2\/types\/product"}],"wp:featuredmedia":[{"embeddable":true,"href":"https:\/\/librairie7l.com\/en\/wp-json\/wp\/v2\/media\/34875"}],"wp:attachment":[{"href":"https:\/\/librairie7l.com\/en\/wp-json\/wp\/v2\/media?parent=34877"}],"wp:term":[{"taxonomy":"product_cat","embeddable":true,"href":"https:\/\/librairie7l.com\/en\/wp-json\/wp\/v2\/product_cat?post=34877"},{"taxonomy":"product_tag","embeddable":true,"href":"https:\/\/librairie7l.com\/en\/wp-json\/wp\/v2\/product_tag?post=34877"}],"curies":[{"name":"wp","href":"https:\/\/api.w.org\/{rel}","templated":true}]}}