{"id":34881,"date":"2024-06-25T20:06:50","date_gmt":"2024-06-25T18:06:50","guid":{"rendered":"https:\/\/librairie7l.com\/?post_type=product&#038;p=34881"},"modified":"2026-04-12T03:07:11","modified_gmt":"2026-04-12T01:07:11","slug":"pourquoi-photographier","status":"publish","type":"product","link":"https:\/\/librairie7l.com\/en\/produit\/pourquoi-photographier\/","title":{"rendered":"POURQUOI PHOTOGRAPHIER"},"content":{"rendered":"<p>Le photographe am\u00e9ricain Robert Adams a publi\u00e9 plusieurs textes th\u00e9oriques en marge de sa pratique. Why People Photograph, paru chez Aperture en 1994, constitue l&#8217;un de ses ouvrages critiques les plus influents.<br \/>\nPourquoi les gens photographient en est la traduction fran\u00e7aise in\u00e9dite et est enrichie d&#8217;une pr\u00e9face sign\u00e9e de l&#8217;auteur, sp\u00e9cialement \u00e9crite pour cette nouvelle publication.<\/p>\n<p>L&#8217;ouvrage rassemble une s\u00e9lection d&#8217;essais et de textes \u00e0 propos des oeuvres de divers photographes parmi lesquels Ansel Adams, Eug\u00e8ne Atget, Dorothea Lange, Susan Meiselas, Michael Schmidt, Paul Strand, Edward Weston et leurs publications respectives. Le corpus de textes porte \u00e9galement sur diff\u00e9rents genres, \u00e9poques et sujets photographiques tels que l&#8217;exp\u00e9rience de l&#8217;espace dans l&#8217;Ouest am\u00e9ricain pour les paysagistes du xixe si\u00e8cle, mais aussi des th\u00e8mes plus concrets comme les liens entre collectionneurs et photographes, ou comment vivre de sa pratique photographique. Robert Adams aborde \u00e9galement son th\u00e8me de pr\u00e9dilection, qui sous-tend tout son travail, celui des questions environnementales et de la protection de la plan\u00e8te. Ces essais sont illustr\u00e9s d&#8217;une trentaine de photographies et peintures reproduites en noir et blanc.<\/p>\n<p>Dans un style direct, lib\u00e9r\u00e9 du jargon acad\u00e9mique, le lecteur appr\u00e9ciera l&#8217;attention que porte Robert Adams \u00e0 l&#8217;exp\u00e9rience du quotidien, ses petites joies (un essai est consacr\u00e9 aux chiens et \u00e0 la photographie) et avant tout \u00e0 l&#8217;importance de l&#8217;art dans nos vies. Comme il l&#8217;\u00e9crit les photographes  peuvent ou non vivre de leur photographie mais elle les rend (tous) vivants .<\/p>\n<p>Quatri\u00e8me titre de la collection TXT, cr\u00e9\u00e9e en 2018, Pourquoi les gens photographient apporte un regard nouveau sur la photographie et sa p\u00e9dagogie, dans un ouvrage in\u00e9dit en langue fran\u00e7aise.<\/p>\n","protected":false},"excerpt":{"rendered":"<p>Le photographe am\u00e9ricain Robert Adams a publi\u00e9 plusieurs textes th\u00e9oriques en marge de sa pratique. Why People Photograph, paru chez Aperture en 1994, constitue l&#8217;un de ses ouvrages critiques les plus influents. Pourquoi les gens photographient en est la traduction fran\u00e7aise in\u00e9dite et est enrichie d&#8217;une pr\u00e9face sign\u00e9e de l&#8217;auteur, sp\u00e9cialement \u00e9crite pour cette nouvelle [&hellip;]<\/p>\n","protected":false},"featured_media":34879,"template":"","meta":[],"product_cat":[2948,2958],"product_tag":[],"acf":[],"yoast_head":"<!-- This site is optimized with the Yoast SEO plugin v20.11 - https:\/\/yoast.com\/wordpress\/plugins\/seo\/ -->\n<title>Pourquoi photographier - Librairie 7L<\/title>\n<meta name=\"robots\" content=\"index, follow, max-snippet:-1, max-image-preview:large, max-video-preview:-1\" \/>\n<link rel=\"canonical\" href=\"https:\/\/librairie7l.com\/en\/produit\/pourquoi-photographier\/\" \/>\n<meta property=\"og:locale\" content=\"en_US\" \/>\n<meta property=\"og:type\" content=\"article\" \/>\n<meta property=\"og:title\" content=\"Pourquoi photographier - Librairie 7L\" \/>\n<meta property=\"og:description\" content=\"Le photographe am\u00e9ricain Robert Adams a publi\u00e9 plusieurs textes th\u00e9oriques en marge de sa pratique. Why People Photograph, paru chez Aperture en 1994, constitue l&#8217;un de ses ouvrages critiques les plus influents. Pourquoi les gens photographient en est la traduction fran\u00e7aise in\u00e9dite et est enrichie d&#8217;une pr\u00e9face sign\u00e9e de l&#8217;auteur, sp\u00e9cialement \u00e9crite pour cette nouvelle [&hellip;]\" \/>\n<meta property=\"og:url\" content=\"https:\/\/librairie7l.com\/en\/produit\/pourquoi-photographier\/\" \/>\n<meta property=\"og:site_name\" content=\"Librairie 7L\" \/>\n<meta property=\"article:modified_time\" content=\"2026-04-12T01:07:11+00:00\" \/>\n<meta property=\"og:image\" content=\"https:\/\/librairie7l.com\/wp-content\/uploads\/2022\/04\/9782365113380_1_75.jpg\" \/>\n\t<meta property=\"og:image:width\" content=\"400\" \/>\n\t<meta property=\"og:image:height\" content=\"591\" \/>\n\t<meta property=\"og:image:type\" content=\"image\/jpeg\" \/>\n<meta name=\"twitter:card\" content=\"summary_large_image\" \/>\n<meta name=\"twitter:label1\" content=\"Est. reading time\" \/>\n\t<meta name=\"twitter:data1\" content=\"1 minute\" \/>\n<script type=\"application\/ld+json\" class=\"yoast-schema-graph\">{\"@context\":\"https:\/\/schema.org\",\"@graph\":[{\"@type\":\"WebPage\",\"@id\":\"https:\/\/librairie7l.com\/en\/produit\/pourquoi-photographier\/\",\"url\":\"https:\/\/librairie7l.com\/en\/produit\/pourquoi-photographier\/\",\"name\":\"Pourquoi photographier - Librairie 7L\",\"isPartOf\":{\"@id\":\"https:\/\/librairie7l.com\/en\/#website\"},\"datePublished\":\"2024-06-25T18:06:50+00:00\",\"dateModified\":\"2026-04-12T01:07:11+00:00\",\"breadcrumb\":{\"@id\":\"https:\/\/librairie7l.com\/en\/produit\/pourquoi-photographier\/#breadcrumb\"},\"inLanguage\":\"en-US\",\"potentialAction\":[{\"@type\":\"ReadAction\",\"target\":[\"https:\/\/librairie7l.com\/en\/produit\/pourquoi-photographier\/\"]}]},{\"@type\":\"BreadcrumbList\",\"@id\":\"https:\/\/librairie7l.com\/en\/produit\/pourquoi-photographier\/#breadcrumb\",\"itemListElement\":[{\"@type\":\"ListItem\",\"position\":1,\"name\":\"Accueil\",\"item\":\"https:\/\/librairie7l.com\/en\/\"},{\"@type\":\"ListItem\",\"position\":2,\"name\":\"Shop\",\"item\":\"https:\/\/librairie7l.com\/en\/shop\/\"},{\"@type\":\"ListItem\",\"position\":3,\"name\":\"POURQUOI PHOTOGRAPHIER\"}]},{\"@type\":\"WebSite\",\"@id\":\"https:\/\/librairie7l.com\/en\/#website\",\"url\":\"https:\/\/librairie7l.com\/en\/\",\"name\":\"Librairie 7L\",\"description\":\"Librairie fond\u00e9e en 1999 par Karl Lagerfeld \u00e0 Paris\",\"publisher\":{\"@id\":\"https:\/\/librairie7l.com\/en\/#organization\"},\"potentialAction\":[{\"@type\":\"SearchAction\",\"target\":{\"@type\":\"EntryPoint\",\"urlTemplate\":\"https:\/\/librairie7l.com\/en\/?s={search_term_string}\"},\"query-input\":\"required name=search_term_string\"}],\"inLanguage\":\"en-US\"},{\"@type\":\"Organization\",\"@id\":\"https:\/\/librairie7l.com\/en\/#organization\",\"name\":\"Librairie 7L\",\"url\":\"https:\/\/librairie7l.com\/en\/\",\"logo\":{\"@type\":\"ImageObject\",\"inLanguage\":\"en-US\",\"@id\":\"https:\/\/librairie7l.com\/en\/#\/schema\/logo\/image\/\",\"url\":\"https:\/\/librairie7l.com\/wp-content\/uploads\/2022\/08\/logo-1.png\",\"contentUrl\":\"https:\/\/librairie7l.com\/wp-content\/uploads\/2022\/08\/logo-1.png\",\"width\":227,\"height\":301,\"caption\":\"Librairie 7L\"},\"image\":{\"@id\":\"https:\/\/librairie7l.com\/en\/#\/schema\/logo\/image\/\"}}]}<\/script>\n<!-- \/ Yoast SEO plugin. -->","yoast_head_json":{"title":"Pourquoi photographier - Librairie 7L","robots":{"index":"index","follow":"follow","max-snippet":"max-snippet:-1","max-image-preview":"max-image-preview:large","max-video-preview":"max-video-preview:-1"},"canonical":"https:\/\/librairie7l.com\/en\/produit\/pourquoi-photographier\/","og_locale":"en_US","og_type":"article","og_title":"Pourquoi photographier - Librairie 7L","og_description":"Le photographe am\u00e9ricain Robert Adams a publi\u00e9 plusieurs textes th\u00e9oriques en marge de sa pratique. Why People Photograph, paru chez Aperture en 1994, constitue l&#8217;un de ses ouvrages critiques les plus influents. Pourquoi les gens photographient en est la traduction fran\u00e7aise in\u00e9dite et est enrichie d&#8217;une pr\u00e9face sign\u00e9e de l&#8217;auteur, sp\u00e9cialement \u00e9crite pour cette nouvelle [&hellip;]","og_url":"https:\/\/librairie7l.com\/en\/produit\/pourquoi-photographier\/","og_site_name":"Librairie 7L","article_modified_time":"2026-04-12T01:07:11+00:00","og_image":[{"width":400,"height":591,"url":"https:\/\/librairie7l.com\/wp-content\/uploads\/2022\/04\/9782365113380_1_75.jpg","type":"image\/jpeg"}],"twitter_card":"summary_large_image","twitter_misc":{"Est. reading time":"1 minute"},"schema":{"@context":"https:\/\/schema.org","@graph":[{"@type":"WebPage","@id":"https:\/\/librairie7l.com\/en\/produit\/pourquoi-photographier\/","url":"https:\/\/librairie7l.com\/en\/produit\/pourquoi-photographier\/","name":"Pourquoi photographier - Librairie 7L","isPartOf":{"@id":"https:\/\/librairie7l.com\/en\/#website"},"datePublished":"2024-06-25T18:06:50+00:00","dateModified":"2026-04-12T01:07:11+00:00","breadcrumb":{"@id":"https:\/\/librairie7l.com\/en\/produit\/pourquoi-photographier\/#breadcrumb"},"inLanguage":"en-US","potentialAction":[{"@type":"ReadAction","target":["https:\/\/librairie7l.com\/en\/produit\/pourquoi-photographier\/"]}]},{"@type":"BreadcrumbList","@id":"https:\/\/librairie7l.com\/en\/produit\/pourquoi-photographier\/#breadcrumb","itemListElement":[{"@type":"ListItem","position":1,"name":"Accueil","item":"https:\/\/librairie7l.com\/en\/"},{"@type":"ListItem","position":2,"name":"Shop","item":"https:\/\/librairie7l.com\/en\/shop\/"},{"@type":"ListItem","position":3,"name":"POURQUOI PHOTOGRAPHIER"}]},{"@type":"WebSite","@id":"https:\/\/librairie7l.com\/en\/#website","url":"https:\/\/librairie7l.com\/en\/","name":"Librairie 7L","description":"Librairie fond\u00e9e en 1999 par Karl Lagerfeld \u00e0 Paris","publisher":{"@id":"https:\/\/librairie7l.com\/en\/#organization"},"potentialAction":[{"@type":"SearchAction","target":{"@type":"EntryPoint","urlTemplate":"https:\/\/librairie7l.com\/en\/?s={search_term_string}"},"query-input":"required name=search_term_string"}],"inLanguage":"en-US"},{"@type":"Organization","@id":"https:\/\/librairie7l.com\/en\/#organization","name":"Librairie 7L","url":"https:\/\/librairie7l.com\/en\/","logo":{"@type":"ImageObject","inLanguage":"en-US","@id":"https:\/\/librairie7l.com\/en\/#\/schema\/logo\/image\/","url":"https:\/\/librairie7l.com\/wp-content\/uploads\/2022\/08\/logo-1.png","contentUrl":"https:\/\/librairie7l.com\/wp-content\/uploads\/2022\/08\/logo-1.png","width":227,"height":301,"caption":"Librairie 7L"},"image":{"@id":"https:\/\/librairie7l.com\/en\/#\/schema\/logo\/image\/"}}]}},"_links":{"self":[{"href":"https:\/\/librairie7l.com\/en\/wp-json\/wp\/v2\/product\/34881"}],"collection":[{"href":"https:\/\/librairie7l.com\/en\/wp-json\/wp\/v2\/product"}],"about":[{"href":"https:\/\/librairie7l.com\/en\/wp-json\/wp\/v2\/types\/product"}],"wp:featuredmedia":[{"embeddable":true,"href":"https:\/\/librairie7l.com\/en\/wp-json\/wp\/v2\/media\/34879"}],"wp:attachment":[{"href":"https:\/\/librairie7l.com\/en\/wp-json\/wp\/v2\/media?parent=34881"}],"wp:term":[{"taxonomy":"product_cat","embeddable":true,"href":"https:\/\/librairie7l.com\/en\/wp-json\/wp\/v2\/product_cat?post=34881"},{"taxonomy":"product_tag","embeddable":true,"href":"https:\/\/librairie7l.com\/en\/wp-json\/wp\/v2\/product_tag?post=34881"}],"curies":[{"name":"wp","href":"https:\/\/api.w.org\/{rel}","templated":true}]}}