{"id":34889,"date":"2024-06-25T22:05:36","date_gmt":"2024-06-25T20:05:36","guid":{"rendered":"https:\/\/librairie7l.com\/?post_type=product&#038;p=34889"},"modified":"2026-04-12T17:06:45","modified_gmt":"2026-04-12T15:06:45","slug":"ken-domon-le-maitre-du-realisme-japonais","status":"publish","type":"product","link":"https:\/\/librairie7l.com\/en\/produit\/ken-domon-le-maitre-du-realisme-japonais\/","title":{"rendered":"KEN DOMON, LE MA\u00ceTRE DU R\u00c9ALISME JAPONAIS"},"content":{"rendered":"<p>Avec plus de 170 photos prises entre les ann\u00e9es 1920 et les ann\u00e9es 1980, Ken Domon est consid\u00e9r\u00e9 \u00e0 la fois comme le ma\u00eetre supr\u00eame de la photographie japonaise et une r\u00e9f\u00e9rence pour les photographes d&#8217;aujourd&#8217;hui.<br \/>\nLa richesse et la diversit\u00e9 de son oeuvre r\u00e9v\u00e8lent son attention et sa curiosit\u00e9 sans fin pour la culture, l&#8217;art, les portraits, la soci\u00e9t\u00e9 et la politique de son pays. C&#8217;est un Japon multiple qu&#8217;il pr\u00e9sente, son Japon. Il montre les c\u00e9l\u00e9brit\u00e9s autant que la mis\u00e8re des villages miniers, les jeux des enfants des rues et le silence des anciens temples. Ses oeuvres les plus r\u00e9centes exposent les blessures encore ouvertes d&#8217;Hiroshima.<\/p>\n","protected":false},"excerpt":{"rendered":"<p>Avec plus de 170 photos prises entre les ann\u00e9es 1920 et les ann\u00e9es 1980, Ken Domon est consid\u00e9r\u00e9 \u00e0 la fois comme le ma\u00eetre supr\u00eame de la photographie japonaise et une r\u00e9f\u00e9rence pour les photographes d&#8217;aujourd&#8217;hui. La richesse et la diversit\u00e9 de son oeuvre r\u00e9v\u00e8lent son attention et sa curiosit\u00e9 sans fin pour la culture, [&hellip;]<\/p>\n","protected":false},"featured_media":34887,"template":"","meta":[],"product_cat":[2948,2958],"product_tag":[],"acf":[],"yoast_head":"<!-- This site is optimized with the Yoast SEO plugin v20.11 - https:\/\/yoast.com\/wordpress\/plugins\/seo\/ -->\n<title>Ken Domon, le ma\u00eetre du r\u00e9alisme japonais - Librairie 7L<\/title>\n<meta name=\"robots\" content=\"index, follow, max-snippet:-1, max-image-preview:large, max-video-preview:-1\" \/>\n<link rel=\"canonical\" href=\"https:\/\/librairie7l.com\/en\/produit\/ken-domon-le-maitre-du-realisme-japonais\/\" \/>\n<meta property=\"og:locale\" content=\"en_US\" \/>\n<meta property=\"og:type\" content=\"article\" \/>\n<meta property=\"og:title\" content=\"Ken Domon, le ma\u00eetre du r\u00e9alisme japonais - Librairie 7L\" \/>\n<meta property=\"og:description\" content=\"Avec plus de 170 photos prises entre les ann\u00e9es 1920 et les ann\u00e9es 1980, Ken Domon est consid\u00e9r\u00e9 \u00e0 la fois comme le ma\u00eetre supr\u00eame de la photographie japonaise et une r\u00e9f\u00e9rence pour les photographes d&#8217;aujourd&#8217;hui. La richesse et la diversit\u00e9 de son oeuvre r\u00e9v\u00e8lent son attention et sa curiosit\u00e9 sans fin pour la culture, [&hellip;]\" \/>\n<meta property=\"og:url\" content=\"https:\/\/librairie7l.com\/en\/produit\/ken-domon-le-maitre-du-realisme-japonais\/\" \/>\n<meta property=\"og:site_name\" content=\"Librairie 7L\" \/>\n<meta property=\"article:modified_time\" content=\"2026-04-12T15:06:45+00:00\" \/>\n<meta property=\"og:image\" content=\"https:\/\/librairie7l.com\/wp-content\/uploads\/2023\/03\/9782370742230_1_75.jpg\" \/>\n\t<meta property=\"og:image:width\" content=\"400\" \/>\n\t<meta property=\"og:image:height\" content=\"600\" \/>\n\t<meta property=\"og:image:type\" content=\"image\/jpeg\" \/>\n<meta name=\"twitter:card\" content=\"summary_large_image\" \/>\n<meta name=\"twitter:label1\" content=\"Est. reading time\" \/>\n\t<meta name=\"twitter:data1\" content=\"1 minute\" \/>\n<script type=\"application\/ld+json\" class=\"yoast-schema-graph\">{\"@context\":\"https:\/\/schema.org\",\"@graph\":[{\"@type\":\"WebPage\",\"@id\":\"https:\/\/librairie7l.com\/en\/produit\/ken-domon-le-maitre-du-realisme-japonais\/\",\"url\":\"https:\/\/librairie7l.com\/en\/produit\/ken-domon-le-maitre-du-realisme-japonais\/\",\"name\":\"Ken Domon, le ma\u00eetre du r\u00e9alisme japonais - Librairie 7L\",\"isPartOf\":{\"@id\":\"https:\/\/librairie7l.com\/en\/#website\"},\"datePublished\":\"2024-06-25T20:05:36+00:00\",\"dateModified\":\"2026-04-12T15:06:45+00:00\",\"breadcrumb\":{\"@id\":\"https:\/\/librairie7l.com\/en\/produit\/ken-domon-le-maitre-du-realisme-japonais\/#breadcrumb\"},\"inLanguage\":\"en-US\",\"potentialAction\":[{\"@type\":\"ReadAction\",\"target\":[\"https:\/\/librairie7l.com\/en\/produit\/ken-domon-le-maitre-du-realisme-japonais\/\"]}]},{\"@type\":\"BreadcrumbList\",\"@id\":\"https:\/\/librairie7l.com\/en\/produit\/ken-domon-le-maitre-du-realisme-japonais\/#breadcrumb\",\"itemListElement\":[{\"@type\":\"ListItem\",\"position\":1,\"name\":\"Accueil\",\"item\":\"https:\/\/librairie7l.com\/en\/\"},{\"@type\":\"ListItem\",\"position\":2,\"name\":\"Shop\",\"item\":\"https:\/\/librairie7l.com\/en\/shop\/\"},{\"@type\":\"ListItem\",\"position\":3,\"name\":\"KEN DOMON, LE MA\u00ceTRE DU R\u00c9ALISME JAPONAIS\"}]},{\"@type\":\"WebSite\",\"@id\":\"https:\/\/librairie7l.com\/en\/#website\",\"url\":\"https:\/\/librairie7l.com\/en\/\",\"name\":\"Librairie 7L\",\"description\":\"Librairie fond\u00e9e en 1999 par Karl Lagerfeld \u00e0 Paris\",\"publisher\":{\"@id\":\"https:\/\/librairie7l.com\/en\/#organization\"},\"potentialAction\":[{\"@type\":\"SearchAction\",\"target\":{\"@type\":\"EntryPoint\",\"urlTemplate\":\"https:\/\/librairie7l.com\/en\/?s={search_term_string}\"},\"query-input\":\"required name=search_term_string\"}],\"inLanguage\":\"en-US\"},{\"@type\":\"Organization\",\"@id\":\"https:\/\/librairie7l.com\/en\/#organization\",\"name\":\"Librairie 7L\",\"url\":\"https:\/\/librairie7l.com\/en\/\",\"logo\":{\"@type\":\"ImageObject\",\"inLanguage\":\"en-US\",\"@id\":\"https:\/\/librairie7l.com\/en\/#\/schema\/logo\/image\/\",\"url\":\"https:\/\/librairie7l.com\/wp-content\/uploads\/2022\/08\/logo-1.png\",\"contentUrl\":\"https:\/\/librairie7l.com\/wp-content\/uploads\/2022\/08\/logo-1.png\",\"width\":227,\"height\":301,\"caption\":\"Librairie 7L\"},\"image\":{\"@id\":\"https:\/\/librairie7l.com\/en\/#\/schema\/logo\/image\/\"}}]}<\/script>\n<!-- \/ Yoast SEO plugin. -->","yoast_head_json":{"title":"Ken Domon, le ma\u00eetre du r\u00e9alisme japonais - Librairie 7L","robots":{"index":"index","follow":"follow","max-snippet":"max-snippet:-1","max-image-preview":"max-image-preview:large","max-video-preview":"max-video-preview:-1"},"canonical":"https:\/\/librairie7l.com\/en\/produit\/ken-domon-le-maitre-du-realisme-japonais\/","og_locale":"en_US","og_type":"article","og_title":"Ken Domon, le ma\u00eetre du r\u00e9alisme japonais - Librairie 7L","og_description":"Avec plus de 170 photos prises entre les ann\u00e9es 1920 et les ann\u00e9es 1980, Ken Domon est consid\u00e9r\u00e9 \u00e0 la fois comme le ma\u00eetre supr\u00eame de la photographie japonaise et une r\u00e9f\u00e9rence pour les photographes d&#8217;aujourd&#8217;hui. La richesse et la diversit\u00e9 de son oeuvre r\u00e9v\u00e8lent son attention et sa curiosit\u00e9 sans fin pour la culture, [&hellip;]","og_url":"https:\/\/librairie7l.com\/en\/produit\/ken-domon-le-maitre-du-realisme-japonais\/","og_site_name":"Librairie 7L","article_modified_time":"2026-04-12T15:06:45+00:00","og_image":[{"width":400,"height":600,"url":"https:\/\/librairie7l.com\/wp-content\/uploads\/2023\/03\/9782370742230_1_75.jpg","type":"image\/jpeg"}],"twitter_card":"summary_large_image","twitter_misc":{"Est. reading time":"1 minute"},"schema":{"@context":"https:\/\/schema.org","@graph":[{"@type":"WebPage","@id":"https:\/\/librairie7l.com\/en\/produit\/ken-domon-le-maitre-du-realisme-japonais\/","url":"https:\/\/librairie7l.com\/en\/produit\/ken-domon-le-maitre-du-realisme-japonais\/","name":"Ken Domon, le ma\u00eetre du r\u00e9alisme japonais - Librairie 7L","isPartOf":{"@id":"https:\/\/librairie7l.com\/en\/#website"},"datePublished":"2024-06-25T20:05:36+00:00","dateModified":"2026-04-12T15:06:45+00:00","breadcrumb":{"@id":"https:\/\/librairie7l.com\/en\/produit\/ken-domon-le-maitre-du-realisme-japonais\/#breadcrumb"},"inLanguage":"en-US","potentialAction":[{"@type":"ReadAction","target":["https:\/\/librairie7l.com\/en\/produit\/ken-domon-le-maitre-du-realisme-japonais\/"]}]},{"@type":"BreadcrumbList","@id":"https:\/\/librairie7l.com\/en\/produit\/ken-domon-le-maitre-du-realisme-japonais\/#breadcrumb","itemListElement":[{"@type":"ListItem","position":1,"name":"Accueil","item":"https:\/\/librairie7l.com\/en\/"},{"@type":"ListItem","position":2,"name":"Shop","item":"https:\/\/librairie7l.com\/en\/shop\/"},{"@type":"ListItem","position":3,"name":"KEN DOMON, LE MA\u00ceTRE DU R\u00c9ALISME JAPONAIS"}]},{"@type":"WebSite","@id":"https:\/\/librairie7l.com\/en\/#website","url":"https:\/\/librairie7l.com\/en\/","name":"Librairie 7L","description":"Librairie fond\u00e9e en 1999 par Karl Lagerfeld \u00e0 Paris","publisher":{"@id":"https:\/\/librairie7l.com\/en\/#organization"},"potentialAction":[{"@type":"SearchAction","target":{"@type":"EntryPoint","urlTemplate":"https:\/\/librairie7l.com\/en\/?s={search_term_string}"},"query-input":"required name=search_term_string"}],"inLanguage":"en-US"},{"@type":"Organization","@id":"https:\/\/librairie7l.com\/en\/#organization","name":"Librairie 7L","url":"https:\/\/librairie7l.com\/en\/","logo":{"@type":"ImageObject","inLanguage":"en-US","@id":"https:\/\/librairie7l.com\/en\/#\/schema\/logo\/image\/","url":"https:\/\/librairie7l.com\/wp-content\/uploads\/2022\/08\/logo-1.png","contentUrl":"https:\/\/librairie7l.com\/wp-content\/uploads\/2022\/08\/logo-1.png","width":227,"height":301,"caption":"Librairie 7L"},"image":{"@id":"https:\/\/librairie7l.com\/en\/#\/schema\/logo\/image\/"}}]}},"_links":{"self":[{"href":"https:\/\/librairie7l.com\/en\/wp-json\/wp\/v2\/product\/34889"}],"collection":[{"href":"https:\/\/librairie7l.com\/en\/wp-json\/wp\/v2\/product"}],"about":[{"href":"https:\/\/librairie7l.com\/en\/wp-json\/wp\/v2\/types\/product"}],"wp:featuredmedia":[{"embeddable":true,"href":"https:\/\/librairie7l.com\/en\/wp-json\/wp\/v2\/media\/34887"}],"wp:attachment":[{"href":"https:\/\/librairie7l.com\/en\/wp-json\/wp\/v2\/media?parent=34889"}],"wp:term":[{"taxonomy":"product_cat","embeddable":true,"href":"https:\/\/librairie7l.com\/en\/wp-json\/wp\/v2\/product_cat?post=34889"},{"taxonomy":"product_tag","embeddable":true,"href":"https:\/\/librairie7l.com\/en\/wp-json\/wp\/v2\/product_tag?post=34889"}],"curies":[{"name":"wp","href":"https:\/\/api.w.org\/{rel}","templated":true}]}}