{"id":34901,"date":"2024-06-25T21:33:06","date_gmt":"2024-06-25T19:33:06","guid":{"rendered":"https:\/\/librairie7l.com\/?post_type=product&#038;p=34901"},"modified":"2026-04-27T08:54:31","modified_gmt":"2026-04-27T06:54:31","slug":"paris-annees-folles-100-photos-de-legende","status":"publish","type":"product","link":"https:\/\/librairie7l.com\/en\/produit\/paris-annees-folles-100-photos-de-legende\/","title":{"rendered":"PARIS ANN\u00c9ES FOLLES : 100 PHOTOS DE L\u00c9GENDE"},"content":{"rendered":"<p>La parenth\u00e8se euphorique des Ann\u00e9es folles s&#8217;ouvre en 1919 alors que les canons de la Grande Guerre ont \u00e0 peine cess\u00e9 de tonner ; elle se ferme dans le fracas du krach boursier de 1929. Dans cet intervalle, Paris s&#8217;enflamme et les d\u00e9ferlantes du jazz et du charleston bousculent tout sur leur passage. On rit chez Maxim&#8217;s, \u00e0 La Rotonde, \u00e0 La Coupole, au Boeuf sur le toit&#8230; Jos\u00e9phine Baker triomphe seins nus dans la \u00ab Revue N\u00e8gre \u00bb tandis qu&#8217;\u00e0 peine plus habill\u00e9s les corps s&#8217;agitent au Jockey ou au Magic City, s&#8217;exposent au soleil en bord de Seine. Sur les quais, les automobiles remplacent les chevaux.<br \/>\nLes plus grands photographes de l&#8217;\u00e9poque &#8211; Lartigue, Kert\u00e9sz, Branger, Boyer, Savitry, Atget, Harlingue &#8211; donnent \u00e0 voir cette modernit\u00e9 \u00e0 travers des clich\u00e9s saisissants de vie. Paris est une f\u00eate !<\/p>\n<p>The cannons of the Great War had barely ceased fire when the Roaring Twenties began in 1919. The Stock Market Crash in 1929 hailed the end of this euphoric chapter when Jazz and the Charleston dance craze took Paris by storm. Great fun was had at Maxim&#8217;s, La Rotonde, La Coupole, Le Boeuf sur le Toit. A bare-breasted Jos\u00e9phine Baker performed on stage in the \u00abRevue N\u00e8gre\u00bb while over at Le Jockey or Magic City, a little less scantily clad dancers shimmied the night away, people sunbathed on the banks of the Seine and automobiles replaced horse-drawn carriages.<br \/>\nSuch modernity was documented by the era&#8217;s top photographers -Lartigue, Kert\u00e9sz, Branger, Boyer, Savitry, Atget, Harlingue- who present us with images that are so full of life. It&#8217;s plain to see Paris really was a Moveable Feast!<\/p>\n","protected":false},"excerpt":{"rendered":"<p>La parenth\u00e8se euphorique des Ann\u00e9es folles s&#8217;ouvre en 1919 alors que les canons de la Grande Guerre ont \u00e0 peine cess\u00e9 de tonner ; elle se ferme dans le fracas du krach boursier de 1929. Dans cet intervalle, Paris s&#8217;enflamme et les d\u00e9ferlantes du jazz et du charleston bousculent tout sur leur passage. On rit [&hellip;]<\/p>\n","protected":false},"featured_media":34899,"template":"","meta":[],"product_cat":[2948,2957],"product_tag":[],"acf":[],"yoast_head":"<!-- This site is optimized with the Yoast SEO plugin v20.11 - https:\/\/yoast.com\/wordpress\/plugins\/seo\/ -->\n<title>Paris ann\u00e9es folles : 100 photos de l\u00e9gende - Librairie 7L<\/title>\n<meta name=\"robots\" content=\"index, follow, max-snippet:-1, max-image-preview:large, max-video-preview:-1\" \/>\n<link rel=\"canonical\" href=\"https:\/\/librairie7l.com\/en\/produit\/paris-annees-folles-100-photos-de-legende\/\" \/>\n<meta property=\"og:locale\" content=\"en_US\" \/>\n<meta property=\"og:type\" content=\"article\" \/>\n<meta property=\"og:title\" content=\"Paris ann\u00e9es folles : 100 photos de l\u00e9gende - Librairie 7L\" \/>\n<meta property=\"og:description\" content=\"La parenth\u00e8se euphorique des Ann\u00e9es folles s&#8217;ouvre en 1919 alors que les canons de la Grande Guerre ont \u00e0 peine cess\u00e9 de tonner ; elle se ferme dans le fracas du krach boursier de 1929. Dans cet intervalle, Paris s&#8217;enflamme et les d\u00e9ferlantes du jazz et du charleston bousculent tout sur leur passage. On rit [&hellip;]\" \/>\n<meta property=\"og:url\" content=\"https:\/\/librairie7l.com\/en\/produit\/paris-annees-folles-100-photos-de-legende\/\" \/>\n<meta property=\"og:site_name\" content=\"Librairie 7L\" \/>\n<meta property=\"article:modified_time\" content=\"2026-04-27T06:54:31+00:00\" \/>\n<meta property=\"og:image\" content=\"https:\/\/librairie7l.com\/wp-content\/uploads\/2022\/10\/9782373952216_1_75.jpg\" \/>\n\t<meta property=\"og:image:width\" content=\"400\" \/>\n\t<meta property=\"og:image:height\" content=\"560\" \/>\n\t<meta property=\"og:image:type\" content=\"image\/jpeg\" \/>\n<meta name=\"twitter:card\" content=\"summary_large_image\" \/>\n<meta name=\"twitter:label1\" content=\"Est. reading time\" \/>\n\t<meta name=\"twitter:data1\" content=\"1 minute\" \/>\n<script type=\"application\/ld+json\" class=\"yoast-schema-graph\">{\"@context\":\"https:\/\/schema.org\",\"@graph\":[{\"@type\":\"WebPage\",\"@id\":\"https:\/\/librairie7l.com\/en\/produit\/paris-annees-folles-100-photos-de-legende\/\",\"url\":\"https:\/\/librairie7l.com\/en\/produit\/paris-annees-folles-100-photos-de-legende\/\",\"name\":\"Paris ann\u00e9es folles : 100 photos de l\u00e9gende - Librairie 7L\",\"isPartOf\":{\"@id\":\"https:\/\/librairie7l.com\/en\/#website\"},\"datePublished\":\"2024-06-25T19:33:06+00:00\",\"dateModified\":\"2026-04-27T06:54:31+00:00\",\"breadcrumb\":{\"@id\":\"https:\/\/librairie7l.com\/en\/produit\/paris-annees-folles-100-photos-de-legende\/#breadcrumb\"},\"inLanguage\":\"en-US\",\"potentialAction\":[{\"@type\":\"ReadAction\",\"target\":[\"https:\/\/librairie7l.com\/en\/produit\/paris-annees-folles-100-photos-de-legende\/\"]}]},{\"@type\":\"BreadcrumbList\",\"@id\":\"https:\/\/librairie7l.com\/en\/produit\/paris-annees-folles-100-photos-de-legende\/#breadcrumb\",\"itemListElement\":[{\"@type\":\"ListItem\",\"position\":1,\"name\":\"Accueil\",\"item\":\"https:\/\/librairie7l.com\/en\/\"},{\"@type\":\"ListItem\",\"position\":2,\"name\":\"Shop\",\"item\":\"https:\/\/librairie7l.com\/en\/shop\/\"},{\"@type\":\"ListItem\",\"position\":3,\"name\":\"PARIS ANN\u00c9ES FOLLES : 100 PHOTOS DE L\u00c9GENDE\"}]},{\"@type\":\"WebSite\",\"@id\":\"https:\/\/librairie7l.com\/en\/#website\",\"url\":\"https:\/\/librairie7l.com\/en\/\",\"name\":\"Librairie 7L\",\"description\":\"Librairie fond\u00e9e en 1999 par Karl Lagerfeld \u00e0 Paris\",\"publisher\":{\"@id\":\"https:\/\/librairie7l.com\/en\/#organization\"},\"potentialAction\":[{\"@type\":\"SearchAction\",\"target\":{\"@type\":\"EntryPoint\",\"urlTemplate\":\"https:\/\/librairie7l.com\/en\/?s={search_term_string}\"},\"query-input\":\"required name=search_term_string\"}],\"inLanguage\":\"en-US\"},{\"@type\":\"Organization\",\"@id\":\"https:\/\/librairie7l.com\/en\/#organization\",\"name\":\"Librairie 7L\",\"url\":\"https:\/\/librairie7l.com\/en\/\",\"logo\":{\"@type\":\"ImageObject\",\"inLanguage\":\"en-US\",\"@id\":\"https:\/\/librairie7l.com\/en\/#\/schema\/logo\/image\/\",\"url\":\"https:\/\/librairie7l.com\/wp-content\/uploads\/2022\/08\/logo-1.png\",\"contentUrl\":\"https:\/\/librairie7l.com\/wp-content\/uploads\/2022\/08\/logo-1.png\",\"width\":227,\"height\":301,\"caption\":\"Librairie 7L\"},\"image\":{\"@id\":\"https:\/\/librairie7l.com\/en\/#\/schema\/logo\/image\/\"}}]}<\/script>\n<!-- \/ Yoast SEO plugin. -->","yoast_head_json":{"title":"Paris ann\u00e9es folles : 100 photos de l\u00e9gende - Librairie 7L","robots":{"index":"index","follow":"follow","max-snippet":"max-snippet:-1","max-image-preview":"max-image-preview:large","max-video-preview":"max-video-preview:-1"},"canonical":"https:\/\/librairie7l.com\/en\/produit\/paris-annees-folles-100-photos-de-legende\/","og_locale":"en_US","og_type":"article","og_title":"Paris ann\u00e9es folles : 100 photos de l\u00e9gende - Librairie 7L","og_description":"La parenth\u00e8se euphorique des Ann\u00e9es folles s&#8217;ouvre en 1919 alors que les canons de la Grande Guerre ont \u00e0 peine cess\u00e9 de tonner ; elle se ferme dans le fracas du krach boursier de 1929. Dans cet intervalle, Paris s&#8217;enflamme et les d\u00e9ferlantes du jazz et du charleston bousculent tout sur leur passage. On rit [&hellip;]","og_url":"https:\/\/librairie7l.com\/en\/produit\/paris-annees-folles-100-photos-de-legende\/","og_site_name":"Librairie 7L","article_modified_time":"2026-04-27T06:54:31+00:00","og_image":[{"width":400,"height":560,"url":"https:\/\/librairie7l.com\/wp-content\/uploads\/2022\/10\/9782373952216_1_75.jpg","type":"image\/jpeg"}],"twitter_card":"summary_large_image","twitter_misc":{"Est. reading time":"1 minute"},"schema":{"@context":"https:\/\/schema.org","@graph":[{"@type":"WebPage","@id":"https:\/\/librairie7l.com\/en\/produit\/paris-annees-folles-100-photos-de-legende\/","url":"https:\/\/librairie7l.com\/en\/produit\/paris-annees-folles-100-photos-de-legende\/","name":"Paris ann\u00e9es folles : 100 photos de l\u00e9gende - Librairie 7L","isPartOf":{"@id":"https:\/\/librairie7l.com\/en\/#website"},"datePublished":"2024-06-25T19:33:06+00:00","dateModified":"2026-04-27T06:54:31+00:00","breadcrumb":{"@id":"https:\/\/librairie7l.com\/en\/produit\/paris-annees-folles-100-photos-de-legende\/#breadcrumb"},"inLanguage":"en-US","potentialAction":[{"@type":"ReadAction","target":["https:\/\/librairie7l.com\/en\/produit\/paris-annees-folles-100-photos-de-legende\/"]}]},{"@type":"BreadcrumbList","@id":"https:\/\/librairie7l.com\/en\/produit\/paris-annees-folles-100-photos-de-legende\/#breadcrumb","itemListElement":[{"@type":"ListItem","position":1,"name":"Accueil","item":"https:\/\/librairie7l.com\/en\/"},{"@type":"ListItem","position":2,"name":"Shop","item":"https:\/\/librairie7l.com\/en\/shop\/"},{"@type":"ListItem","position":3,"name":"PARIS ANN\u00c9ES FOLLES : 100 PHOTOS DE L\u00c9GENDE"}]},{"@type":"WebSite","@id":"https:\/\/librairie7l.com\/en\/#website","url":"https:\/\/librairie7l.com\/en\/","name":"Librairie 7L","description":"Librairie fond\u00e9e en 1999 par Karl Lagerfeld \u00e0 Paris","publisher":{"@id":"https:\/\/librairie7l.com\/en\/#organization"},"potentialAction":[{"@type":"SearchAction","target":{"@type":"EntryPoint","urlTemplate":"https:\/\/librairie7l.com\/en\/?s={search_term_string}"},"query-input":"required name=search_term_string"}],"inLanguage":"en-US"},{"@type":"Organization","@id":"https:\/\/librairie7l.com\/en\/#organization","name":"Librairie 7L","url":"https:\/\/librairie7l.com\/en\/","logo":{"@type":"ImageObject","inLanguage":"en-US","@id":"https:\/\/librairie7l.com\/en\/#\/schema\/logo\/image\/","url":"https:\/\/librairie7l.com\/wp-content\/uploads\/2022\/08\/logo-1.png","contentUrl":"https:\/\/librairie7l.com\/wp-content\/uploads\/2022\/08\/logo-1.png","width":227,"height":301,"caption":"Librairie 7L"},"image":{"@id":"https:\/\/librairie7l.com\/en\/#\/schema\/logo\/image\/"}}]}},"_links":{"self":[{"href":"https:\/\/librairie7l.com\/en\/wp-json\/wp\/v2\/product\/34901"}],"collection":[{"href":"https:\/\/librairie7l.com\/en\/wp-json\/wp\/v2\/product"}],"about":[{"href":"https:\/\/librairie7l.com\/en\/wp-json\/wp\/v2\/types\/product"}],"wp:featuredmedia":[{"embeddable":true,"href":"https:\/\/librairie7l.com\/en\/wp-json\/wp\/v2\/media\/34899"}],"wp:attachment":[{"href":"https:\/\/librairie7l.com\/en\/wp-json\/wp\/v2\/media?parent=34901"}],"wp:term":[{"taxonomy":"product_cat","embeddable":true,"href":"https:\/\/librairie7l.com\/en\/wp-json\/wp\/v2\/product_cat?post=34901"},{"taxonomy":"product_tag","embeddable":true,"href":"https:\/\/librairie7l.com\/en\/wp-json\/wp\/v2\/product_tag?post=34901"}],"curies":[{"name":"wp","href":"https:\/\/api.w.org\/{rel}","templated":true}]}}