{"id":34905,"date":"2024-06-25T13:30:59","date_gmt":"2024-06-25T11:30:59","guid":{"rendered":"https:\/\/librairie7l.com\/?post_type=product&#038;p=34905"},"modified":"2026-04-08T20:39:45","modified_gmt":"2026-04-08T18:39:45","slug":"soulages-loeuvre-imprime","status":"publish","type":"product","link":"https:\/\/librairie7l.com\/en\/produit\/soulages-loeuvre-imprime\/","title":{"rendered":"SOULAGES : L&#8217;OEUVRE IMPRIM\u00c9"},"content":{"rendered":"<p>Pierre Soulages dont la peinture occupe une place majeure dans l&#8217;histoire de l&#8217;art contemporain est un ma\u00eetre incontest\u00e9 de la gravure. Ses innovations techniques sont mises totalement au service de sa passion de la lumi\u00e8re.<\/p>\n<p>Cet ouvrage rassemble toutes les pi\u00e8ces produites par Soulages : eaux-fortes, lithographies et s\u00e9rigraphies.<\/p>\n<p>Pierre Soulages dont la peinture occupe une place majeure dans l&#8217;histoire de l&#8217;art contemporain est aussi un ma\u00eetre incontest\u00e9 de la gravure et plus g\u00e9n\u00e9ralement de l&#8217;estampe o\u00f9 ses innovations techniques sont mises, l\u00e0 aussi, au service de sa passion de la lumi\u00e8re.<\/p>\n<p>Cet ouvrage pr\u00e9sente pour la premi\u00e8re fois le catalogue raisonn\u00e9 de l&#8217;int\u00e9gralit\u00e9 de l&#8217;oeuvre imprim\u00e9 de Pierre Soulages dans les trois techniques de l&#8217;estampe qu&#8217;il a pratiqu\u00e9es : gravure, lithographie, s\u00e9rigraphie.<\/p>\n<p>Chaque oeuvre est reproduite en couleurs selon les indications de l&#8217;auteur. Le catalogue est pr\u00e9c\u00e9d\u00e9 par un long entretien public de Pierre Soulages avec Pierre Encrev\u00e9.<\/p>\n<p> J&#8217;ai parl\u00e9 de gravure jusqu&#8217;\u00e0 pr\u00e9sent comme d&#8217;une action sur du cuivre, mais il y a deux \u00e9tapes. Il y a l&#8217;action qu&#8217;on peut avoir directement en le gravant, en enlevant des copeaux si on fait du burin, ou bien en l&#8217;agressant avec de l&#8217;acide. Le proc\u00e9d\u00e9 qu&#8217;on emploie est tr\u00e8s important. L&#8217;acide m&#8217;int\u00e9ressait parce que je voyais dans son action corrosive quelque chose qui appartient au temps, au temps qui use les choses, qui d\u00e9truit les choses. Quand on grave avec un outil, c&#8217;est la volont\u00e9 de quelqu&#8217;un qui est l\u00e0 pour imposer une ligne, une forme, alors que lorsqu&#8217;on laisse agir l&#8217;acide, c&#8217;est une corrosion rapide. Les formes obtenues en quelques minutes pourraient \u00eatre celles que font les si\u00e8cles sur une mati\u00e8re, c&#8217;\u00e9tait un peu le temps pi\u00e9g\u00e9 par une mati\u00e8re. J&#8217;avais du plaisir \u00e0 ce travail. <\/p>\n<p>Pierre Soulage &#8211; Juin 2001<\/p>\n","protected":false},"excerpt":{"rendered":"<p>Pierre Soulages dont la peinture occupe une place majeure dans l&#8217;histoire de l&#8217;art contemporain est un ma\u00eetre incontest\u00e9 de la gravure. Ses innovations techniques sont mises totalement au service de sa passion de la lumi\u00e8re. Cet ouvrage rassemble toutes les pi\u00e8ces produites par Soulages : eaux-fortes, lithographies et s\u00e9rigraphies. Pierre Soulages dont la peinture occupe [&hellip;]<\/p>\n","protected":false},"featured_media":34903,"template":"","meta":[],"product_cat":[2948,2953],"product_tag":[],"acf":[],"yoast_head":"<!-- This site is optimized with the Yoast SEO plugin v20.11 - https:\/\/yoast.com\/wordpress\/plugins\/seo\/ -->\n<title>Soulages : l&#039;oeuvre imprim\u00e9 - Librairie 7L<\/title>\n<meta name=\"robots\" content=\"index, follow, max-snippet:-1, max-image-preview:large, max-video-preview:-1\" \/>\n<link rel=\"canonical\" href=\"https:\/\/librairie7l.com\/en\/produit\/soulages-loeuvre-imprime\/\" \/>\n<meta property=\"og:locale\" content=\"en_US\" \/>\n<meta property=\"og:type\" content=\"article\" \/>\n<meta property=\"og:title\" content=\"Soulages : l&#039;oeuvre imprim\u00e9 - Librairie 7L\" \/>\n<meta property=\"og:description\" content=\"Pierre Soulages dont la peinture occupe une place majeure dans l&#8217;histoire de l&#8217;art contemporain est un ma\u00eetre incontest\u00e9 de la gravure. Ses innovations techniques sont mises totalement au service de sa passion de la lumi\u00e8re. Cet ouvrage rassemble toutes les pi\u00e8ces produites par Soulages : eaux-fortes, lithographies et s\u00e9rigraphies. Pierre Soulages dont la peinture occupe [&hellip;]\" \/>\n<meta property=\"og:url\" content=\"https:\/\/librairie7l.com\/en\/produit\/soulages-loeuvre-imprime\/\" \/>\n<meta property=\"og:site_name\" content=\"Librairie 7L\" \/>\n<meta property=\"article:modified_time\" content=\"2026-04-08T18:39:45+00:00\" \/>\n<meta property=\"og:image\" content=\"https:\/\/librairie7l.com\/wp-content\/uploads\/2021\/12\/9782717729108_1_75.jpg\" \/>\n\t<meta property=\"og:image:width\" content=\"600\" \/>\n\t<meta property=\"og:image:height\" content=\"668\" \/>\n\t<meta property=\"og:image:type\" content=\"image\/jpeg\" \/>\n<meta name=\"twitter:card\" content=\"summary_large_image\" \/>\n<meta name=\"twitter:label1\" content=\"Est. reading time\" \/>\n\t<meta name=\"twitter:data1\" content=\"2 minutes\" \/>\n<script type=\"application\/ld+json\" class=\"yoast-schema-graph\">{\"@context\":\"https:\/\/schema.org\",\"@graph\":[{\"@type\":\"WebPage\",\"@id\":\"https:\/\/librairie7l.com\/en\/produit\/soulages-loeuvre-imprime\/\",\"url\":\"https:\/\/librairie7l.com\/en\/produit\/soulages-loeuvre-imprime\/\",\"name\":\"Soulages : l'oeuvre imprim\u00e9 - Librairie 7L\",\"isPartOf\":{\"@id\":\"https:\/\/librairie7l.com\/en\/#website\"},\"datePublished\":\"2024-06-25T11:30:59+00:00\",\"dateModified\":\"2026-04-08T18:39:45+00:00\",\"breadcrumb\":{\"@id\":\"https:\/\/librairie7l.com\/en\/produit\/soulages-loeuvre-imprime\/#breadcrumb\"},\"inLanguage\":\"en-US\",\"potentialAction\":[{\"@type\":\"ReadAction\",\"target\":[\"https:\/\/librairie7l.com\/en\/produit\/soulages-loeuvre-imprime\/\"]}]},{\"@type\":\"BreadcrumbList\",\"@id\":\"https:\/\/librairie7l.com\/en\/produit\/soulages-loeuvre-imprime\/#breadcrumb\",\"itemListElement\":[{\"@type\":\"ListItem\",\"position\":1,\"name\":\"Accueil\",\"item\":\"https:\/\/librairie7l.com\/en\/\"},{\"@type\":\"ListItem\",\"position\":2,\"name\":\"Shop\",\"item\":\"https:\/\/librairie7l.com\/en\/shop\/\"},{\"@type\":\"ListItem\",\"position\":3,\"name\":\"SOULAGES : L&#8217;OEUVRE IMPRIM\u00c9\"}]},{\"@type\":\"WebSite\",\"@id\":\"https:\/\/librairie7l.com\/en\/#website\",\"url\":\"https:\/\/librairie7l.com\/en\/\",\"name\":\"Librairie 7L\",\"description\":\"Librairie fond\u00e9e en 1999 par Karl Lagerfeld \u00e0 Paris\",\"publisher\":{\"@id\":\"https:\/\/librairie7l.com\/en\/#organization\"},\"potentialAction\":[{\"@type\":\"SearchAction\",\"target\":{\"@type\":\"EntryPoint\",\"urlTemplate\":\"https:\/\/librairie7l.com\/en\/?s={search_term_string}\"},\"query-input\":\"required name=search_term_string\"}],\"inLanguage\":\"en-US\"},{\"@type\":\"Organization\",\"@id\":\"https:\/\/librairie7l.com\/en\/#organization\",\"name\":\"Librairie 7L\",\"url\":\"https:\/\/librairie7l.com\/en\/\",\"logo\":{\"@type\":\"ImageObject\",\"inLanguage\":\"en-US\",\"@id\":\"https:\/\/librairie7l.com\/en\/#\/schema\/logo\/image\/\",\"url\":\"https:\/\/librairie7l.com\/wp-content\/uploads\/2022\/08\/logo-1.png\",\"contentUrl\":\"https:\/\/librairie7l.com\/wp-content\/uploads\/2022\/08\/logo-1.png\",\"width\":227,\"height\":301,\"caption\":\"Librairie 7L\"},\"image\":{\"@id\":\"https:\/\/librairie7l.com\/en\/#\/schema\/logo\/image\/\"}}]}<\/script>\n<!-- \/ Yoast SEO plugin. -->","yoast_head_json":{"title":"Soulages : l'oeuvre imprim\u00e9 - Librairie 7L","robots":{"index":"index","follow":"follow","max-snippet":"max-snippet:-1","max-image-preview":"max-image-preview:large","max-video-preview":"max-video-preview:-1"},"canonical":"https:\/\/librairie7l.com\/en\/produit\/soulages-loeuvre-imprime\/","og_locale":"en_US","og_type":"article","og_title":"Soulages : l'oeuvre imprim\u00e9 - Librairie 7L","og_description":"Pierre Soulages dont la peinture occupe une place majeure dans l&#8217;histoire de l&#8217;art contemporain est un ma\u00eetre incontest\u00e9 de la gravure. Ses innovations techniques sont mises totalement au service de sa passion de la lumi\u00e8re. Cet ouvrage rassemble toutes les pi\u00e8ces produites par Soulages : eaux-fortes, lithographies et s\u00e9rigraphies. Pierre Soulages dont la peinture occupe [&hellip;]","og_url":"https:\/\/librairie7l.com\/en\/produit\/soulages-loeuvre-imprime\/","og_site_name":"Librairie 7L","article_modified_time":"2026-04-08T18:39:45+00:00","og_image":[{"width":600,"height":668,"url":"https:\/\/librairie7l.com\/wp-content\/uploads\/2021\/12\/9782717729108_1_75.jpg","type":"image\/jpeg"}],"twitter_card":"summary_large_image","twitter_misc":{"Est. reading time":"2 minutes"},"schema":{"@context":"https:\/\/schema.org","@graph":[{"@type":"WebPage","@id":"https:\/\/librairie7l.com\/en\/produit\/soulages-loeuvre-imprime\/","url":"https:\/\/librairie7l.com\/en\/produit\/soulages-loeuvre-imprime\/","name":"Soulages : l'oeuvre imprim\u00e9 - Librairie 7L","isPartOf":{"@id":"https:\/\/librairie7l.com\/en\/#website"},"datePublished":"2024-06-25T11:30:59+00:00","dateModified":"2026-04-08T18:39:45+00:00","breadcrumb":{"@id":"https:\/\/librairie7l.com\/en\/produit\/soulages-loeuvre-imprime\/#breadcrumb"},"inLanguage":"en-US","potentialAction":[{"@type":"ReadAction","target":["https:\/\/librairie7l.com\/en\/produit\/soulages-loeuvre-imprime\/"]}]},{"@type":"BreadcrumbList","@id":"https:\/\/librairie7l.com\/en\/produit\/soulages-loeuvre-imprime\/#breadcrumb","itemListElement":[{"@type":"ListItem","position":1,"name":"Accueil","item":"https:\/\/librairie7l.com\/en\/"},{"@type":"ListItem","position":2,"name":"Shop","item":"https:\/\/librairie7l.com\/en\/shop\/"},{"@type":"ListItem","position":3,"name":"SOULAGES : L&#8217;OEUVRE IMPRIM\u00c9"}]},{"@type":"WebSite","@id":"https:\/\/librairie7l.com\/en\/#website","url":"https:\/\/librairie7l.com\/en\/","name":"Librairie 7L","description":"Librairie fond\u00e9e en 1999 par Karl Lagerfeld \u00e0 Paris","publisher":{"@id":"https:\/\/librairie7l.com\/en\/#organization"},"potentialAction":[{"@type":"SearchAction","target":{"@type":"EntryPoint","urlTemplate":"https:\/\/librairie7l.com\/en\/?s={search_term_string}"},"query-input":"required name=search_term_string"}],"inLanguage":"en-US"},{"@type":"Organization","@id":"https:\/\/librairie7l.com\/en\/#organization","name":"Librairie 7L","url":"https:\/\/librairie7l.com\/en\/","logo":{"@type":"ImageObject","inLanguage":"en-US","@id":"https:\/\/librairie7l.com\/en\/#\/schema\/logo\/image\/","url":"https:\/\/librairie7l.com\/wp-content\/uploads\/2022\/08\/logo-1.png","contentUrl":"https:\/\/librairie7l.com\/wp-content\/uploads\/2022\/08\/logo-1.png","width":227,"height":301,"caption":"Librairie 7L"},"image":{"@id":"https:\/\/librairie7l.com\/en\/#\/schema\/logo\/image\/"}}]}},"_links":{"self":[{"href":"https:\/\/librairie7l.com\/en\/wp-json\/wp\/v2\/product\/34905"}],"collection":[{"href":"https:\/\/librairie7l.com\/en\/wp-json\/wp\/v2\/product"}],"about":[{"href":"https:\/\/librairie7l.com\/en\/wp-json\/wp\/v2\/types\/product"}],"wp:featuredmedia":[{"embeddable":true,"href":"https:\/\/librairie7l.com\/en\/wp-json\/wp\/v2\/media\/34903"}],"wp:attachment":[{"href":"https:\/\/librairie7l.com\/en\/wp-json\/wp\/v2\/media?parent=34905"}],"wp:term":[{"taxonomy":"product_cat","embeddable":true,"href":"https:\/\/librairie7l.com\/en\/wp-json\/wp\/v2\/product_cat?post=34905"},{"taxonomy":"product_tag","embeddable":true,"href":"https:\/\/librairie7l.com\/en\/wp-json\/wp\/v2\/product_tag?post=34905"}],"curies":[{"name":"wp","href":"https:\/\/api.w.org\/{rel}","templated":true}]}}