{"id":34917,"date":"2023-10-10T09:20:55","date_gmt":"2023-10-10T07:20:55","guid":{"rendered":"https:\/\/librairie7l.com\/?post_type=product&#038;p=34917"},"modified":"2026-05-14T02:06:18","modified_gmt":"2026-05-14T00:06:18","slug":"eaux-fortes","status":"publish","type":"product","link":"https:\/\/librairie7l.com\/en\/produit\/eaux-fortes\/","title":{"rendered":"EAUX FORTES"},"content":{"rendered":"<p>Eaux Fortes est une plong\u00e9e in\u00e9dite au coeur d&#8217;un monde fig\u00e9 doublement &#8211; par le climat, par la pand\u00e9mie. Christophe Jacrot d\u00e9ploie dans ce nouveau livre la quintessence de ce qu&#8217;il a produit depuis ces deux derni\u00e8res ann\u00e9es, toujours aux quatre coins du monde. Avec cette monographie exceptionnelle, Christophe Jacrot rassemble une s\u00e9lection de ses clich\u00e9s les plus intenses depuis 2019 (et quelques plus anciennes) : couleurs chatoyantes ou immacul\u00e9es de collines et de montagnes, maisons solitaires perdues dans les neiges virevoltantes, \u00eatres rigidifi\u00e9s par le froid et silhouettes \u00e9vanouies sous la pluie ou la neige dans des grandes m\u00e9galopoles \u00e0 la verticale, rivages presque submerg\u00e9s par les vagues&#8230; Les contours du r\u00e9el s&#8217;effacent-ils en m\u00eame temps que le monde est emport\u00e9 dans l&#8217;incertitude ? Avec Eaux Fortes, Christophe Jacrot offre encore un condens\u00e9 puissant de sa qu\u00eate esth\u00e9tique, port\u00e9e par une d\u00e9marche essentiellement picturale et \u00e9motionnelle, inscrite dans le titre qu&#8217;il a donn\u00e9 \u00e0 son ouvrage. Capter l&#8217;\u00e9ternel, saisir l&#8217;immuable dans un univers changeanttelle est l&#8217;obsession instinctive d&#8217;un photographe qui oscille constamment entre le r\u00e9el et l&#8217;imaginaire. Eaux Fortes est autant sa cartographie mentale et physique que la n\u00f4tre. Sous son objectif, l&#8217;immensit\u00e9 des espaces, la v\u00e9h\u00e9mence des \u00e9l\u00e9ments se jouent avec d\u00e9lectation de nos besoins d&#8217;int\u00e9riorit\u00e9 et d&#8217;apaisement.<\/p>\n","protected":false},"excerpt":{"rendered":"<p>Eaux Fortes est une plong\u00e9e in\u00e9dite au coeur d&#8217;un monde fig\u00e9 doublement &#8211; par le climat, par la pand\u00e9mie. Christophe Jacrot d\u00e9ploie dans ce nouveau livre la quintessence de ce qu&#8217;il a produit depuis ces deux derni\u00e8res ann\u00e9es, toujours aux quatre coins du monde. Avec cette monographie exceptionnelle, Christophe Jacrot rassemble une s\u00e9lection de ses [&hellip;]<\/p>\n","protected":false},"featured_media":34915,"template":"","meta":[],"product_cat":[2948,2958],"product_tag":[],"acf":[],"yoast_head":"<!-- This site is optimized with the Yoast SEO plugin v20.11 - https:\/\/yoast.com\/wordpress\/plugins\/seo\/ -->\n<title>Eaux fortes - Librairie 7L<\/title>\n<meta name=\"robots\" content=\"index, follow, max-snippet:-1, max-image-preview:large, max-video-preview:-1\" \/>\n<link rel=\"canonical\" href=\"https:\/\/librairie7l.com\/en\/produit\/eaux-fortes\/\" \/>\n<meta property=\"og:locale\" content=\"en_US\" \/>\n<meta property=\"og:type\" content=\"article\" \/>\n<meta property=\"og:title\" content=\"Eaux fortes - Librairie 7L\" \/>\n<meta property=\"og:description\" content=\"Eaux Fortes est une plong\u00e9e in\u00e9dite au coeur d&#8217;un monde fig\u00e9 doublement &#8211; par le climat, par la pand\u00e9mie. Christophe Jacrot d\u00e9ploie dans ce nouveau livre la quintessence de ce qu&#8217;il a produit depuis ces deux derni\u00e8res ann\u00e9es, toujours aux quatre coins du monde. Avec cette monographie exceptionnelle, Christophe Jacrot rassemble une s\u00e9lection de ses [&hellip;]\" \/>\n<meta property=\"og:url\" content=\"https:\/\/librairie7l.com\/en\/produit\/eaux-fortes\/\" \/>\n<meta property=\"og:site_name\" content=\"Librairie 7L\" \/>\n<meta property=\"article:modified_time\" content=\"2026-05-14T00:06:18+00:00\" \/>\n<meta property=\"og:image\" content=\"https:\/\/librairie7l.com\/wp-content\/uploads\/2022\/06\/9782490952342_1_75.jpg\" \/>\n\t<meta property=\"og:image:width\" content=\"400\" \/>\n\t<meta property=\"og:image:height\" content=\"323\" \/>\n\t<meta property=\"og:image:type\" content=\"image\/jpeg\" \/>\n<meta name=\"twitter:card\" content=\"summary_large_image\" \/>\n<meta name=\"twitter:label1\" content=\"Est. reading time\" \/>\n\t<meta name=\"twitter:data1\" content=\"1 minute\" \/>\n<script type=\"application\/ld+json\" class=\"yoast-schema-graph\">{\"@context\":\"https:\/\/schema.org\",\"@graph\":[{\"@type\":\"WebPage\",\"@id\":\"https:\/\/librairie7l.com\/en\/produit\/eaux-fortes\/\",\"url\":\"https:\/\/librairie7l.com\/en\/produit\/eaux-fortes\/\",\"name\":\"Eaux fortes - Librairie 7L\",\"isPartOf\":{\"@id\":\"https:\/\/librairie7l.com\/en\/#website\"},\"datePublished\":\"2023-10-10T07:20:55+00:00\",\"dateModified\":\"2026-05-14T00:06:18+00:00\",\"breadcrumb\":{\"@id\":\"https:\/\/librairie7l.com\/en\/produit\/eaux-fortes\/#breadcrumb\"},\"inLanguage\":\"en-US\",\"potentialAction\":[{\"@type\":\"ReadAction\",\"target\":[\"https:\/\/librairie7l.com\/en\/produit\/eaux-fortes\/\"]}]},{\"@type\":\"BreadcrumbList\",\"@id\":\"https:\/\/librairie7l.com\/en\/produit\/eaux-fortes\/#breadcrumb\",\"itemListElement\":[{\"@type\":\"ListItem\",\"position\":1,\"name\":\"Accueil\",\"item\":\"https:\/\/librairie7l.com\/en\/\"},{\"@type\":\"ListItem\",\"position\":2,\"name\":\"Shop\",\"item\":\"https:\/\/librairie7l.com\/en\/shop\/\"},{\"@type\":\"ListItem\",\"position\":3,\"name\":\"EAUX FORTES\"}]},{\"@type\":\"WebSite\",\"@id\":\"https:\/\/librairie7l.com\/en\/#website\",\"url\":\"https:\/\/librairie7l.com\/en\/\",\"name\":\"Librairie 7L\",\"description\":\"Librairie fond\u00e9e en 1999 par Karl Lagerfeld \u00e0 Paris\",\"publisher\":{\"@id\":\"https:\/\/librairie7l.com\/en\/#organization\"},\"potentialAction\":[{\"@type\":\"SearchAction\",\"target\":{\"@type\":\"EntryPoint\",\"urlTemplate\":\"https:\/\/librairie7l.com\/en\/?s={search_term_string}\"},\"query-input\":\"required name=search_term_string\"}],\"inLanguage\":\"en-US\"},{\"@type\":\"Organization\",\"@id\":\"https:\/\/librairie7l.com\/en\/#organization\",\"name\":\"Librairie 7L\",\"url\":\"https:\/\/librairie7l.com\/en\/\",\"logo\":{\"@type\":\"ImageObject\",\"inLanguage\":\"en-US\",\"@id\":\"https:\/\/librairie7l.com\/en\/#\/schema\/logo\/image\/\",\"url\":\"https:\/\/librairie7l.com\/wp-content\/uploads\/2022\/08\/logo-1.png\",\"contentUrl\":\"https:\/\/librairie7l.com\/wp-content\/uploads\/2022\/08\/logo-1.png\",\"width\":227,\"height\":301,\"caption\":\"Librairie 7L\"},\"image\":{\"@id\":\"https:\/\/librairie7l.com\/en\/#\/schema\/logo\/image\/\"}}]}<\/script>\n<!-- \/ Yoast SEO plugin. -->","yoast_head_json":{"title":"Eaux fortes - Librairie 7L","robots":{"index":"index","follow":"follow","max-snippet":"max-snippet:-1","max-image-preview":"max-image-preview:large","max-video-preview":"max-video-preview:-1"},"canonical":"https:\/\/librairie7l.com\/en\/produit\/eaux-fortes\/","og_locale":"en_US","og_type":"article","og_title":"Eaux fortes - Librairie 7L","og_description":"Eaux Fortes est une plong\u00e9e in\u00e9dite au coeur d&#8217;un monde fig\u00e9 doublement &#8211; par le climat, par la pand\u00e9mie. Christophe Jacrot d\u00e9ploie dans ce nouveau livre la quintessence de ce qu&#8217;il a produit depuis ces deux derni\u00e8res ann\u00e9es, toujours aux quatre coins du monde. Avec cette monographie exceptionnelle, Christophe Jacrot rassemble une s\u00e9lection de ses [&hellip;]","og_url":"https:\/\/librairie7l.com\/en\/produit\/eaux-fortes\/","og_site_name":"Librairie 7L","article_modified_time":"2026-05-14T00:06:18+00:00","og_image":[{"width":400,"height":323,"url":"https:\/\/librairie7l.com\/wp-content\/uploads\/2022\/06\/9782490952342_1_75.jpg","type":"image\/jpeg"}],"twitter_card":"summary_large_image","twitter_misc":{"Est. reading time":"1 minute"},"schema":{"@context":"https:\/\/schema.org","@graph":[{"@type":"WebPage","@id":"https:\/\/librairie7l.com\/en\/produit\/eaux-fortes\/","url":"https:\/\/librairie7l.com\/en\/produit\/eaux-fortes\/","name":"Eaux fortes - Librairie 7L","isPartOf":{"@id":"https:\/\/librairie7l.com\/en\/#website"},"datePublished":"2023-10-10T07:20:55+00:00","dateModified":"2026-05-14T00:06:18+00:00","breadcrumb":{"@id":"https:\/\/librairie7l.com\/en\/produit\/eaux-fortes\/#breadcrumb"},"inLanguage":"en-US","potentialAction":[{"@type":"ReadAction","target":["https:\/\/librairie7l.com\/en\/produit\/eaux-fortes\/"]}]},{"@type":"BreadcrumbList","@id":"https:\/\/librairie7l.com\/en\/produit\/eaux-fortes\/#breadcrumb","itemListElement":[{"@type":"ListItem","position":1,"name":"Accueil","item":"https:\/\/librairie7l.com\/en\/"},{"@type":"ListItem","position":2,"name":"Shop","item":"https:\/\/librairie7l.com\/en\/shop\/"},{"@type":"ListItem","position":3,"name":"EAUX FORTES"}]},{"@type":"WebSite","@id":"https:\/\/librairie7l.com\/en\/#website","url":"https:\/\/librairie7l.com\/en\/","name":"Librairie 7L","description":"Librairie fond\u00e9e en 1999 par Karl Lagerfeld \u00e0 Paris","publisher":{"@id":"https:\/\/librairie7l.com\/en\/#organization"},"potentialAction":[{"@type":"SearchAction","target":{"@type":"EntryPoint","urlTemplate":"https:\/\/librairie7l.com\/en\/?s={search_term_string}"},"query-input":"required name=search_term_string"}],"inLanguage":"en-US"},{"@type":"Organization","@id":"https:\/\/librairie7l.com\/en\/#organization","name":"Librairie 7L","url":"https:\/\/librairie7l.com\/en\/","logo":{"@type":"ImageObject","inLanguage":"en-US","@id":"https:\/\/librairie7l.com\/en\/#\/schema\/logo\/image\/","url":"https:\/\/librairie7l.com\/wp-content\/uploads\/2022\/08\/logo-1.png","contentUrl":"https:\/\/librairie7l.com\/wp-content\/uploads\/2022\/08\/logo-1.png","width":227,"height":301,"caption":"Librairie 7L"},"image":{"@id":"https:\/\/librairie7l.com\/en\/#\/schema\/logo\/image\/"}}]}},"_links":{"self":[{"href":"https:\/\/librairie7l.com\/en\/wp-json\/wp\/v2\/product\/34917"}],"collection":[{"href":"https:\/\/librairie7l.com\/en\/wp-json\/wp\/v2\/product"}],"about":[{"href":"https:\/\/librairie7l.com\/en\/wp-json\/wp\/v2\/types\/product"}],"wp:featuredmedia":[{"embeddable":true,"href":"https:\/\/librairie7l.com\/en\/wp-json\/wp\/v2\/media\/34915"}],"wp:attachment":[{"href":"https:\/\/librairie7l.com\/en\/wp-json\/wp\/v2\/media?parent=34917"}],"wp:term":[{"taxonomy":"product_cat","embeddable":true,"href":"https:\/\/librairie7l.com\/en\/wp-json\/wp\/v2\/product_cat?post=34917"},{"taxonomy":"product_tag","embeddable":true,"href":"https:\/\/librairie7l.com\/en\/wp-json\/wp\/v2\/product_tag?post=34917"}],"curies":[{"name":"wp","href":"https:\/\/api.w.org\/{rel}","templated":true}]}}