{"id":34921,"date":"2024-06-25T20:06:49","date_gmt":"2024-06-25T18:06:49","guid":{"rendered":"https:\/\/librairie7l.com\/?post_type=product&#038;p=34921"},"modified":"2026-04-17T13:05:53","modified_gmt":"2026-04-17T11:05:53","slug":"de-fil-en-aiguille-la-broderie-dans-lart-contemporain","status":"publish","type":"product","link":"https:\/\/librairie7l.com\/en\/produit\/de-fil-en-aiguille-la-broderie-dans-lart-contemporain\/","title":{"rendered":"DE FIL EN AIGUILLE ; LA BRODERIE DANS L&#8217;ART CONTEMPORAIN"},"content":{"rendered":"<p>Parce que la broderie n&#8217;est pas r\u00e9serv\u00e9e \u00e0 la sph\u00e8re domestique, Charlotte Vannier est all\u00e9e \u00e0 la rencontre d&#8217;artistes contemporains qui revisitent cette technique traditionnelle de fa\u00e7on tout \u00e0 fait in\u00e9dite.<\/p>\n<p>Ces femmes et ces hommes ont fait de la broderie leur m\u00e9dium privil\u00e9gi\u00e9 pour partager leur fantaisie, leurs combats et leurs r\u00eaves. Les 82 artistes pr\u00e9sent\u00e9s dans cet ouvrage ont en commun l&#8217;amour du fil et une immense originalit\u00e9. Broderie sur photographies, installations po\u00e9tiques, reproductions brod\u00e9es d&#8217;objets du quotidien constituent quelques-unesdes pistes choisies.Ce livre nous fait d\u00e9couvrir le parcours de tous ces artistes, leurs influences, les d\u00e9fis techniques auxquels ils se confrontent et le message qu&#8217;ils souhaitent transmettre \u00e0 travers leurs oeuvres. Militantisme, expression artistique tr\u00e8s personnelle et recherches esth\u00e9tiques contemporaines sont ainsi au rendez-vous de ces rencontres tout \u00e0 fait passionnantes.<\/p>\n","protected":false},"excerpt":{"rendered":"<p>Parce que la broderie n&#8217;est pas r\u00e9serv\u00e9e \u00e0 la sph\u00e8re domestique, Charlotte Vannier est all\u00e9e \u00e0 la rencontre d&#8217;artistes contemporains qui revisitent cette technique traditionnelle de fa\u00e7on tout \u00e0 fait in\u00e9dite. Ces femmes et ces hommes ont fait de la broderie leur m\u00e9dium privil\u00e9gi\u00e9 pour partager leur fantaisie, leurs combats et leurs r\u00eaves. Les 82 [&hellip;]<\/p>\n","protected":false},"featured_media":34919,"template":"","meta":[],"product_cat":[2948,2953],"product_tag":[],"acf":[],"yoast_head":"<!-- This site is optimized with the Yoast SEO plugin v20.11 - https:\/\/yoast.com\/wordpress\/plugins\/seo\/ -->\n<title>De fil en aiguille ; la broderie dans l&#039;art contemporain - Librairie 7L<\/title>\n<meta name=\"robots\" content=\"index, follow, max-snippet:-1, max-image-preview:large, max-video-preview:-1\" \/>\n<link rel=\"canonical\" href=\"https:\/\/librairie7l.com\/en\/produit\/de-fil-en-aiguille-la-broderie-dans-lart-contemporain\/\" \/>\n<meta property=\"og:locale\" content=\"en_US\" \/>\n<meta property=\"og:type\" content=\"article\" \/>\n<meta property=\"og:title\" content=\"De fil en aiguille ; la broderie dans l&#039;art contemporain - Librairie 7L\" \/>\n<meta property=\"og:description\" content=\"Parce que la broderie n&#8217;est pas r\u00e9serv\u00e9e \u00e0 la sph\u00e8re domestique, Charlotte Vannier est all\u00e9e \u00e0 la rencontre d&#8217;artistes contemporains qui revisitent cette technique traditionnelle de fa\u00e7on tout \u00e0 fait in\u00e9dite. Ces femmes et ces hommes ont fait de la broderie leur m\u00e9dium privil\u00e9gi\u00e9 pour partager leur fantaisie, leurs combats et leurs r\u00eaves. Les 82 [&hellip;]\" \/>\n<meta property=\"og:url\" content=\"https:\/\/librairie7l.com\/en\/produit\/de-fil-en-aiguille-la-broderie-dans-lart-contemporain\/\" \/>\n<meta property=\"og:site_name\" content=\"Librairie 7L\" \/>\n<meta property=\"article:modified_time\" content=\"2026-04-17T11:05:53+00:00\" \/>\n<meta property=\"og:image\" content=\"https:\/\/librairie7l.com\/wp-content\/uploads\/2018\/06\/9782350174419_1_75.jpg\" \/>\n\t<meta property=\"og:image:width\" content=\"600\" \/>\n\t<meta property=\"og:image:height\" content=\"765\" \/>\n\t<meta property=\"og:image:type\" content=\"image\/jpeg\" \/>\n<meta name=\"twitter:card\" content=\"summary_large_image\" \/>\n<meta name=\"twitter:label1\" content=\"Est. reading time\" \/>\n\t<meta name=\"twitter:data1\" content=\"1 minute\" \/>\n<script type=\"application\/ld+json\" class=\"yoast-schema-graph\">{\"@context\":\"https:\/\/schema.org\",\"@graph\":[{\"@type\":\"WebPage\",\"@id\":\"https:\/\/librairie7l.com\/en\/produit\/de-fil-en-aiguille-la-broderie-dans-lart-contemporain\/\",\"url\":\"https:\/\/librairie7l.com\/en\/produit\/de-fil-en-aiguille-la-broderie-dans-lart-contemporain\/\",\"name\":\"De fil en aiguille ; la broderie dans l'art contemporain - Librairie 7L\",\"isPartOf\":{\"@id\":\"https:\/\/librairie7l.com\/en\/#website\"},\"datePublished\":\"2024-06-25T18:06:49+00:00\",\"dateModified\":\"2026-04-17T11:05:53+00:00\",\"breadcrumb\":{\"@id\":\"https:\/\/librairie7l.com\/en\/produit\/de-fil-en-aiguille-la-broderie-dans-lart-contemporain\/#breadcrumb\"},\"inLanguage\":\"en-US\",\"potentialAction\":[{\"@type\":\"ReadAction\",\"target\":[\"https:\/\/librairie7l.com\/en\/produit\/de-fil-en-aiguille-la-broderie-dans-lart-contemporain\/\"]}]},{\"@type\":\"BreadcrumbList\",\"@id\":\"https:\/\/librairie7l.com\/en\/produit\/de-fil-en-aiguille-la-broderie-dans-lart-contemporain\/#breadcrumb\",\"itemListElement\":[{\"@type\":\"ListItem\",\"position\":1,\"name\":\"Accueil\",\"item\":\"https:\/\/librairie7l.com\/en\/\"},{\"@type\":\"ListItem\",\"position\":2,\"name\":\"Shop\",\"item\":\"https:\/\/librairie7l.com\/en\/shop\/\"},{\"@type\":\"ListItem\",\"position\":3,\"name\":\"DE FIL EN AIGUILLE ; LA BRODERIE DANS L&#8217;ART CONTEMPORAIN\"}]},{\"@type\":\"WebSite\",\"@id\":\"https:\/\/librairie7l.com\/en\/#website\",\"url\":\"https:\/\/librairie7l.com\/en\/\",\"name\":\"Librairie 7L\",\"description\":\"Librairie fond\u00e9e en 1999 par Karl Lagerfeld \u00e0 Paris\",\"publisher\":{\"@id\":\"https:\/\/librairie7l.com\/en\/#organization\"},\"potentialAction\":[{\"@type\":\"SearchAction\",\"target\":{\"@type\":\"EntryPoint\",\"urlTemplate\":\"https:\/\/librairie7l.com\/en\/?s={search_term_string}\"},\"query-input\":\"required name=search_term_string\"}],\"inLanguage\":\"en-US\"},{\"@type\":\"Organization\",\"@id\":\"https:\/\/librairie7l.com\/en\/#organization\",\"name\":\"Librairie 7L\",\"url\":\"https:\/\/librairie7l.com\/en\/\",\"logo\":{\"@type\":\"ImageObject\",\"inLanguage\":\"en-US\",\"@id\":\"https:\/\/librairie7l.com\/en\/#\/schema\/logo\/image\/\",\"url\":\"https:\/\/librairie7l.com\/wp-content\/uploads\/2022\/08\/logo-1.png\",\"contentUrl\":\"https:\/\/librairie7l.com\/wp-content\/uploads\/2022\/08\/logo-1.png\",\"width\":227,\"height\":301,\"caption\":\"Librairie 7L\"},\"image\":{\"@id\":\"https:\/\/librairie7l.com\/en\/#\/schema\/logo\/image\/\"}}]}<\/script>\n<!-- \/ Yoast SEO plugin. -->","yoast_head_json":{"title":"De fil en aiguille ; la broderie dans l'art contemporain - Librairie 7L","robots":{"index":"index","follow":"follow","max-snippet":"max-snippet:-1","max-image-preview":"max-image-preview:large","max-video-preview":"max-video-preview:-1"},"canonical":"https:\/\/librairie7l.com\/en\/produit\/de-fil-en-aiguille-la-broderie-dans-lart-contemporain\/","og_locale":"en_US","og_type":"article","og_title":"De fil en aiguille ; la broderie dans l'art contemporain - Librairie 7L","og_description":"Parce que la broderie n&#8217;est pas r\u00e9serv\u00e9e \u00e0 la sph\u00e8re domestique, Charlotte Vannier est all\u00e9e \u00e0 la rencontre d&#8217;artistes contemporains qui revisitent cette technique traditionnelle de fa\u00e7on tout \u00e0 fait in\u00e9dite. Ces femmes et ces hommes ont fait de la broderie leur m\u00e9dium privil\u00e9gi\u00e9 pour partager leur fantaisie, leurs combats et leurs r\u00eaves. Les 82 [&hellip;]","og_url":"https:\/\/librairie7l.com\/en\/produit\/de-fil-en-aiguille-la-broderie-dans-lart-contemporain\/","og_site_name":"Librairie 7L","article_modified_time":"2026-04-17T11:05:53+00:00","og_image":[{"width":600,"height":765,"url":"https:\/\/librairie7l.com\/wp-content\/uploads\/2018\/06\/9782350174419_1_75.jpg","type":"image\/jpeg"}],"twitter_card":"summary_large_image","twitter_misc":{"Est. reading time":"1 minute"},"schema":{"@context":"https:\/\/schema.org","@graph":[{"@type":"WebPage","@id":"https:\/\/librairie7l.com\/en\/produit\/de-fil-en-aiguille-la-broderie-dans-lart-contemporain\/","url":"https:\/\/librairie7l.com\/en\/produit\/de-fil-en-aiguille-la-broderie-dans-lart-contemporain\/","name":"De fil en aiguille ; la broderie dans l'art contemporain - Librairie 7L","isPartOf":{"@id":"https:\/\/librairie7l.com\/en\/#website"},"datePublished":"2024-06-25T18:06:49+00:00","dateModified":"2026-04-17T11:05:53+00:00","breadcrumb":{"@id":"https:\/\/librairie7l.com\/en\/produit\/de-fil-en-aiguille-la-broderie-dans-lart-contemporain\/#breadcrumb"},"inLanguage":"en-US","potentialAction":[{"@type":"ReadAction","target":["https:\/\/librairie7l.com\/en\/produit\/de-fil-en-aiguille-la-broderie-dans-lart-contemporain\/"]}]},{"@type":"BreadcrumbList","@id":"https:\/\/librairie7l.com\/en\/produit\/de-fil-en-aiguille-la-broderie-dans-lart-contemporain\/#breadcrumb","itemListElement":[{"@type":"ListItem","position":1,"name":"Accueil","item":"https:\/\/librairie7l.com\/en\/"},{"@type":"ListItem","position":2,"name":"Shop","item":"https:\/\/librairie7l.com\/en\/shop\/"},{"@type":"ListItem","position":3,"name":"DE FIL EN AIGUILLE ; LA BRODERIE DANS L&#8217;ART CONTEMPORAIN"}]},{"@type":"WebSite","@id":"https:\/\/librairie7l.com\/en\/#website","url":"https:\/\/librairie7l.com\/en\/","name":"Librairie 7L","description":"Librairie fond\u00e9e en 1999 par Karl Lagerfeld \u00e0 Paris","publisher":{"@id":"https:\/\/librairie7l.com\/en\/#organization"},"potentialAction":[{"@type":"SearchAction","target":{"@type":"EntryPoint","urlTemplate":"https:\/\/librairie7l.com\/en\/?s={search_term_string}"},"query-input":"required name=search_term_string"}],"inLanguage":"en-US"},{"@type":"Organization","@id":"https:\/\/librairie7l.com\/en\/#organization","name":"Librairie 7L","url":"https:\/\/librairie7l.com\/en\/","logo":{"@type":"ImageObject","inLanguage":"en-US","@id":"https:\/\/librairie7l.com\/en\/#\/schema\/logo\/image\/","url":"https:\/\/librairie7l.com\/wp-content\/uploads\/2022\/08\/logo-1.png","contentUrl":"https:\/\/librairie7l.com\/wp-content\/uploads\/2022\/08\/logo-1.png","width":227,"height":301,"caption":"Librairie 7L"},"image":{"@id":"https:\/\/librairie7l.com\/en\/#\/schema\/logo\/image\/"}}]}},"_links":{"self":[{"href":"https:\/\/librairie7l.com\/en\/wp-json\/wp\/v2\/product\/34921"}],"collection":[{"href":"https:\/\/librairie7l.com\/en\/wp-json\/wp\/v2\/product"}],"about":[{"href":"https:\/\/librairie7l.com\/en\/wp-json\/wp\/v2\/types\/product"}],"wp:featuredmedia":[{"embeddable":true,"href":"https:\/\/librairie7l.com\/en\/wp-json\/wp\/v2\/media\/34919"}],"wp:attachment":[{"href":"https:\/\/librairie7l.com\/en\/wp-json\/wp\/v2\/media?parent=34921"}],"wp:term":[{"taxonomy":"product_cat","embeddable":true,"href":"https:\/\/librairie7l.com\/en\/wp-json\/wp\/v2\/product_cat?post=34921"},{"taxonomy":"product_tag","embeddable":true,"href":"https:\/\/librairie7l.com\/en\/wp-json\/wp\/v2\/product_tag?post=34921"}],"curies":[{"name":"wp","href":"https:\/\/api.w.org\/{rel}","templated":true}]}}