{"id":34925,"date":"2024-06-25T22:05:56","date_gmt":"2024-06-25T20:05:56","guid":{"rendered":"https:\/\/librairie7l.com\/?post_type=product&#038;p=34925"},"modified":"2026-04-18T01:05:46","modified_gmt":"2026-04-17T23:05:46","slug":"dali-une-histoire-de-la-peinture","status":"publish","type":"product","link":"https:\/\/librairie7l.com\/en\/produit\/dali-une-histoire-de-la-peinture\/","title":{"rendered":"DALI, UNE HISTOIRE DE LA PEINTURE"},"content":{"rendered":"<p>Catalogue officiel de l&#8217;exposition  Dali, une histoire de la peinture  \u00bb qui s&#8217;est tenue du 6 juillet au 8 septembre 2019 au mus\u00e9e Grimaldi Forum de Monaco.<\/p>\n<p>Cet ouvrage r\u00e9unit des peintures, des dessins et des photographies dat\u00e9s de 1910 \u00e0 1983 et permet de d\u00e9couvrir les diff\u00e9rentes \u00e9tapes de cr\u00e9ation de Salvador Dali. Apr\u00e8s des premi\u00e8res exp\u00e9rimentations, une constante dans la cr\u00e9ation de l&#8217;artiste est particuli\u00e8rement mise en exergue, celle du paysage et des avant-gardes europ\u00e9ennes \u00e0 savoir l&#8217;impressionnisme, le cubisme, la peinture m\u00e9taphysique et l&#8217;abstraction. Le chapitre de Dali dans l&#8217;univers surr\u00e9aliste pr\u00e9sente des peintures exceptionnelles comme La m\u00e9moire de la femme-enfant de 1929, Le spectre du sex-appeal ou El\u00e9ments \u00e9nigmatiques dans un paysage datant de 1934. Sous l&#8217;influence de Gala, dans les ann\u00e9es 40 et 50, Dali se consacre \u00e0 l&#8217;observation du classicisme dans ses peintures, plut\u00f4t \u00e0 travers d&#8217;oeuvres d&#8217;artistes de la Renaissance. Peu apr\u00e8s, en 1951, Dali r\u00e9it\u00e8re son admiration pour la Renaissance, le classicisme et la peinture religieuse dans le Manifeste mystique. C&#8217;est le d\u00e9but d&#8217;une nouvelle p\u00e9riode de cr\u00e9ation : la mystico-nucl\u00e9aire. Dali manifeste une capacit\u00e9 d&#8217;anticipation \u00e9tonnante il est capable de combiner tradition et innovation. Il s&#8217;int\u00e9resse \u00e0 la science, \u00e0 la troisi\u00e8me dimension et aux effets optiques ce qui donnent naissance \u00e0 ses peintures st\u00e9r\u00e9oscopiques. Dans la derni\u00e8re \u00e9tape de sa cr\u00e9ation dans les ann\u00e9es 80, Dali est d\u00e9j\u00e0 malade, sa peinture est empreinte d&#8217;\u00e9vocation et de ses r\u00e9flexions autour de la mort, l&#8217;immortalit\u00e9 et de sa passion pour la peinture. Un dernier chapitre est consacr\u00e9 \u00e0 l&#8217;influence des grands ma\u00eetres de l&#8217;histoire de l&#8217;art dans la conception artistique de Dali. Dans sa classification ce sont Vermeer de Delft, Rapha\u00ebl, V\u00e9lasquez, L\u00e9onard da Vinci et Picasso qui sont les peintres les mieux not\u00e9s.<\/p>\n<p>Version bilingue fran\u00e7ais\/anglais<\/p>\n","protected":false},"excerpt":{"rendered":"<p>Catalogue officiel de l&#8217;exposition Dali, une histoire de la peinture \u00bb qui s&#8217;est tenue du 6 juillet au 8 septembre 2019 au mus\u00e9e Grimaldi Forum de Monaco. Cet ouvrage r\u00e9unit des peintures, des dessins et des photographies dat\u00e9s de 1910 \u00e0 1983 et permet de d\u00e9couvrir les diff\u00e9rentes \u00e9tapes de cr\u00e9ation de Salvador Dali. Apr\u00e8s [&hellip;]<\/p>\n","protected":false},"featured_media":34923,"template":"","meta":[],"product_cat":[2948,2953],"product_tag":[],"acf":[],"yoast_head":"<!-- This site is optimized with the Yoast SEO plugin v20.11 - https:\/\/yoast.com\/wordpress\/plugins\/seo\/ -->\n<title>Dali, une histoire de la peinture - Librairie 7L<\/title>\n<meta name=\"robots\" content=\"index, follow, max-snippet:-1, max-image-preview:large, max-video-preview:-1\" \/>\n<link rel=\"canonical\" href=\"https:\/\/librairie7l.com\/en\/produit\/dali-une-histoire-de-la-peinture\/\" \/>\n<meta property=\"og:locale\" content=\"en_US\" \/>\n<meta property=\"og:type\" content=\"article\" \/>\n<meta property=\"og:title\" content=\"Dali, une histoire de la peinture - Librairie 7L\" \/>\n<meta property=\"og:description\" content=\"Catalogue officiel de l&#8217;exposition Dali, une histoire de la peinture \u00bb qui s&#8217;est tenue du 6 juillet au 8 septembre 2019 au mus\u00e9e Grimaldi Forum de Monaco. Cet ouvrage r\u00e9unit des peintures, des dessins et des photographies dat\u00e9s de 1910 \u00e0 1983 et permet de d\u00e9couvrir les diff\u00e9rentes \u00e9tapes de cr\u00e9ation de Salvador Dali. Apr\u00e8s [&hellip;]\" \/>\n<meta property=\"og:url\" content=\"https:\/\/librairie7l.com\/en\/produit\/dali-une-histoire-de-la-peinture\/\" \/>\n<meta property=\"og:site_name\" content=\"Librairie 7L\" \/>\n<meta property=\"article:modified_time\" content=\"2026-04-17T23:05:46+00:00\" \/>\n<meta property=\"og:image\" content=\"https:\/\/librairie7l.com\/wp-content\/uploads\/2019\/04\/9782754111034_1_75.jpg\" \/>\n\t<meta property=\"og:image:width\" content=\"600\" \/>\n\t<meta property=\"og:image:height\" content=\"693\" \/>\n\t<meta property=\"og:image:type\" content=\"image\/jpeg\" \/>\n<meta name=\"twitter:card\" content=\"summary_large_image\" \/>\n<meta name=\"twitter:label1\" content=\"Est. reading time\" \/>\n\t<meta name=\"twitter:data1\" content=\"2 minutes\" \/>\n<script type=\"application\/ld+json\" class=\"yoast-schema-graph\">{\"@context\":\"https:\/\/schema.org\",\"@graph\":[{\"@type\":\"WebPage\",\"@id\":\"https:\/\/librairie7l.com\/en\/produit\/dali-une-histoire-de-la-peinture\/\",\"url\":\"https:\/\/librairie7l.com\/en\/produit\/dali-une-histoire-de-la-peinture\/\",\"name\":\"Dali, une histoire de la peinture - Librairie 7L\",\"isPartOf\":{\"@id\":\"https:\/\/librairie7l.com\/en\/#website\"},\"datePublished\":\"2024-06-25T20:05:56+00:00\",\"dateModified\":\"2026-04-17T23:05:46+00:00\",\"breadcrumb\":{\"@id\":\"https:\/\/librairie7l.com\/en\/produit\/dali-une-histoire-de-la-peinture\/#breadcrumb\"},\"inLanguage\":\"en-US\",\"potentialAction\":[{\"@type\":\"ReadAction\",\"target\":[\"https:\/\/librairie7l.com\/en\/produit\/dali-une-histoire-de-la-peinture\/\"]}]},{\"@type\":\"BreadcrumbList\",\"@id\":\"https:\/\/librairie7l.com\/en\/produit\/dali-une-histoire-de-la-peinture\/#breadcrumb\",\"itemListElement\":[{\"@type\":\"ListItem\",\"position\":1,\"name\":\"Accueil\",\"item\":\"https:\/\/librairie7l.com\/en\/\"},{\"@type\":\"ListItem\",\"position\":2,\"name\":\"Shop\",\"item\":\"https:\/\/librairie7l.com\/en\/shop\/\"},{\"@type\":\"ListItem\",\"position\":3,\"name\":\"DALI, UNE HISTOIRE DE LA PEINTURE\"}]},{\"@type\":\"WebSite\",\"@id\":\"https:\/\/librairie7l.com\/en\/#website\",\"url\":\"https:\/\/librairie7l.com\/en\/\",\"name\":\"Librairie 7L\",\"description\":\"Librairie fond\u00e9e en 1999 par Karl Lagerfeld \u00e0 Paris\",\"publisher\":{\"@id\":\"https:\/\/librairie7l.com\/en\/#organization\"},\"potentialAction\":[{\"@type\":\"SearchAction\",\"target\":{\"@type\":\"EntryPoint\",\"urlTemplate\":\"https:\/\/librairie7l.com\/en\/?s={search_term_string}\"},\"query-input\":\"required name=search_term_string\"}],\"inLanguage\":\"en-US\"},{\"@type\":\"Organization\",\"@id\":\"https:\/\/librairie7l.com\/en\/#organization\",\"name\":\"Librairie 7L\",\"url\":\"https:\/\/librairie7l.com\/en\/\",\"logo\":{\"@type\":\"ImageObject\",\"inLanguage\":\"en-US\",\"@id\":\"https:\/\/librairie7l.com\/en\/#\/schema\/logo\/image\/\",\"url\":\"https:\/\/librairie7l.com\/wp-content\/uploads\/2022\/08\/logo-1.png\",\"contentUrl\":\"https:\/\/librairie7l.com\/wp-content\/uploads\/2022\/08\/logo-1.png\",\"width\":227,\"height\":301,\"caption\":\"Librairie 7L\"},\"image\":{\"@id\":\"https:\/\/librairie7l.com\/en\/#\/schema\/logo\/image\/\"}}]}<\/script>\n<!-- \/ Yoast SEO plugin. -->","yoast_head_json":{"title":"Dali, une histoire de la peinture - Librairie 7L","robots":{"index":"index","follow":"follow","max-snippet":"max-snippet:-1","max-image-preview":"max-image-preview:large","max-video-preview":"max-video-preview:-1"},"canonical":"https:\/\/librairie7l.com\/en\/produit\/dali-une-histoire-de-la-peinture\/","og_locale":"en_US","og_type":"article","og_title":"Dali, une histoire de la peinture - Librairie 7L","og_description":"Catalogue officiel de l&#8217;exposition Dali, une histoire de la peinture \u00bb qui s&#8217;est tenue du 6 juillet au 8 septembre 2019 au mus\u00e9e Grimaldi Forum de Monaco. Cet ouvrage r\u00e9unit des peintures, des dessins et des photographies dat\u00e9s de 1910 \u00e0 1983 et permet de d\u00e9couvrir les diff\u00e9rentes \u00e9tapes de cr\u00e9ation de Salvador Dali. Apr\u00e8s [&hellip;]","og_url":"https:\/\/librairie7l.com\/en\/produit\/dali-une-histoire-de-la-peinture\/","og_site_name":"Librairie 7L","article_modified_time":"2026-04-17T23:05:46+00:00","og_image":[{"width":600,"height":693,"url":"https:\/\/librairie7l.com\/wp-content\/uploads\/2019\/04\/9782754111034_1_75.jpg","type":"image\/jpeg"}],"twitter_card":"summary_large_image","twitter_misc":{"Est. reading time":"2 minutes"},"schema":{"@context":"https:\/\/schema.org","@graph":[{"@type":"WebPage","@id":"https:\/\/librairie7l.com\/en\/produit\/dali-une-histoire-de-la-peinture\/","url":"https:\/\/librairie7l.com\/en\/produit\/dali-une-histoire-de-la-peinture\/","name":"Dali, une histoire de la peinture - Librairie 7L","isPartOf":{"@id":"https:\/\/librairie7l.com\/en\/#website"},"datePublished":"2024-06-25T20:05:56+00:00","dateModified":"2026-04-17T23:05:46+00:00","breadcrumb":{"@id":"https:\/\/librairie7l.com\/en\/produit\/dali-une-histoire-de-la-peinture\/#breadcrumb"},"inLanguage":"en-US","potentialAction":[{"@type":"ReadAction","target":["https:\/\/librairie7l.com\/en\/produit\/dali-une-histoire-de-la-peinture\/"]}]},{"@type":"BreadcrumbList","@id":"https:\/\/librairie7l.com\/en\/produit\/dali-une-histoire-de-la-peinture\/#breadcrumb","itemListElement":[{"@type":"ListItem","position":1,"name":"Accueil","item":"https:\/\/librairie7l.com\/en\/"},{"@type":"ListItem","position":2,"name":"Shop","item":"https:\/\/librairie7l.com\/en\/shop\/"},{"@type":"ListItem","position":3,"name":"DALI, UNE HISTOIRE DE LA PEINTURE"}]},{"@type":"WebSite","@id":"https:\/\/librairie7l.com\/en\/#website","url":"https:\/\/librairie7l.com\/en\/","name":"Librairie 7L","description":"Librairie fond\u00e9e en 1999 par Karl Lagerfeld \u00e0 Paris","publisher":{"@id":"https:\/\/librairie7l.com\/en\/#organization"},"potentialAction":[{"@type":"SearchAction","target":{"@type":"EntryPoint","urlTemplate":"https:\/\/librairie7l.com\/en\/?s={search_term_string}"},"query-input":"required name=search_term_string"}],"inLanguage":"en-US"},{"@type":"Organization","@id":"https:\/\/librairie7l.com\/en\/#organization","name":"Librairie 7L","url":"https:\/\/librairie7l.com\/en\/","logo":{"@type":"ImageObject","inLanguage":"en-US","@id":"https:\/\/librairie7l.com\/en\/#\/schema\/logo\/image\/","url":"https:\/\/librairie7l.com\/wp-content\/uploads\/2022\/08\/logo-1.png","contentUrl":"https:\/\/librairie7l.com\/wp-content\/uploads\/2022\/08\/logo-1.png","width":227,"height":301,"caption":"Librairie 7L"},"image":{"@id":"https:\/\/librairie7l.com\/en\/#\/schema\/logo\/image\/"}}]}},"_links":{"self":[{"href":"https:\/\/librairie7l.com\/en\/wp-json\/wp\/v2\/product\/34925"}],"collection":[{"href":"https:\/\/librairie7l.com\/en\/wp-json\/wp\/v2\/product"}],"about":[{"href":"https:\/\/librairie7l.com\/en\/wp-json\/wp\/v2\/types\/product"}],"wp:featuredmedia":[{"embeddable":true,"href":"https:\/\/librairie7l.com\/en\/wp-json\/wp\/v2\/media\/34923"}],"wp:attachment":[{"href":"https:\/\/librairie7l.com\/en\/wp-json\/wp\/v2\/media?parent=34925"}],"wp:term":[{"taxonomy":"product_cat","embeddable":true,"href":"https:\/\/librairie7l.com\/en\/wp-json\/wp\/v2\/product_cat?post=34925"},{"taxonomy":"product_tag","embeddable":true,"href":"https:\/\/librairie7l.com\/en\/wp-json\/wp\/v2\/product_tag?post=34925"}],"curies":[{"name":"wp","href":"https:\/\/api.w.org\/{rel}","templated":true}]}}