{"id":34951,"date":"2024-06-25T22:06:21","date_gmt":"2024-06-25T20:06:21","guid":{"rendered":"https:\/\/librairie7l.com\/?post_type=product&#038;p=34951"},"modified":"2026-04-05T17:06:47","modified_gmt":"2026-04-05T15:06:47","slug":"matisse-hockney-un-paradis-retrouves","status":"publish","type":"product","link":"https:\/\/librairie7l.com\/en\/produit\/matisse-hockney-un-paradis-retrouves\/","title":{"rendered":"MATISSE-HOCKNEY, UN PARADIS RETROUV\u00c9S"},"content":{"rendered":"<p>Dans le cadre de la Biennale des Arts Nice, le mus\u00e9e Matisse de Nice pr\u00e9sente un dialogue in\u00e9dit entre David Hockney et Henri Matisse ayant pour point de d\u00e9part la nouvelle s\u00e9rie des Fresh Flowers &#8211; encore jamais montr\u00e9es au public &#8211; de l&#8217;artiste britannique. En effet, ses dessins sur palette graphique rejoignent l&#8217;approche de Matisse qui cherche toujours \u00e0 restituer, en dehors du seul aspect visuel, le principe v\u00e9g\u00e9tal de la plante : sa floraison.<br \/>\nAu-del\u00e0, le texte de Claudine Grammont, directrice du mus\u00e9e Matisse de Nice, s&#8217;attache \u00e0 montrer comment ces deux g\u00e9ants des XXe etXXIe si\u00e8cles racontent la modernit\u00e9 en s&#8217;appropriant les m\u00eames codes, les m\u00eames signes et entrent en r\u00e9sonnance dans leurs recherches et pr\u00e9occupations formelles.<\/p>\n","protected":false},"excerpt":{"rendered":"<p>Dans le cadre de la Biennale des Arts Nice, le mus\u00e9e Matisse de Nice pr\u00e9sente un dialogue in\u00e9dit entre David Hockney et Henri Matisse ayant pour point de d\u00e9part la nouvelle s\u00e9rie des Fresh Flowers &#8211; encore jamais montr\u00e9es au public &#8211; de l&#8217;artiste britannique. En effet, ses dessins sur palette graphique rejoignent l&#8217;approche de [&hellip;]<\/p>\n","protected":false},"featured_media":34949,"template":"","meta":[],"product_cat":[2948,2953],"product_tag":[],"acf":[],"yoast_head":"<!-- This site is optimized with the Yoast SEO plugin v20.11 - https:\/\/yoast.com\/wordpress\/plugins\/seo\/ -->\n<title>Matisse-Hockney, un paradis retrouv\u00e9s - Librairie 7L<\/title>\n<meta name=\"robots\" content=\"index, follow, max-snippet:-1, max-image-preview:large, max-video-preview:-1\" \/>\n<link rel=\"canonical\" href=\"https:\/\/librairie7l.com\/en\/produit\/matisse-hockney-un-paradis-retrouves\/\" \/>\n<meta property=\"og:locale\" content=\"en_US\" \/>\n<meta property=\"og:type\" content=\"article\" \/>\n<meta property=\"og:title\" content=\"Matisse-Hockney, un paradis retrouv\u00e9s - Librairie 7L\" \/>\n<meta property=\"og:description\" content=\"Dans le cadre de la Biennale des Arts Nice, le mus\u00e9e Matisse de Nice pr\u00e9sente un dialogue in\u00e9dit entre David Hockney et Henri Matisse ayant pour point de d\u00e9part la nouvelle s\u00e9rie des Fresh Flowers &#8211; encore jamais montr\u00e9es au public &#8211; de l&#8217;artiste britannique. En effet, ses dessins sur palette graphique rejoignent l&#8217;approche de [&hellip;]\" \/>\n<meta property=\"og:url\" content=\"https:\/\/librairie7l.com\/en\/produit\/matisse-hockney-un-paradis-retrouves\/\" \/>\n<meta property=\"og:site_name\" content=\"Librairie 7L\" \/>\n<meta property=\"article:modified_time\" content=\"2026-04-05T15:06:47+00:00\" \/>\n<meta property=\"og:image\" content=\"https:\/\/librairie7l.com\/wp-content\/uploads\/2022\/03\/9782382030905_1_75.jpg\" \/>\n\t<meta property=\"og:image:width\" content=\"600\" \/>\n\t<meta property=\"og:image:height\" content=\"756\" \/>\n\t<meta property=\"og:image:type\" content=\"image\/jpeg\" \/>\n<meta name=\"twitter:card\" content=\"summary_large_image\" \/>\n<meta name=\"twitter:label1\" content=\"Est. reading time\" \/>\n\t<meta name=\"twitter:data1\" content=\"1 minute\" \/>\n<script type=\"application\/ld+json\" class=\"yoast-schema-graph\">{\"@context\":\"https:\/\/schema.org\",\"@graph\":[{\"@type\":\"WebPage\",\"@id\":\"https:\/\/librairie7l.com\/en\/produit\/matisse-hockney-un-paradis-retrouves\/\",\"url\":\"https:\/\/librairie7l.com\/en\/produit\/matisse-hockney-un-paradis-retrouves\/\",\"name\":\"Matisse-Hockney, un paradis retrouv\u00e9s - Librairie 7L\",\"isPartOf\":{\"@id\":\"https:\/\/librairie7l.com\/en\/#website\"},\"datePublished\":\"2024-06-25T20:06:21+00:00\",\"dateModified\":\"2026-04-05T15:06:47+00:00\",\"breadcrumb\":{\"@id\":\"https:\/\/librairie7l.com\/en\/produit\/matisse-hockney-un-paradis-retrouves\/#breadcrumb\"},\"inLanguage\":\"en-US\",\"potentialAction\":[{\"@type\":\"ReadAction\",\"target\":[\"https:\/\/librairie7l.com\/en\/produit\/matisse-hockney-un-paradis-retrouves\/\"]}]},{\"@type\":\"BreadcrumbList\",\"@id\":\"https:\/\/librairie7l.com\/en\/produit\/matisse-hockney-un-paradis-retrouves\/#breadcrumb\",\"itemListElement\":[{\"@type\":\"ListItem\",\"position\":1,\"name\":\"Accueil\",\"item\":\"https:\/\/librairie7l.com\/en\/\"},{\"@type\":\"ListItem\",\"position\":2,\"name\":\"Shop\",\"item\":\"https:\/\/librairie7l.com\/en\/shop\/\"},{\"@type\":\"ListItem\",\"position\":3,\"name\":\"MATISSE-HOCKNEY, UN PARADIS RETROUV\u00c9S\"}]},{\"@type\":\"WebSite\",\"@id\":\"https:\/\/librairie7l.com\/en\/#website\",\"url\":\"https:\/\/librairie7l.com\/en\/\",\"name\":\"Librairie 7L\",\"description\":\"Librairie fond\u00e9e en 1999 par Karl Lagerfeld \u00e0 Paris\",\"publisher\":{\"@id\":\"https:\/\/librairie7l.com\/en\/#organization\"},\"potentialAction\":[{\"@type\":\"SearchAction\",\"target\":{\"@type\":\"EntryPoint\",\"urlTemplate\":\"https:\/\/librairie7l.com\/en\/?s={search_term_string}\"},\"query-input\":\"required name=search_term_string\"}],\"inLanguage\":\"en-US\"},{\"@type\":\"Organization\",\"@id\":\"https:\/\/librairie7l.com\/en\/#organization\",\"name\":\"Librairie 7L\",\"url\":\"https:\/\/librairie7l.com\/en\/\",\"logo\":{\"@type\":\"ImageObject\",\"inLanguage\":\"en-US\",\"@id\":\"https:\/\/librairie7l.com\/en\/#\/schema\/logo\/image\/\",\"url\":\"https:\/\/librairie7l.com\/wp-content\/uploads\/2022\/08\/logo-1.png\",\"contentUrl\":\"https:\/\/librairie7l.com\/wp-content\/uploads\/2022\/08\/logo-1.png\",\"width\":227,\"height\":301,\"caption\":\"Librairie 7L\"},\"image\":{\"@id\":\"https:\/\/librairie7l.com\/en\/#\/schema\/logo\/image\/\"}}]}<\/script>\n<!-- \/ Yoast SEO plugin. -->","yoast_head_json":{"title":"Matisse-Hockney, un paradis retrouv\u00e9s - Librairie 7L","robots":{"index":"index","follow":"follow","max-snippet":"max-snippet:-1","max-image-preview":"max-image-preview:large","max-video-preview":"max-video-preview:-1"},"canonical":"https:\/\/librairie7l.com\/en\/produit\/matisse-hockney-un-paradis-retrouves\/","og_locale":"en_US","og_type":"article","og_title":"Matisse-Hockney, un paradis retrouv\u00e9s - Librairie 7L","og_description":"Dans le cadre de la Biennale des Arts Nice, le mus\u00e9e Matisse de Nice pr\u00e9sente un dialogue in\u00e9dit entre David Hockney et Henri Matisse ayant pour point de d\u00e9part la nouvelle s\u00e9rie des Fresh Flowers &#8211; encore jamais montr\u00e9es au public &#8211; de l&#8217;artiste britannique. En effet, ses dessins sur palette graphique rejoignent l&#8217;approche de [&hellip;]","og_url":"https:\/\/librairie7l.com\/en\/produit\/matisse-hockney-un-paradis-retrouves\/","og_site_name":"Librairie 7L","article_modified_time":"2026-04-05T15:06:47+00:00","og_image":[{"width":600,"height":756,"url":"https:\/\/librairie7l.com\/wp-content\/uploads\/2022\/03\/9782382030905_1_75.jpg","type":"image\/jpeg"}],"twitter_card":"summary_large_image","twitter_misc":{"Est. reading time":"1 minute"},"schema":{"@context":"https:\/\/schema.org","@graph":[{"@type":"WebPage","@id":"https:\/\/librairie7l.com\/en\/produit\/matisse-hockney-un-paradis-retrouves\/","url":"https:\/\/librairie7l.com\/en\/produit\/matisse-hockney-un-paradis-retrouves\/","name":"Matisse-Hockney, un paradis retrouv\u00e9s - Librairie 7L","isPartOf":{"@id":"https:\/\/librairie7l.com\/en\/#website"},"datePublished":"2024-06-25T20:06:21+00:00","dateModified":"2026-04-05T15:06:47+00:00","breadcrumb":{"@id":"https:\/\/librairie7l.com\/en\/produit\/matisse-hockney-un-paradis-retrouves\/#breadcrumb"},"inLanguage":"en-US","potentialAction":[{"@type":"ReadAction","target":["https:\/\/librairie7l.com\/en\/produit\/matisse-hockney-un-paradis-retrouves\/"]}]},{"@type":"BreadcrumbList","@id":"https:\/\/librairie7l.com\/en\/produit\/matisse-hockney-un-paradis-retrouves\/#breadcrumb","itemListElement":[{"@type":"ListItem","position":1,"name":"Accueil","item":"https:\/\/librairie7l.com\/en\/"},{"@type":"ListItem","position":2,"name":"Shop","item":"https:\/\/librairie7l.com\/en\/shop\/"},{"@type":"ListItem","position":3,"name":"MATISSE-HOCKNEY, UN PARADIS RETROUV\u00c9S"}]},{"@type":"WebSite","@id":"https:\/\/librairie7l.com\/en\/#website","url":"https:\/\/librairie7l.com\/en\/","name":"Librairie 7L","description":"Librairie fond\u00e9e en 1999 par Karl Lagerfeld \u00e0 Paris","publisher":{"@id":"https:\/\/librairie7l.com\/en\/#organization"},"potentialAction":[{"@type":"SearchAction","target":{"@type":"EntryPoint","urlTemplate":"https:\/\/librairie7l.com\/en\/?s={search_term_string}"},"query-input":"required name=search_term_string"}],"inLanguage":"en-US"},{"@type":"Organization","@id":"https:\/\/librairie7l.com\/en\/#organization","name":"Librairie 7L","url":"https:\/\/librairie7l.com\/en\/","logo":{"@type":"ImageObject","inLanguage":"en-US","@id":"https:\/\/librairie7l.com\/en\/#\/schema\/logo\/image\/","url":"https:\/\/librairie7l.com\/wp-content\/uploads\/2022\/08\/logo-1.png","contentUrl":"https:\/\/librairie7l.com\/wp-content\/uploads\/2022\/08\/logo-1.png","width":227,"height":301,"caption":"Librairie 7L"},"image":{"@id":"https:\/\/librairie7l.com\/en\/#\/schema\/logo\/image\/"}}]}},"_links":{"self":[{"href":"https:\/\/librairie7l.com\/en\/wp-json\/wp\/v2\/product\/34951"}],"collection":[{"href":"https:\/\/librairie7l.com\/en\/wp-json\/wp\/v2\/product"}],"about":[{"href":"https:\/\/librairie7l.com\/en\/wp-json\/wp\/v2\/types\/product"}],"wp:featuredmedia":[{"embeddable":true,"href":"https:\/\/librairie7l.com\/en\/wp-json\/wp\/v2\/media\/34949"}],"wp:attachment":[{"href":"https:\/\/librairie7l.com\/en\/wp-json\/wp\/v2\/media?parent=34951"}],"wp:term":[{"taxonomy":"product_cat","embeddable":true,"href":"https:\/\/librairie7l.com\/en\/wp-json\/wp\/v2\/product_cat?post=34951"},{"taxonomy":"product_tag","embeddable":true,"href":"https:\/\/librairie7l.com\/en\/wp-json\/wp\/v2\/product_tag?post=34951"}],"curies":[{"name":"wp","href":"https:\/\/api.w.org\/{rel}","templated":true}]}}