{"id":34955,"date":"2023-10-10T09:20:44","date_gmt":"2023-10-10T07:20:44","guid":{"rendered":"https:\/\/librairie7l.com\/?post_type=product&#038;p=34955"},"modified":"2026-04-21T20:18:03","modified_gmt":"2026-04-21T18:18:03","slug":"musee-de-lecole-de-nancy-lart-nouveau-en-60-oeuvres","status":"publish","type":"product","link":"https:\/\/librairie7l.com\/en\/produit\/musee-de-lecole-de-nancy-lart-nouveau-en-60-oeuvres\/","title":{"rendered":"MUS\u00c9E DE L&#8217;ECOLE DE NANCY : L&#8217;ART NOUVEAU EN 60 OEUVRES"},"content":{"rendered":"<p>L&#8217;Art nouveau conna\u00eet \u00e0 Nancy, un d\u00e9veloppement remarquable gr\u00e2ce \u00e0 l&#8217;\u00c9cole de Nancy, association fond\u00e9e par \u00c9mile Gall\u00e9, rassemblant des artistes majeurs tels Louis Majorelle, Victor Prouv\u00e9, Jacques Gruber, Eug\u00e8ne Vallin ou les fr\u00e8res Daum.<\/p>\n<p>Mobilier, c\u00e9ramique, verre, vitrail, reliure, textile&#8230; toutes les techniques li\u00e9es aux arts d\u00e9coratifs sont rassembl\u00e9es dans une production puisant dans la nature des formes et des d\u00e9cors enti\u00e8rement nouveaux.<\/p>\n<p>Le mus\u00e9e de l&#8217;\u00c9cole de Nancy, cr\u00e9\u00e9 d\u00e8s 1900, r\u00e9unit un ensemble de pi\u00e8ces exceptionnelles, d\u00fb en grande partie \u00e0 la g\u00e9n\u00e9rosit\u00e9 des artistes, de leurs descendants, mais aussi de m\u00e9c\u00e8nes dont Eug\u00e8ne Corbin, qui fit don de sa collection en 1935 \u00e0 la Ville de Nancy. Cet ouvrage rassemble soixante oeuvres, pour certaines uniques, t\u00e9moignant du formidable essor cr\u00e9atif que connut Nancy au tournant du XXe si\u00e8cle.<\/p>\n","protected":false},"excerpt":{"rendered":"<p>L&#8217;Art nouveau conna\u00eet \u00e0 Nancy, un d\u00e9veloppement remarquable gr\u00e2ce \u00e0 l&#8217;\u00c9cole de Nancy, association fond\u00e9e par \u00c9mile Gall\u00e9, rassemblant des artistes majeurs tels Louis Majorelle, Victor Prouv\u00e9, Jacques Gruber, Eug\u00e8ne Vallin ou les fr\u00e8res Daum. Mobilier, c\u00e9ramique, verre, vitrail, reliure, textile&#8230; toutes les techniques li\u00e9es aux arts d\u00e9coratifs sont rassembl\u00e9es dans une production puisant dans [&hellip;]<\/p>\n","protected":false},"featured_media":34953,"template":"","meta":[],"product_cat":[2948,2952],"product_tag":[],"acf":[],"yoast_head":"<!-- This site is optimized with the Yoast SEO plugin v20.11 - https:\/\/yoast.com\/wordpress\/plugins\/seo\/ -->\n<title>Mus\u00e9e de l&#039;Ecole de Nancy : l&#039;Art Nouveau en 60 oeuvres - Librairie 7L<\/title>\n<meta name=\"robots\" content=\"index, follow, max-snippet:-1, max-image-preview:large, max-video-preview:-1\" \/>\n<link rel=\"canonical\" href=\"https:\/\/librairie7l.com\/en\/produit\/musee-de-lecole-de-nancy-lart-nouveau-en-60-oeuvres\/\" \/>\n<meta property=\"og:locale\" content=\"en_US\" \/>\n<meta property=\"og:type\" content=\"article\" \/>\n<meta property=\"og:title\" content=\"Mus\u00e9e de l&#039;Ecole de Nancy : l&#039;Art Nouveau en 60 oeuvres - Librairie 7L\" \/>\n<meta property=\"og:description\" content=\"L&#8217;Art nouveau conna\u00eet \u00e0 Nancy, un d\u00e9veloppement remarquable gr\u00e2ce \u00e0 l&#8217;\u00c9cole de Nancy, association fond\u00e9e par \u00c9mile Gall\u00e9, rassemblant des artistes majeurs tels Louis Majorelle, Victor Prouv\u00e9, Jacques Gruber, Eug\u00e8ne Vallin ou les fr\u00e8res Daum. Mobilier, c\u00e9ramique, verre, vitrail, reliure, textile&#8230; toutes les techniques li\u00e9es aux arts d\u00e9coratifs sont rassembl\u00e9es dans une production puisant dans [&hellip;]\" \/>\n<meta property=\"og:url\" content=\"https:\/\/librairie7l.com\/en\/produit\/musee-de-lecole-de-nancy-lart-nouveau-en-60-oeuvres\/\" \/>\n<meta property=\"og:site_name\" content=\"Librairie 7L\" \/>\n<meta property=\"article:modified_time\" content=\"2026-04-21T18:18:03+00:00\" \/>\n<meta property=\"og:image\" content=\"https:\/\/librairie7l.com\/wp-content\/uploads\/2022\/09\/9788836653331_1_75.jpg\" \/>\n\t<meta property=\"og:image:width\" content=\"600\" \/>\n\t<meta property=\"og:image:height\" content=\"747\" \/>\n\t<meta property=\"og:image:type\" content=\"image\/jpeg\" \/>\n<meta name=\"twitter:card\" content=\"summary_large_image\" \/>\n<meta name=\"twitter:label1\" content=\"Est. reading time\" \/>\n\t<meta name=\"twitter:data1\" content=\"1 minute\" \/>\n<script type=\"application\/ld+json\" class=\"yoast-schema-graph\">{\"@context\":\"https:\/\/schema.org\",\"@graph\":[{\"@type\":\"WebPage\",\"@id\":\"https:\/\/librairie7l.com\/en\/produit\/musee-de-lecole-de-nancy-lart-nouveau-en-60-oeuvres\/\",\"url\":\"https:\/\/librairie7l.com\/en\/produit\/musee-de-lecole-de-nancy-lart-nouveau-en-60-oeuvres\/\",\"name\":\"Mus\u00e9e de l'Ecole de Nancy : l'Art Nouveau en 60 oeuvres - Librairie 7L\",\"isPartOf\":{\"@id\":\"https:\/\/librairie7l.com\/en\/#website\"},\"datePublished\":\"2023-10-10T07:20:44+00:00\",\"dateModified\":\"2026-04-21T18:18:03+00:00\",\"breadcrumb\":{\"@id\":\"https:\/\/librairie7l.com\/en\/produit\/musee-de-lecole-de-nancy-lart-nouveau-en-60-oeuvres\/#breadcrumb\"},\"inLanguage\":\"en-US\",\"potentialAction\":[{\"@type\":\"ReadAction\",\"target\":[\"https:\/\/librairie7l.com\/en\/produit\/musee-de-lecole-de-nancy-lart-nouveau-en-60-oeuvres\/\"]}]},{\"@type\":\"BreadcrumbList\",\"@id\":\"https:\/\/librairie7l.com\/en\/produit\/musee-de-lecole-de-nancy-lart-nouveau-en-60-oeuvres\/#breadcrumb\",\"itemListElement\":[{\"@type\":\"ListItem\",\"position\":1,\"name\":\"Accueil\",\"item\":\"https:\/\/librairie7l.com\/en\/\"},{\"@type\":\"ListItem\",\"position\":2,\"name\":\"Shop\",\"item\":\"https:\/\/librairie7l.com\/en\/shop\/\"},{\"@type\":\"ListItem\",\"position\":3,\"name\":\"MUS\u00c9E DE L&#8217;ECOLE DE NANCY : L&#8217;ART NOUVEAU EN 60 OEUVRES\"}]},{\"@type\":\"WebSite\",\"@id\":\"https:\/\/librairie7l.com\/en\/#website\",\"url\":\"https:\/\/librairie7l.com\/en\/\",\"name\":\"Librairie 7L\",\"description\":\"Librairie fond\u00e9e en 1999 par Karl Lagerfeld \u00e0 Paris\",\"publisher\":{\"@id\":\"https:\/\/librairie7l.com\/en\/#organization\"},\"potentialAction\":[{\"@type\":\"SearchAction\",\"target\":{\"@type\":\"EntryPoint\",\"urlTemplate\":\"https:\/\/librairie7l.com\/en\/?s={search_term_string}\"},\"query-input\":\"required name=search_term_string\"}],\"inLanguage\":\"en-US\"},{\"@type\":\"Organization\",\"@id\":\"https:\/\/librairie7l.com\/en\/#organization\",\"name\":\"Librairie 7L\",\"url\":\"https:\/\/librairie7l.com\/en\/\",\"logo\":{\"@type\":\"ImageObject\",\"inLanguage\":\"en-US\",\"@id\":\"https:\/\/librairie7l.com\/en\/#\/schema\/logo\/image\/\",\"url\":\"https:\/\/librairie7l.com\/wp-content\/uploads\/2022\/08\/logo-1.png\",\"contentUrl\":\"https:\/\/librairie7l.com\/wp-content\/uploads\/2022\/08\/logo-1.png\",\"width\":227,\"height\":301,\"caption\":\"Librairie 7L\"},\"image\":{\"@id\":\"https:\/\/librairie7l.com\/en\/#\/schema\/logo\/image\/\"}}]}<\/script>\n<!-- \/ Yoast SEO plugin. -->","yoast_head_json":{"title":"Mus\u00e9e de l'Ecole de Nancy : l'Art Nouveau en 60 oeuvres - Librairie 7L","robots":{"index":"index","follow":"follow","max-snippet":"max-snippet:-1","max-image-preview":"max-image-preview:large","max-video-preview":"max-video-preview:-1"},"canonical":"https:\/\/librairie7l.com\/en\/produit\/musee-de-lecole-de-nancy-lart-nouveau-en-60-oeuvres\/","og_locale":"en_US","og_type":"article","og_title":"Mus\u00e9e de l'Ecole de Nancy : l'Art Nouveau en 60 oeuvres - Librairie 7L","og_description":"L&#8217;Art nouveau conna\u00eet \u00e0 Nancy, un d\u00e9veloppement remarquable gr\u00e2ce \u00e0 l&#8217;\u00c9cole de Nancy, association fond\u00e9e par \u00c9mile Gall\u00e9, rassemblant des artistes majeurs tels Louis Majorelle, Victor Prouv\u00e9, Jacques Gruber, Eug\u00e8ne Vallin ou les fr\u00e8res Daum. Mobilier, c\u00e9ramique, verre, vitrail, reliure, textile&#8230; toutes les techniques li\u00e9es aux arts d\u00e9coratifs sont rassembl\u00e9es dans une production puisant dans [&hellip;]","og_url":"https:\/\/librairie7l.com\/en\/produit\/musee-de-lecole-de-nancy-lart-nouveau-en-60-oeuvres\/","og_site_name":"Librairie 7L","article_modified_time":"2026-04-21T18:18:03+00:00","og_image":[{"width":600,"height":747,"url":"https:\/\/librairie7l.com\/wp-content\/uploads\/2022\/09\/9788836653331_1_75.jpg","type":"image\/jpeg"}],"twitter_card":"summary_large_image","twitter_misc":{"Est. reading time":"1 minute"},"schema":{"@context":"https:\/\/schema.org","@graph":[{"@type":"WebPage","@id":"https:\/\/librairie7l.com\/en\/produit\/musee-de-lecole-de-nancy-lart-nouveau-en-60-oeuvres\/","url":"https:\/\/librairie7l.com\/en\/produit\/musee-de-lecole-de-nancy-lart-nouveau-en-60-oeuvres\/","name":"Mus\u00e9e de l'Ecole de Nancy : l'Art Nouveau en 60 oeuvres - Librairie 7L","isPartOf":{"@id":"https:\/\/librairie7l.com\/en\/#website"},"datePublished":"2023-10-10T07:20:44+00:00","dateModified":"2026-04-21T18:18:03+00:00","breadcrumb":{"@id":"https:\/\/librairie7l.com\/en\/produit\/musee-de-lecole-de-nancy-lart-nouveau-en-60-oeuvres\/#breadcrumb"},"inLanguage":"en-US","potentialAction":[{"@type":"ReadAction","target":["https:\/\/librairie7l.com\/en\/produit\/musee-de-lecole-de-nancy-lart-nouveau-en-60-oeuvres\/"]}]},{"@type":"BreadcrumbList","@id":"https:\/\/librairie7l.com\/en\/produit\/musee-de-lecole-de-nancy-lart-nouveau-en-60-oeuvres\/#breadcrumb","itemListElement":[{"@type":"ListItem","position":1,"name":"Accueil","item":"https:\/\/librairie7l.com\/en\/"},{"@type":"ListItem","position":2,"name":"Shop","item":"https:\/\/librairie7l.com\/en\/shop\/"},{"@type":"ListItem","position":3,"name":"MUS\u00c9E DE L&#8217;ECOLE DE NANCY : L&#8217;ART NOUVEAU EN 60 OEUVRES"}]},{"@type":"WebSite","@id":"https:\/\/librairie7l.com\/en\/#website","url":"https:\/\/librairie7l.com\/en\/","name":"Librairie 7L","description":"Librairie fond\u00e9e en 1999 par Karl Lagerfeld \u00e0 Paris","publisher":{"@id":"https:\/\/librairie7l.com\/en\/#organization"},"potentialAction":[{"@type":"SearchAction","target":{"@type":"EntryPoint","urlTemplate":"https:\/\/librairie7l.com\/en\/?s={search_term_string}"},"query-input":"required name=search_term_string"}],"inLanguage":"en-US"},{"@type":"Organization","@id":"https:\/\/librairie7l.com\/en\/#organization","name":"Librairie 7L","url":"https:\/\/librairie7l.com\/en\/","logo":{"@type":"ImageObject","inLanguage":"en-US","@id":"https:\/\/librairie7l.com\/en\/#\/schema\/logo\/image\/","url":"https:\/\/librairie7l.com\/wp-content\/uploads\/2022\/08\/logo-1.png","contentUrl":"https:\/\/librairie7l.com\/wp-content\/uploads\/2022\/08\/logo-1.png","width":227,"height":301,"caption":"Librairie 7L"},"image":{"@id":"https:\/\/librairie7l.com\/en\/#\/schema\/logo\/image\/"}}]}},"_links":{"self":[{"href":"https:\/\/librairie7l.com\/en\/wp-json\/wp\/v2\/product\/34955"}],"collection":[{"href":"https:\/\/librairie7l.com\/en\/wp-json\/wp\/v2\/product"}],"about":[{"href":"https:\/\/librairie7l.com\/en\/wp-json\/wp\/v2\/types\/product"}],"wp:featuredmedia":[{"embeddable":true,"href":"https:\/\/librairie7l.com\/en\/wp-json\/wp\/v2\/media\/34953"}],"wp:attachment":[{"href":"https:\/\/librairie7l.com\/en\/wp-json\/wp\/v2\/media?parent=34955"}],"wp:term":[{"taxonomy":"product_cat","embeddable":true,"href":"https:\/\/librairie7l.com\/en\/wp-json\/wp\/v2\/product_cat?post=34955"},{"taxonomy":"product_tag","embeddable":true,"href":"https:\/\/librairie7l.com\/en\/wp-json\/wp\/v2\/product_tag?post=34955"}],"curies":[{"name":"wp","href":"https:\/\/api.w.org\/{rel}","templated":true}]}}