{"id":34959,"date":"2024-06-26T00:05:43","date_gmt":"2024-06-25T22:05:43","guid":{"rendered":"https:\/\/librairie7l.com\/?post_type=product&#038;p=34959"},"modified":"2026-04-12T10:06:27","modified_gmt":"2026-04-12T08:06:27","slug":"pablo-picasso-et-suzanne-ramie-dialogue-avec-la-ceramique","status":"publish","type":"product","link":"https:\/\/librairie7l.com\/en\/produit\/pablo-picasso-et-suzanne-ramie-dialogue-avec-la-ceramique\/","title":{"rendered":"PABLO PICASSO ET SUZANNE RAMI\u00c9 : DIALOGUE AVEC LA C\u00c9RAMIQUE"},"content":{"rendered":"<p>Picasso visite, avec Fran\u00e7oise Gilot, l&#8217;exposition annuelle de poterie \u00e0 Vallauris, en 1946, et aussit\u00f4t effectue ses premiers essais \u00e0 l&#8217;atelier Madoura, fond\u00e9 par Suzanne et Georges Rami\u00e9. De retour, l&#8217;ann\u00e9e suivante, avec plusieurs dessins et projets, Picasso commence ses premi\u00e8res cr\u00e9ations. S\u00e9duit par la \u00ab ville aux cent potiers \u00bb, Picasso s&#8217;y installe de 1948 \u00e0 1955, dans une villa sur les collines : son activit\u00e9 cr\u00e9atrice se r\u00e9partit, alors, entre son atelier o\u00f9 il cr\u00e9e de nombreuses sculptures et l&#8217;atelier Madoura pour les c\u00e9ramiques. Entre 1947 et 1971, l&#8217;artiste produit un ensemble cons\u00e9quent de c\u00e9ramiques, estim\u00e9e entre trois mille cinq cents et quatre mille pi\u00e8ces uniques. Elles ont \u00e9t\u00e9 toutes r\u00e9alis\u00e9es chez Suzanne et Georges Rami\u00e9. En 2022, le mus\u00e9e Magnelli, mus\u00e9e de la c\u00e9ramique, a re\u00e7u un d\u00e9p\u00f4t exceptionnel de c\u00e9ramiques de Pablo Picasso qui pr\u00e9sentent la particularit\u00e9 d&#8217;\u00eatre toutes d\u00e9dicac\u00e9es \u00e0 Suzanne Rami\u00e9 ; ces d\u00e9dicaces attestent du lien d&#8217;amiti\u00e9 et de respect entre Picasso et celle qui lui a ouvert les portes de son atelier et lui a permis de r\u00e9aliser une oeuvre si inattendue et si remarquable. Au-del\u00e0 du t\u00e9moignage d&#8217;amiti\u00e9, ces c\u00e9ramiques permettent de mettre en lumi\u00e8re les relations entre les deux artistes et le dialogue artistique qui s&#8217;instaure entre eux.<\/p>\n","protected":false},"excerpt":{"rendered":"<p>Picasso visite, avec Fran\u00e7oise Gilot, l&#8217;exposition annuelle de poterie \u00e0 Vallauris, en 1946, et aussit\u00f4t effectue ses premiers essais \u00e0 l&#8217;atelier Madoura, fond\u00e9 par Suzanne et Georges Rami\u00e9. De retour, l&#8217;ann\u00e9e suivante, avec plusieurs dessins et projets, Picasso commence ses premi\u00e8res cr\u00e9ations. S\u00e9duit par la \u00ab ville aux cent potiers \u00bb, Picasso s&#8217;y installe de [&hellip;]<\/p>\n","protected":false},"featured_media":34957,"template":"","meta":[],"product_cat":[2948,2953],"product_tag":[],"acf":[],"yoast_head":"<!-- This site is optimized with the Yoast SEO plugin v20.11 - https:\/\/yoast.com\/wordpress\/plugins\/seo\/ -->\n<title>Pablo Picasso et Suzanne Rami\u00e9 : dialogue avec la c\u00e9ramique - Librairie 7L<\/title>\n<meta name=\"robots\" content=\"index, follow, max-snippet:-1, max-image-preview:large, max-video-preview:-1\" \/>\n<link rel=\"canonical\" href=\"https:\/\/librairie7l.com\/en\/produit\/pablo-picasso-et-suzanne-ramie-dialogue-avec-la-ceramique\/\" \/>\n<meta property=\"og:locale\" content=\"en_US\" \/>\n<meta property=\"og:type\" content=\"article\" \/>\n<meta property=\"og:title\" content=\"Pablo Picasso et Suzanne Rami\u00e9 : dialogue avec la c\u00e9ramique - Librairie 7L\" \/>\n<meta property=\"og:description\" content=\"Picasso visite, avec Fran\u00e7oise Gilot, l&#8217;exposition annuelle de poterie \u00e0 Vallauris, en 1946, et aussit\u00f4t effectue ses premiers essais \u00e0 l&#8217;atelier Madoura, fond\u00e9 par Suzanne et Georges Rami\u00e9. De retour, l&#8217;ann\u00e9e suivante, avec plusieurs dessins et projets, Picasso commence ses premi\u00e8res cr\u00e9ations. S\u00e9duit par la \u00ab ville aux cent potiers \u00bb, Picasso s&#8217;y installe de [&hellip;]\" \/>\n<meta property=\"og:url\" content=\"https:\/\/librairie7l.com\/en\/produit\/pablo-picasso-et-suzanne-ramie-dialogue-avec-la-ceramique\/\" \/>\n<meta property=\"og:site_name\" content=\"Librairie 7L\" \/>\n<meta property=\"article:modified_time\" content=\"2026-04-12T08:06:27+00:00\" \/>\n<meta property=\"og:image\" content=\"https:\/\/librairie7l.com\/wp-content\/uploads\/2022\/09\/9788836652846_1_75.jpg\" \/>\n\t<meta property=\"og:image:width\" content=\"600\" \/>\n\t<meta property=\"og:image:height\" content=\"851\" \/>\n\t<meta property=\"og:image:type\" content=\"image\/jpeg\" \/>\n<meta name=\"twitter:card\" content=\"summary_large_image\" \/>\n<meta name=\"twitter:label1\" content=\"Est. reading time\" \/>\n\t<meta name=\"twitter:data1\" content=\"1 minute\" \/>\n<script type=\"application\/ld+json\" class=\"yoast-schema-graph\">{\"@context\":\"https:\/\/schema.org\",\"@graph\":[{\"@type\":\"WebPage\",\"@id\":\"https:\/\/librairie7l.com\/en\/produit\/pablo-picasso-et-suzanne-ramie-dialogue-avec-la-ceramique\/\",\"url\":\"https:\/\/librairie7l.com\/en\/produit\/pablo-picasso-et-suzanne-ramie-dialogue-avec-la-ceramique\/\",\"name\":\"Pablo Picasso et Suzanne Rami\u00e9 : dialogue avec la c\u00e9ramique - Librairie 7L\",\"isPartOf\":{\"@id\":\"https:\/\/librairie7l.com\/en\/#website\"},\"datePublished\":\"2024-06-25T22:05:43+00:00\",\"dateModified\":\"2026-04-12T08:06:27+00:00\",\"breadcrumb\":{\"@id\":\"https:\/\/librairie7l.com\/en\/produit\/pablo-picasso-et-suzanne-ramie-dialogue-avec-la-ceramique\/#breadcrumb\"},\"inLanguage\":\"en-US\",\"potentialAction\":[{\"@type\":\"ReadAction\",\"target\":[\"https:\/\/librairie7l.com\/en\/produit\/pablo-picasso-et-suzanne-ramie-dialogue-avec-la-ceramique\/\"]}]},{\"@type\":\"BreadcrumbList\",\"@id\":\"https:\/\/librairie7l.com\/en\/produit\/pablo-picasso-et-suzanne-ramie-dialogue-avec-la-ceramique\/#breadcrumb\",\"itemListElement\":[{\"@type\":\"ListItem\",\"position\":1,\"name\":\"Accueil\",\"item\":\"https:\/\/librairie7l.com\/en\/\"},{\"@type\":\"ListItem\",\"position\":2,\"name\":\"Shop\",\"item\":\"https:\/\/librairie7l.com\/en\/shop\/\"},{\"@type\":\"ListItem\",\"position\":3,\"name\":\"PABLO PICASSO ET SUZANNE RAMI\u00c9 : DIALOGUE AVEC LA C\u00c9RAMIQUE\"}]},{\"@type\":\"WebSite\",\"@id\":\"https:\/\/librairie7l.com\/en\/#website\",\"url\":\"https:\/\/librairie7l.com\/en\/\",\"name\":\"Librairie 7L\",\"description\":\"Librairie fond\u00e9e en 1999 par Karl Lagerfeld \u00e0 Paris\",\"publisher\":{\"@id\":\"https:\/\/librairie7l.com\/en\/#organization\"},\"potentialAction\":[{\"@type\":\"SearchAction\",\"target\":{\"@type\":\"EntryPoint\",\"urlTemplate\":\"https:\/\/librairie7l.com\/en\/?s={search_term_string}\"},\"query-input\":\"required name=search_term_string\"}],\"inLanguage\":\"en-US\"},{\"@type\":\"Organization\",\"@id\":\"https:\/\/librairie7l.com\/en\/#organization\",\"name\":\"Librairie 7L\",\"url\":\"https:\/\/librairie7l.com\/en\/\",\"logo\":{\"@type\":\"ImageObject\",\"inLanguage\":\"en-US\",\"@id\":\"https:\/\/librairie7l.com\/en\/#\/schema\/logo\/image\/\",\"url\":\"https:\/\/librairie7l.com\/wp-content\/uploads\/2022\/08\/logo-1.png\",\"contentUrl\":\"https:\/\/librairie7l.com\/wp-content\/uploads\/2022\/08\/logo-1.png\",\"width\":227,\"height\":301,\"caption\":\"Librairie 7L\"},\"image\":{\"@id\":\"https:\/\/librairie7l.com\/en\/#\/schema\/logo\/image\/\"}}]}<\/script>\n<!-- \/ Yoast SEO plugin. -->","yoast_head_json":{"title":"Pablo Picasso et Suzanne Rami\u00e9 : dialogue avec la c\u00e9ramique - Librairie 7L","robots":{"index":"index","follow":"follow","max-snippet":"max-snippet:-1","max-image-preview":"max-image-preview:large","max-video-preview":"max-video-preview:-1"},"canonical":"https:\/\/librairie7l.com\/en\/produit\/pablo-picasso-et-suzanne-ramie-dialogue-avec-la-ceramique\/","og_locale":"en_US","og_type":"article","og_title":"Pablo Picasso et Suzanne Rami\u00e9 : dialogue avec la c\u00e9ramique - Librairie 7L","og_description":"Picasso visite, avec Fran\u00e7oise Gilot, l&#8217;exposition annuelle de poterie \u00e0 Vallauris, en 1946, et aussit\u00f4t effectue ses premiers essais \u00e0 l&#8217;atelier Madoura, fond\u00e9 par Suzanne et Georges Rami\u00e9. De retour, l&#8217;ann\u00e9e suivante, avec plusieurs dessins et projets, Picasso commence ses premi\u00e8res cr\u00e9ations. S\u00e9duit par la \u00ab ville aux cent potiers \u00bb, Picasso s&#8217;y installe de [&hellip;]","og_url":"https:\/\/librairie7l.com\/en\/produit\/pablo-picasso-et-suzanne-ramie-dialogue-avec-la-ceramique\/","og_site_name":"Librairie 7L","article_modified_time":"2026-04-12T08:06:27+00:00","og_image":[{"width":600,"height":851,"url":"https:\/\/librairie7l.com\/wp-content\/uploads\/2022\/09\/9788836652846_1_75.jpg","type":"image\/jpeg"}],"twitter_card":"summary_large_image","twitter_misc":{"Est. reading time":"1 minute"},"schema":{"@context":"https:\/\/schema.org","@graph":[{"@type":"WebPage","@id":"https:\/\/librairie7l.com\/en\/produit\/pablo-picasso-et-suzanne-ramie-dialogue-avec-la-ceramique\/","url":"https:\/\/librairie7l.com\/en\/produit\/pablo-picasso-et-suzanne-ramie-dialogue-avec-la-ceramique\/","name":"Pablo Picasso et Suzanne Rami\u00e9 : dialogue avec la c\u00e9ramique - Librairie 7L","isPartOf":{"@id":"https:\/\/librairie7l.com\/en\/#website"},"datePublished":"2024-06-25T22:05:43+00:00","dateModified":"2026-04-12T08:06:27+00:00","breadcrumb":{"@id":"https:\/\/librairie7l.com\/en\/produit\/pablo-picasso-et-suzanne-ramie-dialogue-avec-la-ceramique\/#breadcrumb"},"inLanguage":"en-US","potentialAction":[{"@type":"ReadAction","target":["https:\/\/librairie7l.com\/en\/produit\/pablo-picasso-et-suzanne-ramie-dialogue-avec-la-ceramique\/"]}]},{"@type":"BreadcrumbList","@id":"https:\/\/librairie7l.com\/en\/produit\/pablo-picasso-et-suzanne-ramie-dialogue-avec-la-ceramique\/#breadcrumb","itemListElement":[{"@type":"ListItem","position":1,"name":"Accueil","item":"https:\/\/librairie7l.com\/en\/"},{"@type":"ListItem","position":2,"name":"Shop","item":"https:\/\/librairie7l.com\/en\/shop\/"},{"@type":"ListItem","position":3,"name":"PABLO PICASSO ET SUZANNE RAMI\u00c9 : DIALOGUE AVEC LA C\u00c9RAMIQUE"}]},{"@type":"WebSite","@id":"https:\/\/librairie7l.com\/en\/#website","url":"https:\/\/librairie7l.com\/en\/","name":"Librairie 7L","description":"Librairie fond\u00e9e en 1999 par Karl Lagerfeld \u00e0 Paris","publisher":{"@id":"https:\/\/librairie7l.com\/en\/#organization"},"potentialAction":[{"@type":"SearchAction","target":{"@type":"EntryPoint","urlTemplate":"https:\/\/librairie7l.com\/en\/?s={search_term_string}"},"query-input":"required name=search_term_string"}],"inLanguage":"en-US"},{"@type":"Organization","@id":"https:\/\/librairie7l.com\/en\/#organization","name":"Librairie 7L","url":"https:\/\/librairie7l.com\/en\/","logo":{"@type":"ImageObject","inLanguage":"en-US","@id":"https:\/\/librairie7l.com\/en\/#\/schema\/logo\/image\/","url":"https:\/\/librairie7l.com\/wp-content\/uploads\/2022\/08\/logo-1.png","contentUrl":"https:\/\/librairie7l.com\/wp-content\/uploads\/2022\/08\/logo-1.png","width":227,"height":301,"caption":"Librairie 7L"},"image":{"@id":"https:\/\/librairie7l.com\/en\/#\/schema\/logo\/image\/"}}]}},"_links":{"self":[{"href":"https:\/\/librairie7l.com\/en\/wp-json\/wp\/v2\/product\/34959"}],"collection":[{"href":"https:\/\/librairie7l.com\/en\/wp-json\/wp\/v2\/product"}],"about":[{"href":"https:\/\/librairie7l.com\/en\/wp-json\/wp\/v2\/types\/product"}],"wp:featuredmedia":[{"embeddable":true,"href":"https:\/\/librairie7l.com\/en\/wp-json\/wp\/v2\/media\/34957"}],"wp:attachment":[{"href":"https:\/\/librairie7l.com\/en\/wp-json\/wp\/v2\/media?parent=34959"}],"wp:term":[{"taxonomy":"product_cat","embeddable":true,"href":"https:\/\/librairie7l.com\/en\/wp-json\/wp\/v2\/product_cat?post=34959"},{"taxonomy":"product_tag","embeddable":true,"href":"https:\/\/librairie7l.com\/en\/wp-json\/wp\/v2\/product_tag?post=34959"}],"curies":[{"name":"wp","href":"https:\/\/api.w.org\/{rel}","templated":true}]}}