{"id":35001,"date":"2024-06-25T13:29:53","date_gmt":"2024-06-25T11:29:53","guid":{"rendered":"https:\/\/librairie7l.com\/?post_type=product&#038;p=35001"},"modified":"2026-04-07T08:02:55","modified_gmt":"2026-04-07T06:02:55","slug":"silence-et-lumiere","status":"publish","type":"product","link":"https:\/\/librairie7l.com\/en\/produit\/silence-et-lumiere\/","title":{"rendered":"SILENCE ET LUMI\u00c8RE"},"content":{"rendered":"<p>Bien que Kahn ait construit tous ses b\u00e2timents en Am\u00e9rique et en Asie, son oeuvre a aussi connu un grand retentissement en Europe ; sans doute parce que, \u00e0 c\u00f4t\u00e9 des querelles d&#8217;\u00e9cole, il s&#8217;est fa\u00e7onn\u00e9 une architecture personnelle, qui allie les apports de l&#8217;architecture moderne aux formes \u00e9l\u00e9mentaires qui nous viennent du fond des \u00e2ges. Silencieuse et lumineuse, elle pr\u00e9figure certaines tendances majeures de la cr\u00e9ation artistique de la seconde moiti\u00e9 du si\u00e8cle. Il est en outre le dernier des grands th\u00e9oriciens dans la mesure o\u00f9 il pose les questions fondamentales : qu&#8217;est-ce que le projet ? comment lier les diff\u00e9rentes parties d&#8217;une oeuvre ? quelle est la substance et le r\u00f4le de l&#8217;espace ? quels rapports unissent la forme, la structure, la lumi\u00e8re et la mati\u00e8re ?<\/p>\n","protected":false},"excerpt":{"rendered":"<p>Bien que Kahn ait construit tous ses b\u00e2timents en Am\u00e9rique et en Asie, son oeuvre a aussi connu un grand retentissement en Europe ; sans doute parce que, \u00e0 c\u00f4t\u00e9 des querelles d&#8217;\u00e9cole, il s&#8217;est fa\u00e7onn\u00e9 une architecture personnelle, qui allie les apports de l&#8217;architecture moderne aux formes \u00e9l\u00e9mentaires qui nous viennent du fond des [&hellip;]<\/p>\n","protected":false},"featured_media":34999,"template":"","meta":[],"product_cat":[2948,2950],"product_tag":[],"acf":[],"yoast_head":"<!-- This site is optimized with the Yoast SEO plugin v20.11 - https:\/\/yoast.com\/wordpress\/plugins\/seo\/ -->\n<title>Silence et lumi\u00e8re - Librairie 7L<\/title>\n<meta name=\"robots\" content=\"index, follow, max-snippet:-1, max-image-preview:large, max-video-preview:-1\" \/>\n<link rel=\"canonical\" href=\"https:\/\/librairie7l.com\/en\/produit\/silence-et-lumiere\/\" \/>\n<meta property=\"og:locale\" content=\"en_US\" \/>\n<meta property=\"og:type\" content=\"article\" \/>\n<meta property=\"og:title\" content=\"Silence et lumi\u00e8re - Librairie 7L\" \/>\n<meta property=\"og:description\" content=\"Bien que Kahn ait construit tous ses b\u00e2timents en Am\u00e9rique et en Asie, son oeuvre a aussi connu un grand retentissement en Europe ; sans doute parce que, \u00e0 c\u00f4t\u00e9 des querelles d&#8217;\u00e9cole, il s&#8217;est fa\u00e7onn\u00e9 une architecture personnelle, qui allie les apports de l&#8217;architecture moderne aux formes \u00e9l\u00e9mentaires qui nous viennent du fond des [&hellip;]\" \/>\n<meta property=\"og:url\" content=\"https:\/\/librairie7l.com\/en\/produit\/silence-et-lumiere\/\" \/>\n<meta property=\"og:site_name\" content=\"Librairie 7L\" \/>\n<meta property=\"article:modified_time\" content=\"2026-04-07T06:02:55+00:00\" \/>\n<meta property=\"og:image\" content=\"https:\/\/librairie7l.com\/wp-content\/uploads\/1998\/02\/9782910342043_1_75.jpg\" \/>\n\t<meta property=\"og:image:width\" content=\"588\" \/>\n\t<meta property=\"og:image:height\" content=\"931\" \/>\n\t<meta property=\"og:image:type\" content=\"image\/jpeg\" \/>\n<meta name=\"twitter:card\" content=\"summary_large_image\" \/>\n<meta name=\"twitter:label1\" content=\"Est. reading time\" \/>\n\t<meta name=\"twitter:data1\" content=\"1 minute\" \/>\n<script type=\"application\/ld+json\" class=\"yoast-schema-graph\">{\"@context\":\"https:\/\/schema.org\",\"@graph\":[{\"@type\":\"WebPage\",\"@id\":\"https:\/\/librairie7l.com\/en\/produit\/silence-et-lumiere\/\",\"url\":\"https:\/\/librairie7l.com\/en\/produit\/silence-et-lumiere\/\",\"name\":\"Silence et lumi\u00e8re - Librairie 7L\",\"isPartOf\":{\"@id\":\"https:\/\/librairie7l.com\/en\/#website\"},\"datePublished\":\"2024-06-25T11:29:53+00:00\",\"dateModified\":\"2026-04-07T06:02:55+00:00\",\"breadcrumb\":{\"@id\":\"https:\/\/librairie7l.com\/en\/produit\/silence-et-lumiere\/#breadcrumb\"},\"inLanguage\":\"en-US\",\"potentialAction\":[{\"@type\":\"ReadAction\",\"target\":[\"https:\/\/librairie7l.com\/en\/produit\/silence-et-lumiere\/\"]}]},{\"@type\":\"BreadcrumbList\",\"@id\":\"https:\/\/librairie7l.com\/en\/produit\/silence-et-lumiere\/#breadcrumb\",\"itemListElement\":[{\"@type\":\"ListItem\",\"position\":1,\"name\":\"Accueil\",\"item\":\"https:\/\/librairie7l.com\/en\/\"},{\"@type\":\"ListItem\",\"position\":2,\"name\":\"Shop\",\"item\":\"https:\/\/librairie7l.com\/en\/shop\/\"},{\"@type\":\"ListItem\",\"position\":3,\"name\":\"SILENCE ET LUMI\u00c8RE\"}]},{\"@type\":\"WebSite\",\"@id\":\"https:\/\/librairie7l.com\/en\/#website\",\"url\":\"https:\/\/librairie7l.com\/en\/\",\"name\":\"Librairie 7L\",\"description\":\"Librairie fond\u00e9e en 1999 par Karl Lagerfeld \u00e0 Paris\",\"publisher\":{\"@id\":\"https:\/\/librairie7l.com\/en\/#organization\"},\"potentialAction\":[{\"@type\":\"SearchAction\",\"target\":{\"@type\":\"EntryPoint\",\"urlTemplate\":\"https:\/\/librairie7l.com\/en\/?s={search_term_string}\"},\"query-input\":\"required name=search_term_string\"}],\"inLanguage\":\"en-US\"},{\"@type\":\"Organization\",\"@id\":\"https:\/\/librairie7l.com\/en\/#organization\",\"name\":\"Librairie 7L\",\"url\":\"https:\/\/librairie7l.com\/en\/\",\"logo\":{\"@type\":\"ImageObject\",\"inLanguage\":\"en-US\",\"@id\":\"https:\/\/librairie7l.com\/en\/#\/schema\/logo\/image\/\",\"url\":\"https:\/\/librairie7l.com\/wp-content\/uploads\/2022\/08\/logo-1.png\",\"contentUrl\":\"https:\/\/librairie7l.com\/wp-content\/uploads\/2022\/08\/logo-1.png\",\"width\":227,\"height\":301,\"caption\":\"Librairie 7L\"},\"image\":{\"@id\":\"https:\/\/librairie7l.com\/en\/#\/schema\/logo\/image\/\"}}]}<\/script>\n<!-- \/ Yoast SEO plugin. -->","yoast_head_json":{"title":"Silence et lumi\u00e8re - Librairie 7L","robots":{"index":"index","follow":"follow","max-snippet":"max-snippet:-1","max-image-preview":"max-image-preview:large","max-video-preview":"max-video-preview:-1"},"canonical":"https:\/\/librairie7l.com\/en\/produit\/silence-et-lumiere\/","og_locale":"en_US","og_type":"article","og_title":"Silence et lumi\u00e8re - Librairie 7L","og_description":"Bien que Kahn ait construit tous ses b\u00e2timents en Am\u00e9rique et en Asie, son oeuvre a aussi connu un grand retentissement en Europe ; sans doute parce que, \u00e0 c\u00f4t\u00e9 des querelles d&#8217;\u00e9cole, il s&#8217;est fa\u00e7onn\u00e9 une architecture personnelle, qui allie les apports de l&#8217;architecture moderne aux formes \u00e9l\u00e9mentaires qui nous viennent du fond des [&hellip;]","og_url":"https:\/\/librairie7l.com\/en\/produit\/silence-et-lumiere\/","og_site_name":"Librairie 7L","article_modified_time":"2026-04-07T06:02:55+00:00","og_image":[{"width":588,"height":931,"url":"https:\/\/librairie7l.com\/wp-content\/uploads\/1998\/02\/9782910342043_1_75.jpg","type":"image\/jpeg"}],"twitter_card":"summary_large_image","twitter_misc":{"Est. reading time":"1 minute"},"schema":{"@context":"https:\/\/schema.org","@graph":[{"@type":"WebPage","@id":"https:\/\/librairie7l.com\/en\/produit\/silence-et-lumiere\/","url":"https:\/\/librairie7l.com\/en\/produit\/silence-et-lumiere\/","name":"Silence et lumi\u00e8re - Librairie 7L","isPartOf":{"@id":"https:\/\/librairie7l.com\/en\/#website"},"datePublished":"2024-06-25T11:29:53+00:00","dateModified":"2026-04-07T06:02:55+00:00","breadcrumb":{"@id":"https:\/\/librairie7l.com\/en\/produit\/silence-et-lumiere\/#breadcrumb"},"inLanguage":"en-US","potentialAction":[{"@type":"ReadAction","target":["https:\/\/librairie7l.com\/en\/produit\/silence-et-lumiere\/"]}]},{"@type":"BreadcrumbList","@id":"https:\/\/librairie7l.com\/en\/produit\/silence-et-lumiere\/#breadcrumb","itemListElement":[{"@type":"ListItem","position":1,"name":"Accueil","item":"https:\/\/librairie7l.com\/en\/"},{"@type":"ListItem","position":2,"name":"Shop","item":"https:\/\/librairie7l.com\/en\/shop\/"},{"@type":"ListItem","position":3,"name":"SILENCE ET LUMI\u00c8RE"}]},{"@type":"WebSite","@id":"https:\/\/librairie7l.com\/en\/#website","url":"https:\/\/librairie7l.com\/en\/","name":"Librairie 7L","description":"Librairie fond\u00e9e en 1999 par Karl Lagerfeld \u00e0 Paris","publisher":{"@id":"https:\/\/librairie7l.com\/en\/#organization"},"potentialAction":[{"@type":"SearchAction","target":{"@type":"EntryPoint","urlTemplate":"https:\/\/librairie7l.com\/en\/?s={search_term_string}"},"query-input":"required name=search_term_string"}],"inLanguage":"en-US"},{"@type":"Organization","@id":"https:\/\/librairie7l.com\/en\/#organization","name":"Librairie 7L","url":"https:\/\/librairie7l.com\/en\/","logo":{"@type":"ImageObject","inLanguage":"en-US","@id":"https:\/\/librairie7l.com\/en\/#\/schema\/logo\/image\/","url":"https:\/\/librairie7l.com\/wp-content\/uploads\/2022\/08\/logo-1.png","contentUrl":"https:\/\/librairie7l.com\/wp-content\/uploads\/2022\/08\/logo-1.png","width":227,"height":301,"caption":"Librairie 7L"},"image":{"@id":"https:\/\/librairie7l.com\/en\/#\/schema\/logo\/image\/"}}]}},"_links":{"self":[{"href":"https:\/\/librairie7l.com\/en\/wp-json\/wp\/v2\/product\/35001"}],"collection":[{"href":"https:\/\/librairie7l.com\/en\/wp-json\/wp\/v2\/product"}],"about":[{"href":"https:\/\/librairie7l.com\/en\/wp-json\/wp\/v2\/types\/product"}],"wp:featuredmedia":[{"embeddable":true,"href":"https:\/\/librairie7l.com\/en\/wp-json\/wp\/v2\/media\/34999"}],"wp:attachment":[{"href":"https:\/\/librairie7l.com\/en\/wp-json\/wp\/v2\/media?parent=35001"}],"wp:term":[{"taxonomy":"product_cat","embeddable":true,"href":"https:\/\/librairie7l.com\/en\/wp-json\/wp\/v2\/product_cat?post=35001"},{"taxonomy":"product_tag","embeddable":true,"href":"https:\/\/librairie7l.com\/en\/wp-json\/wp\/v2\/product_tag?post=35001"}],"curies":[{"name":"wp","href":"https:\/\/api.w.org\/{rel}","templated":true}]}}