{"id":35067,"date":"2024-06-26T02:06:14","date_gmt":"2024-06-26T00:06:14","guid":{"rendered":"https:\/\/librairie7l.com\/?post_type=product&#038;p=35067"},"modified":"2026-04-12T14:06:03","modified_gmt":"2026-04-12T12:06:03","slug":"les-annees-vogue","status":"publish","type":"product","link":"https:\/\/librairie7l.com\/en\/produit\/les-annees-vogue\/","title":{"rendered":"LES ANN\u00c9ES VOGUE"},"content":{"rendered":"<p>\u00abEn r\u00e9sum\u00e9, mon emploi \u00e0 Vogue pouvait se diviser en trois volets. D&#8217;abord la vie \u00e0 Paris, sorte de trombinoscope de ceux dont les noms devaient absolument alimenter les conversations : artistes, \u00e9crivains, cr\u00e9ateurs de toutes sortes. Ensuite les photographies de mannequins dans les d\u00e9cors de la ville ou sur les redoutables fond blanc du studio. Enfin, le troisi\u00e8me volet, les mondanit\u00e9s, est celui qui m&#8217;a laiss\u00e9 les souvenirs les plus durables.\u00bbRobert Doisneau.<\/p>\n","protected":false},"excerpt":{"rendered":"<p>\u00abEn r\u00e9sum\u00e9, mon emploi \u00e0 Vogue pouvait se diviser en trois volets. D&#8217;abord la vie \u00e0 Paris, sorte de trombinoscope de ceux dont les noms devaient absolument alimenter les conversations : artistes, \u00e9crivains, cr\u00e9ateurs de toutes sortes. Ensuite les photographies de mannequins dans les d\u00e9cors de la ville ou sur les redoutables fond blanc du [&hellip;]<\/p>\n","protected":false},"featured_media":35065,"template":"","meta":[],"product_cat":[2948,2958],"product_tag":[],"acf":[],"yoast_head":"<!-- This site is optimized with the Yoast SEO plugin v20.11 - https:\/\/yoast.com\/wordpress\/plugins\/seo\/ -->\n<title>Les ann\u00e9es Vogue - Librairie 7L<\/title>\n<meta name=\"robots\" content=\"index, follow, max-snippet:-1, max-image-preview:large, max-video-preview:-1\" \/>\n<link rel=\"canonical\" href=\"https:\/\/librairie7l.com\/en\/produit\/les-annees-vogue\/\" \/>\n<meta property=\"og:locale\" content=\"en_US\" \/>\n<meta property=\"og:type\" content=\"article\" \/>\n<meta property=\"og:title\" content=\"Les ann\u00e9es Vogue - Librairie 7L\" \/>\n<meta property=\"og:description\" content=\"\u00abEn r\u00e9sum\u00e9, mon emploi \u00e0 Vogue pouvait se diviser en trois volets. D&#8217;abord la vie \u00e0 Paris, sorte de trombinoscope de ceux dont les noms devaient absolument alimenter les conversations : artistes, \u00e9crivains, cr\u00e9ateurs de toutes sortes. Ensuite les photographies de mannequins dans les d\u00e9cors de la ville ou sur les redoutables fond blanc du [&hellip;]\" \/>\n<meta property=\"og:url\" content=\"https:\/\/librairie7l.com\/en\/produit\/les-annees-vogue\/\" \/>\n<meta property=\"og:site_name\" content=\"Librairie 7L\" \/>\n<meta property=\"article:modified_time\" content=\"2026-04-12T12:06:03+00:00\" \/>\n<meta property=\"og:image\" content=\"https:\/\/librairie7l.com\/wp-content\/uploads\/2016\/12\/9782081408494_1_75.jpg\" \/>\n\t<meta property=\"og:image:width\" content=\"600\" \/>\n\t<meta property=\"og:image:height\" content=\"763\" \/>\n\t<meta property=\"og:image:type\" content=\"image\/jpeg\" \/>\n<meta name=\"twitter:card\" content=\"summary_large_image\" \/>\n<script type=\"application\/ld+json\" class=\"yoast-schema-graph\">{\"@context\":\"https:\/\/schema.org\",\"@graph\":[{\"@type\":\"WebPage\",\"@id\":\"https:\/\/librairie7l.com\/en\/produit\/les-annees-vogue\/\",\"url\":\"https:\/\/librairie7l.com\/en\/produit\/les-annees-vogue\/\",\"name\":\"Les ann\u00e9es Vogue - Librairie 7L\",\"isPartOf\":{\"@id\":\"https:\/\/librairie7l.com\/en\/#website\"},\"datePublished\":\"2024-06-26T00:06:14+00:00\",\"dateModified\":\"2026-04-12T12:06:03+00:00\",\"breadcrumb\":{\"@id\":\"https:\/\/librairie7l.com\/en\/produit\/les-annees-vogue\/#breadcrumb\"},\"inLanguage\":\"en-US\",\"potentialAction\":[{\"@type\":\"ReadAction\",\"target\":[\"https:\/\/librairie7l.com\/en\/produit\/les-annees-vogue\/\"]}]},{\"@type\":\"BreadcrumbList\",\"@id\":\"https:\/\/librairie7l.com\/en\/produit\/les-annees-vogue\/#breadcrumb\",\"itemListElement\":[{\"@type\":\"ListItem\",\"position\":1,\"name\":\"Accueil\",\"item\":\"https:\/\/librairie7l.com\/en\/\"},{\"@type\":\"ListItem\",\"position\":2,\"name\":\"Shop\",\"item\":\"https:\/\/librairie7l.com\/en\/shop\/\"},{\"@type\":\"ListItem\",\"position\":3,\"name\":\"LES ANN\u00c9ES VOGUE\"}]},{\"@type\":\"WebSite\",\"@id\":\"https:\/\/librairie7l.com\/en\/#website\",\"url\":\"https:\/\/librairie7l.com\/en\/\",\"name\":\"Librairie 7L\",\"description\":\"Librairie fond\u00e9e en 1999 par Karl Lagerfeld \u00e0 Paris\",\"publisher\":{\"@id\":\"https:\/\/librairie7l.com\/en\/#organization\"},\"potentialAction\":[{\"@type\":\"SearchAction\",\"target\":{\"@type\":\"EntryPoint\",\"urlTemplate\":\"https:\/\/librairie7l.com\/en\/?s={search_term_string}\"},\"query-input\":\"required name=search_term_string\"}],\"inLanguage\":\"en-US\"},{\"@type\":\"Organization\",\"@id\":\"https:\/\/librairie7l.com\/en\/#organization\",\"name\":\"Librairie 7L\",\"url\":\"https:\/\/librairie7l.com\/en\/\",\"logo\":{\"@type\":\"ImageObject\",\"inLanguage\":\"en-US\",\"@id\":\"https:\/\/librairie7l.com\/en\/#\/schema\/logo\/image\/\",\"url\":\"https:\/\/librairie7l.com\/wp-content\/uploads\/2022\/08\/logo-1.png\",\"contentUrl\":\"https:\/\/librairie7l.com\/wp-content\/uploads\/2022\/08\/logo-1.png\",\"width\":227,\"height\":301,\"caption\":\"Librairie 7L\"},\"image\":{\"@id\":\"https:\/\/librairie7l.com\/en\/#\/schema\/logo\/image\/\"}}]}<\/script>\n<!-- \/ Yoast SEO plugin. -->","yoast_head_json":{"title":"Les ann\u00e9es Vogue - Librairie 7L","robots":{"index":"index","follow":"follow","max-snippet":"max-snippet:-1","max-image-preview":"max-image-preview:large","max-video-preview":"max-video-preview:-1"},"canonical":"https:\/\/librairie7l.com\/en\/produit\/les-annees-vogue\/","og_locale":"en_US","og_type":"article","og_title":"Les ann\u00e9es Vogue - Librairie 7L","og_description":"\u00abEn r\u00e9sum\u00e9, mon emploi \u00e0 Vogue pouvait se diviser en trois volets. D&#8217;abord la vie \u00e0 Paris, sorte de trombinoscope de ceux dont les noms devaient absolument alimenter les conversations : artistes, \u00e9crivains, cr\u00e9ateurs de toutes sortes. Ensuite les photographies de mannequins dans les d\u00e9cors de la ville ou sur les redoutables fond blanc du [&hellip;]","og_url":"https:\/\/librairie7l.com\/en\/produit\/les-annees-vogue\/","og_site_name":"Librairie 7L","article_modified_time":"2026-04-12T12:06:03+00:00","og_image":[{"width":600,"height":763,"url":"https:\/\/librairie7l.com\/wp-content\/uploads\/2016\/12\/9782081408494_1_75.jpg","type":"image\/jpeg"}],"twitter_card":"summary_large_image","schema":{"@context":"https:\/\/schema.org","@graph":[{"@type":"WebPage","@id":"https:\/\/librairie7l.com\/en\/produit\/les-annees-vogue\/","url":"https:\/\/librairie7l.com\/en\/produit\/les-annees-vogue\/","name":"Les ann\u00e9es Vogue - Librairie 7L","isPartOf":{"@id":"https:\/\/librairie7l.com\/en\/#website"},"datePublished":"2024-06-26T00:06:14+00:00","dateModified":"2026-04-12T12:06:03+00:00","breadcrumb":{"@id":"https:\/\/librairie7l.com\/en\/produit\/les-annees-vogue\/#breadcrumb"},"inLanguage":"en-US","potentialAction":[{"@type":"ReadAction","target":["https:\/\/librairie7l.com\/en\/produit\/les-annees-vogue\/"]}]},{"@type":"BreadcrumbList","@id":"https:\/\/librairie7l.com\/en\/produit\/les-annees-vogue\/#breadcrumb","itemListElement":[{"@type":"ListItem","position":1,"name":"Accueil","item":"https:\/\/librairie7l.com\/en\/"},{"@type":"ListItem","position":2,"name":"Shop","item":"https:\/\/librairie7l.com\/en\/shop\/"},{"@type":"ListItem","position":3,"name":"LES ANN\u00c9ES VOGUE"}]},{"@type":"WebSite","@id":"https:\/\/librairie7l.com\/en\/#website","url":"https:\/\/librairie7l.com\/en\/","name":"Librairie 7L","description":"Librairie fond\u00e9e en 1999 par Karl Lagerfeld \u00e0 Paris","publisher":{"@id":"https:\/\/librairie7l.com\/en\/#organization"},"potentialAction":[{"@type":"SearchAction","target":{"@type":"EntryPoint","urlTemplate":"https:\/\/librairie7l.com\/en\/?s={search_term_string}"},"query-input":"required name=search_term_string"}],"inLanguage":"en-US"},{"@type":"Organization","@id":"https:\/\/librairie7l.com\/en\/#organization","name":"Librairie 7L","url":"https:\/\/librairie7l.com\/en\/","logo":{"@type":"ImageObject","inLanguage":"en-US","@id":"https:\/\/librairie7l.com\/en\/#\/schema\/logo\/image\/","url":"https:\/\/librairie7l.com\/wp-content\/uploads\/2022\/08\/logo-1.png","contentUrl":"https:\/\/librairie7l.com\/wp-content\/uploads\/2022\/08\/logo-1.png","width":227,"height":301,"caption":"Librairie 7L"},"image":{"@id":"https:\/\/librairie7l.com\/en\/#\/schema\/logo\/image\/"}}]}},"_links":{"self":[{"href":"https:\/\/librairie7l.com\/en\/wp-json\/wp\/v2\/product\/35067"}],"collection":[{"href":"https:\/\/librairie7l.com\/en\/wp-json\/wp\/v2\/product"}],"about":[{"href":"https:\/\/librairie7l.com\/en\/wp-json\/wp\/v2\/types\/product"}],"wp:featuredmedia":[{"embeddable":true,"href":"https:\/\/librairie7l.com\/en\/wp-json\/wp\/v2\/media\/35065"}],"wp:attachment":[{"href":"https:\/\/librairie7l.com\/en\/wp-json\/wp\/v2\/media?parent=35067"}],"wp:term":[{"taxonomy":"product_cat","embeddable":true,"href":"https:\/\/librairie7l.com\/en\/wp-json\/wp\/v2\/product_cat?post=35067"},{"taxonomy":"product_tag","embeddable":true,"href":"https:\/\/librairie7l.com\/en\/wp-json\/wp\/v2\/product_tag?post=35067"}],"curies":[{"name":"wp","href":"https:\/\/api.w.org\/{rel}","templated":true}]}}