{"id":35089,"date":"2023-10-10T09:19:59","date_gmt":"2023-10-10T07:19:59","guid":{"rendered":"https:\/\/librairie7l.com\/?post_type=product&#038;p=35089"},"modified":"2026-04-23T09:05:59","modified_gmt":"2026-04-23T07:05:59","slug":"ceramiques-architecturales","status":"publish","type":"product","link":"https:\/\/librairie7l.com\/en\/produit\/ceramiques-architecturales\/","title":{"rendered":"C\u00c9RAMIQUES ARCHITECTURALES"},"content":{"rendered":"<p>De l&#8217;exceptionnelle collection Pasquier \u00e0 C\u00e9ra&#8217;brique.<br \/>\nEn 2010, la ville de Romorantin-Lanthenay se portait acqu\u00e9reur d&#8217;un ensemble de c\u00e9ramiques  architecturales, unique en France. Constitu\u00e9 pendant plus de vingt ans par le collectionneur Michel  Pasquier, ce fonds de pr\u00e8s de 7 000 pi\u00e8ces, fran\u00e7aises et \u00e9trang\u00e8res, datant des xixe et xxe si\u00e8cles, venait enrichir les collections du mus\u00e9e de Sologne.<br \/>\nReconnue d&#8217;int\u00e9r\u00eat patrimonial par le minist\u00e8re de la Culture, la collection a re\u00e7u l&#8217;appellation \u00ab Mus\u00e9e  de France \u00bb en 2011, et s&#8217;expose d\u00e9sormais au public \u00e0 la Fabrique Normant depuis 2017.<br \/>\nLa Ville de Romorantin-Lanthenay et l&#8217;Association des Amis du mus\u00e9e de Sologne ont collabor\u00e9  \u00e9troitement \u00e0 l&#8217;installation de l&#8217;exposition confi\u00e9e \u00e0 Julie Brossier, alors responsable scientifique de la  collection municipale, et \u00e0 la r\u00e9alisation de cet ouvrage mettant en valeur ce fonds patrimonial in\u00e9dit.<br \/>\nLa richesse de la collection permet d&#8217;appr\u00e9hender l&#8217;histoire de la c\u00e9ramique architecturale qui refl\u00e8te la  vari\u00e9t\u00e9 du patrimoine et des territoires.<br \/>\nCet ouvrage original raconte cette histoire et met en sc\u00e8ne l&#8217;argile, mat\u00e9riau universel, et ses avatars, du  savoir-faire du tuilier, aux briques qui colorent la France, des toitures aux d\u00e9cors de jardin, des c\u00e9ramiques d&#8217;exception \u00e0 l&#8217;Art nouveau.<br \/>\nSomme des recherches effectu\u00e9es sur chacune des pi\u00e8ces et des articles sign\u00e9s de sp\u00e9cialistes \u00e9minents, il se veut autant ouvrage de r\u00e9f\u00e9rence qu&#8217;un \u00ab beau livre \u00bb richement illustr\u00e9. V\u00e9ritable voyage, il invite \u00e0 renouveler notre regard sur notre environnement, toutes ces fa\u00e7ades, tous ces b\u00e2timents  souvent orn\u00e9s de fleurons, de m\u00e9topes, de frises, de c\u00e9ramiques \u00e9maill\u00e9es&#8230;<\/p>\n","protected":false},"excerpt":{"rendered":"<p>De l&#8217;exceptionnelle collection Pasquier \u00e0 C\u00e9ra&#8217;brique. En 2010, la ville de Romorantin-Lanthenay se portait acqu\u00e9reur d&#8217;un ensemble de c\u00e9ramiques architecturales, unique en France. Constitu\u00e9 pendant plus de vingt ans par le collectionneur Michel Pasquier, ce fonds de pr\u00e8s de 7 000 pi\u00e8ces, fran\u00e7aises et \u00e9trang\u00e8res, datant des xixe et xxe si\u00e8cles, venait enrichir les collections [&hellip;]<\/p>\n","protected":false},"featured_media":35087,"template":"","meta":[],"product_cat":[2948,2952],"product_tag":[],"acf":[],"yoast_head":"<!-- This site is optimized with the Yoast SEO plugin v20.11 - https:\/\/yoast.com\/wordpress\/plugins\/seo\/ -->\n<title>C\u00e9ramiques architecturales - Librairie 7L<\/title>\n<meta name=\"robots\" content=\"index, follow, max-snippet:-1, max-image-preview:large, max-video-preview:-1\" \/>\n<link rel=\"canonical\" href=\"https:\/\/librairie7l.com\/en\/produit\/ceramiques-architecturales\/\" \/>\n<meta property=\"og:locale\" content=\"en_US\" \/>\n<meta property=\"og:type\" content=\"article\" \/>\n<meta property=\"og:title\" content=\"C\u00e9ramiques architecturales - Librairie 7L\" \/>\n<meta property=\"og:description\" content=\"De l&#8217;exceptionnelle collection Pasquier \u00e0 C\u00e9ra&#8217;brique. En 2010, la ville de Romorantin-Lanthenay se portait acqu\u00e9reur d&#8217;un ensemble de c\u00e9ramiques architecturales, unique en France. Constitu\u00e9 pendant plus de vingt ans par le collectionneur Michel Pasquier, ce fonds de pr\u00e8s de 7 000 pi\u00e8ces, fran\u00e7aises et \u00e9trang\u00e8res, datant des xixe et xxe si\u00e8cles, venait enrichir les collections [&hellip;]\" \/>\n<meta property=\"og:url\" content=\"https:\/\/librairie7l.com\/en\/produit\/ceramiques-architecturales\/\" \/>\n<meta property=\"og:site_name\" content=\"Librairie 7L\" \/>\n<meta property=\"article:modified_time\" content=\"2026-04-23T07:05:59+00:00\" \/>\n<meta property=\"og:image\" content=\"https:\/\/librairie7l.com\/wp-content\/uploads\/2021\/12\/9791097407490_1_75.jpg\" \/>\n\t<meta property=\"og:image:width\" content=\"600\" \/>\n\t<meta property=\"og:image:height\" content=\"727\" \/>\n\t<meta property=\"og:image:type\" content=\"image\/jpeg\" \/>\n<meta name=\"twitter:card\" content=\"summary_large_image\" \/>\n<meta name=\"twitter:label1\" content=\"Est. reading time\" \/>\n\t<meta name=\"twitter:data1\" content=\"1 minute\" \/>\n<script type=\"application\/ld+json\" class=\"yoast-schema-graph\">{\"@context\":\"https:\/\/schema.org\",\"@graph\":[{\"@type\":\"WebPage\",\"@id\":\"https:\/\/librairie7l.com\/en\/produit\/ceramiques-architecturales\/\",\"url\":\"https:\/\/librairie7l.com\/en\/produit\/ceramiques-architecturales\/\",\"name\":\"C\u00e9ramiques architecturales - Librairie 7L\",\"isPartOf\":{\"@id\":\"https:\/\/librairie7l.com\/en\/#website\"},\"datePublished\":\"2023-10-10T07:19:59+00:00\",\"dateModified\":\"2026-04-23T07:05:59+00:00\",\"breadcrumb\":{\"@id\":\"https:\/\/librairie7l.com\/en\/produit\/ceramiques-architecturales\/#breadcrumb\"},\"inLanguage\":\"en-US\",\"potentialAction\":[{\"@type\":\"ReadAction\",\"target\":[\"https:\/\/librairie7l.com\/en\/produit\/ceramiques-architecturales\/\"]}]},{\"@type\":\"BreadcrumbList\",\"@id\":\"https:\/\/librairie7l.com\/en\/produit\/ceramiques-architecturales\/#breadcrumb\",\"itemListElement\":[{\"@type\":\"ListItem\",\"position\":1,\"name\":\"Accueil\",\"item\":\"https:\/\/librairie7l.com\/en\/\"},{\"@type\":\"ListItem\",\"position\":2,\"name\":\"Shop\",\"item\":\"https:\/\/librairie7l.com\/en\/shop\/\"},{\"@type\":\"ListItem\",\"position\":3,\"name\":\"C\u00c9RAMIQUES ARCHITECTURALES\"}]},{\"@type\":\"WebSite\",\"@id\":\"https:\/\/librairie7l.com\/en\/#website\",\"url\":\"https:\/\/librairie7l.com\/en\/\",\"name\":\"Librairie 7L\",\"description\":\"Librairie fond\u00e9e en 1999 par Karl Lagerfeld \u00e0 Paris\",\"publisher\":{\"@id\":\"https:\/\/librairie7l.com\/en\/#organization\"},\"potentialAction\":[{\"@type\":\"SearchAction\",\"target\":{\"@type\":\"EntryPoint\",\"urlTemplate\":\"https:\/\/librairie7l.com\/en\/?s={search_term_string}\"},\"query-input\":\"required name=search_term_string\"}],\"inLanguage\":\"en-US\"},{\"@type\":\"Organization\",\"@id\":\"https:\/\/librairie7l.com\/en\/#organization\",\"name\":\"Librairie 7L\",\"url\":\"https:\/\/librairie7l.com\/en\/\",\"logo\":{\"@type\":\"ImageObject\",\"inLanguage\":\"en-US\",\"@id\":\"https:\/\/librairie7l.com\/en\/#\/schema\/logo\/image\/\",\"url\":\"https:\/\/librairie7l.com\/wp-content\/uploads\/2022\/08\/logo-1.png\",\"contentUrl\":\"https:\/\/librairie7l.com\/wp-content\/uploads\/2022\/08\/logo-1.png\",\"width\":227,\"height\":301,\"caption\":\"Librairie 7L\"},\"image\":{\"@id\":\"https:\/\/librairie7l.com\/en\/#\/schema\/logo\/image\/\"}}]}<\/script>\n<!-- \/ Yoast SEO plugin. -->","yoast_head_json":{"title":"C\u00e9ramiques architecturales - Librairie 7L","robots":{"index":"index","follow":"follow","max-snippet":"max-snippet:-1","max-image-preview":"max-image-preview:large","max-video-preview":"max-video-preview:-1"},"canonical":"https:\/\/librairie7l.com\/en\/produit\/ceramiques-architecturales\/","og_locale":"en_US","og_type":"article","og_title":"C\u00e9ramiques architecturales - Librairie 7L","og_description":"De l&#8217;exceptionnelle collection Pasquier \u00e0 C\u00e9ra&#8217;brique. En 2010, la ville de Romorantin-Lanthenay se portait acqu\u00e9reur d&#8217;un ensemble de c\u00e9ramiques architecturales, unique en France. Constitu\u00e9 pendant plus de vingt ans par le collectionneur Michel Pasquier, ce fonds de pr\u00e8s de 7 000 pi\u00e8ces, fran\u00e7aises et \u00e9trang\u00e8res, datant des xixe et xxe si\u00e8cles, venait enrichir les collections [&hellip;]","og_url":"https:\/\/librairie7l.com\/en\/produit\/ceramiques-architecturales\/","og_site_name":"Librairie 7L","article_modified_time":"2026-04-23T07:05:59+00:00","og_image":[{"width":600,"height":727,"url":"https:\/\/librairie7l.com\/wp-content\/uploads\/2021\/12\/9791097407490_1_75.jpg","type":"image\/jpeg"}],"twitter_card":"summary_large_image","twitter_misc":{"Est. reading time":"1 minute"},"schema":{"@context":"https:\/\/schema.org","@graph":[{"@type":"WebPage","@id":"https:\/\/librairie7l.com\/en\/produit\/ceramiques-architecturales\/","url":"https:\/\/librairie7l.com\/en\/produit\/ceramiques-architecturales\/","name":"C\u00e9ramiques architecturales - Librairie 7L","isPartOf":{"@id":"https:\/\/librairie7l.com\/en\/#website"},"datePublished":"2023-10-10T07:19:59+00:00","dateModified":"2026-04-23T07:05:59+00:00","breadcrumb":{"@id":"https:\/\/librairie7l.com\/en\/produit\/ceramiques-architecturales\/#breadcrumb"},"inLanguage":"en-US","potentialAction":[{"@type":"ReadAction","target":["https:\/\/librairie7l.com\/en\/produit\/ceramiques-architecturales\/"]}]},{"@type":"BreadcrumbList","@id":"https:\/\/librairie7l.com\/en\/produit\/ceramiques-architecturales\/#breadcrumb","itemListElement":[{"@type":"ListItem","position":1,"name":"Accueil","item":"https:\/\/librairie7l.com\/en\/"},{"@type":"ListItem","position":2,"name":"Shop","item":"https:\/\/librairie7l.com\/en\/shop\/"},{"@type":"ListItem","position":3,"name":"C\u00c9RAMIQUES ARCHITECTURALES"}]},{"@type":"WebSite","@id":"https:\/\/librairie7l.com\/en\/#website","url":"https:\/\/librairie7l.com\/en\/","name":"Librairie 7L","description":"Librairie fond\u00e9e en 1999 par Karl Lagerfeld \u00e0 Paris","publisher":{"@id":"https:\/\/librairie7l.com\/en\/#organization"},"potentialAction":[{"@type":"SearchAction","target":{"@type":"EntryPoint","urlTemplate":"https:\/\/librairie7l.com\/en\/?s={search_term_string}"},"query-input":"required name=search_term_string"}],"inLanguage":"en-US"},{"@type":"Organization","@id":"https:\/\/librairie7l.com\/en\/#organization","name":"Librairie 7L","url":"https:\/\/librairie7l.com\/en\/","logo":{"@type":"ImageObject","inLanguage":"en-US","@id":"https:\/\/librairie7l.com\/en\/#\/schema\/logo\/image\/","url":"https:\/\/librairie7l.com\/wp-content\/uploads\/2022\/08\/logo-1.png","contentUrl":"https:\/\/librairie7l.com\/wp-content\/uploads\/2022\/08\/logo-1.png","width":227,"height":301,"caption":"Librairie 7L"},"image":{"@id":"https:\/\/librairie7l.com\/en\/#\/schema\/logo\/image\/"}}]}},"_links":{"self":[{"href":"https:\/\/librairie7l.com\/en\/wp-json\/wp\/v2\/product\/35089"}],"collection":[{"href":"https:\/\/librairie7l.com\/en\/wp-json\/wp\/v2\/product"}],"about":[{"href":"https:\/\/librairie7l.com\/en\/wp-json\/wp\/v2\/types\/product"}],"wp:featuredmedia":[{"embeddable":true,"href":"https:\/\/librairie7l.com\/en\/wp-json\/wp\/v2\/media\/35087"}],"wp:attachment":[{"href":"https:\/\/librairie7l.com\/en\/wp-json\/wp\/v2\/media?parent=35089"}],"wp:term":[{"taxonomy":"product_cat","embeddable":true,"href":"https:\/\/librairie7l.com\/en\/wp-json\/wp\/v2\/product_cat?post=35089"},{"taxonomy":"product_tag","embeddable":true,"href":"https:\/\/librairie7l.com\/en\/wp-json\/wp\/v2\/product_tag?post=35089"}],"curies":[{"name":"wp","href":"https:\/\/api.w.org\/{rel}","templated":true}]}}