{"id":35117,"date":"2024-06-25T13:30:16","date_gmt":"2024-06-25T11:30:16","guid":{"rendered":"https:\/\/librairie7l.com\/?post_type=product&#038;p=35117"},"modified":"2026-04-12T07:06:54","modified_gmt":"2026-04-12T05:06:54","slug":"shapes-from-outta-nowhere-towards-abstraction-in-clay-1890-2018","status":"publish","type":"product","link":"https:\/\/librairie7l.com\/en\/produit\/shapes-from-outta-nowhere-towards-abstraction-in-clay-1890-2018\/","title":{"rendered":"SHAPES FROM OUTTA NOWHERE: TOWARDS ABSTRACTION IN CLAY 1890-2018"},"content":{"rendered":"<p>Constituant un panorama complet des c\u00e9ramiques non figuratives du XXIe si\u00e8cle, des premi\u00e8res ann\u00e9es de la r\u00e9volution moderniste \u00e0 l&#8217;apr\u00e8s-guerre jusqu&#8217;\u00e0 aujourd&#8217;hui, Shapes From Outta Nowhere pr\u00e9sente plus de 150 oeuvres du collectionneur bas\u00e9 \u00e0 New York, Robert Ellison. Artistes inclus : Robert Arneson, Rudy Autio, F. Carlton Ball, Lynda Benglis, Kate Blacklock, Nina Borgia-Aberle, Alison Britton, Kathy Butterly, Peter Callas, Syd Carpenter, Christina Carver, Katherine Choy, Dieter Crumbiegel, Elisa D&#8217;Arrigo, Harris Deller, Richard DeVore, Kim Dickey, Gary DiPasquale, Ruth Duckworth, Raymon Elozua, Gary Erickson, Ken Ferguson, Amara Geffen, John Gill, Chris Gustin, Babs Haenen, Ewen Henderson, Wayne Higby, Margaret Israel, Howard Kottler, Anne Marie Laureys, Gareth Mason, John Mason, Leza McVey, Jim Melchert, Ursula Morley Price, Gertrud Natzler, Otto Natzler, Win Ng, William Parry, Ken Price, Aneta Regel, Mary Rogers, Stanley Rosen, Axel Salto, Paul Soldner, Rudofl Staffel, Chris Staley, Susanna Stephenson, Toshiko Takaezu, Kyoto Tonegawa, Robert Turner, Peter Voulkos, Frans Wildenhain, Marguerite Wildenhain, Betty Woodman, William Wyman and Arnold Zimmerman.<\/p>\n","protected":false},"excerpt":{"rendered":"<p>Constituant un panorama complet des c\u00e9ramiques non figuratives du XXIe si\u00e8cle, des premi\u00e8res ann\u00e9es de la r\u00e9volution moderniste \u00e0 l&#8217;apr\u00e8s-guerre jusqu&#8217;\u00e0 aujourd&#8217;hui, Shapes From Outta Nowhere pr\u00e9sente plus de 150 oeuvres du collectionneur bas\u00e9 \u00e0 New York, Robert Ellison. Artistes inclus : Robert Arneson, Rudy Autio, F. Carlton Ball, Lynda Benglis, Kate Blacklock, Nina Borgia-Aberle, [&hellip;]<\/p>\n","protected":false},"featured_media":35115,"template":"","meta":[],"product_cat":[2948,2952],"product_tag":[],"acf":[],"yoast_head":"<!-- This site is optimized with the Yoast SEO plugin v20.11 - https:\/\/yoast.com\/wordpress\/plugins\/seo\/ -->\n<title>Shapes from outta nowhere: towards abstraction in clay 1890-2018 - Librairie 7L<\/title>\n<meta name=\"robots\" content=\"index, follow, max-snippet:-1, max-image-preview:large, max-video-preview:-1\" \/>\n<link rel=\"canonical\" href=\"https:\/\/librairie7l.com\/en\/produit\/shapes-from-outta-nowhere-towards-abstraction-in-clay-1890-2018\/\" \/>\n<meta property=\"og:locale\" content=\"en_US\" \/>\n<meta property=\"og:type\" content=\"article\" \/>\n<meta property=\"og:title\" content=\"Shapes from outta nowhere: towards abstraction in clay 1890-2018 - Librairie 7L\" \/>\n<meta property=\"og:description\" content=\"Constituant un panorama complet des c\u00e9ramiques non figuratives du XXIe si\u00e8cle, des premi\u00e8res ann\u00e9es de la r\u00e9volution moderniste \u00e0 l&#8217;apr\u00e8s-guerre jusqu&#8217;\u00e0 aujourd&#8217;hui, Shapes From Outta Nowhere pr\u00e9sente plus de 150 oeuvres du collectionneur bas\u00e9 \u00e0 New York, Robert Ellison. Artistes inclus : Robert Arneson, Rudy Autio, F. Carlton Ball, Lynda Benglis, Kate Blacklock, Nina Borgia-Aberle, [&hellip;]\" \/>\n<meta property=\"og:url\" content=\"https:\/\/librairie7l.com\/en\/produit\/shapes-from-outta-nowhere-towards-abstraction-in-clay-1890-2018\/\" \/>\n<meta property=\"og:site_name\" content=\"Librairie 7L\" \/>\n<meta property=\"article:modified_time\" content=\"2026-04-12T05:06:54+00:00\" \/>\n<meta property=\"og:image\" content=\"https:\/\/librairie7l.com\/wp-content\/uploads\/2020\/06\/9781947359062_1_75.jpg\" \/>\n\t<meta property=\"og:image:width\" content=\"600\" \/>\n\t<meta property=\"og:image:height\" content=\"720\" \/>\n\t<meta property=\"og:image:type\" content=\"image\/jpeg\" \/>\n<meta name=\"twitter:card\" content=\"summary_large_image\" \/>\n<meta name=\"twitter:label1\" content=\"Est. reading time\" \/>\n\t<meta name=\"twitter:data1\" content=\"1 minute\" \/>\n<script type=\"application\/ld+json\" class=\"yoast-schema-graph\">{\"@context\":\"https:\/\/schema.org\",\"@graph\":[{\"@type\":\"WebPage\",\"@id\":\"https:\/\/librairie7l.com\/en\/produit\/shapes-from-outta-nowhere-towards-abstraction-in-clay-1890-2018\/\",\"url\":\"https:\/\/librairie7l.com\/en\/produit\/shapes-from-outta-nowhere-towards-abstraction-in-clay-1890-2018\/\",\"name\":\"Shapes from outta nowhere: towards abstraction in clay 1890-2018 - Librairie 7L\",\"isPartOf\":{\"@id\":\"https:\/\/librairie7l.com\/en\/#website\"},\"datePublished\":\"2024-06-25T11:30:16+00:00\",\"dateModified\":\"2026-04-12T05:06:54+00:00\",\"breadcrumb\":{\"@id\":\"https:\/\/librairie7l.com\/en\/produit\/shapes-from-outta-nowhere-towards-abstraction-in-clay-1890-2018\/#breadcrumb\"},\"inLanguage\":\"en-US\",\"potentialAction\":[{\"@type\":\"ReadAction\",\"target\":[\"https:\/\/librairie7l.com\/en\/produit\/shapes-from-outta-nowhere-towards-abstraction-in-clay-1890-2018\/\"]}]},{\"@type\":\"BreadcrumbList\",\"@id\":\"https:\/\/librairie7l.com\/en\/produit\/shapes-from-outta-nowhere-towards-abstraction-in-clay-1890-2018\/#breadcrumb\",\"itemListElement\":[{\"@type\":\"ListItem\",\"position\":1,\"name\":\"Accueil\",\"item\":\"https:\/\/librairie7l.com\/en\/\"},{\"@type\":\"ListItem\",\"position\":2,\"name\":\"Shop\",\"item\":\"https:\/\/librairie7l.com\/en\/shop\/\"},{\"@type\":\"ListItem\",\"position\":3,\"name\":\"SHAPES FROM OUTTA NOWHERE: TOWARDS ABSTRACTION IN CLAY 1890-2018\"}]},{\"@type\":\"WebSite\",\"@id\":\"https:\/\/librairie7l.com\/en\/#website\",\"url\":\"https:\/\/librairie7l.com\/en\/\",\"name\":\"Librairie 7L\",\"description\":\"Librairie fond\u00e9e en 1999 par Karl Lagerfeld \u00e0 Paris\",\"publisher\":{\"@id\":\"https:\/\/librairie7l.com\/en\/#organization\"},\"potentialAction\":[{\"@type\":\"SearchAction\",\"target\":{\"@type\":\"EntryPoint\",\"urlTemplate\":\"https:\/\/librairie7l.com\/en\/?s={search_term_string}\"},\"query-input\":\"required name=search_term_string\"}],\"inLanguage\":\"en-US\"},{\"@type\":\"Organization\",\"@id\":\"https:\/\/librairie7l.com\/en\/#organization\",\"name\":\"Librairie 7L\",\"url\":\"https:\/\/librairie7l.com\/en\/\",\"logo\":{\"@type\":\"ImageObject\",\"inLanguage\":\"en-US\",\"@id\":\"https:\/\/librairie7l.com\/en\/#\/schema\/logo\/image\/\",\"url\":\"https:\/\/librairie7l.com\/wp-content\/uploads\/2022\/08\/logo-1.png\",\"contentUrl\":\"https:\/\/librairie7l.com\/wp-content\/uploads\/2022\/08\/logo-1.png\",\"width\":227,\"height\":301,\"caption\":\"Librairie 7L\"},\"image\":{\"@id\":\"https:\/\/librairie7l.com\/en\/#\/schema\/logo\/image\/\"}}]}<\/script>\n<!-- \/ Yoast SEO plugin. -->","yoast_head_json":{"title":"Shapes from outta nowhere: towards abstraction in clay 1890-2018 - Librairie 7L","robots":{"index":"index","follow":"follow","max-snippet":"max-snippet:-1","max-image-preview":"max-image-preview:large","max-video-preview":"max-video-preview:-1"},"canonical":"https:\/\/librairie7l.com\/en\/produit\/shapes-from-outta-nowhere-towards-abstraction-in-clay-1890-2018\/","og_locale":"en_US","og_type":"article","og_title":"Shapes from outta nowhere: towards abstraction in clay 1890-2018 - Librairie 7L","og_description":"Constituant un panorama complet des c\u00e9ramiques non figuratives du XXIe si\u00e8cle, des premi\u00e8res ann\u00e9es de la r\u00e9volution moderniste \u00e0 l&#8217;apr\u00e8s-guerre jusqu&#8217;\u00e0 aujourd&#8217;hui, Shapes From Outta Nowhere pr\u00e9sente plus de 150 oeuvres du collectionneur bas\u00e9 \u00e0 New York, Robert Ellison. Artistes inclus : Robert Arneson, Rudy Autio, F. Carlton Ball, Lynda Benglis, Kate Blacklock, Nina Borgia-Aberle, [&hellip;]","og_url":"https:\/\/librairie7l.com\/en\/produit\/shapes-from-outta-nowhere-towards-abstraction-in-clay-1890-2018\/","og_site_name":"Librairie 7L","article_modified_time":"2026-04-12T05:06:54+00:00","og_image":[{"width":600,"height":720,"url":"https:\/\/librairie7l.com\/wp-content\/uploads\/2020\/06\/9781947359062_1_75.jpg","type":"image\/jpeg"}],"twitter_card":"summary_large_image","twitter_misc":{"Est. reading time":"1 minute"},"schema":{"@context":"https:\/\/schema.org","@graph":[{"@type":"WebPage","@id":"https:\/\/librairie7l.com\/en\/produit\/shapes-from-outta-nowhere-towards-abstraction-in-clay-1890-2018\/","url":"https:\/\/librairie7l.com\/en\/produit\/shapes-from-outta-nowhere-towards-abstraction-in-clay-1890-2018\/","name":"Shapes from outta nowhere: towards abstraction in clay 1890-2018 - Librairie 7L","isPartOf":{"@id":"https:\/\/librairie7l.com\/en\/#website"},"datePublished":"2024-06-25T11:30:16+00:00","dateModified":"2026-04-12T05:06:54+00:00","breadcrumb":{"@id":"https:\/\/librairie7l.com\/en\/produit\/shapes-from-outta-nowhere-towards-abstraction-in-clay-1890-2018\/#breadcrumb"},"inLanguage":"en-US","potentialAction":[{"@type":"ReadAction","target":["https:\/\/librairie7l.com\/en\/produit\/shapes-from-outta-nowhere-towards-abstraction-in-clay-1890-2018\/"]}]},{"@type":"BreadcrumbList","@id":"https:\/\/librairie7l.com\/en\/produit\/shapes-from-outta-nowhere-towards-abstraction-in-clay-1890-2018\/#breadcrumb","itemListElement":[{"@type":"ListItem","position":1,"name":"Accueil","item":"https:\/\/librairie7l.com\/en\/"},{"@type":"ListItem","position":2,"name":"Shop","item":"https:\/\/librairie7l.com\/en\/shop\/"},{"@type":"ListItem","position":3,"name":"SHAPES FROM OUTTA NOWHERE: TOWARDS ABSTRACTION IN CLAY 1890-2018"}]},{"@type":"WebSite","@id":"https:\/\/librairie7l.com\/en\/#website","url":"https:\/\/librairie7l.com\/en\/","name":"Librairie 7L","description":"Librairie fond\u00e9e en 1999 par Karl Lagerfeld \u00e0 Paris","publisher":{"@id":"https:\/\/librairie7l.com\/en\/#organization"},"potentialAction":[{"@type":"SearchAction","target":{"@type":"EntryPoint","urlTemplate":"https:\/\/librairie7l.com\/en\/?s={search_term_string}"},"query-input":"required name=search_term_string"}],"inLanguage":"en-US"},{"@type":"Organization","@id":"https:\/\/librairie7l.com\/en\/#organization","name":"Librairie 7L","url":"https:\/\/librairie7l.com\/en\/","logo":{"@type":"ImageObject","inLanguage":"en-US","@id":"https:\/\/librairie7l.com\/en\/#\/schema\/logo\/image\/","url":"https:\/\/librairie7l.com\/wp-content\/uploads\/2022\/08\/logo-1.png","contentUrl":"https:\/\/librairie7l.com\/wp-content\/uploads\/2022\/08\/logo-1.png","width":227,"height":301,"caption":"Librairie 7L"},"image":{"@id":"https:\/\/librairie7l.com\/en\/#\/schema\/logo\/image\/"}}]}},"_links":{"self":[{"href":"https:\/\/librairie7l.com\/en\/wp-json\/wp\/v2\/product\/35117"}],"collection":[{"href":"https:\/\/librairie7l.com\/en\/wp-json\/wp\/v2\/product"}],"about":[{"href":"https:\/\/librairie7l.com\/en\/wp-json\/wp\/v2\/types\/product"}],"wp:featuredmedia":[{"embeddable":true,"href":"https:\/\/librairie7l.com\/en\/wp-json\/wp\/v2\/media\/35115"}],"wp:attachment":[{"href":"https:\/\/librairie7l.com\/en\/wp-json\/wp\/v2\/media?parent=35117"}],"wp:term":[{"taxonomy":"product_cat","embeddable":true,"href":"https:\/\/librairie7l.com\/en\/wp-json\/wp\/v2\/product_cat?post=35117"},{"taxonomy":"product_tag","embeddable":true,"href":"https:\/\/librairie7l.com\/en\/wp-json\/wp\/v2\/product_tag?post=35117"}],"curies":[{"name":"wp","href":"https:\/\/api.w.org\/{rel}","templated":true}]}}