{"id":35133,"date":"2024-06-25T13:29:25","date_gmt":"2024-06-25T11:29:25","guid":{"rendered":"https:\/\/librairie7l.com\/?post_type=product&#038;p=35133"},"modified":"2026-04-22T11:06:09","modified_gmt":"2026-04-22T09:06:09","slug":"masao-yamamoto-small-things-in-silence-2nd-edition-anglais-japonais","status":"publish","type":"product","link":"https:\/\/librairie7l.com\/en\/produit\/masao-yamamoto-small-things-in-silence-2nd-edition-anglais-japonais\/","title":{"rendered":"MASAO YAMAMOTO SMALL THINGS IN SILENCE (2ND EDITION) \/ANGLAIS\/JAPONAIS"},"content":{"rendered":"<p>Aux antipodes d&#8217;une photographie frontale aux grands formats qui s&#8217;imposent au spectateur, Masao Yamamoto d\u00e9veloppe depuis vingt ans une oeuvre discr\u00e8te qu&#8217;il faut approcher pour en saisir la finesse et la subtilit\u00e9. Ses images sont comme des fragments de vie \u00e0 jamais ind\u00e9chiffrables, \u00e9clairs de gr\u00e2ce comparables \u00e0 des ha\u00efkus. Ses tirages, de petits formats qu&#8217;il r\u00e9alise lui-m\u00eame avant de les patiner et de les user, ont fait l&#8217;objet de nombreuses expositions.<\/p>\n","protected":false},"excerpt":{"rendered":"<p>Aux antipodes d&#8217;une photographie frontale aux grands formats qui s&#8217;imposent au spectateur, Masao Yamamoto d\u00e9veloppe depuis vingt ans une oeuvre discr\u00e8te qu&#8217;il faut approcher pour en saisir la finesse et la subtilit\u00e9. Ses images sont comme des fragments de vie \u00e0 jamais ind\u00e9chiffrables, \u00e9clairs de gr\u00e2ce comparables \u00e0 des ha\u00efkus. Ses tirages, de petits formats [&hellip;]<\/p>\n","protected":false},"featured_media":35131,"template":"","meta":[],"product_cat":[2948,2958],"product_tag":[],"acf":[],"yoast_head":"<!-- This site is optimized with the Yoast SEO plugin v20.11 - https:\/\/yoast.com\/wordpress\/plugins\/seo\/ -->\n<title>Masao yamamoto small things in silence (2nd edition) \/anglais\/japonais - Librairie 7L<\/title>\n<meta name=\"robots\" content=\"index, follow, max-snippet:-1, max-image-preview:large, max-video-preview:-1\" \/>\n<link rel=\"canonical\" href=\"https:\/\/librairie7l.com\/en\/produit\/masao-yamamoto-small-things-in-silence-2nd-edition-anglais-japonais\/\" \/>\n<meta property=\"og:locale\" content=\"en_US\" \/>\n<meta property=\"og:type\" content=\"article\" \/>\n<meta property=\"og:title\" content=\"Masao yamamoto small things in silence (2nd edition) \/anglais\/japonais - Librairie 7L\" \/>\n<meta property=\"og:description\" content=\"Aux antipodes d&#8217;une photographie frontale aux grands formats qui s&#8217;imposent au spectateur, Masao Yamamoto d\u00e9veloppe depuis vingt ans une oeuvre discr\u00e8te qu&#8217;il faut approcher pour en saisir la finesse et la subtilit\u00e9. Ses images sont comme des fragments de vie \u00e0 jamais ind\u00e9chiffrables, \u00e9clairs de gr\u00e2ce comparables \u00e0 des ha\u00efkus. Ses tirages, de petits formats [&hellip;]\" \/>\n<meta property=\"og:url\" content=\"https:\/\/librairie7l.com\/en\/produit\/masao-yamamoto-small-things-in-silence-2nd-edition-anglais-japonais\/\" \/>\n<meta property=\"og:site_name\" content=\"Librairie 7L\" \/>\n<meta property=\"article:modified_time\" content=\"2026-04-22T09:06:09+00:00\" \/>\n<meta property=\"og:image\" content=\"https:\/\/librairie7l.com\/wp-content\/uploads\/2019\/12\/9788417975012_1_75.jpg\" \/>\n\t<meta property=\"og:image:width\" content=\"364\" \/>\n\t<meta property=\"og:image:height\" content=\"500\" \/>\n\t<meta property=\"og:image:type\" content=\"image\/jpeg\" \/>\n<meta name=\"twitter:card\" content=\"summary_large_image\" \/>\n<script type=\"application\/ld+json\" class=\"yoast-schema-graph\">{\"@context\":\"https:\/\/schema.org\",\"@graph\":[{\"@type\":\"WebPage\",\"@id\":\"https:\/\/librairie7l.com\/en\/produit\/masao-yamamoto-small-things-in-silence-2nd-edition-anglais-japonais\/\",\"url\":\"https:\/\/librairie7l.com\/en\/produit\/masao-yamamoto-small-things-in-silence-2nd-edition-anglais-japonais\/\",\"name\":\"Masao yamamoto small things in silence (2nd edition) \/anglais\/japonais - Librairie 7L\",\"isPartOf\":{\"@id\":\"https:\/\/librairie7l.com\/en\/#website\"},\"datePublished\":\"2024-06-25T11:29:25+00:00\",\"dateModified\":\"2026-04-22T09:06:09+00:00\",\"breadcrumb\":{\"@id\":\"https:\/\/librairie7l.com\/en\/produit\/masao-yamamoto-small-things-in-silence-2nd-edition-anglais-japonais\/#breadcrumb\"},\"inLanguage\":\"en-US\",\"potentialAction\":[{\"@type\":\"ReadAction\",\"target\":[\"https:\/\/librairie7l.com\/en\/produit\/masao-yamamoto-small-things-in-silence-2nd-edition-anglais-japonais\/\"]}]},{\"@type\":\"BreadcrumbList\",\"@id\":\"https:\/\/librairie7l.com\/en\/produit\/masao-yamamoto-small-things-in-silence-2nd-edition-anglais-japonais\/#breadcrumb\",\"itemListElement\":[{\"@type\":\"ListItem\",\"position\":1,\"name\":\"Accueil\",\"item\":\"https:\/\/librairie7l.com\/en\/\"},{\"@type\":\"ListItem\",\"position\":2,\"name\":\"Shop\",\"item\":\"https:\/\/librairie7l.com\/en\/shop\/\"},{\"@type\":\"ListItem\",\"position\":3,\"name\":\"MASAO YAMAMOTO SMALL THINGS IN SILENCE (2ND EDITION) \/ANGLAIS\/JAPONAIS\"}]},{\"@type\":\"WebSite\",\"@id\":\"https:\/\/librairie7l.com\/en\/#website\",\"url\":\"https:\/\/librairie7l.com\/en\/\",\"name\":\"Librairie 7L\",\"description\":\"Librairie fond\u00e9e en 1999 par Karl Lagerfeld \u00e0 Paris\",\"publisher\":{\"@id\":\"https:\/\/librairie7l.com\/en\/#organization\"},\"potentialAction\":[{\"@type\":\"SearchAction\",\"target\":{\"@type\":\"EntryPoint\",\"urlTemplate\":\"https:\/\/librairie7l.com\/en\/?s={search_term_string}\"},\"query-input\":\"required name=search_term_string\"}],\"inLanguage\":\"en-US\"},{\"@type\":\"Organization\",\"@id\":\"https:\/\/librairie7l.com\/en\/#organization\",\"name\":\"Librairie 7L\",\"url\":\"https:\/\/librairie7l.com\/en\/\",\"logo\":{\"@type\":\"ImageObject\",\"inLanguage\":\"en-US\",\"@id\":\"https:\/\/librairie7l.com\/en\/#\/schema\/logo\/image\/\",\"url\":\"https:\/\/librairie7l.com\/wp-content\/uploads\/2022\/08\/logo-1.png\",\"contentUrl\":\"https:\/\/librairie7l.com\/wp-content\/uploads\/2022\/08\/logo-1.png\",\"width\":227,\"height\":301,\"caption\":\"Librairie 7L\"},\"image\":{\"@id\":\"https:\/\/librairie7l.com\/en\/#\/schema\/logo\/image\/\"}}]}<\/script>\n<!-- \/ Yoast SEO plugin. -->","yoast_head_json":{"title":"Masao yamamoto small things in silence (2nd edition) \/anglais\/japonais - Librairie 7L","robots":{"index":"index","follow":"follow","max-snippet":"max-snippet:-1","max-image-preview":"max-image-preview:large","max-video-preview":"max-video-preview:-1"},"canonical":"https:\/\/librairie7l.com\/en\/produit\/masao-yamamoto-small-things-in-silence-2nd-edition-anglais-japonais\/","og_locale":"en_US","og_type":"article","og_title":"Masao yamamoto small things in silence (2nd edition) \/anglais\/japonais - Librairie 7L","og_description":"Aux antipodes d&#8217;une photographie frontale aux grands formats qui s&#8217;imposent au spectateur, Masao Yamamoto d\u00e9veloppe depuis vingt ans une oeuvre discr\u00e8te qu&#8217;il faut approcher pour en saisir la finesse et la subtilit\u00e9. Ses images sont comme des fragments de vie \u00e0 jamais ind\u00e9chiffrables, \u00e9clairs de gr\u00e2ce comparables \u00e0 des ha\u00efkus. Ses tirages, de petits formats [&hellip;]","og_url":"https:\/\/librairie7l.com\/en\/produit\/masao-yamamoto-small-things-in-silence-2nd-edition-anglais-japonais\/","og_site_name":"Librairie 7L","article_modified_time":"2026-04-22T09:06:09+00:00","og_image":[{"width":364,"height":500,"url":"https:\/\/librairie7l.com\/wp-content\/uploads\/2019\/12\/9788417975012_1_75.jpg","type":"image\/jpeg"}],"twitter_card":"summary_large_image","schema":{"@context":"https:\/\/schema.org","@graph":[{"@type":"WebPage","@id":"https:\/\/librairie7l.com\/en\/produit\/masao-yamamoto-small-things-in-silence-2nd-edition-anglais-japonais\/","url":"https:\/\/librairie7l.com\/en\/produit\/masao-yamamoto-small-things-in-silence-2nd-edition-anglais-japonais\/","name":"Masao yamamoto small things in silence (2nd edition) \/anglais\/japonais - Librairie 7L","isPartOf":{"@id":"https:\/\/librairie7l.com\/en\/#website"},"datePublished":"2024-06-25T11:29:25+00:00","dateModified":"2026-04-22T09:06:09+00:00","breadcrumb":{"@id":"https:\/\/librairie7l.com\/en\/produit\/masao-yamamoto-small-things-in-silence-2nd-edition-anglais-japonais\/#breadcrumb"},"inLanguage":"en-US","potentialAction":[{"@type":"ReadAction","target":["https:\/\/librairie7l.com\/en\/produit\/masao-yamamoto-small-things-in-silence-2nd-edition-anglais-japonais\/"]}]},{"@type":"BreadcrumbList","@id":"https:\/\/librairie7l.com\/en\/produit\/masao-yamamoto-small-things-in-silence-2nd-edition-anglais-japonais\/#breadcrumb","itemListElement":[{"@type":"ListItem","position":1,"name":"Accueil","item":"https:\/\/librairie7l.com\/en\/"},{"@type":"ListItem","position":2,"name":"Shop","item":"https:\/\/librairie7l.com\/en\/shop\/"},{"@type":"ListItem","position":3,"name":"MASAO YAMAMOTO SMALL THINGS IN SILENCE (2ND EDITION) \/ANGLAIS\/JAPONAIS"}]},{"@type":"WebSite","@id":"https:\/\/librairie7l.com\/en\/#website","url":"https:\/\/librairie7l.com\/en\/","name":"Librairie 7L","description":"Librairie fond\u00e9e en 1999 par Karl Lagerfeld \u00e0 Paris","publisher":{"@id":"https:\/\/librairie7l.com\/en\/#organization"},"potentialAction":[{"@type":"SearchAction","target":{"@type":"EntryPoint","urlTemplate":"https:\/\/librairie7l.com\/en\/?s={search_term_string}"},"query-input":"required name=search_term_string"}],"inLanguage":"en-US"},{"@type":"Organization","@id":"https:\/\/librairie7l.com\/en\/#organization","name":"Librairie 7L","url":"https:\/\/librairie7l.com\/en\/","logo":{"@type":"ImageObject","inLanguage":"en-US","@id":"https:\/\/librairie7l.com\/en\/#\/schema\/logo\/image\/","url":"https:\/\/librairie7l.com\/wp-content\/uploads\/2022\/08\/logo-1.png","contentUrl":"https:\/\/librairie7l.com\/wp-content\/uploads\/2022\/08\/logo-1.png","width":227,"height":301,"caption":"Librairie 7L"},"image":{"@id":"https:\/\/librairie7l.com\/en\/#\/schema\/logo\/image\/"}}]}},"_links":{"self":[{"href":"https:\/\/librairie7l.com\/en\/wp-json\/wp\/v2\/product\/35133"}],"collection":[{"href":"https:\/\/librairie7l.com\/en\/wp-json\/wp\/v2\/product"}],"about":[{"href":"https:\/\/librairie7l.com\/en\/wp-json\/wp\/v2\/types\/product"}],"wp:featuredmedia":[{"embeddable":true,"href":"https:\/\/librairie7l.com\/en\/wp-json\/wp\/v2\/media\/35131"}],"wp:attachment":[{"href":"https:\/\/librairie7l.com\/en\/wp-json\/wp\/v2\/media?parent=35133"}],"wp:term":[{"taxonomy":"product_cat","embeddable":true,"href":"https:\/\/librairie7l.com\/en\/wp-json\/wp\/v2\/product_cat?post=35133"},{"taxonomy":"product_tag","embeddable":true,"href":"https:\/\/librairie7l.com\/en\/wp-json\/wp\/v2\/product_tag?post=35133"}],"curies":[{"name":"wp","href":"https:\/\/api.w.org\/{rel}","templated":true}]}}