{"id":35197,"date":"2023-10-10T09:19:22","date_gmt":"2023-10-10T07:19:22","guid":{"rendered":"https:\/\/librairie7l.com\/?post_type=product&#038;p=35197"},"modified":"2026-04-27T09:06:46","modified_gmt":"2026-04-27T07:06:46","slug":"lhotel-de-la-marine","status":"publish","type":"product","link":"https:\/\/librairie7l.com\/en\/produit\/lhotel-de-la-marine\/","title":{"rendered":"L&#8217;H\u00d4TEL DE LA MARINE"},"content":{"rendered":"<p>C&#8217;est l&#8217;\u00e9v\u00e8nement culturel majeur de 2021 : apr\u00e8s le temps long de sa r\u00e9novation, l&#8217;H\u00f4tel de la Marine ouvre ses portes au public. Ce monument exceptionnel, rendu aux Parisiens est l&#8217;un des sites touristiques majeurs de la capitale, place de la Concorde. Cet album abondamment illustr\u00e9, permet de d\u00e9couvrir l&#8217;ampleur des travaux r\u00e9alis\u00e9s dans l&#8217;ancien Garde-Meuble de la Couronne par le Centre des monuments nationaux, ayant permis de restaurer un cadre somptueux et majeur dans l&#8217;organisation de la vie politique fran\u00e7aise : on pourra notamment y d\u00e9couvrir la spectaculaire verri\u00e8re de l&#8217;architecte Hugh Dutton au-dessus de la cour de l&#8217;Intendant, la red\u00e9couverte de d\u00e9cors du XVIIIe si\u00e8cle, la restauration m\u00e9ticuleuse des mod\u00e9natures de Gabriel, la cr\u00e9ation d&#8217;un parcours de visite et d&#8217;un remeublement r\u00e9alis\u00e9 notamment gr\u00e2ce au Mobilier national. L&#8217;h\u00f4tel de la Marine accueille \u00e9galement la Fondation pour la m\u00e9moire de l&#8217;esclavage, ainsi que les chefs d&#8217;oeuvres de la collection Al Thani qui seront r\u00e9v\u00e9l\u00e9s au public.<br \/>\nUne place. Un architecte. Un roi. La rencontre des trois permit \u00e0 l&#8217;\u00e9difice de voir le jour : Louis XV fit le choix d&#8217;une place royale, confi\u00e9e \u00e0 Jacques-Ange Gabriel, premier architecte du Roi. Apr\u00e8s avoir accueilli le Garde-Meuble de la Couronne, il abrita le secr\u00e9tariat d&#8217;\u00c9tat \u00e0 la marine apr\u00e8s la R\u00e9volution pour devenir l&#8217;H\u00f4tel de la Marine. D\u00e9saffect\u00e9 en 2005, il vit sa destin\u00e9e confi\u00e9e au CMN.<br \/>\nAlexandre Gady, \u00e9minent sp\u00e9cialiste de l&#8217;architecture, propose de faire d\u00e9couvrir un monument remarquable de l&#8217;histoire de France.<\/p>\n","protected":false},"excerpt":{"rendered":"<p>C&#8217;est l&#8217;\u00e9v\u00e8nement culturel majeur de 2021 : apr\u00e8s le temps long de sa r\u00e9novation, l&#8217;H\u00f4tel de la Marine ouvre ses portes au public. Ce monument exceptionnel, rendu aux Parisiens est l&#8217;un des sites touristiques majeurs de la capitale, place de la Concorde. Cet album abondamment illustr\u00e9, permet de d\u00e9couvrir l&#8217;ampleur des travaux r\u00e9alis\u00e9s dans l&#8217;ancien [&hellip;]<\/p>\n","protected":false},"featured_media":35195,"template":"","meta":[],"product_cat":[2948,2950],"product_tag":[],"acf":[],"yoast_head":"<!-- This site is optimized with the Yoast SEO plugin v20.11 - https:\/\/yoast.com\/wordpress\/plugins\/seo\/ -->\n<title>L&#039;H\u00f4tel de la marine - Librairie 7L<\/title>\n<meta name=\"robots\" content=\"index, follow, max-snippet:-1, max-image-preview:large, max-video-preview:-1\" \/>\n<link rel=\"canonical\" href=\"https:\/\/librairie7l.com\/en\/produit\/lhotel-de-la-marine\/\" \/>\n<meta property=\"og:locale\" content=\"en_US\" \/>\n<meta property=\"og:type\" content=\"article\" \/>\n<meta property=\"og:title\" content=\"L&#039;H\u00f4tel de la marine - Librairie 7L\" \/>\n<meta property=\"og:description\" content=\"C&#8217;est l&#8217;\u00e9v\u00e8nement culturel majeur de 2021 : apr\u00e8s le temps long de sa r\u00e9novation, l&#8217;H\u00f4tel de la Marine ouvre ses portes au public. Ce monument exceptionnel, rendu aux Parisiens est l&#8217;un des sites touristiques majeurs de la capitale, place de la Concorde. Cet album abondamment illustr\u00e9, permet de d\u00e9couvrir l&#8217;ampleur des travaux r\u00e9alis\u00e9s dans l&#8217;ancien [&hellip;]\" \/>\n<meta property=\"og:url\" content=\"https:\/\/librairie7l.com\/en\/produit\/lhotel-de-la-marine\/\" \/>\n<meta property=\"og:site_name\" content=\"Librairie 7L\" \/>\n<meta property=\"article:modified_time\" content=\"2026-04-27T07:06:46+00:00\" \/>\n<meta property=\"og:image\" content=\"https:\/\/librairie7l.com\/wp-content\/uploads\/2020\/02\/9782757707180_1_75.jpg\" \/>\n\t<meta property=\"og:image:width\" content=\"600\" \/>\n\t<meta property=\"og:image:height\" content=\"641\" \/>\n\t<meta property=\"og:image:type\" content=\"image\/jpeg\" \/>\n<meta name=\"twitter:card\" content=\"summary_large_image\" \/>\n<meta name=\"twitter:label1\" content=\"Est. reading time\" \/>\n\t<meta name=\"twitter:data1\" content=\"1 minute\" \/>\n<script type=\"application\/ld+json\" class=\"yoast-schema-graph\">{\"@context\":\"https:\/\/schema.org\",\"@graph\":[{\"@type\":\"WebPage\",\"@id\":\"https:\/\/librairie7l.com\/en\/produit\/lhotel-de-la-marine\/\",\"url\":\"https:\/\/librairie7l.com\/en\/produit\/lhotel-de-la-marine\/\",\"name\":\"L'H\u00f4tel de la marine - Librairie 7L\",\"isPartOf\":{\"@id\":\"https:\/\/librairie7l.com\/en\/#website\"},\"datePublished\":\"2023-10-10T07:19:22+00:00\",\"dateModified\":\"2026-04-27T07:06:46+00:00\",\"breadcrumb\":{\"@id\":\"https:\/\/librairie7l.com\/en\/produit\/lhotel-de-la-marine\/#breadcrumb\"},\"inLanguage\":\"en-US\",\"potentialAction\":[{\"@type\":\"ReadAction\",\"target\":[\"https:\/\/librairie7l.com\/en\/produit\/lhotel-de-la-marine\/\"]}]},{\"@type\":\"BreadcrumbList\",\"@id\":\"https:\/\/librairie7l.com\/en\/produit\/lhotel-de-la-marine\/#breadcrumb\",\"itemListElement\":[{\"@type\":\"ListItem\",\"position\":1,\"name\":\"Accueil\",\"item\":\"https:\/\/librairie7l.com\/en\/\"},{\"@type\":\"ListItem\",\"position\":2,\"name\":\"Shop\",\"item\":\"https:\/\/librairie7l.com\/en\/shop\/\"},{\"@type\":\"ListItem\",\"position\":3,\"name\":\"L&#8217;H\u00d4TEL DE LA MARINE\"}]},{\"@type\":\"WebSite\",\"@id\":\"https:\/\/librairie7l.com\/en\/#website\",\"url\":\"https:\/\/librairie7l.com\/en\/\",\"name\":\"Librairie 7L\",\"description\":\"Librairie fond\u00e9e en 1999 par Karl Lagerfeld \u00e0 Paris\",\"publisher\":{\"@id\":\"https:\/\/librairie7l.com\/en\/#organization\"},\"potentialAction\":[{\"@type\":\"SearchAction\",\"target\":{\"@type\":\"EntryPoint\",\"urlTemplate\":\"https:\/\/librairie7l.com\/en\/?s={search_term_string}\"},\"query-input\":\"required name=search_term_string\"}],\"inLanguage\":\"en-US\"},{\"@type\":\"Organization\",\"@id\":\"https:\/\/librairie7l.com\/en\/#organization\",\"name\":\"Librairie 7L\",\"url\":\"https:\/\/librairie7l.com\/en\/\",\"logo\":{\"@type\":\"ImageObject\",\"inLanguage\":\"en-US\",\"@id\":\"https:\/\/librairie7l.com\/en\/#\/schema\/logo\/image\/\",\"url\":\"https:\/\/librairie7l.com\/wp-content\/uploads\/2022\/08\/logo-1.png\",\"contentUrl\":\"https:\/\/librairie7l.com\/wp-content\/uploads\/2022\/08\/logo-1.png\",\"width\":227,\"height\":301,\"caption\":\"Librairie 7L\"},\"image\":{\"@id\":\"https:\/\/librairie7l.com\/en\/#\/schema\/logo\/image\/\"}}]}<\/script>\n<!-- \/ Yoast SEO plugin. -->","yoast_head_json":{"title":"L'H\u00f4tel de la marine - Librairie 7L","robots":{"index":"index","follow":"follow","max-snippet":"max-snippet:-1","max-image-preview":"max-image-preview:large","max-video-preview":"max-video-preview:-1"},"canonical":"https:\/\/librairie7l.com\/en\/produit\/lhotel-de-la-marine\/","og_locale":"en_US","og_type":"article","og_title":"L'H\u00f4tel de la marine - Librairie 7L","og_description":"C&#8217;est l&#8217;\u00e9v\u00e8nement culturel majeur de 2021 : apr\u00e8s le temps long de sa r\u00e9novation, l&#8217;H\u00f4tel de la Marine ouvre ses portes au public. Ce monument exceptionnel, rendu aux Parisiens est l&#8217;un des sites touristiques majeurs de la capitale, place de la Concorde. Cet album abondamment illustr\u00e9, permet de d\u00e9couvrir l&#8217;ampleur des travaux r\u00e9alis\u00e9s dans l&#8217;ancien [&hellip;]","og_url":"https:\/\/librairie7l.com\/en\/produit\/lhotel-de-la-marine\/","og_site_name":"Librairie 7L","article_modified_time":"2026-04-27T07:06:46+00:00","og_image":[{"width":600,"height":641,"url":"https:\/\/librairie7l.com\/wp-content\/uploads\/2020\/02\/9782757707180_1_75.jpg","type":"image\/jpeg"}],"twitter_card":"summary_large_image","twitter_misc":{"Est. reading time":"1 minute"},"schema":{"@context":"https:\/\/schema.org","@graph":[{"@type":"WebPage","@id":"https:\/\/librairie7l.com\/en\/produit\/lhotel-de-la-marine\/","url":"https:\/\/librairie7l.com\/en\/produit\/lhotel-de-la-marine\/","name":"L'H\u00f4tel de la marine - Librairie 7L","isPartOf":{"@id":"https:\/\/librairie7l.com\/en\/#website"},"datePublished":"2023-10-10T07:19:22+00:00","dateModified":"2026-04-27T07:06:46+00:00","breadcrumb":{"@id":"https:\/\/librairie7l.com\/en\/produit\/lhotel-de-la-marine\/#breadcrumb"},"inLanguage":"en-US","potentialAction":[{"@type":"ReadAction","target":["https:\/\/librairie7l.com\/en\/produit\/lhotel-de-la-marine\/"]}]},{"@type":"BreadcrumbList","@id":"https:\/\/librairie7l.com\/en\/produit\/lhotel-de-la-marine\/#breadcrumb","itemListElement":[{"@type":"ListItem","position":1,"name":"Accueil","item":"https:\/\/librairie7l.com\/en\/"},{"@type":"ListItem","position":2,"name":"Shop","item":"https:\/\/librairie7l.com\/en\/shop\/"},{"@type":"ListItem","position":3,"name":"L&#8217;H\u00d4TEL DE LA MARINE"}]},{"@type":"WebSite","@id":"https:\/\/librairie7l.com\/en\/#website","url":"https:\/\/librairie7l.com\/en\/","name":"Librairie 7L","description":"Librairie fond\u00e9e en 1999 par Karl Lagerfeld \u00e0 Paris","publisher":{"@id":"https:\/\/librairie7l.com\/en\/#organization"},"potentialAction":[{"@type":"SearchAction","target":{"@type":"EntryPoint","urlTemplate":"https:\/\/librairie7l.com\/en\/?s={search_term_string}"},"query-input":"required name=search_term_string"}],"inLanguage":"en-US"},{"@type":"Organization","@id":"https:\/\/librairie7l.com\/en\/#organization","name":"Librairie 7L","url":"https:\/\/librairie7l.com\/en\/","logo":{"@type":"ImageObject","inLanguage":"en-US","@id":"https:\/\/librairie7l.com\/en\/#\/schema\/logo\/image\/","url":"https:\/\/librairie7l.com\/wp-content\/uploads\/2022\/08\/logo-1.png","contentUrl":"https:\/\/librairie7l.com\/wp-content\/uploads\/2022\/08\/logo-1.png","width":227,"height":301,"caption":"Librairie 7L"},"image":{"@id":"https:\/\/librairie7l.com\/en\/#\/schema\/logo\/image\/"}}]}},"_links":{"self":[{"href":"https:\/\/librairie7l.com\/en\/wp-json\/wp\/v2\/product\/35197"}],"collection":[{"href":"https:\/\/librairie7l.com\/en\/wp-json\/wp\/v2\/product"}],"about":[{"href":"https:\/\/librairie7l.com\/en\/wp-json\/wp\/v2\/types\/product"}],"wp:featuredmedia":[{"embeddable":true,"href":"https:\/\/librairie7l.com\/en\/wp-json\/wp\/v2\/media\/35195"}],"wp:attachment":[{"href":"https:\/\/librairie7l.com\/en\/wp-json\/wp\/v2\/media?parent=35197"}],"wp:term":[{"taxonomy":"product_cat","embeddable":true,"href":"https:\/\/librairie7l.com\/en\/wp-json\/wp\/v2\/product_cat?post=35197"},{"taxonomy":"product_tag","embeddable":true,"href":"https:\/\/librairie7l.com\/en\/wp-json\/wp\/v2\/product_tag?post=35197"}],"curies":[{"name":"wp","href":"https:\/\/api.w.org\/{rel}","templated":true}]}}