{"id":35251,"date":"2024-06-25T21:23:10","date_gmt":"2024-06-25T19:23:10","guid":{"rendered":"https:\/\/librairie7l.com\/?post_type=product&#038;p=35251"},"modified":"2026-04-26T15:06:36","modified_gmt":"2026-04-26T13:06:36","slug":"robert-piguet-un-prince-de-la-mode","status":"publish","type":"product","link":"https:\/\/librairie7l.com\/en\/produit\/robert-piguet-un-prince-de-la-mode\/","title":{"rendered":"ROBERT PIGUET, UN PRINCE DE LA MODE"},"content":{"rendered":"<p>Ce livre est la premi\u00e8re biographie consacr\u00e9e au grand couturier Robert Piguet. Elle a \u00e9t\u00e9 r\u00e9alis\u00e9e sur la base de documents obtenus dans les centres de documentation sur la mode ou confi\u00e9s par des particuliers. Une iconographie abondante, souvent souvent originale, compl\u00e8te utilement et agr\u00e9ablement cet ouvrage. Robert Piguet est n\u00e9 le 6 mai 1898. Apr\u00e8s avoir habill\u00e9 les poup\u00e9es de ses amies et de ses cousines, il habille enfin sa m\u00e8re puis part pour Paris. En 1919, il ouvre ses  Salons d&#8217;art moderne , 43, avenue Montaigne. En 1933 s&#8217;ouvre la maison  Robert Piguet Couture . <\/p>\n<p>Piguet s&#8217;y constitue peu \u00e0 peu une belle client\u00e8le. Toutes les \u00e9l\u00e9gantes de Paris se pressent \u00e0 ses portes, comme aussi des actrices, mais \u00e9galement la solide bourgeoisie parisienne et de province qui appr\u00e9cie le c\u00f4t\u00e9 discret de ses cr\u00e9ations. Christian Dior confirme que sa maison est une excellente \u00e9cole.  Piguet savait qu&#8217;il n&#8217;y a d&#8217;\u00e9l\u00e9gance que dans la simplicit\u00e9 et me l&#8217;apprenait. Je lui dois beaucoup.  Le couturier est assist\u00e9 de mod\u00e9listes de talents : Hubert de Givenchy \u00e0 ses d\u00e9buts, Pierre Balmain, Marc Bohan ou encore l&#8217;Am\u00e9ricain Galanos. En juillet 1951, atteint dans sa sant\u00e9, Robert Piguet ferme sa maison. Il feindra d&#8217;esp\u00e9rer un nouveau d\u00e9part, mais une op\u00e9ration lui est fatale et il d\u00e9c\u00e8de \u00e0 l&#8217;aube du 21 f\u00e9vrier 1953. <\/p>\n<p>Journaliste, Jean Pierre Pastori est aussi l&#8217;auteur d&#8217;une vingtaine d&#8217;ouvrages sur les arts du spectacle, la danse tout particuli\u00e8rement. Il a publi\u00e9 une histoire de la danse, des livres d&#8217;entretiens avec Maurice B\u00e9jart et Roland Petit. C&#8217;est \u00e0 Serge Lifar, qu&#8217;il a consacr\u00e9 sa derni\u00e8re biographie ( Lifar &#8211; la beaut\u00e9 du diable , 2009).<\/p>\n","protected":false},"excerpt":{"rendered":"<p>Ce livre est la premi\u00e8re biographie consacr\u00e9e au grand couturier Robert Piguet. Elle a \u00e9t\u00e9 r\u00e9alis\u00e9e sur la base de documents obtenus dans les centres de documentation sur la mode ou confi\u00e9s par des particuliers. Une iconographie abondante, souvent souvent originale, compl\u00e8te utilement et agr\u00e9ablement cet ouvrage. Robert Piguet est n\u00e9 le 6 mai 1898. [&hellip;]<\/p>\n","protected":false},"featured_media":35249,"template":"","meta":[],"product_cat":[2948,2957],"product_tag":[],"acf":[],"yoast_head":"<!-- This site is optimized with the Yoast SEO plugin v20.11 - https:\/\/yoast.com\/wordpress\/plugins\/seo\/ -->\n<title>Robert Piguet, un prince de la mode - Librairie 7L<\/title>\n<meta name=\"robots\" content=\"index, follow, max-snippet:-1, max-image-preview:large, max-video-preview:-1\" \/>\n<link rel=\"canonical\" href=\"https:\/\/librairie7l.com\/en\/produit\/robert-piguet-un-prince-de-la-mode\/\" \/>\n<meta property=\"og:locale\" content=\"en_US\" \/>\n<meta property=\"og:type\" content=\"article\" \/>\n<meta property=\"og:title\" content=\"Robert Piguet, un prince de la mode - Librairie 7L\" \/>\n<meta property=\"og:description\" content=\"Ce livre est la premi\u00e8re biographie consacr\u00e9e au grand couturier Robert Piguet. Elle a \u00e9t\u00e9 r\u00e9alis\u00e9e sur la base de documents obtenus dans les centres de documentation sur la mode ou confi\u00e9s par des particuliers. Une iconographie abondante, souvent souvent originale, compl\u00e8te utilement et agr\u00e9ablement cet ouvrage. Robert Piguet est n\u00e9 le 6 mai 1898. [&hellip;]\" \/>\n<meta property=\"og:url\" content=\"https:\/\/librairie7l.com\/en\/produit\/robert-piguet-un-prince-de-la-mode\/\" \/>\n<meta property=\"og:site_name\" content=\"Librairie 7L\" \/>\n<meta property=\"article:modified_time\" content=\"2026-04-26T13:06:36+00:00\" \/>\n<meta property=\"og:image\" content=\"https:\/\/librairie7l.com\/wp-content\/uploads\/2015\/02\/9782884531962_1_75.jpg\" \/>\n\t<meta property=\"og:image:width\" content=\"600\" \/>\n\t<meta property=\"og:image:height\" content=\"897\" \/>\n\t<meta property=\"og:image:type\" content=\"image\/jpeg\" \/>\n<meta name=\"twitter:card\" content=\"summary_large_image\" \/>\n<meta name=\"twitter:label1\" content=\"Est. reading time\" \/>\n\t<meta name=\"twitter:data1\" content=\"1 minute\" \/>\n<script type=\"application\/ld+json\" class=\"yoast-schema-graph\">{\"@context\":\"https:\/\/schema.org\",\"@graph\":[{\"@type\":\"WebPage\",\"@id\":\"https:\/\/librairie7l.com\/en\/produit\/robert-piguet-un-prince-de-la-mode\/\",\"url\":\"https:\/\/librairie7l.com\/en\/produit\/robert-piguet-un-prince-de-la-mode\/\",\"name\":\"Robert Piguet, un prince de la mode - Librairie 7L\",\"isPartOf\":{\"@id\":\"https:\/\/librairie7l.com\/en\/#website\"},\"datePublished\":\"2024-06-25T19:23:10+00:00\",\"dateModified\":\"2026-04-26T13:06:36+00:00\",\"breadcrumb\":{\"@id\":\"https:\/\/librairie7l.com\/en\/produit\/robert-piguet-un-prince-de-la-mode\/#breadcrumb\"},\"inLanguage\":\"en-US\",\"potentialAction\":[{\"@type\":\"ReadAction\",\"target\":[\"https:\/\/librairie7l.com\/en\/produit\/robert-piguet-un-prince-de-la-mode\/\"]}]},{\"@type\":\"BreadcrumbList\",\"@id\":\"https:\/\/librairie7l.com\/en\/produit\/robert-piguet-un-prince-de-la-mode\/#breadcrumb\",\"itemListElement\":[{\"@type\":\"ListItem\",\"position\":1,\"name\":\"Accueil\",\"item\":\"https:\/\/librairie7l.com\/en\/\"},{\"@type\":\"ListItem\",\"position\":2,\"name\":\"Shop\",\"item\":\"https:\/\/librairie7l.com\/en\/shop\/\"},{\"@type\":\"ListItem\",\"position\":3,\"name\":\"ROBERT PIGUET, UN PRINCE DE LA MODE\"}]},{\"@type\":\"WebSite\",\"@id\":\"https:\/\/librairie7l.com\/en\/#website\",\"url\":\"https:\/\/librairie7l.com\/en\/\",\"name\":\"Librairie 7L\",\"description\":\"Librairie fond\u00e9e en 1999 par Karl Lagerfeld \u00e0 Paris\",\"publisher\":{\"@id\":\"https:\/\/librairie7l.com\/en\/#organization\"},\"potentialAction\":[{\"@type\":\"SearchAction\",\"target\":{\"@type\":\"EntryPoint\",\"urlTemplate\":\"https:\/\/librairie7l.com\/en\/?s={search_term_string}\"},\"query-input\":\"required name=search_term_string\"}],\"inLanguage\":\"en-US\"},{\"@type\":\"Organization\",\"@id\":\"https:\/\/librairie7l.com\/en\/#organization\",\"name\":\"Librairie 7L\",\"url\":\"https:\/\/librairie7l.com\/en\/\",\"logo\":{\"@type\":\"ImageObject\",\"inLanguage\":\"en-US\",\"@id\":\"https:\/\/librairie7l.com\/en\/#\/schema\/logo\/image\/\",\"url\":\"https:\/\/librairie7l.com\/wp-content\/uploads\/2022\/08\/logo-1.png\",\"contentUrl\":\"https:\/\/librairie7l.com\/wp-content\/uploads\/2022\/08\/logo-1.png\",\"width\":227,\"height\":301,\"caption\":\"Librairie 7L\"},\"image\":{\"@id\":\"https:\/\/librairie7l.com\/en\/#\/schema\/logo\/image\/\"}}]}<\/script>\n<!-- \/ Yoast SEO plugin. -->","yoast_head_json":{"title":"Robert Piguet, un prince de la mode - Librairie 7L","robots":{"index":"index","follow":"follow","max-snippet":"max-snippet:-1","max-image-preview":"max-image-preview:large","max-video-preview":"max-video-preview:-1"},"canonical":"https:\/\/librairie7l.com\/en\/produit\/robert-piguet-un-prince-de-la-mode\/","og_locale":"en_US","og_type":"article","og_title":"Robert Piguet, un prince de la mode - Librairie 7L","og_description":"Ce livre est la premi\u00e8re biographie consacr\u00e9e au grand couturier Robert Piguet. Elle a \u00e9t\u00e9 r\u00e9alis\u00e9e sur la base de documents obtenus dans les centres de documentation sur la mode ou confi\u00e9s par des particuliers. Une iconographie abondante, souvent souvent originale, compl\u00e8te utilement et agr\u00e9ablement cet ouvrage. Robert Piguet est n\u00e9 le 6 mai 1898. [&hellip;]","og_url":"https:\/\/librairie7l.com\/en\/produit\/robert-piguet-un-prince-de-la-mode\/","og_site_name":"Librairie 7L","article_modified_time":"2026-04-26T13:06:36+00:00","og_image":[{"width":600,"height":897,"url":"https:\/\/librairie7l.com\/wp-content\/uploads\/2015\/02\/9782884531962_1_75.jpg","type":"image\/jpeg"}],"twitter_card":"summary_large_image","twitter_misc":{"Est. reading time":"1 minute"},"schema":{"@context":"https:\/\/schema.org","@graph":[{"@type":"WebPage","@id":"https:\/\/librairie7l.com\/en\/produit\/robert-piguet-un-prince-de-la-mode\/","url":"https:\/\/librairie7l.com\/en\/produit\/robert-piguet-un-prince-de-la-mode\/","name":"Robert Piguet, un prince de la mode - Librairie 7L","isPartOf":{"@id":"https:\/\/librairie7l.com\/en\/#website"},"datePublished":"2024-06-25T19:23:10+00:00","dateModified":"2026-04-26T13:06:36+00:00","breadcrumb":{"@id":"https:\/\/librairie7l.com\/en\/produit\/robert-piguet-un-prince-de-la-mode\/#breadcrumb"},"inLanguage":"en-US","potentialAction":[{"@type":"ReadAction","target":["https:\/\/librairie7l.com\/en\/produit\/robert-piguet-un-prince-de-la-mode\/"]}]},{"@type":"BreadcrumbList","@id":"https:\/\/librairie7l.com\/en\/produit\/robert-piguet-un-prince-de-la-mode\/#breadcrumb","itemListElement":[{"@type":"ListItem","position":1,"name":"Accueil","item":"https:\/\/librairie7l.com\/en\/"},{"@type":"ListItem","position":2,"name":"Shop","item":"https:\/\/librairie7l.com\/en\/shop\/"},{"@type":"ListItem","position":3,"name":"ROBERT PIGUET, UN PRINCE DE LA MODE"}]},{"@type":"WebSite","@id":"https:\/\/librairie7l.com\/en\/#website","url":"https:\/\/librairie7l.com\/en\/","name":"Librairie 7L","description":"Librairie fond\u00e9e en 1999 par Karl Lagerfeld \u00e0 Paris","publisher":{"@id":"https:\/\/librairie7l.com\/en\/#organization"},"potentialAction":[{"@type":"SearchAction","target":{"@type":"EntryPoint","urlTemplate":"https:\/\/librairie7l.com\/en\/?s={search_term_string}"},"query-input":"required name=search_term_string"}],"inLanguage":"en-US"},{"@type":"Organization","@id":"https:\/\/librairie7l.com\/en\/#organization","name":"Librairie 7L","url":"https:\/\/librairie7l.com\/en\/","logo":{"@type":"ImageObject","inLanguage":"en-US","@id":"https:\/\/librairie7l.com\/en\/#\/schema\/logo\/image\/","url":"https:\/\/librairie7l.com\/wp-content\/uploads\/2022\/08\/logo-1.png","contentUrl":"https:\/\/librairie7l.com\/wp-content\/uploads\/2022\/08\/logo-1.png","width":227,"height":301,"caption":"Librairie 7L"},"image":{"@id":"https:\/\/librairie7l.com\/en\/#\/schema\/logo\/image\/"}}]}},"_links":{"self":[{"href":"https:\/\/librairie7l.com\/en\/wp-json\/wp\/v2\/product\/35251"}],"collection":[{"href":"https:\/\/librairie7l.com\/en\/wp-json\/wp\/v2\/product"}],"about":[{"href":"https:\/\/librairie7l.com\/en\/wp-json\/wp\/v2\/types\/product"}],"wp:featuredmedia":[{"embeddable":true,"href":"https:\/\/librairie7l.com\/en\/wp-json\/wp\/v2\/media\/35249"}],"wp:attachment":[{"href":"https:\/\/librairie7l.com\/en\/wp-json\/wp\/v2\/media?parent=35251"}],"wp:term":[{"taxonomy":"product_cat","embeddable":true,"href":"https:\/\/librairie7l.com\/en\/wp-json\/wp\/v2\/product_cat?post=35251"},{"taxonomy":"product_tag","embeddable":true,"href":"https:\/\/librairie7l.com\/en\/wp-json\/wp\/v2\/product_tag?post=35251"}],"curies":[{"name":"wp","href":"https:\/\/api.w.org\/{rel}","templated":true}]}}