{"id":35255,"date":"2024-06-25T13:31:21","date_gmt":"2024-06-25T11:31:21","guid":{"rendered":"https:\/\/librairie7l.com\/?post_type=product&#038;p=35255"},"modified":"2026-05-03T13:06:00","modified_gmt":"2026-05-03T11:06:00","slug":"jasper-morrison-a-book-of-things","status":"publish","type":"product","link":"https:\/\/librairie7l.com\/en\/produit\/jasper-morrison-a-book-of-things\/","title":{"rendered":"JASPER MORRISON A BOOK OF THINGS"},"content":{"rendered":"<p>Serviteur de l&#8217;objet Jasper Morrison s&#8217;inscrit dans la lign\u00e9e des Viennois du d\u00e9but du 20e si\u00e8cle et des rationalistes italiens, qui ont toujours cherch\u00e9 \u00e0 perfectionner le meilleur plut\u00f4t que de cr\u00e9er du neuf. Sa modestie a fait \u00e9cole et les fr\u00e8res Bouroullec ou Konstantin Grcic se r\u00e9clament de son h\u00e9ritage. \u00c0 l&#8217;heure du ralentissement \u00e9conomique, sa recherche d&#8217;un design durable n&#8217;a jamais \u00e9t\u00e9 tant dans la tendance. Cette monographie qui retrace son parcours est publi\u00e9e \u00e0 l&#8217;occasion d&#8217;une exposition monographique qui lui est consacr\u00e9e au Grand Hornu, en Belgique (10\/05 &#8211; 13\/09).<\/p>\n","protected":false},"excerpt":{"rendered":"<p>Serviteur de l&#8217;objet Jasper Morrison s&#8217;inscrit dans la lign\u00e9e des Viennois du d\u00e9but du 20e si\u00e8cle et des rationalistes italiens, qui ont toujours cherch\u00e9 \u00e0 perfectionner le meilleur plut\u00f4t que de cr\u00e9er du neuf. Sa modestie a fait \u00e9cole et les fr\u00e8res Bouroullec ou Konstantin Grcic se r\u00e9clament de son h\u00e9ritage. \u00c0 l&#8217;heure du ralentissement [&hellip;]<\/p>\n","protected":false},"featured_media":35253,"template":"","meta":[],"product_cat":[2948,2953],"product_tag":[],"acf":[],"yoast_head":"<!-- This site is optimized with the Yoast SEO plugin v20.11 - https:\/\/yoast.com\/wordpress\/plugins\/seo\/ -->\n<title>Jasper morrison a book of things - Librairie 7L<\/title>\n<meta name=\"robots\" content=\"index, follow, max-snippet:-1, max-image-preview:large, max-video-preview:-1\" \/>\n<link rel=\"canonical\" href=\"https:\/\/librairie7l.com\/en\/produit\/jasper-morrison-a-book-of-things\/\" \/>\n<meta property=\"og:locale\" content=\"en_US\" \/>\n<meta property=\"og:type\" content=\"article\" \/>\n<meta property=\"og:title\" content=\"Jasper morrison a book of things - Librairie 7L\" \/>\n<meta property=\"og:description\" content=\"Serviteur de l&#8217;objet Jasper Morrison s&#8217;inscrit dans la lign\u00e9e des Viennois du d\u00e9but du 20e si\u00e8cle et des rationalistes italiens, qui ont toujours cherch\u00e9 \u00e0 perfectionner le meilleur plut\u00f4t que de cr\u00e9er du neuf. Sa modestie a fait \u00e9cole et les fr\u00e8res Bouroullec ou Konstantin Grcic se r\u00e9clament de son h\u00e9ritage. \u00c0 l&#8217;heure du ralentissement [&hellip;]\" \/>\n<meta property=\"og:url\" content=\"https:\/\/librairie7l.com\/en\/produit\/jasper-morrison-a-book-of-things\/\" \/>\n<meta property=\"og:site_name\" content=\"Librairie 7L\" \/>\n<meta property=\"article:modified_time\" content=\"2026-05-03T11:06:00+00:00\" \/>\n<meta property=\"og:image\" content=\"https:\/\/librairie7l.com\/wp-content\/uploads\/2015\/04\/9783037784631_1_75.jpg\" \/>\n\t<meta property=\"og:image:width\" content=\"362\" \/>\n\t<meta property=\"og:image:height\" content=\"500\" \/>\n\t<meta property=\"og:image:type\" content=\"image\/jpeg\" \/>\n<meta name=\"twitter:card\" content=\"summary_large_image\" \/>\n<script type=\"application\/ld+json\" class=\"yoast-schema-graph\">{\"@context\":\"https:\/\/schema.org\",\"@graph\":[{\"@type\":\"WebPage\",\"@id\":\"https:\/\/librairie7l.com\/en\/produit\/jasper-morrison-a-book-of-things\/\",\"url\":\"https:\/\/librairie7l.com\/en\/produit\/jasper-morrison-a-book-of-things\/\",\"name\":\"Jasper morrison a book of things - Librairie 7L\",\"isPartOf\":{\"@id\":\"https:\/\/librairie7l.com\/en\/#website\"},\"datePublished\":\"2024-06-25T11:31:21+00:00\",\"dateModified\":\"2026-05-03T11:06:00+00:00\",\"breadcrumb\":{\"@id\":\"https:\/\/librairie7l.com\/en\/produit\/jasper-morrison-a-book-of-things\/#breadcrumb\"},\"inLanguage\":\"en-US\",\"potentialAction\":[{\"@type\":\"ReadAction\",\"target\":[\"https:\/\/librairie7l.com\/en\/produit\/jasper-morrison-a-book-of-things\/\"]}]},{\"@type\":\"BreadcrumbList\",\"@id\":\"https:\/\/librairie7l.com\/en\/produit\/jasper-morrison-a-book-of-things\/#breadcrumb\",\"itemListElement\":[{\"@type\":\"ListItem\",\"position\":1,\"name\":\"Accueil\",\"item\":\"https:\/\/librairie7l.com\/en\/\"},{\"@type\":\"ListItem\",\"position\":2,\"name\":\"Shop\",\"item\":\"https:\/\/librairie7l.com\/en\/shop\/\"},{\"@type\":\"ListItem\",\"position\":3,\"name\":\"JASPER MORRISON A BOOK OF THINGS\"}]},{\"@type\":\"WebSite\",\"@id\":\"https:\/\/librairie7l.com\/en\/#website\",\"url\":\"https:\/\/librairie7l.com\/en\/\",\"name\":\"Librairie 7L\",\"description\":\"Librairie fond\u00e9e en 1999 par Karl Lagerfeld \u00e0 Paris\",\"publisher\":{\"@id\":\"https:\/\/librairie7l.com\/en\/#organization\"},\"potentialAction\":[{\"@type\":\"SearchAction\",\"target\":{\"@type\":\"EntryPoint\",\"urlTemplate\":\"https:\/\/librairie7l.com\/en\/?s={search_term_string}\"},\"query-input\":\"required name=search_term_string\"}],\"inLanguage\":\"en-US\"},{\"@type\":\"Organization\",\"@id\":\"https:\/\/librairie7l.com\/en\/#organization\",\"name\":\"Librairie 7L\",\"url\":\"https:\/\/librairie7l.com\/en\/\",\"logo\":{\"@type\":\"ImageObject\",\"inLanguage\":\"en-US\",\"@id\":\"https:\/\/librairie7l.com\/en\/#\/schema\/logo\/image\/\",\"url\":\"https:\/\/librairie7l.com\/wp-content\/uploads\/2022\/08\/logo-1.png\",\"contentUrl\":\"https:\/\/librairie7l.com\/wp-content\/uploads\/2022\/08\/logo-1.png\",\"width\":227,\"height\":301,\"caption\":\"Librairie 7L\"},\"image\":{\"@id\":\"https:\/\/librairie7l.com\/en\/#\/schema\/logo\/image\/\"}}]}<\/script>\n<!-- \/ Yoast SEO plugin. -->","yoast_head_json":{"title":"Jasper morrison a book of things - Librairie 7L","robots":{"index":"index","follow":"follow","max-snippet":"max-snippet:-1","max-image-preview":"max-image-preview:large","max-video-preview":"max-video-preview:-1"},"canonical":"https:\/\/librairie7l.com\/en\/produit\/jasper-morrison-a-book-of-things\/","og_locale":"en_US","og_type":"article","og_title":"Jasper morrison a book of things - Librairie 7L","og_description":"Serviteur de l&#8217;objet Jasper Morrison s&#8217;inscrit dans la lign\u00e9e des Viennois du d\u00e9but du 20e si\u00e8cle et des rationalistes italiens, qui ont toujours cherch\u00e9 \u00e0 perfectionner le meilleur plut\u00f4t que de cr\u00e9er du neuf. Sa modestie a fait \u00e9cole et les fr\u00e8res Bouroullec ou Konstantin Grcic se r\u00e9clament de son h\u00e9ritage. \u00c0 l&#8217;heure du ralentissement [&hellip;]","og_url":"https:\/\/librairie7l.com\/en\/produit\/jasper-morrison-a-book-of-things\/","og_site_name":"Librairie 7L","article_modified_time":"2026-05-03T11:06:00+00:00","og_image":[{"width":362,"height":500,"url":"https:\/\/librairie7l.com\/wp-content\/uploads\/2015\/04\/9783037784631_1_75.jpg","type":"image\/jpeg"}],"twitter_card":"summary_large_image","schema":{"@context":"https:\/\/schema.org","@graph":[{"@type":"WebPage","@id":"https:\/\/librairie7l.com\/en\/produit\/jasper-morrison-a-book-of-things\/","url":"https:\/\/librairie7l.com\/en\/produit\/jasper-morrison-a-book-of-things\/","name":"Jasper morrison a book of things - Librairie 7L","isPartOf":{"@id":"https:\/\/librairie7l.com\/en\/#website"},"datePublished":"2024-06-25T11:31:21+00:00","dateModified":"2026-05-03T11:06:00+00:00","breadcrumb":{"@id":"https:\/\/librairie7l.com\/en\/produit\/jasper-morrison-a-book-of-things\/#breadcrumb"},"inLanguage":"en-US","potentialAction":[{"@type":"ReadAction","target":["https:\/\/librairie7l.com\/en\/produit\/jasper-morrison-a-book-of-things\/"]}]},{"@type":"BreadcrumbList","@id":"https:\/\/librairie7l.com\/en\/produit\/jasper-morrison-a-book-of-things\/#breadcrumb","itemListElement":[{"@type":"ListItem","position":1,"name":"Accueil","item":"https:\/\/librairie7l.com\/en\/"},{"@type":"ListItem","position":2,"name":"Shop","item":"https:\/\/librairie7l.com\/en\/shop\/"},{"@type":"ListItem","position":3,"name":"JASPER MORRISON A BOOK OF THINGS"}]},{"@type":"WebSite","@id":"https:\/\/librairie7l.com\/en\/#website","url":"https:\/\/librairie7l.com\/en\/","name":"Librairie 7L","description":"Librairie fond\u00e9e en 1999 par Karl Lagerfeld \u00e0 Paris","publisher":{"@id":"https:\/\/librairie7l.com\/en\/#organization"},"potentialAction":[{"@type":"SearchAction","target":{"@type":"EntryPoint","urlTemplate":"https:\/\/librairie7l.com\/en\/?s={search_term_string}"},"query-input":"required name=search_term_string"}],"inLanguage":"en-US"},{"@type":"Organization","@id":"https:\/\/librairie7l.com\/en\/#organization","name":"Librairie 7L","url":"https:\/\/librairie7l.com\/en\/","logo":{"@type":"ImageObject","inLanguage":"en-US","@id":"https:\/\/librairie7l.com\/en\/#\/schema\/logo\/image\/","url":"https:\/\/librairie7l.com\/wp-content\/uploads\/2022\/08\/logo-1.png","contentUrl":"https:\/\/librairie7l.com\/wp-content\/uploads\/2022\/08\/logo-1.png","width":227,"height":301,"caption":"Librairie 7L"},"image":{"@id":"https:\/\/librairie7l.com\/en\/#\/schema\/logo\/image\/"}}]}},"_links":{"self":[{"href":"https:\/\/librairie7l.com\/en\/wp-json\/wp\/v2\/product\/35255"}],"collection":[{"href":"https:\/\/librairie7l.com\/en\/wp-json\/wp\/v2\/product"}],"about":[{"href":"https:\/\/librairie7l.com\/en\/wp-json\/wp\/v2\/types\/product"}],"wp:featuredmedia":[{"embeddable":true,"href":"https:\/\/librairie7l.com\/en\/wp-json\/wp\/v2\/media\/35253"}],"wp:attachment":[{"href":"https:\/\/librairie7l.com\/en\/wp-json\/wp\/v2\/media?parent=35255"}],"wp:term":[{"taxonomy":"product_cat","embeddable":true,"href":"https:\/\/librairie7l.com\/en\/wp-json\/wp\/v2\/product_cat?post=35255"},{"taxonomy":"product_tag","embeddable":true,"href":"https:\/\/librairie7l.com\/en\/wp-json\/wp\/v2\/product_tag?post=35255"}],"curies":[{"name":"wp","href":"https:\/\/api.w.org\/{rel}","templated":true}]}}